{"id":4861,"date":"2026-02-18T15:57:49","date_gmt":"2026-02-18T15:57:49","guid":{"rendered":"https:\/\/mueller-wrh.de\/produkt\/neu-star-er16-or1-61-werkzeughalter-str766100_-passend-fuer-star-sb-12-20rsd-26c-e-g-s-sl-7-10-sp-23sr-20jii-b-sr-20riv-sr-32jii-a-sr-32jii-b-jiii-bsr-38-type-a-bsv-20rsw-12rii_intnr231492\/"},"modified":"2026-02-18T15:57:50","modified_gmt":"2026-02-18T15:57:50","slug":"neu-star-er16-or1-61-werkzeughalter-str766100_-passend-fuer-star-sb-12-20rsd-26c-e-g-s-sl-7-10-sp-23sr-20jii-b-sr-20riv-sr-32jii-a-sr-32jii-b-jiii-bsr-38-type-a-bsv-20rsw-12rii_intnr231492","status":"publish","type":"product","link":"https:\/\/mueller-wrh.de\/pa\/product\/neu-star-er16-or1-61-werkzeughalter-str766100_-passend-fuer-star-sb-12-20rsd-26c-e-g-s-sl-7-10-sp-23sr-20jii-b-sr-20riv-sr-32jii-a-sr-32jii-b-jiii-bsr-38-type-a-bsv-20rsw-12rii_intnr231492\/","title":{"rendered":"\u0a28\u0a35\u0a3e\u0a02 \u0a38\u0a1f\u0a3e\u0a30 ER16 OR1-61 \u0a1f\u0a42\u0a32 \u0a39\u0a4b\u0a32\u0a21\u0a30 STR766100_ \u0a38\u0a1f\u0a3e\u0a30 SB-12\/20R; SD-26C\/E\/G\/S; SL-7\/10; \u0a32\u0a08 \u0a09\u0a1a\u0a3f\u0a24 SP-23; SR-20JII-B; SR-20RIV; SR-32JII-A; SR-32JII-B\/JIII-B; SR-38 (Type A\/B); SV-20R; SW-12RII_IntNr231492"},"content":{"rendered":"<p><b>\u0a38\u0a25\u0a3e\u0a28:<\/b> \u0a1c\u0a30\u0a2e\u0a28\u0a40, \u0a2c\u0a3e\u0a21\u0a47\u0a28-\u0a35\u0a30\u0a1f\u0a2e\u0a2c\u0a30\u0a17 \u0a26\u0a71\u0a16\u0a23-\u0a2a\u0a71\u0a1b\u0a2e<\/p>\n<p><b>\u0a39\u0a3e\u0a32\u0a24:<\/b> \u0a28\u0a35\u0a3e\u0a02<\/p>\n<p>\u0a2a\u0a3f\u0a1b\u0a32\u0a47 \u0a2a\u0a3e\u0a38\u0a47 \u0a26\u0a40 \u0a2e\u0a38\u0a3c\u0a40\u0a28\u0a3f\u0a70\u0a17 \u0a32\u0a08 ER16 \u0a2b\u0a30\u0a70\u0a1f \u0a21\u0a4d\u0a30\u0a3f\u0a32\u0a3f\u0a70\u0a17\/\u0a2e\u0a3f\u0a32\u0a3f\u0a70\u0a17 \u0a2e\u0a38\u0a3c\u0a40\u0a28<br \/>\n\u0a38\u0a1f\u0a3e\u0a30 \u0a38\u0a1f\u0a3e\u0a30 \u0a32\u0a08 \u0a22\u0a41\u0a15\u0a35\u0a3e\u0a02<br \/>\n\u0a10\u0a71\u0a38\u0a2c\u0a40-12\/20\u0a06\u0a30<br \/>\n\u0a38\u0a1f\u0a3e\u0a30 SD-26C\/E\/G\/S<br \/>\n\u0a38\u0a1f\u0a3e\u0a30 SL-7\/10<br \/>\n\u0a38\u0a1f\u0a3e\u0a30 SP-23<br \/>\n\u0a38\u0a1f\u0a3e\u0a30 SR-20JII-B<br \/>\n\u0a38\u0a1f\u0a3e\u0a30 SR-20RIV<br \/>\n\u0a38\u0a1f\u0a3e\u0a30 SR-32JII-A<br \/>\n\u0a38\u0a1f\u0a3e\u0a30 SR-32JII-B\/JIII-B<br \/>\n\u0a38\u0a1f\u0a3e\u0a30 SR-38 (\u0a15\u0a3f\u0a38\u0a2e A\/B)<br \/>\n\u0a38\u0a1f\u0a3e\u0a30 SV-20R<br \/>\n\u0a38\u0a1f\u0a3e\u0a30 SW-12RII<br \/>\n\u0a38\u0a1f\u0a3e\u0a30 SW-20<br \/>\n\u0a38\u0a1f\u0a3e\u0a30 \u0a06\u0a30\u0a21\u0a30 \u0a28\u0a70. 0R1-61 \u0a26\u0a47 \u0a38\u0a2e\u0a3e\u0a28<br \/>\n12 \u0a2e\u0a38\u0a3c\u0a40\u0a28\u0a3e\u0a02 \u0a32\u0a08<br \/>\n\u0a05\u0a28\u0a41\u0a35\u0a3e\u0a26 1:1<br \/>\n\u0a35\u0a71\u0a27 \u0a24\u0a4b\u0a02 \u0a35\u0a71\u0a27 \u0a07\u0a28\u0a2a\u0a41\u0a71\u0a1f \u0a38\u0a2a\u0a40\u0a21 12,000 \u0a06\u0a30.\u0a2a\u0a40.\u0a10\u0a2e.<br \/>\n\u0a06\u0a09\u0a1f\u0a2a\u0a41\u0a71\u0a1f \u0a38\u0a2a\u0a40\u0a21 \u0a35\u0a71\u0a27 \u0a24\u0a4b\u0a02 \u0a35\u0a71\u0a27 12,000 \u0a06\u0a30.\u0a2a\u0a40.\u0a10\u0a2e.<br \/>\n\u0a06\u0a09\u0a1f\u0a2a\u0a41\u0a71\u0a1f \u0a1f\u0a3e\u0a30\u0a15 \u0a35\u0a71\u0a27 \u0a24\u0a4b\u0a02 \u0a35\u0a71\u0a27 13 Nm<\/p>\n<p>\u0a24\u0a15\u0a28\u0a40\u0a15\u0a40 \u0a21\u0a47\u0a1f\u0a3e \u0a05\u0a24\u0a47 \u0a1c\u0a3e\u0a23\u0a15\u0a3e\u0a30\u0a40 \u0a26\u0a47 \u0a28\u0a3e\u0a32-\u0a28\u0a3e\u0a32 \u0a2a\u0a39\u0a3f\u0a32\u0a3e\u0a02 \u0a26\u0a40 \u0a35\u0a3f\u0a15\u0a30\u0a40 \u0a35\u0a3f\u0a71\u0a1a \u0a24\u0a2c\u0a26\u0a40\u0a32\u0a40\u0a06\u0a02 \u0a05\u0a24\u0a47 \u0a17\u0a32\u0a24\u0a40\u0a06\u0a02 \u0a26\u0a47 \u0a05\u0a27\u0a40\u0a28!<\/p>\n<p>\u0a2a\u0a3f\u0a1b\u0a32\u0a47 \u0a2a\u0a3e\u0a38\u0a47 \u0a26\u0a40 \u0a2e\u0a38\u0a3c\u0a40\u0a28\u0a3f\u0a70\u0a17 \u0a32\u0a08 ER16 \u0a2b\u0a30\u0a70\u0a1f \u0a21\u0a4d\u0a30\u0a3f\u0a32\u0a3f\u0a70\u0a17\/\u0a2e\u0a3f\u0a32\u0a3f\u0a70\u0a17 \u0a2f\u0a42\u0a28\u0a3f\u0a1f<br \/>\n\u0a38\u0a1f\u0a3e\u0a30 \u0a2e\u0a38\u0a3c\u0a40\u0a28\u0a3e\u0a02 \u0a28\u0a3e\u0a32 \u0a05\u0a28\u0a41\u0a15\u0a42\u0a32:<\/p>\n<p>\u0a38\u0a1f\u0a3e\u0a30 \u0a10\u0a38\u0a2c\u0a40-12\/20\u0a06\u0a30<\/p>\n<p>\u0a38\u0a1f\u0a3e\u0a30 SD-26C\/E\/G\/S<\/p>\n<p>\u0a38\u0a1f\u0a3e\u0a30 SL-7\/10<\/p>\n<p>\u0a38\u0a1f\u0a3e\u0a30 SP-23<\/p>\n<p>\u0a38\u0a1f\u0a3e\u0a30 SR-20JII-B<\/p>\n<p>\u0a38\u0a1f\u0a3e\u0a30 SR-20RIV<\/p>\n<p>\u0a38\u0a1f\u0a3e\u0a30 SR-32JII-A<\/p>\n<p>\u0a38\u0a1f\u0a3e\u0a30 SR-32JII-B\/JIII-B<\/p>\n<p>\u0a38\u0a1f\u0a3e\u0a30 SR-38 (\u0a15\u0a3f\u0a38\u0a2e A\/B)<\/p>\n<p>\u0a38\u0a1f\u0a3e\u0a30 SV-20R<\/p>\n<p>\u0a38\u0a1f\u0a3e\u0a30 SW-12RII<\/p>\n<p>\u0a38\u0a1f\u0a3e\u0a30 SW-20<\/p>\n<p>\u0a38\u0a1f\u0a3e\u0a30 \u0a2a\u0a3e\u0a30\u0a1f \u0a28\u0a70. 0R1-61 \u0a26\u0a47 \u0a38\u0a2e\u0a3e\u0a28<br \/>\n12 \u0a2e\u0a38\u0a3c\u0a40\u0a28\u0a3e\u0a02 \u0a32\u0a08<\/p>\n<p>\u0a05\u0a28\u0a41\u0a35\u0a3e\u0a26 \u0a05\u0a28\u0a41\u0a2a\u0a3e\u0a24: 1:1<br \/>\n\u0a07\u0a28\u0a2a\u0a41\u0a71\u0a1f \u0a38\u0a2a\u0a40\u0a21: \u0a35\u0a71\u0a27 \u0a24\u0a4b\u0a02 \u0a35\u0a71\u0a27 12,000 \u0a06\u0a30.\u0a2a\u0a40.\u0a10\u0a2e.<br \/>\n\u0a06\u0a09\u0a1f\u0a2a\u0a41\u0a71\u0a1f \u0a38\u0a2a\u0a40\u0a21: \u0a35\u0a71\u0a27 \u0a24\u0a4b\u0a02 \u0a35\u0a71\u0a27 12,000 \u0a06\u0a30.\u0a2a\u0a40.\u0a10\u0a2e.<br \/>\n\u0a06\u0a09\u0a1f\u0a2a\u0a41\u0a71\u0a1f \u0a1f\u0a3e\u0a30\u0a15: \u0a35\u0a71\u0a27 \u0a24\u0a4b\u0a02 \u0a35\u0a71\u0a27 13 Nm<\/p>\n<p>\u0a24\u0a15\u0a28\u0a40\u0a15\u0a40 \u0a21\u0a47\u0a1f\u0a3e \u0a05\u0a24\u0a47 \u0a35\u0a3f\u0a38\u0a3c\u0a47\u0a38\u0a3c\u0a24\u0a3e\u0a35\u0a3e\u0a02 \u0a35\u0a3f\u0a71\u0a1a \u0a24\u0a2c\u0a26\u0a40\u0a32\u0a40\u0a06\u0a02 \u0a05\u0a24\u0a47 \u0a17\u0a32\u0a24\u0a40\u0a06\u0a02, \u0a28\u0a3e\u0a32 \u0a39\u0a40 \u0a2a\u0a39\u0a3f\u0a32\u0a3e\u0a02 \u0a26\u0a40 \u0a35\u0a3f\u0a15\u0a30\u0a40, \u0a30\u0a3e\u0a16\u0a35\u0a40\u0a02 \u0a30\u0a71\u0a16\u0a40 \u0a1c\u0a3e\u0a02\u0a26\u0a40 \u0a39\u0a48!<\/p>","protected":false},"excerpt":{"rendered":"<p>Standort: Deutschland, Baden-W\u00fcrttemberg S\u00fcdwest Zustand: Neu Frontalbohr-\/Fr\u00e4sapparat ER16 f\u00fcr R\u00fcckseitenbearbeitung Passend f\u00fcr Star Star SB-12\/20R Star SD-26C\/E\/G\/S Star SL-7\/10 Star SP-23 Star SR-20JII-B Star SR-20RIV Star SR-32JII-A Star SR-32JII-B\/JIII-B Star SR-38 (Type A\/B) Star SV-20R Star SW-12RII Star SW-20 Vergleichbar mit Star Bestell-Nr. 0R1-61 f\u00fcr 12 Maschinen \u00dcbersetzung 1:1 Eingangsdrehzahl max. 12000 1\/min Ausgangsdrehzahl max. [&hellip;]<\/p>\n","protected":false},"featured_media":4860,"comment_status":"open","ping_status":"closed","template":"","meta":{"_uf_show_specific_survey":0,"_uf_disable_surveys":false},"product_brand":[],"product_cat":[20],"product_tag":[],"class_list":{"0":"post-4861","1":"product","2":"type-product","3":"status-publish","4":"has-post-thumbnail","6":"product_cat-werkzeughalter","8":"first","9":"instock","10":"taxable","11":"shipping-taxable","12":"product-type-simple"},"aioseo_notices":[],"_links":{"self":[{"href":"https:\/\/mueller-wrh.de\/pa\/wp-json\/wp\/v2\/product\/4861","targetHints":{"allow":["GET"]}}],"collection":[{"href":"https:\/\/mueller-wrh.de\/pa\/wp-json\/wp\/v2\/product"}],"about":[{"href":"https:\/\/mueller-wrh.de\/pa\/wp-json\/wp\/v2\/types\/product"}],"replies":[{"embeddable":true,"href":"https:\/\/mueller-wrh.de\/pa\/wp-json\/wp\/v2\/comments?post=4861"}],"wp:featuredmedia":[{"embeddable":true,"href":"https:\/\/mueller-wrh.de\/pa\/wp-json\/wp\/v2\/media\/4860"}],"wp:attachment":[{"href":"https:\/\/mueller-wrh.de\/pa\/wp-json\/wp\/v2\/media?parent=4861"}],"wp:term":[{"taxonomy":"product_brand","embeddable":true,"href":"https:\/\/mueller-wrh.de\/pa\/wp-json\/wp\/v2\/product_brand?post=4861"},{"taxonomy":"product_cat","embeddable":true,"href":"https:\/\/mueller-wrh.de\/pa\/wp-json\/wp\/v2\/product_cat?post=4861"},{"taxonomy":"product_tag","embeddable":true,"href":"https:\/\/mueller-wrh.de\/pa\/wp-json\/wp\/v2\/product_tag?post=4861"}],"curies":[{"name":"\u0a21\u0a2c\u0a32\u0a2f\u0a42\u0a2a\u0a40","href":"https:\/\/api.w.org\/{rel}","templated":true}]}}