{"id":4856,"date":"2026-02-18T12:49:09","date_gmt":"2026-02-18T12:49:09","guid":{"rendered":"https:\/\/mueller-wrh.de\/produkt\/messmaschine-keyence_im6025_bj-09-2016-_intnr231488\/"},"modified":"2026-02-18T13:44:47","modified_gmt":"2026-02-18T13:44:47","slug":"messmaschine-keyence_im6025_bj-09-2016-_intnr231488","status":"publish","type":"product","link":"https:\/\/mueller-wrh.de\/pa\/product\/messmaschine-keyence_im6025_bj-09-2016-_intnr231488\/","title":{"rendered":"\u0a15\u0a40\u0a0f\u0a02\u0a38 IM6025 \u0a2e\u0a3e\u0a2a\u0a23 \u0a35\u0a3e\u0a32\u0a40 \u0a2e\u0a38\u0a3c\u0a40\u0a28, 09\/2016 \u0a35\u0a3f\u0a71\u0a1a \u0a2c\u0a23\u0a40, \u0a38\u0a40\u0a30\u0a40\u0a05\u0a32 \u0a28\u0a70\u0a2c\u0a30 231488"},"content":{"rendered":"<p><b>\u0a38\u0a25\u0a3e\u0a28:<\/b> \u0a1c\u0a30\u0a2e\u0a28\u0a40, \u0a2c\u0a3e\u0a21\u0a47\u0a28-\u0a35\u0a30\u0a1f\u0a2e\u0a2c\u0a30\u0a17 \u0a26\u0a71\u0a16\u0a23-\u0a2a\u0a71\u0a1b\u0a2e<\/p>\n<p><b>\u0a39\u0a3e\u0a32\u0a24:<\/b> \u0a32\u0a4b\u0a5c\u0a40\u0a02\u0a26\u0a3e<\/p>\n<p><b>\u0a28\u0a3f\u0a30\u0a2e\u0a3e\u0a24\u0a3e:<\/b> \u0a15\u0a40\u0a0f\u0a02\u0a38<\/p>\n<p><b>\u0a2e\u0a3e\u0a21\u0a32:<\/b> \u0a2e\u0a48\u0a02 6025<\/p>\n<p><b>\u0a09\u0a38\u0a3e\u0a30\u0a40 \u0a26\u0a3e \u0a38\u0a3e\u0a32:<\/b> 2016<\/p>\n<p>\u0a15\u0a40\u0a0f\u0a02\u0a38 IM-6025 \u0a2e\u0a3e\u0a2a\u0a23 \u0a2e\u0a38\u0a3c\u0a40\u0a28 \u2013 \u0a24\u0a47\u0a1c\u0a3c \u0a05\u0a24\u0a47 \u0a38\u0a41\u0a1a\u0a71\u0a1c\u0a3e \u0a06\u0a2a\u0a1f\u0a40\u0a15\u0a32 \u0a2e\u0a3e\u0a2a<\/p>\n<p>\u0a07\u0a71\u0a15 Keyence IM-6025 \u0a2e\u0a3e\u0a2a\u0a23 \u0a35\u0a3e\u0a32\u0a40 \u0a2e\u0a38\u0a3c\u0a40\u0a28 \u0a35\u0a3f\u0a15\u0a30\u0a40 \u0a32\u0a08 \u0a09\u0a2a\u0a32\u0a2c\u0a27 \u0a39\u0a48, \u0a1c\u0a4b \u0a24\u0a47\u0a1c\u0a3c \u0a38\u0a40\u0a30\u0a40\u0a1c\u0a3c \u0a1f\u0a48\u0a38\u0a1f\u0a3f\u0a70\u0a17, \u0a06\u0a09\u0a23 \u0a35\u0a3e\u0a32\u0a47 \u0a2e\u0a3e\u0a32 \u0a26\u0a40 \u0a1c\u0a3e\u0a02\u0a1a \u0a05\u0a24\u0a47 \u0a09\u0a24\u0a2a\u0a3e\u0a26\u0a28 \u0a35\u0a3f\u0a71\u0a1a \u0a38\u0a39\u0a40 \u0a06\u0a2f\u0a3e\u0a2e\u0a40 \u0a1c\u0a3e\u0a02\u0a1a\u0a3e\u0a02 \u0a32\u0a08 \u0a06\u0a26\u0a30\u0a38\u0a3c \u0a39\u0a48\u0964.<br \/>\n\u0a2c\u0a23\u0a3e\u0a09\u0a23 \u0a26\u0a3e \u0a38\u0a3e\u0a32: 09\/2016<\/p>\n<p>\u0a2e\u0a41\u0a71\u0a16 \u0a35\u0a3f\u0a38\u0a3c\u0a47\u0a38\u0a3c\u0a24\u0a3e\u0a35\u0a3e\u0a02:<\/p>\n<p>\u0a28\u0a3f\u0a30\u0a2e\u0a3e\u0a24\u0a3e: \u0a15\u0a40\u0a10\u0a02\u0a38<br \/>\n\u0a2e\u0a3e\u0a21\u0a32: IM-6025<br \/>\n\u0a2c\u0a23\u0a3e\u0a09\u0a23 \u0a26\u0a3e \u0a38\u0a3e\u0a32: 09\/2016<\/p>\n<p>\u0a2e\u0a3e\u0a2a\u0a23 \u0a26\u0a40 \u0a38\u0a40\u0a2e\u0a3e:<\/p>\n<p>300 \u00d7 200 \u0a2e\u0a3f\u0a32\u0a40\u0a2e\u0a40\u0a1f\u0a30 (\u0a2e\u0a3e\u0a21\u0a32 \u0a26\u0a47 \u0a05\u0a28\u0a41\u0a38\u0a3e\u0a30)<\/p>\n<p>\u0a2e\u0a3e\u0a2a\u0a23 \u0a26\u0a3e \u0a38\u0a3f\u0a27\u0a3e\u0a02\u0a24:<\/p>\n<p>\u0a06\u0a1f\u0a4b\u0a2e\u0a48\u0a1f\u0a3f\u0a15 \u0a15\u0a3e\u0a02\u0a1f\u0a42\u0a30 \u0a2a\u0a1b\u0a3e\u0a23 \u0a28\u0a3e\u0a32 \u0a06\u0a2a\u0a1f\u0a40\u0a15\u0a32 2D \u0a1a\u0a3f\u0a71\u0a24\u0a30 \u0a2a\u0a4d\u0a30\u0a4b\u0a38\u0a48\u0a38\u0a3f\u0a70\u0a17<\/p>\n<p>\u0a2e\u0a3e\u0a2a \u0a26\u0a40 \u0a38\u0a3c\u0a41\u0a71\u0a27\u0a24\u0a3e:<\/p>\n<p>\u0a2e\u0a3e\u0a08\u0a15\u0a4d\u0a30\u0a4b\u0a2e\u0a40\u0a1f\u0a30 \u0a30\u0a47\u0a02\u0a1c \u0a35\u0a3f\u0a71\u0a1a \u0a09\u0a71\u0a1a \u0a26\u0a41\u0a39\u0a30\u0a3e\u0a08 \u0a38\u0a3c\u0a41\u0a71\u0a27\u0a24\u0a3e<\/p>\n<p>\u0a2b\u0a40\u0a1a\u0a30:<\/p>\n<p>\u0a06\u0a1f\u0a4b\u0a2e\u0a48\u0a1f\u0a3f\u0a15 \u0a38\u0a25\u0a3f\u0a24\u0a40 \u0a2a\u0a1b\u0a3e\u0a23<\/p>\n<p>\u0a07\u0a71\u0a15\u0a4b \u0a38\u0a2e\u0a47\u0a02 \u0a2c\u0a39\u0a41-\u0a2c\u0a3f\u0a70\u0a26\u0a42 \u0a2e\u0a3e\u0a2a<\/p>\n<p>CAD \u0a21\u0a47\u0a1f\u0a3e \u0a28\u0a3e\u0a32 \u0a24\u0a41\u0a32\u0a28\u0a3e \u0a38\u0a70\u0a2d\u0a35 \u0a39\u0a48<\/p>\n<p>\u0a10\u0a71\u0a38.\u0a2a\u0a40.\u0a38\u0a40. \u0a2e\u0a41\u0a32\u0a3e\u0a02\u0a15\u0a23<\/p>\n<p>\u0a38\u0a39\u0a3f\u0a1c \u0a09\u0a2a\u0a2d\u0a4b\u0a17\u0a24\u0a3e \u0a07\u0a70\u0a1f\u0a30\u0a2b\u0a47\u0a38<\/p>\n<p>\u0a2f\u0a42\u0a10\u0a38\u0a2c\u0a40 \u0a05\u0a24\u0a47 \u0a28\u0a48\u0a71\u0a1f\u0a35\u0a30\u0a15 \u0a07\u0a70\u0a1f\u0a30\u0a2b\u0a47\u0a38<\/p>\n<p>\u0a32\u0a3e\u0a08\u0a1f\u0a3f\u0a70\u0a17 \u0a38\u0a3f\u0a38\u0a1f\u0a2e:<\/p>\n<p>\u0a2a\u0a4d\u0a30\u0a38\u0a3e\u0a30\u0a3f\u0a24 \u0a30\u0a4b\u0a38\u0a3c\u0a28\u0a40 \u0a05\u0a24\u0a47 \u0a2a\u0a4d\u0a30\u0a24\u0a3f\u0a2c\u0a3f\u0a70\u0a2c\u0a3f\u0a24 \u0a30\u0a4b\u0a38\u0a3c\u0a28\u0a40 \u0a2a\u0a4d\u0a30\u0a15\u0a3e\u0a38\u0a3c (LED)<\/p>\n<p>\u0a35\u0a30\u0a15\u0a2a\u0a40\u0a38 \u0a26\u0a40 \u0a35\u0a71\u0a27 \u0a24\u0a4b\u0a02 \u0a35\u0a71\u0a27 \u0a09\u0a1a\u0a3e\u0a08:<\/p>\n<p>\u0a32\u0a17\u0a2d\u0a17 75 \u0a2e\u0a3f\u0a2e\u0a40 \u0a24\u0a71\u0a15<\/p>\n<p>\u0a16\u0a3e\u0a38 \u0a1a\u0a40\u0a1c\u0a3e\u0a02:<\/p>\n<p>\u0a2c\u0a3f\u0a28\u0a3e\u0a02 \u0a38\u0a2e\u0a3e\u0a02-\u0a16\u0a2a\u0a3e\u0a0a \u0a05\u0a32\u0a3e\u0a08\u0a28\u0a2e\u0a48\u0a02\u0a1f \u0a26\u0a47 \u0a38\u0a15\u0a3f\u0a70\u0a1f\u0a3e\u0a02 \u0a35\u0a3f\u0a71\u0a1a \u0a2e\u0a3e\u0a2a<\/p>\n<p>\u0a38\u0a40\u0a30\u0a40\u0a05\u0a32 \u0a05\u0a24\u0a47 \u0a30\u0a48\u0a02\u0a21\u0a2e \u0a1f\u0a48\u0a38\u0a1f\u0a3f\u0a70\u0a17 \u0a32\u0a08 \u0a06\u0a26\u0a30\u0a38\u0a3c<\/p>\n<p>\u0a13\u0a2a\u0a30\u0a47\u0a1f\u0a30-\u0a28\u0a3f\u0a30\u0a2a\u0a71\u0a16 \u0a2e\u0a3e\u0a2a \u0a26\u0a47 \u0a28\u0a24\u0a40\u0a1c\u0a47<\/p>\n<p>\u0a38\u0a70\u0a16\u0a47\u0a2a \u0a21\u0a3f\u0a1c\u0a3c\u0a3e\u0a08\u0a28<\/p>\n<p>\u0a39\u0a3e\u0a32\u0a24:<br \/>\n\u0a35\u0a30\u0a24\u0a3f\u0a06 \u0a39\u0a4b\u0a07\u0a06, \u0a1c\u0a3e\u0a02\u0a1a\u0a3f\u0a06 \u0a39\u0a4b\u0a07\u0a06 \u0a05\u0a24\u0a47 \u0a1a\u0a70\u0a17\u0a40 \u0a15\u0a3e\u0a30\u0a17\u0a41\u0a1c\u0a3c\u0a3e\u0a30\u0a40 \u0a35\u0a3f\u0a71\u0a1a\u0964.<\/p>\n<p>\u0a32\u0a3e\u0a17\u0a42 \u0a15\u0a30\u0a28 \u0a26\u0a3e \u0a16\u0a47\u0a24\u0a30:<br \/>\n\u0a27\u0a3e\u0a24 \u0a05\u0a24\u0a47 \u0a2a\u0a32\u0a3e\u0a38\u0a1f\u0a3f\u0a15 \u0a26\u0a40 \u0a2a\u0a4d\u0a30\u0a4b\u0a38\u0a48\u0a38\u0a3f\u0a70\u0a17, \u0a38\u0a1f\u0a48\u0a02\u0a2a \u0a15\u0a40\u0a24\u0a47 \u0a39\u0a3f\u0a71\u0a38\u0a47, \u0a1f\u0a30\u0a28 \u0a15\u0a40\u0a24\u0a47 \u0a39\u0a3f\u0a71\u0a38\u0a47, \u0a2e\u0a3f\u0a32 \u0a15\u0a40\u0a24\u0a47 \u0a39\u0a3f\u0a71\u0a38\u0a47, \u0a28\u0a3e\u0a32 \u0a39\u0a40 \u0a17\u0a41\u0a23\u0a35\u0a71\u0a24\u0a3e \u0a2f\u0a15\u0a40\u0a28\u0a40\u0a15\u0a30\u0a28 \u0a05\u0a24\u0a47 \u0a09\u0a24\u0a2a\u0a3e\u0a26\u0a28 \u0a28\u0a3f\u0a2f\u0a70\u0a24\u0a30\u0a23 \u0a32\u0a08 \u0a06\u0a26\u0a30\u0a38\u0a3c\u0964.<\/p>\n<p>\u0a2e\u0a38\u0a3c\u0a40\u0a28 \u0a26\u0a40 \u0a2c\u0a3f\u0a1c\u0a32\u0a40 \u0a26\u0a47 \u0a05\u0a27\u0a40\u0a28 \u0a28\u0a3f\u0a2f\u0a41\u0a15\u0a24\u0a40 \u0a26\u0a41\u0a06\u0a30\u0a3e \u0a1c\u0a3e\u0a02\u0a1a \u0a15\u0a40\u0a24\u0a40 \u0a1c\u0a3e \u0a38\u0a15\u0a26\u0a40 \u0a39\u0a48\u0964<\/p>\n<p>\u0a24\u0a15\u0a28\u0a40\u0a15\u0a40 \u0a21\u0a47\u0a1f\u0a3e \u0a05\u0a24\u0a47 \u0a1c\u0a3e\u0a23\u0a15\u0a3e\u0a30\u0a40 \u0a26\u0a47 \u0a28\u0a3e\u0a32-\u0a28\u0a3e\u0a32 \u0a2a\u0a39\u0a3f\u0a32\u0a3e\u0a02 \u0a26\u0a40 \u0a35\u0a3f\u0a15\u0a30\u0a40 \u0a35\u0a3f\u0a71\u0a1a \u0a24\u0a2c\u0a26\u0a40\u0a32\u0a40\u0a06\u0a02 \u0a05\u0a24\u0a47 \u0a17\u0a32\u0a24\u0a40\u0a06\u0a02 \u0a26\u0a47 \u0a05\u0a27\u0a40\u0a28\u0964<\/p>\n<p>\u0a15\u0a40\u0a0f\u0a02\u0a38 IM-6025 \u0a2e\u0a3e\u0a2a\u0a23 \u0a2e\u0a38\u0a3c\u0a40\u0a28 \u2013 \u0a24\u0a47\u0a1c\u0a3c \u0a05\u0a24\u0a47 \u0a38\u0a41\u0a1a\u0a71\u0a1c\u0a40 \u0a06\u0a2a\u0a1f\u0a40\u0a15\u0a32 \u0a2e\u0a3e\u0a2a<\/p>\n<p>\u0a35\u0a3f\u0a15\u0a30\u0a40 \u0a32\u0a08 \u0a39\u0a48 \u0a07\u0a71\u0a15 Keyence IM-6025 \u0a2e\u0a3e\u0a2a\u0a23 \u0a2e\u0a38\u0a3c\u0a40\u0a28, \u0a1c\u0a4b \u0a24\u0a47\u0a1c\u0a3c \u0a2c\u0a48\u0a1a \u0a28\u0a3f\u0a30\u0a40\u0a16\u0a23, \u0a06\u0a09\u0a23 \u0a35\u0a3e\u0a32\u0a47 \u0a2e\u0a3e\u0a32 \u0a26\u0a3e \u0a28\u0a3f\u0a2f\u0a70\u0a24\u0a30\u0a23, \u0a05\u0a24\u0a47 \u0a09\u0a24\u0a2a\u0a3e\u0a26\u0a28 \u0a35\u0a3e\u0a24\u0a3e\u0a35\u0a30\u0a23 \u0a35\u0a3f\u0a71\u0a1a \u0a38\u0a39\u0a40 \u0a06\u0a2f\u0a3e\u0a2e\u0a40 \u0a2e\u0a3e\u0a2a \u0a32\u0a08 \u0a06\u0a26\u0a30\u0a38\u0a3c \u0a39\u0a48\u0964.<br \/>\n\u0a2c\u0a23\u0a3e\u0a09\u0a23 \u0a26\u0a3e \u0a38\u0a3e\u0a32: 09\/2016<\/p>\n<p>\u0a2e\u0a41\u0a71\u0a16 \u0a35\u0a3f\u0a38\u0a3c\u0a47\u0a38\u0a3c\u0a24\u0a3e\u0a35\u0a3e\u0a02:<\/p>\n<p>\u0a28\u0a3f\u0a30\u0a2e\u0a3e\u0a24\u0a3e: \u0a15\u0a40\u0a10\u0a02\u0a38<br \/>\n\u0a2e\u0a3e\u0a21\u0a32: IM-6025<br \/>\n\u0a38\u0a3e\u0a32: 09\/2016<\/p>\n<p>\u0a2e\u0a3e\u0a2a\u0a23 \u0a26\u0a40 \u0a38\u0a40\u0a2e\u0a3e:<\/p>\n<p>\u0a32\u0a17\u0a2d\u0a17 300 \u00d7 200 \u0a2e\u0a3f\u0a32\u0a40\u0a2e\u0a40\u0a1f\u0a30 (\u0a35\u0a3f\u0a35\u0a38\u0a25\u0a3e \u0a26\u0a47 \u0a05\u0a28\u0a41\u0a38\u0a3e\u0a30)<\/p>\n<p>\u0a2e\u0a3e\u0a2a\u0a23 \u0a26\u0a3e \u0a38\u0a3f\u0a27\u0a3e\u0a02\u0a24:<\/p>\n<p>\u0a06\u0a1f\u0a4b\u0a2e\u0a48\u0a1f\u0a3f\u0a15 \u0a2c\u0a3e\u0a30\u0a21\u0a30 \u0a2a\u0a1b\u0a3e\u0a23 \u0a28\u0a3e\u0a32 2D \u0a1a\u0a3f\u0a71\u0a24\u0a30\u0a3e\u0a02 \u0a26\u0a40 \u0a06\u0a2a\u0a1f\u0a40\u0a15\u0a32 \u0a2a\u0a4d\u0a30\u0a15\u0a3f\u0a30\u0a3f\u0a06<\/p>\n<p>\u0a38\u0a39\u0a40\u0a24\u0a3e:<\/p>\n<p>\u0a2e\u0a3e\u0a08\u0a15\u0a4d\u0a30\u0a4b\u0a28 \u0a38\u0a40\u0a2e\u0a3e \u0a35\u0a3f\u0a71\u0a1a \u0a09\u0a71\u0a1a \u0a2a\u0a41\u0a28\u0a30\u0a3e\u0a35\u0a4d\u0a30\u0a3f\u0a24\u0a40<\/p>\n<p>\u0a2b\u0a70\u0a15\u0a38\u0a3c\u0a28:<\/p>\n<p>\u0a06\u0a1f\u0a4b\u0a2e\u0a48\u0a1f\u0a3f\u0a15 \u0a39\u0a3f\u0a71\u0a38\u0a3f\u0a06\u0a02 \u0a26\u0a40 \u0a38\u0a25\u0a3f\u0a24\u0a40<\/p>\n<p>\u0a07\u0a71\u0a15\u0a4b \u0a38\u0a2e\u0a47\u0a02 \u0a2c\u0a39\u0a41-\u0a2c\u0a3f\u0a70\u0a26\u0a42 \u0a2e\u0a3e\u0a2a<\/p>\n<p>CAD \u0a21\u0a47\u0a1f\u0a3e \u0a26\u0a40 \u0a24\u0a41\u0a32\u0a28\u0a3e \u0a38\u0a70\u0a2d\u0a35 \u0a39\u0a48<\/p>\n<p>\u0a10\u0a71\u0a38.\u0a2a\u0a40.\u0a38\u0a40. \u0a2e\u0a41\u0a32\u0a3e\u0a02\u0a15\u0a23<\/p>\n<p>\u0a35\u0a30\u0a24\u0a4b\u0a02-\u0a05\u0a28\u0a41\u0a15\u0a42\u0a32 \u0a07\u0a70\u0a1f\u0a30\u0a2b\u0a47\u0a38<\/p>\n<p>\u0a2f\u0a42\u0a10\u0a38\u0a2c\u0a40 \u0a05\u0a24\u0a47 \u0a28\u0a48\u0a71\u0a1f\u0a35\u0a30\u0a15 \u0a07\u0a70\u0a1f\u0a30\u0a2b\u0a47\u0a38<\/p>\n<p>\u0a32\u0a3e\u0a08\u0a1f\u0a3f\u0a70\u0a17 \u0a38\u0a3f\u0a38\u0a1f\u0a2e:<\/p>\n<p>LED \u0a26\u0a41\u0a06\u0a30\u0a3e \u0a2a\u0a4d\u0a30\u0a38\u0a3e\u0a30\u0a3f\u0a24 \u0a05\u0a24\u0a47 \u0a2a\u0a4d\u0a30\u0a24\u0a3f\u0a2c\u0a3f\u0a70\u0a2c\u0a3f\u0a24 \u0a30\u0a4b\u0a38\u0a3c\u0a28\u0a40 \u0a26\u0a40 \u0a2a\u0a4d\u0a30\u0a15\u0a3e\u0a38\u0a3c\u0a24<\/p>\n<p>\u0a35\u0a30\u0a15\u0a2a\u0a40\u0a38 \u0a26\u0a40 \u0a35\u0a71\u0a27 \u0a24\u0a4b\u0a02 \u0a35\u0a71\u0a27 \u0a09\u0a1a\u0a3e\u0a08:<\/p>\n<p>\u0a32\u0a17\u0a2d\u0a17 75 \u0a2e\u0a3f\u0a2e\u0a40 \u0a24\u0a71\u0a15<\/p>\n<p>\u0a16\u0a3e\u0a38 \u0a1a\u0a40\u0a1c\u0a3e\u0a02:<\/p>\n<p>\u0a2c\u0a3f\u0a28\u0a3e\u0a02 \u0a1c\u0a1f\u0a3f\u0a32 \u0a05\u0a32\u0a3e\u0a08\u0a28\u0a2e\u0a48\u0a02\u0a1f \u0a26\u0a47 \u0a38\u0a48\u0a15\u0a3f\u0a70\u0a21\u0a3e\u0a02 \u0a35\u0a3f\u0a71\u0a1a \u0a2e\u0a3e\u0a2a<\/p>\n<p>\u0a2c\u0a48\u0a1a \u0a05\u0a24\u0a47 \u0a2c\u0a47\u0a24\u0a30\u0a24\u0a40\u0a2c \u0a28\u0a3f\u0a30\u0a40\u0a16\u0a23 \u0a32\u0a08 \u0a06\u0a26\u0a30\u0a38\u0a3c<\/p>\n<p>\u0a13\u0a2a\u0a30\u0a47\u0a1f\u0a30-\u0a28\u0a3f\u0a30\u0a2a\u0a71\u0a16 \u0a2e\u0a3e\u0a2a \u0a26\u0a47 \u0a28\u0a24\u0a40\u0a1c\u0a47<\/p>\n<p>\u0a38\u0a70\u0a16\u0a47\u0a2a \u0a21\u0a3f\u0a1c\u0a3c\u0a3e\u0a08\u0a28<\/p>\n<p>\u0a39\u0a3e\u0a32\u0a24:<br \/>\n\u0a35\u0a30\u0a24\u0a3f\u0a06 \u0a39\u0a4b\u0a07\u0a06, \u0a2a\u0a30\u0a16\u0a3f\u0a06 \u0a39\u0a4b\u0a07\u0a06 \u0a05\u0a24\u0a47 \u0a2a\u0a42\u0a30\u0a40 \u0a24\u0a30\u0a4d\u0a39\u0a3e\u0a02 \u0a15\u0a3e\u0a30\u0a17\u0a30\u0964.<\/p>\n<p>\u0a32\u0a3e\u0a17\u0a42 \u0a15\u0a30\u0a28 \u0a26\u0a3e \u0a16\u0a47\u0a24\u0a30:<br \/>\n\u0a27\u0a3e\u0a24 \u0a05\u0a24\u0a47 \u0a2a\u0a32\u0a3e\u0a38\u0a1f\u0a3f\u0a15 \u0a26\u0a40 \u0a2a\u0a4d\u0a30\u0a4b\u0a38\u0a48\u0a38\u0a3f\u0a70\u0a17, \u0a1b\u0a3e\u0a2a\u0a47 \u0a39\u0a4b\u0a0f \u0a39\u0a3f\u0a71\u0a38\u0a47, \u0a1f\u0a30\u0a28 \u0a15\u0a40\u0a24\u0a47 \u0a39\u0a4b\u0a0f \u0a39\u0a3f\u0a71\u0a38\u0a47, \u0a2e\u0a3f\u0a32 \u0a15\u0a40\u0a24\u0a47 \u0a39\u0a4b\u0a0f \u0a15\u0a70\u0a2a\u0a4b\u0a28\u0a48\u0a02\u0a1f, \u0a17\u0a41\u0a23\u0a35\u0a71\u0a24\u0a3e \u0a2f\u0a15\u0a40\u0a28\u0a40\u0a15\u0a30\u0a28 \u0a05\u0a24\u0a47 \u0a09\u0a24\u0a2a\u0a3e\u0a26\u0a28 \u0a28\u0a3f\u0a2f\u0a70\u0a24\u0a30\u0a23 \u0a32\u0a08 \u0a09\u0a1a\u0a3f\u0a24\u0964.<\/p>\n<p>\u0a2e\u0a38\u0a3c\u0a40\u0a28 \u0a26\u0a40 \u0a2c\u0a3f\u0a1c\u0a32\u0a40 \u0a26\u0a47 \u0a05\u0a27\u0a40\u0a28 \u0a28\u0a3f\u0a2f\u0a41\u0a15\u0a24\u0a40 \u0a26\u0a41\u0a06\u0a30\u0a3e \u0a1c\u0a3e\u0a02\u0a1a \u0a15\u0a40\u0a24\u0a40 \u0a1c\u0a3e \u0a38\u0a15\u0a26\u0a40 \u0a39\u0a48\u0964<\/p>\n<p>\u0a2a\u0a39\u0a3f\u0a32\u0a3e\u0a02 \u0a35\u0a3f\u0a15\u0a30\u0a40 \u0a39\u0a4b\u0a23 \u0a26\u0a40 \u0a38\u0a3c\u0a30\u0a24 '\u0a24\u0a47\u0964   \u0a24\u0a15\u0a28\u0a40\u0a15\u0a40 \u0a21\u0a47\u0a1f\u0a3e \u0a05\u0a24\u0a47 \u0a35\u0a3f\u0a38\u0a3c\u0a47\u0a38\u0a3c\u0a24\u0a3e\u0a35\u0a3e\u0a02 \u0a35\u0a3f\u0a71\u0a1a \u0a17\u0a32\u0a24\u0a40\u0a06\u0a02 \u0a05\u0a24\u0a47 \u0a1b\u0a42\u0a1f\u0a3e\u0a02 \u0a05\u0a2a\u0a35\u0a3e\u0a26\u0a3f\u0a24 \u0a39\u0a28\u0964.<\/p>","protected":false},"excerpt":{"rendered":"<p>Standort: Deutschland, Baden-W\u00fcrttemberg S\u00fcdwest Zustand: Gebraucht Hersteller: KEYENCE Modell: IM 6025 Baujahr: 2016 Keyence IM-6025 Messmaschine \u2013 Schnelle und pr\u00e4zise optische Messung Verkauft wird eine Keyence IM-6025 Messmaschine, ideal f\u00fcr die schnelle Serienpr\u00fcfung, Wareneingangskontrolle sowie pr\u00e4zise Ma\u00dfkontrollen in der Fertigung. Baujahr: 09\/2016 Hauptmerkmale: Hersteller: Keyence Modell: IM-6025 Baujahr: 09\/2016 Messbereich: 300 \u00d7 200 mm (modellabh\u00e4ngig) [&hellip;]<\/p>\n","protected":false},"featured_media":4857,"comment_status":"open","ping_status":"closed","template":"","meta":{"_uf_show_specific_survey":0,"_uf_disable_surveys":false},"product_brand":[],"product_cat":[98],"product_tag":[],"class_list":{"0":"post-4856","1":"product","2":"type-product","3":"status-publish","4":"has-post-thumbnail","6":"product_cat-messtechnik","8":"first","9":"instock","10":"taxable","11":"shipping-taxable","12":"product-type-simple"},"aioseo_notices":[],"_links":{"self":[{"href":"https:\/\/mueller-wrh.de\/pa\/wp-json\/wp\/v2\/product\/4856","targetHints":{"allow":["GET"]}}],"collection":[{"href":"https:\/\/mueller-wrh.de\/pa\/wp-json\/wp\/v2\/product"}],"about":[{"href":"https:\/\/mueller-wrh.de\/pa\/wp-json\/wp\/v2\/types\/product"}],"replies":[{"embeddable":true,"href":"https:\/\/mueller-wrh.de\/pa\/wp-json\/wp\/v2\/comments?post=4856"}],"wp:featuredmedia":[{"embeddable":true,"href":"https:\/\/mueller-wrh.de\/pa\/wp-json\/wp\/v2\/media\/4857"}],"wp:attachment":[{"href":"https:\/\/mueller-wrh.de\/pa\/wp-json\/wp\/v2\/media?parent=4856"}],"wp:term":[{"taxonomy":"product_brand","embeddable":true,"href":"https:\/\/mueller-wrh.de\/pa\/wp-json\/wp\/v2\/product_brand?post=4856"},{"taxonomy":"product_cat","embeddable":true,"href":"https:\/\/mueller-wrh.de\/pa\/wp-json\/wp\/v2\/product_cat?post=4856"},{"taxonomy":"product_tag","embeddable":true,"href":"https:\/\/mueller-wrh.de\/pa\/wp-json\/wp\/v2\/product_tag?post=4856"}],"curies":[{"name":"\u0a21\u0a2c\u0a32\u0a2f\u0a42\u0a2a\u0a40","href":"https:\/\/api.w.org\/{rel}","templated":true}]}}