{"id":4848,"date":"2026-02-18T12:37:51","date_gmt":"2026-02-18T12:37:51","guid":{"rendered":"https:\/\/mueller-wrh.de\/produkt\/mitutoyo-pj-a3000_profilprojektor_bj-2015_intnr231490\/"},"modified":"2026-02-18T12:37:51","modified_gmt":"2026-02-18T12:37:51","slug":"mitutoyo-pj-a3000_profilprojektor_bj-2015_intnr231490","status":"publish","type":"product","link":"https:\/\/mueller-wrh.de\/pa\/product\/mitutoyo-pj-a3000_profilprojektor_bj-2015_intnr231490\/","title":{"rendered":"\u0a2e\u0a3f\u0a24\u0a41\u0a24\u0a4b\u0a2f\u0a4b PJ A3000_\u0a2a\u0a4d\u0a30\u0a4b\u0a2b\u0a3e\u0a08\u0a32 \u0a2a\u0a4d\u0a30\u0a4b\u0a1c\u0a48\u0a15\u0a1f\u0a30_\u0a2c\u0a23\u0a3e\u0a09\u0a23 \u0a26\u0a3e \u0a38\u0a3e\u0a32 2015_\u0a05\u0a70\u0a24\u0a30\u0a30\u0a3e\u0a38\u0a3c\u0a1f\u0a30\u0a40 \u0a28\u0a70\u0a2c\u0a30 231490"},"content":{"rendered":"<p><b>\u0a38\u0a25\u0a3e\u0a28:<\/b> \u0a1c\u0a30\u0a2e\u0a28\u0a40, \u0a2c\u0a3e\u0a21\u0a47\u0a28-\u0a35\u0a30\u0a1f\u0a2e\u0a2c\u0a30\u0a17 \u0a26\u0a71\u0a16\u0a23-\u0a2a\u0a71\u0a1b\u0a2e<\/p>\n<p><b>\u0a39\u0a3e\u0a32\u0a24:<\/b> \u0a32\u0a4b\u0a5c\u0a40\u0a02\u0a26\u0a3e<\/p>\n<p><b>\u0a28\u0a3f\u0a30\u0a2e\u0a3e\u0a24\u0a3e:<\/b> \u0a2e\u0a3f\u0a24\u0a41\u0a24\u0a4b\u0a2f\u0a4b<\/p>\n<p><b>\u0a2e\u0a3e\u0a21\u0a32:<\/b> \u0a2a\u0a40\u0a1c\u0a47-\u0a0f3000<\/p>\n<p><b>\u0a09\u0a38\u0a3e\u0a30\u0a40 \u0a26\u0a3e \u0a38\u0a3e\u0a32:<\/b> 2015<\/p>\n<p><b>\u0a15\u0a70\u0a2e\u0a15\u0a3e\u0a1c\u0a40 \u0a18\u0a70\u0a1f\u0a47:<\/b> \u0a28\u0a39\u0a40\u0a02<\/p>\n<p>\u0a2e\u0a3f\u0a24\u0a41\u0a24\u0a4b\u0a2f\u0a4b PJ-A3000 \u0a2a\u0a4d\u0a30\u0a4b\u0a2b\u0a3e\u0a08\u0a32 \u0a2a\u0a4d\u0a30\u0a4b\u0a1c\u0a48\u0a15\u0a1f\u0a30 \u2013 \u0a38\u0a1f\u0a40\u0a15 \u0a06\u0a2a\u0a1f\u0a40\u0a15\u0a32 \u0a2e\u0a3e\u0a2a<\/p>\n<p>\u0a07\u0a71\u0a15 Mitutoyo PJ-A3000 \u0a2a\u0a4d\u0a30\u0a4b\u0a2b\u0a3e\u0a08\u0a32 \u0a2a\u0a4d\u0a30\u0a4b\u0a1c\u0a48\u0a15\u0a1f\u0a30 \u0a35\u0a3f\u0a15\u0a30\u0a40 \u0a32\u0a08 \u0a09\u0a2a\u0a32\u0a2c\u0a27 \u0a39\u0a48, \u0a1c\u0a4b \u0a17\u0a41\u0a23\u0a35\u0a71\u0a24\u0a3e \u0a2f\u0a15\u0a40\u0a28\u0a40\u0a15\u0a30\u0a28, \u0a09\u0a24\u0a2a\u0a3e\u0a26\u0a28 \u0a28\u0a3f\u0a2f\u0a70\u0a24\u0a30\u0a23 \u0a05\u0a24\u0a47 \u0a38\u0a39\u0a40 \u0a35\u0a30\u0a15\u0a2a\u0a40\u0a38 \u0a2e\u0a3e\u0a2a\u0a3e\u0a02 \u0a32\u0a08 \u0a06\u0a26\u0a30\u0a38\u0a3c \u0a39\u0a48\u0964.<br \/>\n\u0a2c\u0a23\u0a3e\u0a09\u0a23 \u0a26\u0a3e \u0a38\u0a3e\u0a32: 2015<\/p>\n<p>\u0a2e\u0a41\u0a71\u0a16 \u0a35\u0a3f\u0a38\u0a3c\u0a47\u0a38\u0a3c\u0a24\u0a3e\u0a35\u0a3e\u0a02:<\/p>\n<p>\u0a28\u0a3f\u0a30\u0a2e\u0a3e\u0a24\u0a3e: \u0a2e\u0a3f\u0a24\u0a41\u0a24\u0a4b\u0a2f\u0a4b \u0a15\u0a3e\u0a30\u0a2a\u0a4b\u0a30\u0a47\u0a38\u0a3c\u0a28<\/p>\n<p>\u0a2e\u0a3e\u0a21\u0a32: PJ-A3000<\/p>\n<p>\u0a2a\u0a4d\u0a30\u0a4b\u0a1c\u0a48\u0a15\u0a38\u0a3c\u0a28 \u0a38\u0a15\u0a30\u0a40\u0a28: \u0a13 315 \u0a2e\u0a3f\u0a2e\u0a40<\/p>\n<p>\u0a35\u0a71\u0a21\u0a3e \u0a15\u0a30\u0a28 \u0a26\u0a40 \u0a38\u0a2e\u0a30\u0a71\u0a25\u0a3e: 10\u00d7 \u0a2e\u0a3f\u0a06\u0a30\u0a40, (\u0a35\u0a3f\u0a15\u0a32\u0a2a\u0a3f\u0a15 20\u00d7, 50\u00d7, 100\u00d7)<\/p>\n<p>\u0a2e\u0a3e\u0a2a \u0a26\u0a40 \u0a38\u0a3c\u0a41\u0a71\u0a27\u0a24\u0a3e: \u00b10.001 \u0a2e\u0a3f\u0a2e\u0a40 (XY \u0a30\u0a48\u0a1c\u0a3c\u0a4b\u0a32\u0a42\u0a38\u0a3c\u0a28)<\/p>\n<p>\u0a2e\u0a47\u0a1c\u0a3c \u0a26\u0a40 \u0a17\u0a24\u0a40: \u0a2e\u0a3e\u0a21\u0a32 \u0a26\u0a47 \u0a05\u0a28\u0a41\u0a38\u0a3e\u0a30 \u0a35\u0a71\u0a16-\u0a35\u0a71\u0a16 \u0a2e\u0a3e\u0a2a\u0a23 \u0a38\u0a40\u0a2e\u0a3e\u0a35\u0a3e\u0a02 (200\u00d7100 \u0a2e\u0a3f\u0a32\u0a40\u0a2e\u0a40\u0a1f\u0a30 \u0a24\u0a71\u0a15)<\/p>\n<p>\u0a32\u0a3e\u0a08\u0a1f\u0a3f\u0a70\u0a17: \u0a39\u0a48\u0a32\u0a4b\u0a1c\u0a28 \u0a32\u0a48\u0a02\u0a2a 24 V \/ 150 W<\/p>\n<p>\u0a15\u0a3e\u0a30\u0a1c: \u0a21\u0a3f\u0a1c\u0a40\u0a1f\u0a32 XY \u0a21\u0a3f\u0a38\u0a2a\u0a32\u0a47, \u0a15\u0a4b\u0a23 \u0a2e\u0a3e\u0a2a, RS-232C \u0a07\u0a70\u0a1f\u0a30\u0a2b\u0a47\u0a38<\/p>\n<p>\u0a35\u0a71\u0a27 \u0a24\u0a4b\u0a02 \u0a35\u0a71\u0a27 \u0a35\u0a30\u0a15\u0a2a\u0a40\u0a38 \u0a09\u0a1a\u0a3e\u0a08: \u0a32\u0a17\u0a2d\u0a17 92.5\u2013123.5 \u0a2e\u0a3f\u0a2e\u0a40<\/p>\n<p>\u0a16\u0a3e\u0a38 \u0a35\u0a3f\u0a38\u0a3c\u0a47\u0a38\u0a3c\u0a24\u0a3e\u0a35\u0a3e\u0a02: \u0a35\u0a3f\u0a17\u0a3e\u0a5c-\u0a30\u0a39\u0a3f\u0a24 \u0a07\u0a2e\u0a47\u0a1c\u0a3f\u0a70\u0a17 \u0a32\u0a08 \u0a1f\u0a48\u0a32\u0a40\u0a38\u0a48\u0a02\u0a1f\u0a4d\u0a30\u0a3f\u0a15 \u0a06\u0a2a\u0a1f\u0a40\u0a15\u0a32 \u0a38\u0a3f\u0a38\u0a1f\u0a2e, \u0a18\u0a41\u0a70\u0a2e\u0a23 \u0a35\u0a3e\u0a32\u0a40 \u0a2e\u0a47\u0a1c\u0a3c, \u0a39\u0a71\u0a25\u0a40\u0a02 \u0a2b\u0a4b\u0a15\u0a38\u0a3f\u0a70\u0a17<\/p>\n<p>\u0a39\u0a3e\u0a32\u0a24: \u0a35\u0a30\u0a24\u0a40 \u0a39\u0a4b\u0a08, \u0a1c\u0a3e\u0a02\u0a1a\u0a40 \u0a39\u0a4b\u0a08 \u0a05\u0a24\u0a47 \u0a1a\u0a70\u0a17\u0a40 \u0a24\u0a30\u0a4d\u0a39\u0a3e\u0a02 \u0a15\u0a70\u0a2e \u0a15\u0a30\u0a26\u0a40\u0964.<\/p>\n<p>\u0a32\u0a3e\u0a17\u0a42 \u0a15\u0a30\u0a28 \u0a26\u0a3e \u0a16\u0a47\u0a24\u0a30: \u0a27\u0a3e\u0a24 \u0a05\u0a24\u0a47 \u0a2a\u0a32\u0a3e\u0a38\u0a1f\u0a3f\u0a15 \u0a26\u0a40 \u0a2a\u0a4d\u0a30\u0a4b\u0a38\u0a48\u0a38\u0a3f\u0a70\u0a17, \u0a24\u0a3e\u0a32\u0a40\u0a2e\u0a40 \u0a15\u0a4b\u0a30\u0a38, \u0a2a\u0a4d\u0a30\u0a2f\u0a4b\u0a17\u0a38\u0a3c\u0a3e\u0a32\u0a3e\u0a35\u0a3e\u0a02 \u0a05\u0a24\u0a47 \u0a38\u0a41\u0a1a\u0a71\u0a1c\u0a47 \u0a2e\u0a3e\u0a2a\u0a3e\u0a02 \u0a32\u0a08 \u0a06\u0a26\u0a30\u0a38\u0a3c\u0964.<\/p>\n<p>\u0a2e\u0a38\u0a3c\u0a40\u0a28 \u0a28\u0a42\u0a70 \u0a05\u0a2a\u0a3e\u0a07\u0a70\u0a1f\u0a2e\u0a48\u0a02\u0a1f \u0a32\u0a48 \u0a15\u0a47 \u0a26\u0a47\u0a16\u0a3f\u0a06 \u0a1c\u0a3e \u0a38\u0a15\u0a26\u0a3e \u0a39\u0a48\u0964<br \/>\n\u0a24\u0a15\u0a28\u0a40\u0a15\u0a40 \u0a21\u0a47\u0a1f\u0a3e \u0a05\u0a24\u0a47 \u0a1c\u0a3e\u0a23\u0a15\u0a3e\u0a30\u0a40 \u0a26\u0a47 \u0a28\u0a3e\u0a32-\u0a28\u0a3e\u0a32 \u0a2a\u0a39\u0a3f\u0a32\u0a3e\u0a02 \u0a26\u0a40 \u0a35\u0a3f\u0a15\u0a30\u0a40 \u0a35\u0a3f\u0a71\u0a1a \u0a24\u0a2c\u0a26\u0a40\u0a32\u0a40\u0a06\u0a02 \u0a05\u0a24\u0a47 \u0a17\u0a32\u0a24\u0a40\u0a06\u0a02 \u0a26\u0a47 \u0a05\u0a27\u0a40\u0a28!<\/p>\n<p>\u0a2e\u0a3f\u0a24\u0a41\u0a24\u0a4b\u0a2f\u0a4b PJ-A3000 \u0a2a\u0a4d\u0a30\u0a4b\u0a2b\u0a3e\u0a08\u0a32 \u0a2a\u0a4d\u0a30\u0a4b\u0a1c\u0a48\u0a15\u0a1f\u0a30 \u2013 \u0a38\u0a41\u0a1a\u0a3f\u0a71\u0a24 \u0a06\u0a2a\u0a1f\u0a40\u0a15\u0a32 \u0a2e\u0a3e\u0a2a<\/p>\n<p>\u0a35\u0a3f\u0a15\u0a30\u0a40 \u0a32\u0a08: \u0a07\u0a71\u0a15 Mitutoyo PJ-A3000 \u0a2a\u0a4d\u0a30\u0a4b\u0a2b\u0a3e\u0a08\u0a32 \u0a2a\u0a4d\u0a30\u0a4b\u0a1c\u0a48\u0a15\u0a1f\u0a30, \u0a1c\u0a4b \u0a17\u0a41\u0a23\u0a35\u0a71\u0a24\u0a3e \u0a2d\u0a30\u0a4b\u0a38\u0a3e, \u0a09\u0a24\u0a2a\u0a3e\u0a26\u0a28 \u0a28\u0a3f\u0a2f\u0a70\u0a24\u0a30\u0a23 \u0a05\u0a24\u0a47 \u0a38\u0a39\u0a40 \u0a35\u0a30\u0a15\u0a2a\u0a40\u0a38 \u0a2e\u0a3e\u0a2a\u0a3e\u0a02 \u0a32\u0a08 \u0a06\u0a26\u0a30\u0a38\u0a3c \u0a39\u0a48\u0964.<br \/>\n\u0a2c\u0a23\u0a3e\u0a09\u0a23 \u0a26\u0a3e \u0a38\u0a3e\u0a32: 2015<\/p>\n<p>\u0a1c\u0a30\u0a42\u0a30\u0a40 \u0a1a\u0a40\u0a1c\u0a3e:<\/p>\n<p>\u0a28\u0a3f\u0a30\u0a2e\u0a3e\u0a24\u0a3e: \u0a2e\u0a3f\u0a24\u0a41\u0a24\u0a4b\u0a2f\u0a4b \u0a15\u0a3e\u0a30\u0a2a\u0a4b\u0a30\u0a47\u0a38\u0a3c\u0a28<\/p>\n<p>\u0a2e\u0a3e\u0a21\u0a32: PJ-A3000<\/p>\n<p>\u0a2a\u0a4d\u0a30\u0a4b\u0a1c\u0a48\u0a15\u0a38\u0a3c\u0a28 \u0a38\u0a15\u0a30\u0a40\u0a28: \u00d8 315 \u0a2e\u0a3f\u0a2e\u0a40<\/p>\n<p>\u0a35\u0a71\u0a21\u0a3e\u0a2a\u0a23: 10\u00d7 \u0a2e\u0a3f\u0a06\u0a30\u0a40 (\u0a35\u0a3f\u0a15\u0a32\u0a2a\u0a3f\u0a15 20\u00d7, 50\u00d7, 100\u00d7)<\/p>\n<p>\u0a2e\u0a3e\u0a2a \u0a26\u0a40 \u0a38\u0a3c\u0a41\u0a71\u0a27\u0a24\u0a3e: \u00b10.001 \u0a2e\u0a3f\u0a2e\u0a40 (XY \u0a30\u0a48\u0a1c\u0a3c\u0a4b\u0a32\u0a42\u0a38\u0a3c\u0a28)<\/p>\n<p>\u0a1f\u0a47\u0a2c\u0a32 \u0a1f\u0a4d\u0a30\u0a48\u0a35\u0a32: \u0a2e\u0a3e\u0a21\u0a32 \u0a26\u0a47 \u0a05\u0a28\u0a41\u0a38\u0a3e\u0a30 \u0a35\u0a71\u0a16-\u0a35\u0a71\u0a16 \u0a2e\u0a3e\u0a2a\u0a23 \u0a38\u0a40\u0a2e\u0a3e\u0a35\u0a3e\u0a02 (200\u00d7100 \u0a2e\u0a3f\u0a2e\u0a40 \u0a24\u0a71\u0a15)<\/p>\n<p>\u0a30\u0a4b\u0a38\u0a3c\u0a28\u0a40: \u0a39\u0a48\u0a32\u0a4b\u0a1c\u0a28 \u0a32\u0a48\u0a02\u0a2a 24 V \/ 150 W<\/p>\n<p>\u0a15\u0a3e\u0a30\u0a1c: \u0a21\u0a3f\u0a1c\u0a40\u0a1f\u0a32 XY \u0a30\u0a40\u0a21\u0a06\u0a0a\u0a1f, \u0a15\u0a4b\u0a23 \u0a2e\u0a3e\u0a2a, RS-232C \u0a07\u0a70\u0a1f\u0a30\u0a2b\u0a47\u0a38<\/p>\n<p>\u0a35\u0a30\u0a15\u0a2a\u0a40\u0a38 \u0a26\u0a40 \u0a35\u0a71\u0a27 \u0a24\u0a4b\u0a02 \u0a35\u0a71\u0a27 \u0a09\u0a1a\u0a3e\u0a08: \u0a32\u0a17\u0a2d\u0a17 92.5\u2013123.5 \u0a2e\u0a3f\u0a2e\u0a40<\/p>\n<p>\u0a16\u0a3e\u0a38 \u0a35\u0a3f\u0a38\u0a3c\u0a47\u0a38\u0a3c\u0a24\u0a3e\u0a35\u0a3e\u0a02: \u0a35\u0a3f\u0a17\u0a3e\u0a5c-\u0a30\u0a39\u0a3f\u0a24 \u0a2a\u0a4d\u0a30\u0a4b\u0a1c\u0a48\u0a15\u0a38\u0a3c\u0a28 \u0a32\u0a08 \u0a1f\u0a48\u0a32\u0a40\u0a38\u0a48\u0a02\u0a1f\u0a4d\u0a30\u0a3f\u0a15 \u0a06\u0a2a\u0a1f\u0a40\u0a15\u0a32 \u0a38\u0a3f\u0a38\u0a1f\u0a2e, \u0a18\u0a41\u0a70\u0a2e\u0a23\u0a2f\u0a4b\u0a17 \u0a2e\u0a47\u0a1c\u0a3c, \u0a39\u0a71\u0a25\u0a4b\u0a02 \u0a2b\u0a4b\u0a15\u0a38\u0a3f\u0a70\u0a17<\/p>\n<p>\u0a39\u0a3e\u0a32\u0a24: \u0a35\u0a30\u0a24\u0a40 \u0a39\u0a4b\u0a08, \u0a1c\u0a3e\u0a02\u0a1a\u0a40 \u0a39\u0a4b\u0a08, \u0a05\u0a24\u0a47 \u0a2a\u0a42\u0a30\u0a40 \u0a24\u0a30\u0a4d\u0a39\u0a3e\u0a02 \u0a15\u0a3e\u0a30\u0a1c\u0a38\u0a3c\u0a40\u0a32\u0964.<\/p>\n<p>\u0a35\u0a30\u0a24\u0a4b\u0a02: \u0a27\u0a3e\u0a24 \u0a05\u0a24\u0a47 \u0a2a\u0a32\u0a3e\u0a38\u0a1f\u0a3f\u0a15 \u0a26\u0a40 \u0a2a\u0a4d\u0a30\u0a4b\u0a38\u0a48\u0a38\u0a3f\u0a70\u0a17, \u0a1f\u0a4d\u0a30\u0a47\u0a28\u0a3f\u0a70\u0a17, \u0a2a\u0a4d\u0a30\u0a2f\u0a4b\u0a17\u0a38\u0a3c\u0a3e\u0a32\u0a3e\u0a35\u0a3e\u0a02 \u0a05\u0a24\u0a47 \u0a38\u0a41\u0a1a\u0a71\u0a1c\u0a47 \u0a2e\u0a3e\u0a2a\u0a3e\u0a02 \u0a32\u0a08 \u0a06\u0a26\u0a30\u0a38\u0a3c\u0964.<\/p>\n<p>\u0a2e\u0a38\u0a3c\u0a40\u0a28 \u0a26\u0a40 \u0a2c\u0a3f\u0a1c\u0a32\u0a40 \u0a26\u0a47 \u0a05\u0a27\u0a40\u0a28 \u0a28\u0a3f\u0a2f\u0a41\u0a15\u0a24\u0a40 \u0a26\u0a41\u0a06\u0a30\u0a3e \u0a1c\u0a3e\u0a02\u0a1a \u0a15\u0a40\u0a24\u0a40 \u0a1c\u0a3e \u0a38\u0a15\u0a26\u0a40 \u0a39\u0a48\u0964<br \/>\n\u0a24\u0a15\u0a28\u0a40\u0a15\u0a40 \u0a35\u0a3f\u0a38\u0a3c\u0a47\u0a38\u0a3c\u0a24\u0a3e\u0a35\u0a3e\u0a02 \u0a2c\u0a26\u0a32\u0a3e\u0a05, \u0a17\u0a32\u0a24\u0a40\u0a06\u0a02 \u0a05\u0a24\u0a47 \u0a2a\u0a39\u0a3f\u0a32\u0a3e\u0a02 \u0a39\u0a4b \u0a1a\u0a41\u0a71\u0a15\u0a40 \u0a35\u0a3f\u0a15\u0a30\u0a40 \u0a32\u0a08 \u0a30\u0a3e\u0a16\u0a35\u0a3e\u0a02 \u0a39\u0a28\u0964.<\/p>","protected":false},"excerpt":{"rendered":"<p>Standort: Deutschland, Baden-W\u00fcrttemberg S\u00fcdwest Zustand: Gebraucht Hersteller: Mitutoyo Modell: PJ-A3000 Baujahr: 2015 Betriebsstunden: keine Mitutoyo PJ-A3000 Profilprojektor \u2013 Pr\u00e4zise optische Messung Verkauft wird ein Mitutoyo PJ-A3000 Profilprojektor, ideal f\u00fcr die Qualit\u00e4tssicherung, Fertigungskontrolle und pr\u00e4zise Werkst\u00fcckmessungen. Bj.2015 Hauptmerkmale: Hersteller: Mitutoyo Corporation Modell: PJ-A3000 Projektionsbildschirm: \u00d8 315\u202fmm Vergr\u00f6\u00dferung: 10\u00d7 Standard, (optional 20\u00d7, 50\u00d7, 100\u00d7) Messgenauigkeit: \u00b10,001\u202fmm (XY-Aufl\u00f6sung) [&hellip;]<\/p>\n","protected":false},"featured_media":4843,"comment_status":"open","ping_status":"closed","template":"","meta":{"_uf_show_specific_survey":0,"_uf_disable_surveys":false},"product_brand":[],"product_cat":[98],"product_tag":[],"class_list":{"0":"post-4848","1":"product","2":"type-product","3":"status-publish","4":"has-post-thumbnail","6":"product_cat-messtechnik","8":"first","9":"instock","10":"taxable","11":"shipping-taxable","12":"product-type-simple"},"aioseo_notices":[],"_links":{"self":[{"href":"https:\/\/mueller-wrh.de\/pa\/wp-json\/wp\/v2\/product\/4848","targetHints":{"allow":["GET"]}}],"collection":[{"href":"https:\/\/mueller-wrh.de\/pa\/wp-json\/wp\/v2\/product"}],"about":[{"href":"https:\/\/mueller-wrh.de\/pa\/wp-json\/wp\/v2\/types\/product"}],"replies":[{"embeddable":true,"href":"https:\/\/mueller-wrh.de\/pa\/wp-json\/wp\/v2\/comments?post=4848"}],"wp:featuredmedia":[{"embeddable":true,"href":"https:\/\/mueller-wrh.de\/pa\/wp-json\/wp\/v2\/media\/4843"}],"wp:attachment":[{"href":"https:\/\/mueller-wrh.de\/pa\/wp-json\/wp\/v2\/media?parent=4848"}],"wp:term":[{"taxonomy":"product_brand","embeddable":true,"href":"https:\/\/mueller-wrh.de\/pa\/wp-json\/wp\/v2\/product_brand?post=4848"},{"taxonomy":"product_cat","embeddable":true,"href":"https:\/\/mueller-wrh.de\/pa\/wp-json\/wp\/v2\/product_cat?post=4848"},{"taxonomy":"product_tag","embeddable":true,"href":"https:\/\/mueller-wrh.de\/pa\/wp-json\/wp\/v2\/product_tag?post=4848"}],"curies":[{"name":"\u0a21\u0a2c\u0a32\u0a2f\u0a42\u0a2a\u0a40","href":"https:\/\/api.w.org\/{rel}","templated":true}]}}