{"id":4822,"date":"2026-02-11T14:24:12","date_gmt":"2026-02-11T14:24:12","guid":{"rendered":"https:\/\/mueller-wrh.de\/produkt\/deckel-maho-dmf-250-bj-2004-intnr231486\/"},"modified":"2026-02-11T14:43:02","modified_gmt":"2026-02-11T14:43:02","slug":"deckel-maho-dmf-250-bj-2004-intnr231486","status":"publish","type":"product","link":"https:\/\/mueller-wrh.de\/pa\/product\/deckel-maho-dmf-250-bj-2004-intnr231486\/","title":{"rendered":"\u0a22\u0a71\u0a15\u0a23 \u0a2e\u0a3e\u0a39\u0a4b DMF 250 \u0a32\u0a40\u0a28\u0a40\u0a05\u0a30 \u0a38\u0a3e\u0a32 2004, IntNr231486"},"content":{"rendered":"<p><b>\u0a38\u0a25\u0a3e\u0a28:<\/b> \u0a1c\u0a30\u0a2e\u0a28\u0a40, \u0a2c\u0a3e\u0a21\u0a47\u0a28-\u0a35\u0a30\u0a1f\u0a2e\u0a2c\u0a30\u0a17 \u0a26\u0a71\u0a16\u0a23-\u0a2a\u0a71\u0a1b\u0a2e<\/p>\n<p><b>\u0a39\u0a3e\u0a32\u0a24:<\/b> \u0a32\u0a4b\u0a5c\u0a40\u0a02\u0a26\u0a3e<\/p>\n<p><b>\u0a28\u0a3f\u0a30\u0a2e\u0a3e\u0a24\u0a3e:<\/b> \u0a21\u0a40\u0a10\u0a2e\u0a1c\u0a40<\/p>\n<p><b>\u0a2e\u0a3e\u0a21\u0a32:<\/b> \u0a21\u0a40\u0a10\u0a2e\u0a10\u0a2b 250<\/p>\n<p><b>\u0a09\u0a38\u0a3e\u0a30\u0a40 \u0a26\u0a3e \u0a38\u0a3e\u0a32:<\/b> 2004<\/p>\n<p><b>\u0a15\u0a70\u0a2e\u0a15\u0a3e\u0a1c\u0a40 \u0a18\u0a70\u0a1f\u0a47:<\/b> 0<\/p>\n<p>\u0a35\u0a30\u0a24\u0a3f\u0a06 \u0a39\u0a4b\u0a07\u0a06, \u0a28\u0a35\u0a40\u0a28\u0a40\u0a15\u0a30\u0a28 \u0a15\u0a40\u0a24\u0a3e \u0a17\u0a3f\u0a06 5-\u0a27\u0a41\u0a30\u0a40 CNC \u0a2e\u0a38\u0a3c\u0a40\u0a28\u0a3f\u0a70\u0a17 \u0a38\u0a48\u0a02\u0a1f\u0a30 Deckel MAHO DMF 250 \u0a32\u0a40\u0a28\u0a40\u0a05\u0a30<br \/>\n\u0a09\u0a38\u0a3e\u0a30\u0a40 \u0a26\u0a3e \u0a38\u0a3e\u0a32 2004<\/p>\n<p>\u0a15\u0a70\u0a1f\u0a30\u0a4b\u0a32 \u0a2f\u0a42\u0a28\u0a3f\u0a1f: \u0a39\u0a3e\u0a08\u0a21\u0a47\u0a28\u0a39\u0a48\u0a28 \u0a06\u0a08\u0a1f\u0a40\u0a10\u0a28\u0a38\u0a40 530<br \/>\n\u0a24\u0a15\u0a28\u0a40\u0a15\u0a40 \u0a21\u0a47\u0a1f\u0a3e:<br \/>\n\u0a2f\u0a3e\u0a24\u0a30\u0a3e \u0a26\u0a42\u0a30\u0a40 X: 2,500 \u0a2e\u0a3f\u0a32\u0a40\u0a2e\u0a40\u0a1f\u0a30<br \/>\n\u0a2f\u0a3e\u0a24\u0a30\u0a3e Y: 920 \u0a2e\u0a3f\u0a32\u0a40\u0a2e\u0a40\u0a1f\u0a30<br \/>\nZ-\u0a27\u0a41\u0a30\u0a40 \u0a2f\u0a3e\u0a24\u0a30\u0a3e: 820 \u0a2e\u0a3f\u0a32\u0a40\u0a2e\u0a40\u0a1f\u0a30<br \/>\n\u0a2c\u0a40-\u0a27\u0a41\u0a30\u0a3e: x\/- 105\u00b0<\/p>\n<p>\u0a35\u0a30\u0a15 \u0a1f\u0a47\u0a2c\u0a32: 3100 x 900 \u0a2e\u0a3f\u0a32\u0a40\u0a2e\u0a40\u0a1f\u0a30<\/p>\n<p>\u0a38\u0a2a\u0a3f\u0a70\u0a21\u0a32 \u0a05\u0a2a\u0a35\u0a3e\u0a26: HSK 63<br \/>\n\u0a38\u0a2a\u0a3f\u0a70\u0a21\u0a32 \u0a38\u0a2a\u0a40\u0a21: 20 - 18,000 rpm\u0964.<br \/>\n\u0a1f\u0a42\u0a32 \u0a1a\u0a47\u0a02\u0a1c\u0a30: 30 \u0a2a\u0a40.\u0a38\u0a40.\u0a10\u0a38.<\/p>\n<p>\u0a28\u0a3e\u0a32 \u0a32\u0a48\u0a38:<br \/>\n- \u0a1a\u0a3f\u0a71\u0a2a \u0a15\u0a28\u0a35\u0a47\u0a05\u0a30<br \/>\n- \u0a38\u0a2a\u0a3f\u0a70\u0a21\u0a32 40 \u0a2c\u0a3e\u0a30 \u0a30\u0a3e\u0a39\u0a40\u0a02 \u0a15\u0a42\u0a32\u0a3f\u0a70\u0a17<br \/>\n- \u0a38\u0a70\u0a1a\u0a3e\u0a32\u0a28 \u0a28\u0a3f\u0a30\u0a26\u0a47\u0a38\u0a3c<\/p>\n<p>\u0a2e\u0a42\u0a32 \u0a26\u0a47\u0a38\u0a3c: \u0a1c\u0a30\u0a2e\u0a28\u0a40<br \/>\n\u0a07\u0a70\u0a1c\u0a23 \u0a2a\u0a3e\u0a35\u0a30: 35 \u0a15\u0a3f\u0a32\u0a4b\u0a35\u0a3e\u0a1f<br \/>\n\u0a2e\u0a38\u0a3c\u0a40\u0a28 \u0a26\u0a47 \u0a2e\u0a3e\u0a2a (L x W x H): 6000 x 3800 x 2950 \u0a2e\u0a3f\u0a32\u0a40\u0a2e\u0a40\u0a1f\u0a30<br \/>\n\u0a2e\u0a38\u0a3c\u0a40\u0a28 \u0a26\u0a3e \u0a2d\u0a3e\u0a30: 25,000 \u0a15\u0a3f\u0a32\u0a4b\u0a17\u0a4d\u0a30\u0a3e\u0a2e<\/p>\n<p>\u0a2e\u0a38\u0a3c\u0a40\u0a28 \u0a28\u0a42\u0a70 \u0a05\u0a2a\u0a3e\u0a07\u0a70\u0a1f\u0a2e\u0a48\u0a02\u0a1f \u0a32\u0a48 \u0a15\u0a47 \u0a26\u0a47\u0a16\u0a3f\u0a06 \u0a1c\u0a3e \u0a38\u0a15\u0a26\u0a3e \u0a39\u0a48\u0964<br \/>\n\u0a24\u0a15\u0a28\u0a40\u0a15\u0a40 \u0a21\u0a47\u0a1f\u0a3e \u0a05\u0a24\u0a47 \u0a1c\u0a3e\u0a23\u0a15\u0a3e\u0a30\u0a40 \u0a26\u0a47 \u0a28\u0a3e\u0a32-\u0a28\u0a3e\u0a32 \u0a2a\u0a39\u0a3f\u0a32\u0a3e\u0a02 \u0a26\u0a40 \u0a35\u0a3f\u0a15\u0a30\u0a40 \u0a35\u0a3f\u0a71\u0a1a \u0a24\u0a2c\u0a26\u0a40\u0a32\u0a40\u0a06\u0a02 \u0a05\u0a24\u0a47 \u0a17\u0a32\u0a24\u0a40\u0a06\u0a02 \u0a26\u0a47 \u0a05\u0a27\u0a40\u0a28!<\/p>\n<p>\u0a2e\u0a41\u0a30\u0a70\u0a2e\u0a24 \u0a15\u0a40\u0a24\u0a3e \u0a17\u0a3f\u0a06 5-\u0a27\u0a41\u0a30\u0a40 CNC \u0a2e\u0a38\u0a3c\u0a40\u0a28\u0a3f\u0a70\u0a17 \u0a38\u0a48\u0a02\u0a1f\u0a30 \u0a15\u0a35\u0a30 MAHO DMF 250 \u0a32\u0a40\u0a28\u0a40\u0a05\u0a30 \u0a1a\u0a70\u0a17\u0a40 \u0a39\u0a3e\u0a32\u0a24 \u0a35\u0a3f\u0a71\u0a1a\u0964.<br \/>\n\u0a28\u0a3f\u0a30\u0a2e\u0a3e\u0a23 \u0a38\u0a3e\u0a32: 2004\u0964.<\/p>\n<p>\u0a15\u0a70\u0a1f\u0a30\u0a4b\u0a32: \u0a39\u0a3e\u0a08\u0a21\u0a47\u0a28\u0a39\u0a48\u0a28 \u0a06\u0a08\u0a1f\u0a40\u0a10\u0a28\u0a38\u0a40 530\u0964.<br \/>\n\u0a24\u0a15\u0a28\u0a40\u0a15\u0a40 \u0a21\u0a47\u0a1f\u0a3e:<br \/>\n\u0a2f\u0a3e\u0a24\u0a30\u0a3e \u0a26\u0a42\u0a30\u0a40 X: 2,500 \u0a2e\u0a3f\u0a32\u0a40\u0a2e\u0a40\u0a1f\u0a30\u0964.<br \/>\n\u0a2f\u0a3e\u0a24\u0a30\u0a3e \u0a26\u0a40 \u0a26\u0a42\u0a30\u0a40 Y: 920 \u0a2e\u0a3f\u0a32\u0a40\u0a2e\u0a40\u0a1f\u0a30\u0964.<br \/>\n\u0a2f\u0a3e\u0a24\u0a30\u0a3e \u0a26\u0a42\u0a30\u0a40 Z: 820 \u0a2e\u0a3f\u0a32\u0a40\u0a2e\u0a40\u0a1f\u0a30\u0964.<br \/>\n\u0a2c\u0a40-\u0a27\u0a41\u0a30\u0a3e: x\/- 105\u00b0<\/p>\n<p>\u0a35\u0a30\u0a15 \u0a1f\u0a47\u0a2c\u0a32: 3100 x 900 \u0a2e\u0a3f\u0a32\u0a40\u0a2e\u0a40\u0a1f\u0a30<\/p>\n<p>\u0a38\u0a2a\u0a3f\u0a70\u0a21\u0a32 \u0a05\u0a2a\u0a35\u0a3e\u0a26: HSK 63<br \/>\n\u0a38\u0a2a\u0a3f\u0a70\u0a21\u0a32 \u0a38\u0a2a\u0a40\u0a21: 20 - 18,000 rpm<br \/>\n\u0a1f\u0a42\u0a32 \u0a1a\u0a47\u0a02\u0a1c\u0a30: 30 \u0a2a\u0a40.\u0a38\u0a40.\u0a10\u0a38.<\/p>\n<p>\u0a28\u0a3e\u0a32 \u0a32\u0a48\u0a38:<br \/>\n- \u0a1a\u0a3f\u0a71\u0a2a \u0a15\u0a28\u0a35\u0a47\u0a05\u0a30<br \/>\n- \u0a38\u0a2a\u0a3f\u0a70\u0a21\u0a32 40 \u0a2c\u0a3e\u0a30 \u0a30\u0a3e\u0a39\u0a40\u0a02 \u0a15\u0a42\u0a32\u0a3f\u0a70\u0a17<br \/>\n- \u0a38\u0a70\u0a1a\u0a3e\u0a32\u0a28 \u0a28\u0a3f\u0a30\u0a26\u0a47\u0a38\u0a3c<\/p>\n<p>\u0a2e\u0a42\u0a32 \u0a26\u0a47\u0a38\u0a3c: \u0a1c\u0a30\u0a2e\u0a28\u0a40<br \/>\n\u0a2e\u0a4b\u0a1f\u0a30 \u0a2a\u0a3e\u0a35\u0a30: 35 \u0a15\u0a3f\u0a32\u0a4b\u0a35\u0a3e\u0a1f<br \/>\n\u0a2e\u0a38\u0a3c\u0a40\u0a28 LxWxH: 6000 x 3800 x 2950 \u0a2e\u0a3f\u0a32\u0a40\u0a2e\u0a40\u0a1f\u0a30<br \/>\n\u0a2e\u0a38\u0a3c\u0a40\u0a28 \u0a26\u0a3e \u0a2d\u0a3e\u0a30: 25,000 \u0a15\u0a3f\u0a32\u0a4b\u0a17\u0a4d\u0a30\u0a3e\u0a2e<\/p>\n<p>\u0a2e\u0a38\u0a3c\u0a40\u0a28 \u0a28\u0a42\u0a70 \u0a05\u0a2a\u0a3e\u0a07\u0a70\u0a1f\u0a2e\u0a48\u0a02\u0a1f \u0a32\u0a48 \u0a15\u0a47 \u0a26\u0a47\u0a16\u0a3f\u0a06 \u0a1c\u0a3e \u0a38\u0a15\u0a26\u0a3e \u0a39\u0a48\u0964<br \/>\n\u0a24\u0a15\u0a28\u0a40\u0a15\u0a40 \u0a21\u0a47\u0a1f\u0a3e \u0a05\u0a24\u0a47 \u0a35\u0a3f\u0a38\u0a3c\u0a47\u0a38\u0a3c\u0a24\u0a3e\u0a35\u0a3e\u0a02 \u0a35\u0a3f\u0a71\u0a1a \u0a2c\u0a26\u0a32\u0a3e\u0a05 \u0a05\u0a24\u0a47 \u0a17\u0a32\u0a24\u0a40\u0a06\u0a02 \u0a26\u0a47 \u0a05\u0a27\u0a40\u0a28, \u0a28\u0a3e\u0a32 \u0a39\u0a40 \u0a35\u0a3f\u0a15\u0a30\u0a40 \u0a24\u0a4b\u0a02 \u0a2a\u0a39\u0a3f\u0a32\u0a3e\u0a02!<\/p>","protected":false},"excerpt":{"rendered":"<p>Standort: Deutschland, Baden-W\u00fcrttemberg S\u00fcdwest Zustand: Gebraucht Hersteller: DMG Modell: DMF 250 Baujahr: 2004 Betriebsstunden: 0 Gebrauchtes \u00fcberholtes 5-Achs CNC Bearbeitungszentrum Deckel MAHO DMF 250 linear Baujahr 2004 Steuerung: Heidenhain iTNC 530 Technische Daten: Verfahrweg X: 2.500 mm Verfahrweg Y: 920 mm Verfahrweg Z: 820 mm B-Achse: x\/- 105\u00b0 Arbeitstisch: 3100 x 900 mm Spindel Ausnahme: [&hellip;]<\/p>\n","protected":false},"featured_media":4830,"comment_status":"open","ping_status":"closed","template":"","meta":{"_uf_show_specific_survey":0,"_uf_disable_surveys":false},"product_brand":[],"product_cat":[21],"product_tag":[],"class_list":{"0":"post-4822","1":"product","2":"type-product","3":"status-publish","4":"has-post-thumbnail","6":"product_cat-cnc-bearbeitungszentrum","8":"first","9":"instock","10":"taxable","11":"shipping-taxable","12":"product-type-simple"},"aioseo_notices":[],"_links":{"self":[{"href":"https:\/\/mueller-wrh.de\/pa\/wp-json\/wp\/v2\/product\/4822","targetHints":{"allow":["GET"]}}],"collection":[{"href":"https:\/\/mueller-wrh.de\/pa\/wp-json\/wp\/v2\/product"}],"about":[{"href":"https:\/\/mueller-wrh.de\/pa\/wp-json\/wp\/v2\/types\/product"}],"replies":[{"embeddable":true,"href":"https:\/\/mueller-wrh.de\/pa\/wp-json\/wp\/v2\/comments?post=4822"}],"wp:featuredmedia":[{"embeddable":true,"href":"https:\/\/mueller-wrh.de\/pa\/wp-json\/wp\/v2\/media\/4830"}],"wp:attachment":[{"href":"https:\/\/mueller-wrh.de\/pa\/wp-json\/wp\/v2\/media?parent=4822"}],"wp:term":[{"taxonomy":"product_brand","embeddable":true,"href":"https:\/\/mueller-wrh.de\/pa\/wp-json\/wp\/v2\/product_brand?post=4822"},{"taxonomy":"product_cat","embeddable":true,"href":"https:\/\/mueller-wrh.de\/pa\/wp-json\/wp\/v2\/product_cat?post=4822"},{"taxonomy":"product_tag","embeddable":true,"href":"https:\/\/mueller-wrh.de\/pa\/wp-json\/wp\/v2\/product_tag?post=4822"}],"curies":[{"name":"\u0a21\u0a2c\u0a32\u0a2f\u0a42\u0a2a\u0a40","href":"https:\/\/api.w.org\/{rel}","templated":true}]}}