{"id":4791,"date":"2026-02-04T15:42:35","date_gmt":"2026-02-04T15:42:35","guid":{"rendered":"https:\/\/mueller-wrh.de\/produkt\/chiron-mill-6000-high-speed-mit-nc-schwenkkopf-bj-2004-ueberholt-2013_-intnr231477\/"},"modified":"2026-02-04T15:42:35","modified_gmt":"2026-02-04T15:42:35","slug":"chiron-mill-6000-high-speed-mit-nc-schwenkkopf-bj-2004-ueberholt-2013_-intnr231477","status":"publish","type":"product","link":"https:\/\/mueller-wrh.de\/pa\/product\/chiron-mill-6000-high-speed-mit-nc-schwenkkopf-bj-2004-ueberholt-2013_-intnr231477\/","title":{"rendered":"CHIRON MILL 6000 \u0a39\u0a3e\u0a08 \u0a38\u0a2a\u0a40\u0a21 NC \u0a38\u0a35\u0a3f\u0a35\u0a32 \u0a39\u0a48\u0a71\u0a21 \u0a26\u0a47 \u0a28\u0a3e\u0a32, \u0a28\u0a3f\u0a30\u0a2e\u0a3e\u0a23 \u0a38\u0a3e\u0a32 2004 \/ \u0a13\u0a35\u0a30\u0a39\u0a3e\u0a32 2013_ IntNr231477"},"content":{"rendered":"<p><b>\u0a38\u0a25\u0a3e\u0a28:<\/b> \u0a1c\u0a30\u0a2e\u0a28\u0a40, \u0a2c\u0a3e\u0a21\u0a47\u0a28-\u0a35\u0a30\u0a1f\u0a2e\u0a2c\u0a30\u0a17 \u0a26\u0a71\u0a16\u0a23-\u0a2a\u0a71\u0a1b\u0a2e<\/p>\n<p><b>\u0a39\u0a3e\u0a32\u0a24:<\/b> \u0a32\u0a4b\u0a5c\u0a40\u0a02\u0a26\u0a3e<\/p>\n<p><b>\u0a28\u0a3f\u0a30\u0a2e\u0a3e\u0a24\u0a3e:<\/b> \u0a1a\u0a3f\u0a30\u0a4b\u0a28<\/p>\n<p><b>\u0a2e\u0a3e\u0a21\u0a32:<\/b> \u0a1a\u0a3f\u0a30\u0a4b\u0a28 \u0a2e\u0a3f\u0a71\u0a32 6000 \u0a39\u0a3e\u0a08 \u0a38\u0a2a\u0a40\u0a21 \u0a10\u0a28\u0a38\u0a40 \u0a38\u0a35\u0a3f\u0a35\u0a32 \u0a39\u0a48\u0a71\u0a21 \u0a26\u0a47 \u0a28\u0a3e\u0a32<\/p>\n<p><b>\u0a09\u0a38\u0a3e\u0a30\u0a40 \u0a26\u0a3e \u0a38\u0a3e\u0a32:<\/b> 2004<\/p>\n<p><b>\u0a15\u0a70\u0a2e\u0a15\u0a3e\u0a1c\u0a40 \u0a18\u0a70\u0a1f\u0a47:<\/b> 77374<\/p>\n<p>\u0a35\u0a30\u0a1f\u0a40\u0a15\u0a32 \u0a38\u0a40\u0a10\u0a28\u0a38\u0a40 \u0a2e\u0a38\u0a3c\u0a40\u0a28\u0a3f\u0a70\u0a17 \u0a38\u0a48\u0a02\u0a1f\u0a30<br \/>\n\u0a1a\u0a3f\u0a30\u0a4b\u0a28 \u0a2e\u0a3f\u0a71\u0a32 6000 \u0a39\u0a3e\u0a08 \u0a38\u0a2a\u0a40\u0a21 \u0a10\u0a28\u0a38\u0a40 \u0a38\u0a35\u0a3f\u0a35\u0a32 \u0a39\u0a48\u0a71\u0a21 \u0a26\u0a47 \u0a28\u0a3e\u0a32<br \/>\n2004 \u0a35\u0a3f\u0a71\u0a1a \u0a2c\u0a23\u0a3f\u0a06, 2013 \u0a35\u0a3f\u0a71\u0a1a \u0a35\u0a71\u0a21\u0a3e \u0a28\u0a35\u0a40\u0a28\u0a40\u0a15\u0a30\u0a28<br \/>\n2013 \u0a35\u0a3f\u0a71\u0a1a \u0a28\u0a3f\u0a30\u0a2e\u0a3e\u0a24\u0a3e \u0a1a\u0a3f\u0a30\u0a4b\u0a28 \u0a26\u0a41\u0a06\u0a30\u0a3e \u0a2e\u0a38\u0a3c\u0a40\u0a28 \u0a28\u0a42\u0a70 \u0a2a\u0a42\u0a30\u0a40 \u0a24\u0a30\u0a4d\u0a39\u0a3e\u0a02 \u0a13\u0a35\u0a30\u0a39\u0a3e\u0a32 \u0a15\u0a40\u0a24\u0a3e \u0a17\u0a3f\u0a06 \u0a38\u0a40\u0964.<br \/>\n\u0a15\u0a70\u0a2e \u0a15\u0a30\u0a28 \u0a26\u0a47 \u0a18\u0a70\u0a1f\u0a47 \u0a32\u0a17\u0a2d\u0a17 80,374 \u0a18\u0a70\u0a1f\u0a47<br \/>\n\u0a38\u0a2a\u0a3f\u0a70\u0a21\u0a32 \u0a2c\u0a26\u0a32\u0a40 \u0a2e\u0a3e\u0a30\u0a1a 2021; \u0a38\u0a2a\u0a3f\u0a70\u0a21\u0a32 \u0a18\u0a70\u0a1f\u0a47 \u0a32\u0a17\u0a2d\u0a17 8,000 \u0a18\u0a70\u0a1f\u0a47<br \/>\n\u0a30\u0a71\u0a16-\u0a30\u0a16\u0a3e\u0a05 \u0a1c\u0a28\u0a35\u0a30\u0a40 2024 \u0a35\u0a3f\u0a71\u0a1a \u0a15\u0a40\u0a24\u0a3e \u0a17\u0a3f\u0a06 \u0a38\u0a40\u0964<br \/>\n\u0a24\u0a15\u0a28\u0a40\u0a15\u0a40 \u0a21\u0a47\u0a1f\u0a3e:<br \/>\n\u0a38\u0a40\u0a2e\u0a47\u0a02\u0a38 840D (PCU50, NCU572.4) <\/p>\n<p>NC \u0a38\u0a35\u0a3f\u0a35\u0a32 \u0a39\u0a48\u0a71\u0a21  <\/p>\n<p>\u0a39\u0a3e\u0a08-\u0a38\u0a2a\u0a40\u0a21 \u0a2a\u0a48\u0a15\u0a47\u0a1c:<br \/>\n\u0a2e\u0a4b\u0a1f\u0a30 \u0a38\u0a2a\u0a3f\u0a70\u0a21\u0a32 \u0a21\u0a40 12,000 \u0a06\u0a30\u0a2a\u0a40\u0a10\u0a2e, 140 \u0a10\u0a28\u0a10\u0a2e<br \/>\n\u0a2f\u0a3e\u0a24\u0a30\u0a3e \u0a26\u0a42\u0a30\u0a40 X 6,000mm \/ Y 630mm \/ Z 550mm<br \/>\nX \/ Y \/ Z 60 \u0a2e\u0a40\u0a1f\u0a30\/\u0a2e\u0a3f\u0a70\u0a1f \u0a35\u0a3f\u0a71\u0a1a \u0a24\u0a47\u0a1c\u0a3c \u0a1f\u0a4d\u0a30\u0a48\u0a35\u0a30\u0a38\u0964.<br \/>\n\u0a1a\u0a3f\u0a71\u0a2a-\u0a1f\u0a42-\u0a1a\u0a3f\u0a71\u0a2a \u0a38\u0a2e\u0a3e\u0a02 3.0 \u0a38\u0a15\u0a3f\u0a70\u0a1f (3.3 \u0a38\u0a15\u0a3f\u0a70\u0a1f DIN) \u0a32\u0a70\u0a2c\u0a15\u0a3e\u0a30\u0a40 \u0a05\u0a24\u0a47 4.7 \u0a38\u0a15\u0a3f\u0a70\u0a1f (5.0 \u0a38\u0a15\u0a3f\u0a70\u0a1f DIN) \u0a16\u0a3f\u0a24\u0a3f\u0a1c\u0a40<br \/>\n\u0a09\u0a24\u0a2a\u0a3e\u0a26\u0a28 \u0a2a\u0a48\u0a15\u0a47\u0a1c:<br \/>\n\u0a38\u0a15\u0a4d\u0a30\u0a48\u0a2a\u0a30 \u0a2c\u0a48\u0a32\u0a1f \u0a15\u0a28\u0a35\u0a47\u0a05\u0a30, \u0a21\u0a3f\u0a38\u0a1a\u0a3e\u0a30\u0a1c \u0a09\u0a1a\u0a3e\u0a08 1,050 \u0a2e\u0a3f\u0a32\u0a40\u0a2e\u0a40\u0a1f\u0a30<br \/>\nIKZ \u0a26\u0a40 \u0a24\u0a3f\u0a06\u0a30\u0a40<br \/>\nKNOLL VRF250 \u0a35\u0a48\u0a15\u0a3f\u0a0a\u0a2e \u0a30\u0a4b\u0a1f\u0a30\u0a40 \u0a2b\u0a3f\u0a32\u0a1f\u0a30 (\u0a38\u0a1f\u0a40\u0a32, \u0a15\u0a3e\u0a38\u0a1f \u0a06\u0a07\u0a30\u0a28, \u0a10\u0a32\u0a42\u0a2e\u0a40\u0a28\u0a40\u0a05\u0a2e, \u0a2a\u0a32\u0a3e\u0a38\u0a1f\u0a3f\u0a15, \u0a2a\u0a3f\u0a71\u0a24\u0a32)<br \/>\n\u0a09\u0a71\u0a1a-\u0a26\u0a2c\u0a3e\u0a05 \u0a2a\u0a70\u0a2a \u0a05\u0a24\u0a47 \u0a35\u0a47\u0a30\u0a40\u0a0f\u0a2c\u0a32 \u0a35\u0a3e\u0a32\u0a35 \u0a26\u0a47 \u0a28\u0a3e\u0a32 \u0a09\u0a71\u0a1a \u0a26\u0a2c\u0a3e\u0a05 70 \u0a2c\u0a3e\u0a30<br \/>\n\u0a06\u0a1f\u0a4b\u0a2e\u0a48\u0a1f\u0a3f\u0a15 \u0a32\u0a4b\u0a21\u0a3f\u0a70\u0a17 \u0a26\u0a30\u0a35\u0a3e\u0a1c\u0a3c\u0a47<br \/>\n\u0a2a\u0a48\u0a02\u0a21\u0a42\u0a32\u0a2e \u0a2a\u0a4d\u0a30\u0a4b\u0a38\u0a48\u0a38\u0a3f\u0a70\u0a17 \u0a32\u0a08 \u0a38\u0a48\u0a02\u0a1f\u0a30 \u0a2a\u0a3e\u0a30\u0a1f\u0a40\u0a38\u0a3c\u0a28<br \/>\n92 \u0a1f\u0a42\u0a32 \u0a2a\u0a4b\u0a1c\u0a40\u0a38\u0a3c\u0a28 HSK-A63 (\u0a2c\u0a48\u0a15\u0a17\u0a4d\u0a30\u0a3e\u0a09\u0a02\u0a21 \u0a2e\u0a48\u0a17\u0a1c\u0a3c\u0a40\u0a28)<br \/>\n5-\u0a27\u0a41\u0a30\u0a40 \u0a2e\u0a3f\u0a32\u0a3f\u0a70\u0a17 \u0a2a\u0a48\u0a15\u0a47\u0a1c<br \/>\n\u0a09\u0a71\u0a21\u0a26\u0a40 \u0a39\u0a35\u0a3e<br \/>\n\u0a1f\u0a42\u0a32 \u0a32\u0a3e\u0a08\u0a2b\u0a3c \u0a28\u0a3f\u0a17\u0a30\u0a3e\u0a28\u0a40<br \/>\n\u0a15\u0a70\u0a1f\u0a30\u0a4b\u0a32 \u0a15\u0a48\u0a2c\u0a28\u0a3f\u0a1f \u0a35\u0a3f\u0a71\u0a1a \u0a35\u0a3e\u0a27\u0a42 V24 RS232<br \/>\nBDE\/MDE \u0a07\u0a70\u0a1f\u0a30\u0a2b\u0a47\u0a38 (\u0a39\u0a3e\u0a32\u0a24\u0a3e\u0a02: \u0a2e\u0a38\u0a3c\u0a40\u0a28 \u0a1a\u0a3e\u0a32\u0a42, \u0a2e\u0a38\u0a3c\u0a40\u0a28 \u0a1a\u0a71\u0a32 \u0a30\u0a39\u0a40, \u0a2a\u0a40\u0a38 \u0a15\u0a3e\u0a0a\u0a02\u0a1f\u0a30)<br \/>\n\u0a2e\u0a3e\u0a30\u0a2a\u0a4b\u0a38 (\u0a2c\u0a4d\u0a30\u0a48\u0a02\u0a15\u0a48\u0a02\u0a2a) \u0a1f\u0a71\u0a15\u0a30 \u0a28\u0a3f\u0a17\u0a30\u0a3e\u0a28\u0a40 CMS100<br \/>\nCAM \u0a2a\u0a4d\u0a30\u0a4b\u0a17\u0a30\u0a3e\u0a2e\u0a3f\u0a70\u0a17 \u0a38\u0a3f\u0a38\u0a1f\u0a2e \u0a35\u0a3f\u0a71\u0a1a \u0a15\u0a3f\u0a28\u0a47\u0a2e\u0a48\u0a1f\u0a3f\u0a15 \u0a38\u0a3f\u0a2e\u0a42\u0a32\u0a47\u0a38\u0a3c\u0a28 \u0a32\u0a08 3D \u0a2e\u0a38\u0a3c\u0a40\u0a28 \u0a2e\u0a3e\u0a21\u0a32<br \/>\n\u0a39\u0a3e\u0a08\u0a21\u0a4d\u0a30\u0a4c\u0a32\u0a3f\u0a15 \u0a2a\u0a3e\u0a35\u0a30 \u0a2f\u0a42\u0a28\u0a3f\u0a1f 210 \u0a2c\u0a3e\u0a30, 2 \u0a15\u0a32\u0a48\u0a02\u0a2a\u0a3f\u0a70\u0a17 \u0a38\u0a30\u0a15\u0a1f, \u0a2a\u0a4d\u0a30\u0a24\u0a40 \u0a2a\u0a48\u0a02\u0a21\u0a42\u0a32\u0a2e \u0a2c\u0a47 \u0a35\u0a71\u0a16\u0a30\u0a3e \u0a38\u0a3f\u0a38\u0a1f\u0a2e \u0a15\u0a32\u0a48\u0a02\u0a2a\u0a3f\u0a70\u0a17 \u0a2a\u0a4d\u0a30\u0a48\u0a38\u0a3c\u0a30,<br \/>\n\u0a15\u0a32\u0a48\u0a02\u0a2a\u0a3f\u0a70\u0a17 \u0a2a\u0a4d\u0a30\u0a48\u0a38\u0a3c\u0a30 \u0a15\u0a70\u0a1f\u0a30\u0a4b\u0a32  <\/p>\n<p>KOHN \u0a32\u0a40\u0a28\u0a40\u0a05\u0a30 \u0a15\u0a32\u0a48\u0a02\u0a2a\u0a3f\u0a70\u0a17 \u0a38\u0a3f\u0a38\u0a1f\u0a2e<br \/>\nKOHN \u0a2e\u0a32\u0a1f\u0a40 2000 MFS 125\/680 HD \u0a39\u0a3e\u0a08\u0a21\u0a4d\u0a30\u0a4c\u0a32\u0a3f\u0a15 \u0a15\u0a32\u0a48\u0a02\u0a2a\u0a3f\u0a70\u0a17 \u0a35\u0a3e\u0a08\u0a1c\u0a3c \u0a26\u0a47 8 \u0a1f\u0a41\u0a15\u0a5c\u0a47 <\/p>\n<p>6,000 \u0a2e\u0a3f\u0a32\u0a40\u0a2e\u0a40\u0a1f\u0a30 \u0a26\u0a40 \u0a2a\u0a42\u0a30\u0a40 \u0a13\u0a2a\u0a30\u0a47\u0a1f\u0a3f\u0a70\u0a17 \u0a1a\u0a4c\u0a5c\u0a3e\u0a08 \u0a35\u0a3f\u0a71\u0a1a \u0a26\u0a4b-\u0a2d\u0a3e\u0a17\u0a3e\u0a02 \u0a35\u0a3e\u0a32\u0a3e \u0a13\u0a2a\u0a30\u0a47\u0a1f\u0a30 \u0a2a\u0a32\u0a47\u0a1f\u0a2b\u0a3e\u0a30\u0a2e <\/p>\n<p>\u0a2e\u0a38\u0a3c\u0a40\u0a28 \u0a26\u0a40 \u0a09\u0a1a\u0a3e\u0a08: \u0a32\u0a17\u0a2d\u0a17 3,000<br \/>\n\u0a15\u0a41\u0a71\u0a32 \u0a2d\u0a3e\u0a30: \u0a32\u0a17\u0a2d\u0a17 20,000 \u0a15\u0a3f\u0a32\u0a4b\u0a17\u0a4d\u0a30\u0a3e\u0a2e <\/p>\n<p>\u0a2e\u0a38\u0a3c\u0a40\u0a28 \u0a28\u0a42\u0a70 \u0a05\u0a2a\u0a3e\u0a07\u0a70\u0a1f\u0a2e\u0a48\u0a02\u0a1f \u0a32\u0a48 \u0a15\u0a47 \u0a26\u0a47\u0a16\u0a3f\u0a06 \u0a1c\u0a3e \u0a38\u0a15\u0a26\u0a3e \u0a39\u0a48\u0964<br \/>\n\u0a24\u0a15\u0a28\u0a40\u0a15\u0a40 \u0a21\u0a47\u0a1f\u0a3e \u0a05\u0a24\u0a47 \u0a1c\u0a3e\u0a23\u0a15\u0a3e\u0a30\u0a40 \u0a26\u0a47 \u0a28\u0a3e\u0a32-\u0a28\u0a3e\u0a32 \u0a2a\u0a39\u0a3f\u0a32\u0a3e\u0a02 \u0a26\u0a40 \u0a35\u0a3f\u0a15\u0a30\u0a40 \u0a35\u0a3f\u0a71\u0a1a \u0a24\u0a2c\u0a26\u0a40\u0a32\u0a40\u0a06\u0a02 \u0a05\u0a24\u0a47 \u0a17\u0a32\u0a24\u0a40\u0a06\u0a02 \u0a26\u0a47 \u0a05\u0a27\u0a40\u0a28!<\/p>\n<p>\u0a35\u0a30\u0a1f\u0a40\u0a15\u0a32 \u0a38\u0a40\u0a10\u0a28\u0a38\u0a40 \u0a2e\u0a38\u0a3c\u0a40\u0a28\u0a3f\u0a70\u0a17 \u0a38\u0a48\u0a02\u0a1f\u0a30<br \/>\nNC \u0a38\u0a35\u0a3f\u0a35\u0a32 \u0a39\u0a48\u0a71\u0a21 \u0a26\u0a47 \u0a28\u0a3e\u0a32 CHIRON MILL 6000 \u0a39\u0a3e\u0a08 \u0a38\u0a2a\u0a40\u0a21<br \/>\n\u0a28\u0a3f\u0a30\u0a2e\u0a3e\u0a23 \u0a26\u0a3e \u0a38\u0a3e\u0a32: 2004 - 2013 \u0a35\u0a3f\u0a71\u0a1a \u0a28\u0a3f\u0a30\u0a2e\u0a3e\u0a24\u0a3e CHIRON \u0a26\u0a41\u0a06\u0a30\u0a3e \u0a35\u0a71\u0a21\u0a3e \u0a38\u0a41\u0a27\u0a3e\u0a30<br \/>\n2013 \u0a35\u0a3f\u0a71\u0a1a CHIRON \u0a26\u0a41\u0a06\u0a30\u0a3e \u0a2e\u0a38\u0a3c\u0a40\u0a28 \u0a26\u0a3e \u0a2a\u0a42\u0a30\u0a3e \u0a2b\u0a48\u0a15\u0a1f\u0a30\u0a40 \u0a13\u0a35\u0a30\u0a39\u0a3e\u0a32 \u0a15\u0a40\u0a24\u0a3e \u0a17\u0a3f\u0a06\u0964.<br \/>\n\u0a15\u0a70\u0a2e \u0a15\u0a30\u0a28 \u0a26\u0a47 \u0a18\u0a70\u0a1f\u0a47: \u0a32\u0a17\u0a2d\u0a17 80,374 \u0a18\u0a70\u0a1f\u0a47<br \/>\n\u0a38\u0a2a\u0a3f\u0a70\u0a21\u0a32 \u0a2c\u0a26\u0a32\u0a23\u0a3e: \u0a2e\u0a3e\u0a30\u0a1a 2021 \u2013 \u0a38\u0a2a\u0a3f\u0a70\u0a21\u0a32 \u0a18\u0a70\u0a1f\u0a47: \u0a32\u0a17\u0a2d\u0a17 8,000 \u0a18\u0a70\u0a1f\u0a47<br \/>\n\u0a06\u0a16\u0a30\u0a40 \u0a35\u0a3e\u0a30 \u0a15\u0a40\u0a24\u0a40 \u0a17\u0a08 \u0a26\u0a47\u0a16\u0a2d\u0a3e\u0a32: \u0a1c\u0a28\u0a35\u0a30\u0a40 2024<br \/>\n\u0a24\u0a15\u0a28\u0a40\u0a15\u0a40 \u0a35\u0a3f\u0a38\u0a3c\u0a47\u0a38\u0a3c\u0a24\u0a3e\u0a35\u0a3e\u0a02:<\/p>\n<p>\u0a15\u0a70\u0a1f\u0a30\u0a4b\u0a32: \u0a38\u0a40\u0a2e\u0a47\u0a02\u0a38 840D (PCU50, NCU572.4)<br \/>\nNC \u0a38\u0a35\u0a3f\u0a35\u0a32 \u0a39\u0a48\u0a71\u0a21<br \/>\n\u0a39\u0a3e\u0a08-\u0a38\u0a2a\u0a40\u0a21 \u0a2a\u0a48\u0a15\u0a47\u0a1c: 12,000 rpm \u0a24\u0a71\u0a15 \u0a2e\u0a4b\u0a1f\u0a30 \u0a38\u0a2a\u0a3f\u0a70\u0a21\u0a32, 140 Nm<br \/>\n\u0a2f\u0a3e\u0a24\u0a30\u0a3e\u0a35\u0a3e\u0a02: X 6,000 \u0a2e\u0a3f\u0a32\u0a40\u0a2e\u0a40\u0a1f\u0a30 \/ Y 630 \u0a2e\u0a3f\u0a32\u0a40\u0a2e\u0a40\u0a1f\u0a30 \/ Z 550 \u0a2e\u0a3f\u0a32\u0a40\u0a2e\u0a40\u0a1f\u0a30<br \/>\nX \/ Y \/ Z \u0a35\u0a3f\u0a71\u0a1a \u0a24\u0a47\u0a1c\u0a3c \u0a1f\u0a4d\u0a30\u0a48\u0a35\u0a30\u0a38: 60 \u0a2e\u0a40\u0a1f\u0a30\/\u0a2e\u0a3f\u0a70\u0a1f<br \/>\n\u0a1a\u0a3f\u0a71\u0a2a-\u0a1f\u0a42-\u0a1a\u0a3f\u0a71\u0a2a \u0a38\u0a2e\u0a3e\u0a02: 3.0 \u0a38\u0a15\u0a3f\u0a70\u0a1f (3.3 \u0a38\u0a15\u0a3f\u0a70\u0a1f DIN) \u0a32\u0a70\u0a2c\u0a15\u0a3e\u0a30\u0a40 \/ 4.7 \u0a38\u0a15\u0a3f\u0a70\u0a1f (5.0 \u0a38\u0a15\u0a3f\u0a70\u0a1f DIN) \u0a16\u0a3f\u0a24\u0a3f\u0a1c\u0a40<br \/>\n\u0a09\u0a24\u0a2a\u0a3e\u0a26\u0a28 \u0a2a\u0a48\u0a15\u0a47\u0a1c:<br \/>\n\u0a38\u0a15\u0a4d\u0a30\u0a48\u0a2a\u0a30 \u0a2c\u0a48\u0a32\u0a1f \u0a15\u0a28\u0a35\u0a47\u0a05\u0a30, \u0a21\u0a3f\u0a38\u0a1a\u0a3e\u0a30\u0a1c \u0a09\u0a1a\u0a3e\u0a08 1,050 \u0a2e\u0a3f\u0a32\u0a40\u0a2e\u0a40\u0a1f\u0a30<br \/>\n\u0a05\u0a70\u0a26\u0a30\u0a42\u0a28\u0a40 \u0a15\u0a42\u0a32\u0a48\u0a02\u0a1f \u0a38\u0a2a\u0a32\u0a3e\u0a08 (IKZ) \u0a26\u0a40 \u0a24\u0a3f\u0a06\u0a30\u0a40<br \/>\n\u0a35\u0a48\u0a15\u0a3f\u0a0a\u0a2e \u0a30\u0a4b\u0a1f\u0a30\u0a40 \u0a2b\u0a3f\u0a32\u0a1f\u0a30 KNOLL VRF250 (\u0a38\u0a1f\u0a40\u0a32, \u0a15\u0a3e\u0a38\u0a1f \u0a06\u0a07\u0a30\u0a28, \u0a10\u0a32\u0a42\u0a2e\u0a40\u0a28\u0a40\u0a05\u0a2e, \u0a2a\u0a32\u0a3e\u0a38\u0a1f\u0a3f\u0a15, \u0a2a\u0a3f\u0a71\u0a24\u0a32 \u0a32\u0a08)<br \/>\nHP \u0a2a\u0a70\u0a2a \u0a05\u0a24\u0a47 \u0a35\u0a47\u0a30\u0a40\u0a0f\u0a2c\u0a32 \u0a35\u0a3e\u0a32\u0a35 \u0a26\u0a47 \u0a28\u0a3e\u0a32 \u0a09\u0a71\u0a1a \u0a26\u0a2c\u0a3e\u0a05 70 \u0a2c\u0a3e\u0a30<br \/>\n\u0a06\u0a1f\u0a4b\u0a2e\u0a48\u0a1f\u0a3f\u0a15 \u0a32\u0a4b\u0a21\u0a3f\u0a70\u0a17 \u0a26\u0a30\u0a35\u0a3e\u0a1c\u0a3c\u0a47<br \/>\n\u0a2a\u0a48\u0a02\u0a21\u0a42\u0a32\u0a2e \u0a2e\u0a38\u0a3c\u0a40\u0a28\u0a3f\u0a70\u0a17 \u0a32\u0a08 \u0a15\u0a47\u0a02\u0a26\u0a30\u0a40 \u0a2d\u0a3e\u0a17<br \/>\n92 \u0a1f\u0a42\u0a32 \u0a2a\u0a4b\u0a1c\u0a40\u0a38\u0a3c\u0a28 HSK-A63 (\u0a2c\u0a48\u0a15\u0a17\u0a4d\u0a30\u0a3e\u0a09\u0a02\u0a21 \u0a2e\u0a48\u0a17\u0a1c\u0a3c\u0a40\u0a28)<br \/>\n5-\u0a27\u0a41\u0a30\u0a40 \u0a2e\u0a3f\u0a32\u0a3f\u0a70\u0a17 \u0a2a\u0a48\u0a15\u0a47\u0a1c<br \/>\n\u0a39\u0a35\u0a3e\u0a08 \u0a27\u0a2e\u0a3e\u0a15\u0a3e<br \/>\n\u0a1f\u0a42\u0a32 \u0a32\u0a3e\u0a08\u0a2b\u0a3c \u0a28\u0a3f\u0a17\u0a30\u0a3e\u0a28\u0a40<br \/>\n\u0a07\u0a32\u0a48\u0a15\u0a1f\u0a4d\u0a30\u0a40\u0a15\u0a32 \u0a15\u0a48\u0a2c\u0a28\u0a3f\u0a1f \u0a35\u0a3f\u0a71\u0a1a \u0a35\u0a3e\u0a27\u0a42 V24 RS232 \u0a07\u0a70\u0a1f\u0a30\u0a2b\u0a47\u0a38<br \/>\nBDE\/MDE \u0a07\u0a70\u0a1f\u0a30\u0a2b\u0a47\u0a38 (\u0a2e\u0a38\u0a3c\u0a40\u0a28 \u0a1a\u0a3e\u0a32\u0a42, \u0a2e\u0a38\u0a3c\u0a40\u0a28 \u0a1a\u0a71\u0a32 \u0a30\u0a39\u0a40, \u0a2a\u0a40\u0a38 \u0a15\u0a3e\u0a0a\u0a02\u0a1f\u0a30)<br \/>\n\u0a2e\u0a3e\u0a30\u0a2a\u0a4b\u0a38 (\u0a2c\u0a4d\u0a30\u0a48\u0a02\u0a15\u0a48\u0a02\u0a2a) \u0a1f\u0a71\u0a15\u0a30 \u0a28\u0a3f\u0a17\u0a30\u0a3e\u0a28\u0a40 CMS100<br \/>\nCAM \u0a2a\u0a4d\u0a30\u0a4b\u0a17\u0a30\u0a3e\u0a2e\u0a3f\u0a70\u0a17 \u0a38\u0a3f\u0a38\u0a1f\u0a2e \u0a35\u0a3f\u0a71\u0a1a \u0a15\u0a3f\u0a28\u0a47\u0a2e\u0a48\u0a1f\u0a3f\u0a15 \u0a38\u0a3f\u0a2e\u0a42\u0a32\u0a47\u0a38\u0a3c\u0a28 \u0a32\u0a08 3D \u0a2e\u0a38\u0a3c\u0a40\u0a28 \u0a2e\u0a3e\u0a21\u0a32<br \/>\n\u0a39\u0a3e\u0a08\u0a21\u0a4d\u0a30\u0a4c\u0a32\u0a3f\u0a15 \u0a2f\u0a42\u0a28\u0a3f\u0a1f 210 \u0a2c\u0a3e\u0a30, 2 \u0a15\u0a32\u0a48\u0a02\u0a2a\u0a3f\u0a70\u0a17 \u0a38\u0a30\u0a15\u0a1f, \u0a2a\u0a4d\u0a30\u0a24\u0a40 \u0a2a\u0a48\u0a02\u0a21\u0a42\u0a32\u0a2e \u0a2b\u0a40\u0a32\u0a21 \u0a35\u0a71\u0a16\u0a30\u0a3e \u0a38\u0a3f\u0a38\u0a1f\u0a2e \u0a15\u0a32\u0a48\u0a02\u0a2a\u0a3f\u0a70\u0a17 \u0a2a\u0a4d\u0a30\u0a48\u0a38\u0a3c\u0a30, \u0a15\u0a32\u0a48\u0a02\u0a2a\u0a3f\u0a70\u0a17 \u0a2a\u0a4d\u0a30\u0a48\u0a38\u0a3c\u0a30 \u0a2e\u0a3e\u0a28\u0a40\u0a1f\u0a30\u0a3f\u0a70\u0a17<br \/>\n\u0a32\u0a40\u0a28\u0a40\u0a05\u0a30 \u0a15\u0a32\u0a48\u0a02\u0a2a\u0a3f\u0a70\u0a17 \u0a38\u0a3f\u0a38\u0a1f\u0a2e KOHN<br \/>\n8 \u0a39\u0a3e\u0a08\u0a21\u0a4d\u0a30\u0a4c\u0a32\u0a3f\u0a15 \u0a15\u0a32\u0a48\u0a02\u0a2a\u0a3f\u0a70\u0a17 \u0a35\u0a3e\u0a08\u0a1c\u0a3c KOHN \u0a2e\u0a32\u0a1f\u0a40 2000 MFS 125\/680 HD<\/p>\n<p>\u0a2a\u0a42\u0a30\u0a40 6,000 \u0a2e\u0a3f\u0a32\u0a40\u0a2e\u0a40\u0a1f\u0a30 \u0a13\u0a2a\u0a30\u0a47\u0a1f\u0a3f\u0a70\u0a17 \u0a1a\u0a4c\u0a5c\u0a3e\u0a08 \u0a35\u0a3f\u0a71\u0a1a \u0a26\u0a4b-\u0a2d\u0a3e\u0a17\u0a3e\u0a02 \u0a35\u0a3e\u0a32\u0a3e \u0a13\u0a2a\u0a30\u0a47\u0a1f\u0a30 \u0a2a\u0a32\u0a47\u0a1f\u0a2b\u0a3e\u0a30\u0a2e (\u0a1f\u0a4d\u0a30\u0a48\u0a21 \u0a17\u0a30\u0a3f\u0a71\u0a21)<\/p>\n<p>\u0a2e\u0a3e\u0a2a \u0a05\u0a24\u0a47 \u0a2d\u0a3e\u0a30:<\/p>\n<p>\u0a2e\u0a38\u0a3c\u0a40\u0a28 \u0a26\u0a40 \u0a09\u0a1a\u0a3e\u0a08: \u0a32\u0a17\u0a2d\u0a17 3,000mm<br \/>\n\u0a15\u0a41\u0a71\u0a32 \u0a2d\u0a3e\u0a30: \u0a32\u0a17\u0a2d\u0a17 20,000 \u0a15\u0a3f\u0a32\u0a4b\u0a17\u0a4d\u0a30\u0a3e\u0a2e<\/p>\n<p>6,000 \u0a2e\u0a3f\u0a32\u0a40\u0a2e\u0a40\u0a1f\u0a30 (\u0a32\u0a70\u0a2c\u0a47-\u0a2c\u0a48\u0a71\u0a21 \u0a21\u0a3f\u0a1c\u0a3c\u0a3e\u0a08\u0a28) \u0a26\u0a47 \u0a32\u0a70\u0a2c\u0a47 \u0a10\u0a15\u0a38-\u0a1f\u0a4d\u0a30\u0a48\u0a35\u0a32 \u0a26\u0a47 \u0a15\u0a3e\u0a30\u0a28, \u0a32\u0a4b\u0a5c\u0a40\u0a02\u0a26\u0a40 \u0a2b\u0a30\u0a38\u0a3c \u0a38\u0a2a\u0a47\u0a38 \u0a15\u0a3e\u0a2b\u0a3c\u0a40 \u0a39\u0a48:<\/p>\n<p>\u0a05\u0a70\u0a26\u0a3e\u0a1c\u0a3c\u0a28 \u0a32\u0a70\u0a2c\u0a3e\u0a08 (X-\u0a27\u0a41\u0a30\u0a47 \u0a26\u0a47 \u0a28\u0a3e\u0a32): 9\u201310 \u0a2e\u0a40\u0a1f\u0a30 (\u0a2e\u0a38\u0a3c\u0a40\u0a28 \u0a26\u0a47 \u0a2a\u0a48\u0a30\u0a3e\u0a02 \u0a26\u0a47 \u0a28\u0a3f\u0a38\u0a3c\u0a3e\u0a28 \u0a05\u0a15\u0a38\u0a30 ~8\u20139 \u0a2e\u0a40\u0a1f\u0a30, \u0a05\u0a24\u0a47 \u0a06\u0a2a\u0a30\u0a47\u0a1f\u0a30\/\u0a30\u0a71\u0a16-\u0a30\u0a16\u0a3e\u0a05 \u0a26\u0a40 \u0a2a\u0a39\u0a41\u0a70\u0a1a \u0a15\u0a41\u0a71\u0a32 ~9\u201310 \u0a2e\u0a40\u0a1f\u0a30)<br \/>\n\u0a05\u0a70\u0a26\u0a3e\u0a1c\u0a3c\u0a28 \u0a1a\u0a4c\u0a5c\u0a3e\u0a08 (Y-\u0a27\u0a41\u0a30\u0a47 \u0a26\u0a47 \u0a28\u0a3e\u0a32): 3\u20133.5 \u0a2e\u0a40\u0a1f\u0a30 (\u0a2e\u0a38\u0a3c\u0a40\u0a28 \u0a2c\u0a3e\u0a21\u0a40 ~2.8\u20133 \u0a2e\u0a40\u0a1f\u0a30, \u0a2a\u0a32\u0a71\u0a38 \u0a38\u0a41\u0a30\u0a71\u0a16\u0a3f\u0a06\/\u0a13\u0a2a\u0a30\u0a47\u0a1f\u0a3f\u0a70\u0a17 \u0a15\u0a32\u0a40\u0a05\u0a30\u0a48\u0a02\u0a38)<\/p>\n<p>\u0a2e\u0a38\u0a3c\u0a40\u0a28 \u0a26\u0a40 \u0a2c\u0a3f\u0a1c\u0a32\u0a40 \u0a26\u0a47 \u0a05\u0a27\u0a40\u0a28 \u0a28\u0a3f\u0a2f\u0a41\u0a15\u0a24\u0a40 \u0a26\u0a41\u0a06\u0a30\u0a3e \u0a1c\u0a3e\u0a02\u0a1a \u0a15\u0a40\u0a24\u0a40 \u0a1c\u0a3e \u0a38\u0a15\u0a26\u0a40 \u0a39\u0a48\u0964<br \/>\n\u0a24\u0a15\u0a28\u0a40\u0a15\u0a40 \u0a35\u0a3f\u0a38\u0a3c\u0a47\u0a38\u0a3c\u0a24\u0a3e\u0a35\u0a3e\u0a02 \u0a05\u0a24\u0a47 \u0a1c\u0a3e\u0a23\u0a15\u0a3e\u0a30\u0a40 \u0a35\u0a3f\u0a71\u0a1a \u0a2c\u0a26\u0a32\u0a3e\u0a05 \u0a05\u0a24\u0a47 \u0a17\u0a32\u0a24\u0a40\u0a06\u0a02 \u0a39\u0a4b \u0a38\u0a15\u0a26\u0a40\u0a06\u0a02 \u0a39\u0a28, \u0a05\u0a24\u0a47 \u0a2a\u0a39\u0a3f\u0a32\u0a3e\u0a02 \u0a35\u0a3f\u0a15\u0a30\u0a40 \u0a30\u0a3e\u0a16\u0a35\u0a40\u0a02 \u0a39\u0a48\u0964.<\/p>","protected":false},"excerpt":{"rendered":"<p>Standort: Deutschland, Baden-W\u00fcrttemberg S\u00fcdwest Zustand: Gebraucht Hersteller: Chiron Modell: Chiron MILL 6000 high speed mit NC-Schwenkkopf Baujahr: 2004 Betriebsstunden: 77374 Vertikales CNC-Fertigungszentrum Chiron MILL 6000 high speed mit NC-Schwenkkopf Baujahr 2004, gro\u00dfe Grund\u00fcberholung 2013 Die Maschine wurde 2013 vom Hersteller Chiron grund\u00fcberholt. Betriebsstunden ca. 80.374 h Spindeltausch M\u00e4rz 2021 Spindelstunden ca. 8.000 h Wartung wurde [&hellip;]<\/p>\n","protected":false},"featured_media":4786,"comment_status":"open","ping_status":"closed","template":"","meta":{"_uf_show_specific_survey":0,"_uf_disable_surveys":false},"product_brand":[],"product_cat":[21],"product_tag":[],"class_list":{"0":"post-4791","1":"product","2":"type-product","3":"status-publish","4":"has-post-thumbnail","6":"product_cat-cnc-bearbeitungszentrum","8":"first","9":"instock","10":"taxable","11":"shipping-taxable","12":"product-type-simple"},"aioseo_notices":[],"_links":{"self":[{"href":"https:\/\/mueller-wrh.de\/pa\/wp-json\/wp\/v2\/product\/4791","targetHints":{"allow":["GET"]}}],"collection":[{"href":"https:\/\/mueller-wrh.de\/pa\/wp-json\/wp\/v2\/product"}],"about":[{"href":"https:\/\/mueller-wrh.de\/pa\/wp-json\/wp\/v2\/types\/product"}],"replies":[{"embeddable":true,"href":"https:\/\/mueller-wrh.de\/pa\/wp-json\/wp\/v2\/comments?post=4791"}],"wp:featuredmedia":[{"embeddable":true,"href":"https:\/\/mueller-wrh.de\/pa\/wp-json\/wp\/v2\/media\/4786"}],"wp:attachment":[{"href":"https:\/\/mueller-wrh.de\/pa\/wp-json\/wp\/v2\/media?parent=4791"}],"wp:term":[{"taxonomy":"product_brand","embeddable":true,"href":"https:\/\/mueller-wrh.de\/pa\/wp-json\/wp\/v2\/product_brand?post=4791"},{"taxonomy":"product_cat","embeddable":true,"href":"https:\/\/mueller-wrh.de\/pa\/wp-json\/wp\/v2\/product_cat?post=4791"},{"taxonomy":"product_tag","embeddable":true,"href":"https:\/\/mueller-wrh.de\/pa\/wp-json\/wp\/v2\/product_tag?post=4791"}],"curies":[{"name":"\u0a21\u0a2c\u0a32\u0a2f\u0a42\u0a2a\u0a40","href":"https:\/\/api.w.org\/{rel}","templated":true}]}}