{"id":4600,"date":"2026-01-12T10:30:27","date_gmt":"2026-01-12T10:30:27","guid":{"rendered":"https:\/\/mueller-wrh.de\/produkt\/hardinge-gt27sp-gg-121_fanuc_fmb-unirobot-cnc-drehmaschine-bj-2013-_intnr231461\/"},"modified":"2026-01-12T10:30:27","modified_gmt":"2026-01-12T10:30:27","slug":"hardinge-gt27sp-gg-121_fanuc_fmb-unirobot-cnc-drehmaschine-bj-2013-_intnr231461","status":"publish","type":"product","link":"https:\/\/mueller-wrh.de\/pa\/product\/hardinge-gt27sp-gg-121_fanuc_fmb-unirobot-cnc-drehmaschine-bj-2013-_intnr231461\/","title":{"rendered":"\u0a39\u0a3e\u0a30\u0a21\u0a3f\u0a70\u0a17 GT27SP GG-121_Fanuc_FMB \u0a2f\u0a42\u0a28\u0a40\u0a30\u0a4b\u0a2c\u0a4b\u0a1f CNC \u0a16\u0a30\u0a3e\u0a26, \u0a28\u0a3f\u0a30\u0a2e\u0a3e\u0a23 \u0a38\u0a3e\u0a32 2013, IntNr231461"},"content":{"rendered":"<p><b>\u0a38\u0a25\u0a3e\u0a28:<\/b> \u0a1c\u0a30\u0a2e\u0a28\u0a40, \u0a2c\u0a3e\u0a21\u0a47\u0a28-\u0a35\u0a30\u0a1f\u0a2e\u0a2c\u0a30\u0a17 \u0a26\u0a71\u0a16\u0a23-\u0a2a\u0a71\u0a1b\u0a2e<\/p>\n<p><b>\u0a39\u0a3e\u0a32\u0a24:<\/b> \u0a32\u0a4b\u0a5c\u0a40\u0a02\u0a26\u0a3e<\/p>\n<p><b>\u0a28\u0a3f\u0a30\u0a2e\u0a3e\u0a24\u0a3e:<\/b> \u0a39\u0a3e\u0a30\u0a21\u0a3f\u0a70\u0a17<\/p>\n<p><b>\u0a2e\u0a3e\u0a21\u0a32:<\/b> \u0a1c\u0a40\u0a1f\u0a4027\u0a10\u0a38\u0a2a\u0a40 \u0a1c\u0a40\u0a1c\u0a40-121<\/p>\n<p><b>\u0a09\u0a38\u0a3e\u0a30\u0a40 \u0a26\u0a3e \u0a38\u0a3e\u0a32:<\/b> 2013<\/p>\n<p><b>\u0a15\u0a70\u0a2e\u0a15\u0a3e\u0a1c\u0a40 \u0a18\u0a70\u0a1f\u0a47:<\/b> 59861<\/p>\n<p>\u0a2e\u0a38\u0a3c\u0a40\u0a28 \u0a26\u0a3e \u0a28\u0a3e\u0a2e: \u0a38\u0a40\u0a10\u0a28\u0a38\u0a40 \u0a38\u0a3c\u0a3e\u0a30\u0a1f-\u0a1f\u0a30\u0a28\u0a3f\u0a70\u0a17 \u0a32\u0a47\u0a25<br \/>\n\u0a28\u0a3f\u0a30\u0a2e\u0a3e\u0a24\u0a3e: \u0a39\u0a3e\u0a30\u0a21\u0a3f\u0a70\u0a17<br \/>\n\u0a2e\u0a3e\u0a21\u0a32: GT27SP GG-121<br \/>\n\u0a09\u0a38\u0a3e\u0a30\u0a40 \u0a26\u0a3e \u0a38\u0a3e\u0a32: 2013<br \/>\n\u0a15\u0a70\u0a1f\u0a30\u0a4b\u0a32 \u0a2f\u0a42\u0a28\u0a3f\u0a1f: \u0a2b\u0a48\u0a28\u0a15 32i \u0a0f<br \/>\n\u0a15\u0a3e\u0a30\u0a1c\u0a38\u0a3c\u0a40\u0a32\u0a24\u0a3e: \u0a2a\u0a42\u0a30\u0a40 \u0a24\u0a30\u0a4d\u0a39\u0a3e\u0a02 \u0a15\u0a3e\u0a30\u0a1c\u0a38\u0a3c\u0a40\u0a32<br \/>\n\u0a2a\u0a4d\u0a30\u0a4b\u0a38\u0a48\u0a38\u0a3f\u0a70\u0a17 \u0a18\u0a70\u0a1f\u0a47: \u0a32\u0a17\u0a2d\u0a17 60,000 \u0a18\u0a70\u0a1f\u0a47<\/p>\n<p>\u0a24\u0a15\u0a28\u0a40\u0a15\u0a40 \u0a21\u0a47\u0a1f\u0a3e<br \/>\n\u0a38\u0a2a\u0a3f\u0a70\u0a21\u0a32 \u0a2c\u0a4b\u0a30: \u00d8 27 \u0a2e\u0a3f\u0a32\u0a40\u0a2e\u0a40\u0a1f\u0a30<br \/>\n\u0a38\u0a2a\u0a3f\u0a70\u0a21\u0a32 \u0a1f\u0a47\u0a2a\u0a30: A2-5<br \/>\n\u0a1a\u0a71\u0a15 \u0a35\u0a71\u0a27 \u0a24\u0a4b\u0a02 \u0a35\u0a71\u0a27 80mm<br \/>\n\u0a35\u0a71\u0a27 \u0a24\u0a4b\u0a02 \u0a35\u0a71\u0a27 \u0a38\u0a2a\u0a3f\u0a70\u0a21\u0a32 \u0a38\u0a2a\u0a40\u0a21: 6,000 \u0a2e\u0a3f\u0a70\u0a1f\u207b\u00b9<br \/>\nX-\u0a27\u0a41\u0a30\u0a3e: 607 \u0a2e\u0a3f\u0a32\u0a40\u0a2e\u0a40\u0a1f\u0a30<br \/>\nZ-\u0a27\u0a41\u0a30\u0a3e: 286 \u0a2e\u0a3f\u0a32\u0a40\u0a2e\u0a40\u0a1f\u0a30<\/p>\n<p>\u0a15\u0a42\u0a32\u0a48\u0a02\u0a1f \u0a38\u0a3f\u0a38\u0a1f\u0a2e<\/p>\n<p>\u0a32\u0a4b\u0a21\u0a3f\u0a70\u0a17 \u0a05\u0a24\u0a47 \u0a05\u0a28\u0a32\u0a4b\u0a21\u0a3f\u0a70\u0a17 \u0a38\u0a3f\u0a38\u0a1f\u0a2e FMB MH5LS-SP \/ 5 \u0a35\u0a30\u0a15\u0a2a\u0a40\u0a38 \u0a2a\u0a48\u0a32\u0a47\u0a1f\u0a38, \u0a21\u0a2c\u0a32 \u0a17\u0a4d\u0a30\u0a3f\u0a2a\u0a30<br \/>\n\u0a38\u0a39\u0a3e\u0a07\u0a15 \u0a09\u0a2a\u0a15\u0a30\u0a23 \/ \u0a14\u0a1c\u0a3c\u0a3e\u0a30 \/ \u0a2e\u0a48\u0a28\u0a42\u0a05\u0a32<\/p>\n<p>\u0a2e\u0a38\u0a3c\u0a40\u0a28 \u0a26\u0a3e \u0a2d\u0a3e\u0a30 \u0a05\u0a24\u0a47 \u0a2e\u0a3e\u0a2a<br \/>\n\u0a2e\u0a38\u0a3c\u0a40\u0a28 \u0a26\u0a47 \u0a2e\u0a3e\u0a2a: \u0a32\u0a17\u0a2d\u0a17 1850 \u00d7 1750 \u00d7 1750 \u0a2e\u0a3f\u0a32\u0a40\u0a2e\u0a40\u0a1f\u0a30<br \/>\n\u0a2e\u0a38\u0a3c\u0a40\u0a28 \u0a26\u0a3e \u0a2d\u0a3e\u0a30: \u0a32\u0a17\u0a2d\u0a17 2100 \u0a15\u0a3f\u0a32\u0a4b\u0a17\u0a4d\u0a30\u0a3e\u0a2e<\/p>\n<p>\u0a2d\u0a3e\u0a30 \u0a05\u0a24\u0a47 \u0a2e\u0a3e\u0a2a \u0a32\u0a4b\u0a21\u0a3f\u0a70\u0a17 \u0a05\u0a24\u0a47 \u0a05\u0a28\u0a32\u0a4b\u0a21\u0a3f\u0a70\u0a17 \u0a38\u0a3f\u0a38\u0a1f\u0a2e<br \/>\n\u0a2e\u0a38\u0a3c\u0a40\u0a28 \u0a26\u0a47 \u0a2e\u0a3e\u0a2a: \u0a32\u0a17\u0a2d\u0a17 1900 \u00d7 950 \u00d7 2000 \u0a2e\u0a3f\u0a32\u0a40\u0a2e\u0a40\u0a1f\u0a30<br \/>\n\u0a2e\u0a38\u0a3c\u0a40\u0a28 \u0a26\u0a3e \u0a2d\u0a3e\u0a30: \u0a32\u0a17\u0a2d\u0a17 1000 \u0a15\u0a3f\u0a32\u0a4b\u0a17\u0a4d\u0a30\u0a3e\u0a2e<\/p>\n<p>\u0a15\u0a42\u0a32\u0a48\u0a02\u0a1f \u0a38\u0a3f\u0a38\u0a1f\u0a2e \u0a26\u0a3e \u0a2d\u0a3e\u0a30 \u0a05\u0a24\u0a47 \u0a2e\u0a3e\u0a2a<br \/>\n\u0a2e\u0a38\u0a3c\u0a40\u0a28 \u0a26\u0a47 \u0a2e\u0a3e\u0a2a: \u0a32\u0a17\u0a2d\u0a17 1500 \u00d7 800 \u00d7 1100 \u0a2e\u0a3f\u0a32\u0a40\u0a2e\u0a40\u0a1f\u0a30<br \/>\n\u0a2e\u0a38\u0a3c\u0a40\u0a28 \u0a26\u0a3e \u0a2d\u0a3e\u0a30: \u0a32\u0a17\u0a2d\u0a17 250 \u0a15\u0a3f\u0a32\u0a4b\u0a17\u0a4d\u0a30\u0a3e\u0a2e<\/p>\n<p>\u0a07\u0a39 \u0a2e\u0a38\u0a3c\u0a40\u0a28 \u0a2a\u0a42\u0a30\u0a40 \u0a24\u0a30\u0a4d\u0a39\u0a3e\u0a02 \u0a15\u0a70\u0a2e \u0a15\u0a30 \u0a30\u0a39\u0a40 \u0a39\u0a48 \u0a05\u0a24\u0a47 \u0a1a\u0a70\u0a17\u0a40 \u0a39\u0a3e\u0a32\u0a24 \u0a35\u0a3f\u0a71\u0a1a \u0a39\u0a48\u0964<br \/>\n\u0a38\u0a3e\u0a28\u0a42\u0a70 \u0a39\u0a4b\u0a30 \u0a1c\u0a3e\u0a23\u0a15\u0a3e\u0a30\u0a40 \u0a2a\u0a4d\u0a30\u0a26\u0a3e\u0a28 \u0a15\u0a30\u0a28 \u0a1c\u0a3e\u0a02 \u0a2a\u0a3e\u0a35\u0a30 \u0a26\u0a47 \u0a39\u0a47\u0a20\u0a3e\u0a02 \u0a26\u0a47\u0a16\u0a23 \u0a26\u0a3e \u0a2a\u0a4d\u0a30\u0a2c\u0a70\u0a27 \u0a15\u0a30\u0a28 \u0a35\u0a3f\u0a71\u0a1a \u0a16\u0a41\u0a38\u0a3c\u0a40 \u0a39\u0a4b\u0a35\u0a47\u0a17\u0a40\u0964.<br \/>\n\u0a24\u0a15\u0a28\u0a40\u0a15\u0a40 \u0a21\u0a47\u0a1f\u0a3e \u0a05\u0a24\u0a47 \u0a1c\u0a3e\u0a23\u0a15\u0a3e\u0a30\u0a40 \u0a26\u0a47 \u0a28\u0a3e\u0a32-\u0a28\u0a3e\u0a32 \u0a2a\u0a39\u0a3f\u0a32\u0a3e\u0a02 \u0a26\u0a40 \u0a35\u0a3f\u0a15\u0a30\u0a40 \u0a35\u0a3f\u0a71\u0a1a \u0a24\u0a2c\u0a26\u0a40\u0a32\u0a40\u0a06\u0a02 \u0a05\u0a24\u0a47 \u0a17\u0a32\u0a24\u0a40\u0a06\u0a02 \u0a26\u0a47 \u0a05\u0a27\u0a40\u0a28!<\/p>\n<p>\u0a2e\u0a38\u0a3c\u0a40\u0a28 \u0a26\u0a40 \u0a15\u0a3f\u0a38\u0a2e: \u0a38\u0a40\u0a10\u0a28\u0a38\u0a40 \u0a1b\u0a4b\u0a1f\u0a3e \u0a16\u0a30\u0a3e\u0a26<br \/>\n\u0a28\u0a3f\u0a30\u0a2e\u0a3e\u0a24\u0a3e: \u0a39\u0a3e\u0a30\u0a21\u0a3f\u0a70\u0a17<br \/>\n\u0a2e\u0a3e\u0a21\u0a32: GT27SP GG-121<br \/>\n\u0a28\u0a3f\u0a30\u0a2e\u0a3e\u0a23 \u0a26\u0a3e \u0a38\u0a3e\u0a32: 2013<br \/>\n\u0a15\u0a70\u0a1f\u0a30\u0a4b\u0a32: \u0a2b\u0a48\u0a28\u0a15 32i \u0a0f<br \/>\n\u0a15\u0a3e\u0a30\u0a1c\u0a38\u0a3c\u0a40\u0a32 \u0a38\u0a25\u0a3f\u0a24\u0a40: \u0a2a\u0a42\u0a30\u0a40 \u0a24\u0a30\u0a4d\u0a39\u0a3e\u0a02 \u0a15\u0a3e\u0a30\u0a1c\u0a38\u0a3c\u0a40\u0a32<br \/>\n\u0a15\u0a70\u0a2e \u0a15\u0a30\u0a28 \u0a26\u0a47 \u0a18\u0a70\u0a1f\u0a47: \u0a32\u0a17\u0a2d\u0a17 60,000 \u0a18\u0a70\u0a1f\u0a47<\/p>\n<p>\u0a24\u0a15\u0a28\u0a40\u0a15\u0a40 \u0a21\u0a47\u0a1f\u0a3e<\/p>\n<p>\u0a38\u0a2a\u0a3f\u0a70\u0a21\u0a32 \u0a2c\u0a4b\u0a30: \u00d8 27 \u0a2e\u0a3f\u0a32\u0a40\u0a2e\u0a40\u0a1f\u0a30<\/p>\n<p>\u0a38\u0a2a\u0a3f\u0a70\u0a21\u0a32 \u0a28\u0a71\u0a15: A2-5<\/p>\n<p>\u0a1a\u0a71\u0a15 \u0a38\u0a2e\u0a30\u0a71\u0a25\u0a3e: \u0a35\u0a71\u0a27 \u0a24\u0a4b\u0a02 \u0a35\u0a71\u0a27 80 \u0a2e\u0a3f\u0a32\u0a40\u0a2e\u0a40\u0a1f\u0a30<\/p>\n<p>\u0a35\u0a71\u0a27 \u0a24\u0a4b\u0a02 \u0a35\u0a71\u0a27 \u0a38\u0a2a\u0a3f\u0a70\u0a21\u0a32 \u0a38\u0a2a\u0a40\u0a21: 6,000 \u0a06\u0a30\u0a2a\u0a40\u0a10\u0a2e<\/p>\n<p>\u0a10\u0a15\u0a38-\u0a10\u0a15\u0a38\u0a3f\u0a38 \u0a1f\u0a4d\u0a30\u0a48\u0a35\u0a32: 607 \u0a2e\u0a3f\u0a32\u0a40\u0a2e\u0a40\u0a1f\u0a30<\/p>\n<p>Z-\u0a10\u0a15\u0a38\u0a3f\u0a38 \u0a2f\u0a3e\u0a24\u0a30\u0a3e: 286 \u0a2e\u0a3f\u0a32\u0a40\u0a2e\u0a40\u0a1f\u0a30<\/p>\n<p>\u0a15\u0a42\u0a32\u0a48\u0a02\u0a1f \u0a38\u0a3f\u0a38\u0a1f\u0a2e<\/p>\n<p>\u0a32\u0a4b\u0a21\u0a3f\u0a70\u0a17 \u0a05\u0a24\u0a47 \u0a05\u0a28\u0a32\u0a4b\u0a21\u0a3f\u0a70\u0a17 \u0a38\u0a3f\u0a38\u0a1f\u0a2e: FMB MH5LS-SP \/ 5 \u0a35\u0a30\u0a15\u0a2a\u0a40\u0a38 \u0a2a\u0a48\u0a32\u0a47\u0a1f\u0a38, \u0a21\u0a2c\u0a32 \u0a17\u0a4d\u0a30\u0a3f\u0a2a\u0a30<\/p>\n<p>\u0a38\u0a39\u0a3e\u0a07\u0a15 \u0a09\u0a2a\u0a15\u0a30\u0a23 \/ \u0a14\u0a1c\u0a3c\u0a3e\u0a30 \/ \u0a2e\u0a48\u0a28\u0a42\u0a05\u0a32<\/p>\n<p>\u0a2e\u0a38\u0a3c\u0a40\u0a28 \u0a26\u0a47 \u0a2e\u0a3e\u0a2a \u0a05\u0a24\u0a47 \u0a2d\u0a3e\u0a30<\/p>\n<p>\u0a2e\u0a38\u0a3c\u0a40\u0a28 \u0a26\u0a47 \u0a2e\u0a3e\u0a2a: \u0a32\u0a17\u0a2d\u0a17 1850 \u00d7 1750 \u00d7 1750mm<\/p>\n<p>\u0a2e\u0a38\u0a3c\u0a40\u0a28 \u0a26\u0a3e \u0a2d\u0a3e\u0a30: \u0a32\u0a17\u0a2d\u0a17 2100 \u0a15\u0a3f\u0a32\u0a4b\u0a17\u0a4d\u0a30\u0a3e\u0a2e<\/p>\n<p>\u0a32\u0a4b\u0a21\u0a3f\u0a70\u0a17\/\u0a05\u0a28\u0a32\u0a4b\u0a21\u0a3f\u0a70\u0a17 \u0a38\u0a3f\u0a38\u0a1f\u0a2e \u0a26\u0a47 \u0a2e\u0a3e\u0a2a \u0a05\u0a24\u0a47 \u0a2d\u0a3e\u0a30<\/p>\n<p>\u0a2e\u0a3e\u0a2a: \u0a32\u0a17\u0a2d\u0a17 1900 \u00d7 950 \u00d7 2000mm<\/p>\n<p>\u0a2d\u0a3e\u0a30: \u0a32\u0a17\u0a2d\u0a17 1000 \u0a15\u0a3f\u0a32\u0a4b\u0a17\u0a4d\u0a30\u0a3e\u0a2e<\/p>\n<p>\u0a15\u0a42\u0a32\u0a48\u0a02\u0a1f \u0a38\u0a3f\u0a38\u0a1f\u0a2e \u0a26\u0a47 \u0a2e\u0a3e\u0a2a \u0a05\u0a24\u0a47 \u0a2d\u0a3e\u0a30<\/p>\n<p>\u0a2e\u0a3e\u0a2a: \u0a32\u0a17\u0a2d\u0a17 1500 \u00d7 800 \u00d7 1100mm<\/p>\n<p>\u0a2d\u0a3e\u0a30: \u0a32\u0a17\u0a2d\u0a17 250 \u0a15\u0a3f\u0a32\u0a4b\u0a17\u0a4d\u0a30\u0a3e\u0a2e<\/p>\n<p>\u0a07\u0a39 \u0a2e\u0a38\u0a3c\u0a40\u0a28 \u0a2a\u0a42\u0a30\u0a40 \u0a24\u0a30\u0a4d\u0a39\u0a3e\u0a02 \u0a1a\u0a3e\u0a32\u0a42 \u0a39\u0a48 \u0a05\u0a24\u0a47 \u0a1a\u0a70\u0a17\u0a40 \u0a39\u0a3e\u0a32\u0a24 \u0a35\u0a3f\u0a71\u0a1a \u0a39\u0a48\u0964.<br \/>\n\u0a39\u0a4b\u0a30 \u0a1c\u0a3e\u0a23\u0a15\u0a3e\u0a30\u0a40 \u0a32\u0a08 \u0a1c\u0a3e\u0a02 \u0a2a\u0a3e\u0a35\u0a30 \u0a05\u0a27\u0a40\u0a28 \u0a32\u0a3e\u0a08\u0a35 \u0a2a\u0a4d\u0a30\u0a26\u0a30\u0a38\u0a3c\u0a28 \u0a26\u0a3e \u0a2a\u0a4d\u0a30\u0a2c\u0a70\u0a27 \u0a15\u0a30\u0a28 \u0a32\u0a08, \u0a15\u0a3f\u0a30\u0a2a\u0a3e \u0a15\u0a30\u0a15\u0a47 \u0a38\u0a3e\u0a21\u0a47 \u0a28\u0a3e\u0a32 \u0a38\u0a70\u0a2a\u0a30\u0a15 \u0a15\u0a30\u0a28 \u0a32\u0a08 \u0a2c\u0a47\u0a1d\u0a3f\u0a1c\u0a15 \u0a2e\u0a39\u0a3f\u0a38\u0a42\u0a38 \u0a15\u0a30\u0a4b\u0964.<br \/>\n\u0a38\u0a3e\u0a30\u0a3e \u0a24\u0a15\u0a28\u0a40\u0a15\u0a40 \u0a21\u0a47\u0a1f\u0a3e \u0a05\u0a24\u0a47 \u0a1c\u0a3e\u0a23\u0a15\u0a3e\u0a30\u0a40 \u0a05\u0a28\u0a41\u0a2e\u0a3e\u0a28\u0a3f\u0a24 \u0a39\u0a48\u0964 \u0a2a\u0a39\u0a3f\u0a32\u0a3e\u0a02 \u0a26\u0a40 \u0a35\u0a3f\u0a15\u0a30\u0a40 \u0a05\u0a24\u0a47 \u0a17\u0a32\u0a24\u0a40\u0a06\u0a02 \u0a28\u0a42\u0a70 \u0a1b\u0a71\u0a21 \u0a15\u0a47\u0964.<\/p>","protected":false},"excerpt":{"rendered":"<p>Standort: Deutschland, Baden-W\u00fcrttemberg S\u00fcdwest Zustand: Gebraucht Hersteller: Hardinge Modell: GT27SP GG-121 Baujahr: 2013 Betriebsstunden: 59861 Maschinenbezeichnung: CNC-Kurzdrehmaschine Hersteller: Hardinge Modell: GT27SP GG-121 Baujahr: 2013 Steuerung: Fanuc 32i A Funktionsf\u00e4higkeit: voll funktionsf\u00e4hig Bearbeitungsstunden: ca. 60.000 Stunden Technische Daten Spindelbohrung: \u00d8 27 mm Spindelaufnahme: A2-5 Spannfutter max. 80mm Max. Spindeldrehzahl: 6.000 min\u207b\u00b9 X-Achse: 607 mm Z-Achse: 286 [&hellip;]<\/p>\n","protected":false},"featured_media":4597,"comment_status":"open","ping_status":"closed","template":"","meta":{"_uf_show_specific_survey":0,"_uf_disable_surveys":false},"product_brand":[],"product_cat":[90],"product_tag":[],"class_list":{"0":"post-4600","1":"product","2":"type-product","3":"status-publish","4":"has-post-thumbnail","6":"product_cat-cnc-drehmaschinen-0-199mm-drehd","8":"first","9":"instock","10":"taxable","11":"shipping-taxable","12":"product-type-simple"},"aioseo_notices":[],"_links":{"self":[{"href":"https:\/\/mueller-wrh.de\/pa\/wp-json\/wp\/v2\/product\/4600","targetHints":{"allow":["GET"]}}],"collection":[{"href":"https:\/\/mueller-wrh.de\/pa\/wp-json\/wp\/v2\/product"}],"about":[{"href":"https:\/\/mueller-wrh.de\/pa\/wp-json\/wp\/v2\/types\/product"}],"replies":[{"embeddable":true,"href":"https:\/\/mueller-wrh.de\/pa\/wp-json\/wp\/v2\/comments?post=4600"}],"wp:featuredmedia":[{"embeddable":true,"href":"https:\/\/mueller-wrh.de\/pa\/wp-json\/wp\/v2\/media\/4597"}],"wp:attachment":[{"href":"https:\/\/mueller-wrh.de\/pa\/wp-json\/wp\/v2\/media?parent=4600"}],"wp:term":[{"taxonomy":"product_brand","embeddable":true,"href":"https:\/\/mueller-wrh.de\/pa\/wp-json\/wp\/v2\/product_brand?post=4600"},{"taxonomy":"product_cat","embeddable":true,"href":"https:\/\/mueller-wrh.de\/pa\/wp-json\/wp\/v2\/product_cat?post=4600"},{"taxonomy":"product_tag","embeddable":true,"href":"https:\/\/mueller-wrh.de\/pa\/wp-json\/wp\/v2\/product_tag?post=4600"}],"curies":[{"name":"\u0a21\u0a2c\u0a32\u0a2f\u0a42\u0a2a\u0a40","href":"https:\/\/api.w.org\/{rel}","templated":true}]}}