{"id":4333,"date":"2025-10-24T12:43:12","date_gmt":"2025-10-24T12:43:12","guid":{"rendered":"https:\/\/mueller-wrh.de\/produkt\/dmg-gildemeister-sprint-ms36-2_multisprint-36_bj-2018_-intnr231416\/"},"modified":"2025-10-27T12:51:34","modified_gmt":"2025-10-27T12:51:34","slug":"dmg-gildemeister-sprint-ms36-2_multisprint-36_bj-2018_-intnr231416","status":"publish","type":"product","link":"https:\/\/mueller-wrh.de\/pa\/product\/dmg-gildemeister-sprint-ms36-2_multisprint-36_bj-2018_-intnr231416\/","title":{"rendered":"\u0a21\u0a40\u0a10\u0a2e\u0a1c\u0a40 \u0a17\u0a3f\u0a32\u0a21\u0a2e\u0a40\u0a38\u0a1f\u0a30 \u0a38\u0a2a\u0a4d\u0a30\u0a3f\u0a70\u0a1f \u0a10\u0a2e\u0a10\u0a3836-2_\u0a2e\u0a32\u0a1f\u0a40\u0a38\u0a2a\u0a4d\u0a30\u0a3f\u0a70\u0a1f 36_\u0a2c\u0a40\u0a1c\u0a47.2018_\u0a07\u0a70\u0a1f \u0a10\u0a28\u0a06\u0a30231416"},"content":{"rendered":"<p><b>\u0a38\u0a25\u0a3e\u0a28:<\/b> \u0a1c\u0a30\u0a2e\u0a28\u0a40, \u0a2c\u0a3e\u0a21\u0a47\u0a28-\u0a35\u0a30\u0a1f\u0a2e\u0a2c\u0a30\u0a17 \u0a26\u0a71\u0a16\u0a23-\u0a2a\u0a71\u0a1b\u0a2e<\/p>\n<p><b>\u0a39\u0a3e\u0a32\u0a24:<\/b> \u0a28\u0a35\u0a47\u0a02 \u0a1c\u0a3f\u0a70\u0a28\u0a3e \u0a35\u0a27\u0a40\u0a06<\/p>\n<p><b>\u0a28\u0a3f\u0a30\u0a2e\u0a3e\u0a24\u0a3e:<\/b> \u0a21\u0a40\u0a10\u0a2e\u0a1c\u0a40<\/p>\n<p><b>\u0a2e\u0a3e\u0a21\u0a32:<\/b> \u0a2e\u0a32\u0a1f\u0a40\u0a38\u0a2a\u0a4d\u0a30\u0a3f\u0a70\u0a1f MS36-2<\/p>\n<p><b>\u0a09\u0a38\u0a3e\u0a30\u0a40 \u0a26\u0a3e \u0a38\u0a3e\u0a32:<\/b> 2018<\/p>\n<p><b>\u0a15\u0a70\u0a2e\u0a15\u0a3e\u0a1c\u0a40 \u0a18\u0a70\u0a1f\u0a47:<\/b> 31241<\/p>\n<p>CNC-DMG Gildemeister MULTISPRINT 36 \/ SWISSTYPE \u0a2e\u0a38\u0a3c\u0a40\u0a28\u0a3f\u0a70\u0a17 170 mm \u0a1f\u0a30\u0a28\u0a3f\u0a70\u0a17 \u0a32\u0a70\u0a2c\u0a3e\u0a08 \u0a24\u0a71\u0a15<br \/>\n\u0a09\u0a38\u0a3e\u0a30\u0a40 \u0a26\u0a3e \u0a38\u0a3e\u0a32: 2018<br \/>\n\u0a15\u0a70\u0a2e \u0a15\u0a30\u0a28 \u0a26\u0a47 \u0a18\u0a70\u0a1f\u0a47: 47548<br \/>\n\u0a2a\u0a4d\u0a30\u0a4b\u0a38\u0a48\u0a38\u0a3f\u0a70\u0a17 \u0a38\u0a2e\u0a3e\u0a02: 31241<br \/>\n\u0a05\u0a15\u0a24\u0a42\u0a2c\u0a30 2025 \u0a24\u0a71\u0a15<br \/>\n\u0a15\u0a70\u0a1f\u0a30\u0a4b\u0a32: \u0a2b\u0a48\u0a28\u0a15 30i \u0a2c\u0a40<\/p>\n<p>\u0a2e\u0a32\u0a1f\u0a40\u0a38\u0a2a\u0a4d\u0a30\u0a3f\u0a70\u0a1f \u0a26\u0a40 \u0a35\u0a71\u0a27 \u0a24\u0a4b\u0a02 \u0a35\u0a71\u0a27 \u0a32\u0a1a\u0a15\u0a24\u0a3e \u0a07\u0a38\u0a26\u0a40 \u0a2e\u0a3e\u0a21\u0a3f\u0a0a\u0a32\u0a30\u0a3f\u0a1f\u0a40 \u0a05\u0a24\u0a47 \u0a15\u0a3f\u0a38\u0a47 \u0a35\u0a40 \u0a38\u0a25\u0a3f\u0a24\u0a40 \u0a35\u0a3f\u0a71\u0a1a \u0a07\u0a38\u0a26\u0a47 Y-\u0a27\u0a41\u0a30\u0a3f\u0a06\u0a02 \u0a26\u0a47 \u0a15\u0a3e\u0a30\u0a28 \u0a39\u0a48\u0964<br \/>\n\u0a38\u0a3e\u0a30\u0a40\u0a06\u0a02 \u0a38\u0a2a\u0a3f\u0a70\u0a21\u0a32 \u0a38\u0a25\u0a3f\u0a24\u0a40\u0a06\u0a02 &#039;\u0a24\u0a47 \u0a1a\u0a32\u0a3e\u0a0f \u0a1c\u0a3e\u0a23 \u0a35\u0a3e\u0a32\u0a47 \u0a14\u0a1c\u0a3c\u0a3e\u0a30\u0a3e\u0a02 \u0a26\u0a40 \u0a35\u0a30\u0a24\u0a4b\u0a02<br \/>\n\u0a2e\u0a3f\u0a06\u0a30\u0a40 \u0a24\u0a4c\u0a30 &#039;\u0a24\u0a47 \u0a38\u0a3e\u0a30\u0a40\u0a06\u0a02 \u0a38\u0a2a\u0a3f\u0a70\u0a21\u0a32 \u0a38\u0a25\u0a3f\u0a24\u0a40\u0a06\u0a02 &#039;\u0a24\u0a47 Y-\u0a27\u0a41\u0a30\u0a3e<br \/>\n170 \u0a2e\u0a3f\u0a32\u0a40\u0a2e\u0a40\u0a1f\u0a30 \u0a32\u0a70\u0a2c\u0a3e\u0a08 \u0a24\u0a71\u0a15 \u0a1b\u0a4b\u0a1f\u0a47 \u0a05\u0a24\u0a47 \u0a32\u0a70\u0a2c\u0a47 \u0a2e\u0a4b\u0a5c \u0a32\u0a08 SWISSTYPE\u0a15\u0a3f\u0a71\u0a1f<br \/>\n\u0a1a\u0a71\u0a15 \u0a1c\u0a3e\u0a02 \u0a2c\u0a3e\u0a30 \u0a2e\u0a38\u0a3c\u0a40\u0a28\u0a3f\u0a70\u0a17: 4 \u0a24\u0a4b\u0a02 \u00f8 36 \u0a2e\u0a3f\u0a32\u0a40\u0a2e\u0a40\u0a1f\u0a30 \u0a24\u0a71\u0a15 \u0a2c\u0a3e\u0a30, \u00f8 50 \u0a2e\u0a3f\u0a32\u0a40\u0a2e\u0a40\u0a1f\u0a30 \u0a24\u0a71\u0a15 \u0a1a\u0a71\u0a15 \u0a15\u0a70\u0a2a\u0a4b\u0a28\u0a48\u0a02\u0a1f \u0a21\u0a2c\u0a32 \u0a2c\u0a48\u0a15 \u0a05\u0a24\u0a47 \u0a06\u0a2b-\u0a38\u0a48\u0a02\u0a1f\u0a30 \u0a2e\u0a38\u0a3c\u0a40\u0a28\u0a3f\u0a70\u0a17<\/p>\n<p>\u0a2e\u0a38\u0a3c\u0a40\u0a28 \u0a26\u0a40 \u0a15\u0a3f\u0a38\u0a2e: \u0a2e\u0a32\u0a1f\u0a40-\u0a38\u0a2a\u0a3f\u0a70\u0a21\u0a32 \u0a06\u0a1f\u0a4b\u0a2e\u0a48\u0a1f\u0a3f\u0a15 \u0a16\u0a30\u0a3e\u0a26<br \/>\nSWISSTYPE \u0a2e\u0a38\u0a3c\u0a40\u0a28\u0a3f\u0a70\u0a17: 170 \u0a2e\u0a3f\u0a32\u0a40\u0a2e\u0a40\u0a1f\u0a30 \u0a24\u0a71\u0a15 \u0a2e\u0a4b\u0a5c\u0a28 \u0a26\u0a40 \u0a32\u0a70\u0a2c\u0a3e\u0a08<br \/>\n\u0a15\u0a70\u0a1f\u0a30\u0a4b\u0a32: FANUC \u0a38\u0a40\u0a30\u0a40\u0a1c\u0a3c 30i<br \/>\n\u0a38\u0a3e\u0a30\u0a40\u0a06\u0a02 \u0a38\u0a2a\u0a3f\u0a70\u0a21\u0a32 \u0a38\u0a25\u0a3f\u0a24\u0a40\u0a06\u0a02 &#039;\u0a24\u0a47 \u0a2e\u0a3e\u0a21\u0a3f\u0a0a\u0a32\u0a30\u0a3f\u0a1f\u0a40 \u0a05\u0a24\u0a47 Y-\u0a27\u0a41\u0a30\u0a3f\u0a06\u0a02 \u0a30\u0a3e\u0a39\u0a40\u0a02 \u0a35\u0a71\u0a27 \u0a24\u0a4b\u0a02 \u0a35\u0a71\u0a27 \u0a32\u0a1a\u0a15\u0a24\u0a3e\u0964<br \/>\n\u0a38\u0a3e\u0a30\u0a40\u0a06\u0a02 \u0a38\u0a2a\u0a3f\u0a70\u0a21\u0a32 \u0a38\u0a25\u0a3f\u0a24\u0a40\u0a06\u0a02 &#039;\u0a24\u0a47 \u0a1a\u0a32\u0a3e\u0a0f \u0a1c\u0a3e\u0a23 \u0a35\u0a3e\u0a32\u0a47 \u0a14\u0a1c\u0a3c\u0a3e\u0a30\u0a3e\u0a02 \u0a26\u0a40 \u0a35\u0a30\u0a24\u0a4b\u0a02<br \/>\n\u0a2e\u0a38\u0a3c\u0a40\u0a28\u0a3f\u0a70\u0a17: \u00d8 4 - 36 \u0a2e\u0a3f\u0a32\u0a40\u0a2e\u0a40\u0a1f\u0a30 \u0a24\u0a71\u0a15 \u0a2c\u0a3e\u0a30, \u0a1a\u0a71\u0a15 \u0a2a\u0a3e\u0a30\u0a1f\u0a38 \u00d8 50 \u0a2e\u0a3f\u0a32\u0a40\u0a2e\u0a40\u0a1f\u0a30 \u0a24\u0a71\u0a15<br \/>\n\u0a21\u0a2c\u0a32 \u0a2c\u0a48\u0a15 \u0a05\u0a24\u0a47 \u0a06\u0a2b-\u0a38\u0a48\u0a02\u0a1f\u0a30 \u0a2e\u0a38\u0a3c\u0a40\u0a28\u0a3f\u0a70\u0a17 \u0a38\u0a70\u0a2d\u0a35 \u0a39\u0a48<\/p>\n<p>\u0a2a\u0a4d\u0a30\u0a26\u0a30\u0a38\u0a3c\u0a28 \u0a21\u0a3e\u0a1f\u0a3e<br \/>\n\u0a35\u0a3f\u0a38\u0a3c\u0a47\u0a38\u0a3c\u0a24\u0a3e \u0a2e\u0a41\u0a71\u0a32<br \/>\n\u0a35\u0a71\u0a27 \u0a24\u0a4b\u0a02 \u0a35\u0a71\u0a27 \u0a35\u0a30\u0a15\u0a2a\u0a40\u0a38 \u0a35\u0a3f\u0a06\u0a38 36 \u0a2e\u0a3f\u0a32\u0a40\u0a2e\u0a40\u0a1f\u0a30<br \/>\n\u0a35\u0a71\u0a27 \u0a24\u0a4b\u0a02 \u0a35\u0a71\u0a27 \u0a35\u0a30\u0a15\u0a2a\u0a40\u0a38 \u0a26\u0a40 \u0a32\u0a70\u0a2c\u0a3e\u0a08 170 \u0a2e\u0a3f\u0a32\u0a40\u0a2e\u0a40\u0a1f\u0a30<br \/>\n\u0a35\u0a71\u0a27 \u0a24\u0a4b\u0a02 \u0a35\u0a71\u0a27 \u0a30\u0a3e\u0a21 \u0a30\u0a38\u0a24\u0a3e 36 \u0a2e\u0a3f\u0a32\u0a40\u0a2e\u0a40\u0a1f\u0a30<br \/>\n\u0a2f\u0a3e\u0a24\u0a30\u0a3e\u0a35\u0a3e\u0a02 (X \/ Y \/ Z) 50 \/ 100 \/ 170 \u0a2e\u0a3f.\u0a2e\u0a40.<\/p>\n<p>\u0a2e\u0a41\u0a71\u0a16 \u0a38\u0a2a\u0a3f\u0a70\u0a21\u0a32<br \/>\n\u0a28\u0a70\u0a2c\u0a30: 6<br \/>\nC-\u0a27\u0a41\u0a30\u0a47 (\u0a15\u0a4b\u0a23\u0a40 \u0a30\u0a48\u0a1c\u0a3c\u0a4b\u0a32\u0a3f\u0a0a\u0a38\u0a3c\u0a28): 0.002\u00b0<br \/>\n\u0a15\u0a30\u0a3e\u0a38 \u0a38\u0a32\u0a3e\u0a08\u0a21: 6 \u00d7 (X\/Y \u0a27\u0a41\u0a30\u0a3e)<br \/>\n\u0a2f\u0a3e\u0a24\u0a30\u0a3e Z1\u2013Z6: 170 \u0a2e\u0a3f\u0a32\u0a40\u0a2e\u0a40\u0a1f\u0a30 (SWISSTYPE \u0a15\u0a3f\u0a71\u0a1f \u0a26\u0a47 \u0a28\u0a3e\u0a32)<br \/>\n\u0a35\u0a71\u0a27 \u0a24\u0a4b\u0a02 \u0a35\u0a71\u0a27 \u0a21\u0a70\u0a21\u0a47 \u0a26\u0a3e \u0a30\u0a38\u0a24\u0a3e: \u00d8 40 \u0a2e\u0a3f\u0a32\u0a40\u0a2e\u0a40\u0a1f\u0a30<br \/>\n\u0a38\u0a2a\u0a40\u0a21: 7,500 rpm \u0a24\u0a71\u0a15<br \/>\n\u0a21\u0a30\u0a3e\u0a08\u0a35 \u0a2a\u0a3e\u0a35\u0a30 (100 % ED): 13.3 kW<br \/>\n\u0a1f\u0a3e\u0a30\u0a15 (100 % ED): 32 Nm<br \/>\n\u0a21\u0a4d\u0a30\u0a2e \u0a07\u0a70\u0a21\u0a48\u0a15\u0a38\u0a3f\u0a70\u0a17 \u0a38\u0a2e\u0a3e\u0a02: 0.65 \u0a38\u0a15\u0a3f\u0a70\u0a1f<\/p>\n<p>\u0a15\u0a3e\u0a0a\u0a02\u0a1f\u0a30 \u0a38\u0a2a\u0a3f\u0a70\u0a21\u0a32 \u0a2a\u0a3f\u0a15-\u0a05\u0a71\u0a2a \u0a38\u0a2a\u0a3f\u0a70\u0a21\u0a32<br \/>\n\u0a28\u0a70\u0a2c\u0a30: 2 (X\/Y\/Z \u0a27\u0a41\u0a30\u0a47 \u0a26\u0a47 \u0a28\u0a3e\u0a32 C-\u0a27\u0a41\u0a30\u0a47)<br \/>\n\u0a2e\u0a4b\u0a30\u0a40 \u0a30\u0a3e\u0a39\u0a40\u0a02: \u00d8 40 \u0a2e\u0a3f\u0a32\u0a40\u0a2e\u0a40\u0a1f\u0a30<br \/>\n\u0a38\u0a2a\u0a40\u0a21: 7,500 \u0a06\u0a30\u0a2a\u0a40\u0a10\u0a2e<br \/>\n\u0a21\u0a30\u0a3e\u0a08\u0a35 \u0a2a\u0a3e\u0a35\u0a30: 13.3 \u0a15\u0a3f\u0a32\u0a4b\u0a35\u0a3e\u0a1f<br \/>\n\u0a1f\u0a3e\u0a30\u0a15: 32 Nm<br \/>\n\u0a2f\u0a3e\u0a24\u0a30\u0a3e\u0a35\u0a3e\u0a02 (Z7\u2013Z8): 410 \u0a2e\u0a3f\u0a32\u0a40\u0a2e\u0a40\u0a1f\u0a30<br \/>\n\u0a2f\u0a3e\u0a24\u0a30\u0a3e\u0a35\u0a3e\u0a02 (X7\u2013X8 \/ Y7\u2013Y8): 277 \/ 312 \u0a2e\u0a3f\u0a32\u0a40\u0a2e\u0a40\u0a1f\u0a30<br \/>\n\u0a24\u0a47\u0a1c\u0a3c \u0a1f\u0a4d\u0a30\u0a48\u0a35\u0a30\u0a38 \u0a38\u0a2a\u0a40\u0a21: 40 \u0a2e\u0a40\u0a1f\u0a30\/\u0a2e\u0a3f\u0a70\u0a1f<\/p>\n<p>\u0a15\u0a30\u0a3e\u0a38 \u0a38\u0a32\u0a3e\u0a08\u0a21 &#039;\u0a24\u0a47 \u0a1f\u0a42\u0a32 \u0a39\u0a4b\u0a32\u0a21\u0a30<br \/>\n\u0a14\u0a1c\u0a3c\u0a3e\u0a30\u0a3e\u0a02 \u0a26\u0a40 \u0a35\u0a71\u0a27 \u0a24\u0a4b\u0a02 \u0a35\u0a71\u0a27 \u0a17\u0a3f\u0a23\u0a24\u0a40: 3<br \/>\n\u0a17\u0a24\u0a40: 3,900 \/ 8,000 \/ 13,800 rpm<br \/>\n\u0a21\u0a30\u0a3e\u0a08\u0a35 \u0a2a\u0a3e\u0a35\u0a30 (100 % ED): 0.9 kW<br \/>\n\u0a1f\u0a3e\u0a30\u0a15 (100 % ED): 5.8 \/ 2.9 \/ 1.7 Nm<br \/>\n\u0a2f\u0a3e\u0a24\u0a30\u0a3e\u0a35\u0a3e\u0a02 (X1\u2013X6 \/ Y1\u2013Y6): 50 \/ 100 \u0a2e\u0a3f\u0a32\u0a40\u0a2e\u0a40\u0a1f\u0a30<br \/>\n\u0a24\u0a47\u0a1c\u0a3c \u0a1f\u0a4d\u0a30\u0a48\u0a35\u0a30\u0a38 \u0a38\u0a2a\u0a40\u0a21: 20 \u0a2e\u0a40\u0a1f\u0a30\/\u0a2e\u0a3f\u0a70\u0a1f<br \/>\n\u0a2a\u0a3f\u0a1b\u0a32\u0a40 \u0a2e\u0a38\u0a3c\u0a40\u0a28\u0a3f\u0a70\u0a17 \u0a32\u0a08 \u0a38\u0a32\u0a3e\u0a08\u0a21<br \/>\n\u0a17\u0a24\u0a40 (U7\u2013U8): 3,900 \/ 8,000 \/ 13,800 rpm<br \/>\n\u0a21\u0a30\u0a3e\u0a08\u0a35 \u0a2a\u0a3e\u0a35\u0a30: 0.9 \u0a15\u0a3f\u0a32\u0a4b\u0a35\u0a3e\u0a1f<br \/>\n\u0a1f\u0a3e\u0a30\u0a15: 5.8 \/ 2.9 \/ 1.7 Nm<br \/>\n\u0a15\u0a70\u0a1f\u0a30\u0a4b\u0a32 \u0a21\u0a3f\u0a38\u0a2a\u0a32\u0a47: 15\u2033 \u0a30\u0a70\u0a17 \u0a21\u0a3f\u0a38\u0a2a\u0a32\u0a47 (\u00d7 2)<br \/>\n\u0a15\u0a32\u0a48\u0a02\u0a2a\u0a3f\u0a70\u0a17 \u0a38\u0a3f\u0a38\u0a1f\u0a2e: \u0a39\u0a48\u0a28\u0a2c\u0a41\u0a1a TOPlus 40 Achsfix \u0a15\u0a4b\u0a32\u0a47\u0a1f \u0a1a\u0a71\u0a15<\/p>\n<p>\u0a32\u0a3f\u0a2b\u0a1f\u0a3f\u0a70\u0a17 \u0a2a\u0a70\u0a2a \u0a26\u0a47 \u0a28\u0a3e\u0a32 \u0a38\u0a32\u0a47\u0a1f\u0a3f\u0a21 \u0a2c\u0a48\u0a32\u0a1f \u0a1a\u0a3f\u0a71\u0a2a \u0a15\u0a28\u0a35\u0a47\u0a05\u0a30<br \/>\n\u0a24\u0a47\u0a32 \u0a32\u0a08 \u0a09\u0a71\u0a1a-\u0a26\u0a2c\u0a3e\u0a05 \u0a2a\u0a4d\u0a30\u0a23\u0a3e\u0a32\u0a40 (\u0a2b\u0a3f\u0a32\u0a1f\u0a30 50 \/ 25 \u00b5m, \u0a2a\u0a70\u0a2a 5\/12 MPa)<br \/>\n\u0a15\u0a08 \u0a24\u0a30\u0a4d\u0a39\u0a3e\u0a02 \u0a26\u0a47 \u0a1f\u0a42\u0a32 \u0a39\u0a4b\u0a32\u0a21\u0a30<br \/>\n\u0a05\u0a71\u0a17 \u0a2c\u0a41\u0a1d\u0a3e\u0a09\u0a23 \u0a35\u0a3e\u0a32\u0a3e \u0a38\u0a3f\u0a38\u0a1f\u0a2e<br \/>\n\u0a2c\u0a3e\u0a30 \u0a32\u0a4b\u0a21\u0a3f\u0a70\u0a17 \u0a2e\u0a48\u0a17\u0a1c\u0a3c\u0a40\u0a28 (\u0a38\u0a30\u0a2b\u0a47\u0a38 \u0a32\u0a4b\u0a21\u0a30 \u0a35\u0a30\u0a1c\u0a3c\u0a28)<br \/>\n\u0a35\u0a30\u0a15\u0a2a\u0a40\u0a38 \u0a32\u0a4b\u0a21\u0a3f\u0a70\u0a17 \u0a38\u0a3f\u0a38\u0a1f\u0a2e<\/p>\n<p>\u0a07\u0a39 \u0a2e\u0a38\u0a3c\u0a40\u0a28 \u0a2a\u0a42\u0a30\u0a40 \u0a24\u0a30\u0a4d\u0a39\u0a3e\u0a02 \u0a2c\u0a3f\u0a1c\u0a32\u0a40 \u0a05\u0a24\u0a47 \u0a2e\u0a15\u0a48\u0a28\u0a40\u0a15\u0a32 \u0a24\u0a4c\u0a30 &#039;\u0a24\u0a47 \u0a15\u0a70\u0a2e \u0a15\u0a30\u0a26\u0a40 \u0a39\u0a48 \u0a05\u0a24\u0a47 \u0a07\u0a38\u0a26\u0a40 \u0a2c\u0a3f\u0a1c\u0a32\u0a40 \u0a26\u0a47 \u0a39\u0a47\u0a20\u0a3e\u0a02 \u0a28\u0a3f\u0a2f\u0a41\u0a15\u0a24\u0a40 \u0a26\u0a41\u0a06\u0a30\u0a3e \u0a1c\u0a3e\u0a02\u0a1a \u0a15\u0a40\u0a24\u0a40 \u0a1c\u0a3e \u0a38\u0a15\u0a26\u0a40 \u0a39\u0a48\u0964.<br \/>\n\u0a24\u0a15\u0a28\u0a40\u0a15\u0a40 \u0a21\u0a47\u0a1f\u0a3e \u0a05\u0a24\u0a47 \u0a1c\u0a3e\u0a23\u0a15\u0a3e\u0a30\u0a40 \u0a26\u0a47 \u0a28\u0a3e\u0a32-\u0a28\u0a3e\u0a32 \u0a2a\u0a39\u0a3f\u0a32\u0a3e\u0a02 \u0a26\u0a40 \u0a35\u0a3f\u0a15\u0a30\u0a40 \u0a35\u0a3f\u0a71\u0a1a \u0a24\u0a2c\u0a26\u0a40\u0a32\u0a40\u0a06\u0a02 \u0a05\u0a24\u0a47 \u0a17\u0a32\u0a24\u0a40\u0a06\u0a02 \u0a26\u0a47 \u0a05\u0a27\u0a40\u0a28!<\/p>\n<p>CNC-DMG Gildemeister MULTISPRINT 36 \/ SWISSTYPE \u0a2e\u0a38\u0a3c\u0a40\u0a28\u0a3f\u0a70\u0a17 170 mm \u0a1f\u0a30\u0a28\u0a3f\u0a70\u0a17 \u0a32\u0a70\u0a2c\u0a3e\u0a08 \u0a24\u0a71\u0a15<br \/>\n\u0a28\u0a3f\u0a30\u0a2e\u0a3e\u0a23 \u0a26\u0a3e \u0a38\u0a3e\u0a32: 2018<br \/>\n\u0a15\u0a70\u0a2e \u0a15\u0a30\u0a28 \u0a26\u0a47 \u0a18\u0a70\u0a1f\u0a47: 47548<br \/>\n\u0a2e\u0a38\u0a3c\u0a40\u0a28\u0a3f\u0a70\u0a17 \u0a38\u0a2e\u0a3e\u0a02: 31241<br \/>\n\u0a38\u0a25\u0a3f\u0a24\u0a40: \u0a05\u0a15\u0a24\u0a42\u0a2c\u0a30 2025<br \/>\n\u0a15\u0a70\u0a1f\u0a30\u0a4b\u0a32: \u0a2b\u0a48\u0a28\u0a15 30i \u0a2c\u0a40<\/p>\n<p>\u0a2e\u0a32\u0a1f\u0a40\u0a38\u0a2a\u0a4d\u0a30\u0a3f\u0a70\u0a1f \u0a26\u0a40 \u0a35\u0a71\u0a27 \u0a24\u0a4b\u0a02 \u0a35\u0a71\u0a27 \u0a32\u0a1a\u0a15\u0a24\u0a3e \u0a07\u0a38\u0a26\u0a40 \u0a2e\u0a3e\u0a21\u0a3f\u0a0a\u0a32\u0a30\u0a3f\u0a1f\u0a40 \u0a05\u0a24\u0a47 \u0a39\u0a30 \u0a38\u0a25\u0a3f\u0a24\u0a40 \u0a35\u0a3f\u0a71\u0a1a Y-\u0a27\u0a41\u0a30\u0a47 \u0a26\u0a47 \u0a15\u0a3e\u0a30\u0a28 \u0a39\u0a48\u0964<br \/>\n\u0a38\u0a3e\u0a30\u0a40\u0a06\u0a02 \u0a38\u0a2a\u0a3f\u0a70\u0a21\u0a32 \u0a38\u0a25\u0a3f\u0a24\u0a40\u0a06\u0a02 &#039;\u0a24\u0a47 \u0a1a\u0a32\u0a3e\u0a0f \u0a1c\u0a3e\u0a23 \u0a35\u0a3e\u0a32\u0a47 \u0a14\u0a1c\u0a3c\u0a3e\u0a30\u0a3e\u0a02 \u0a26\u0a40 \u0a35\u0a30\u0a24\u0a4b\u0a02<br \/>\n\u0a2e\u0a3f\u0a06\u0a30\u0a40 \u0a24\u0a4c\u0a30 &#039;\u0a24\u0a47 \u0a38\u0a3e\u0a30\u0a40\u0a06\u0a02 \u0a38\u0a2a\u0a3f\u0a70\u0a21\u0a32 \u0a38\u0a25\u0a3f\u0a24\u0a40\u0a06\u0a02 &#039;\u0a24\u0a47 Y-\u0a27\u0a41\u0a30\u0a3e<br \/>\n170 \u0a2e\u0a3f\u0a32\u0a40\u0a2e\u0a40\u0a1f\u0a30 \u0a32\u0a70\u0a2c\u0a3e\u0a08 \u0a24\u0a71\u0a15 \u0a1b\u0a4b\u0a1f\u0a47 \u0a05\u0a24\u0a47 \u0a32\u0a70\u0a2c\u0a47 \u0a2e\u0a4b\u0a5c \u0a32\u0a08 SWISSTYPE\u0a15\u0a3f\u0a71\u0a1f<br \/>\n\u0a1a\u0a71\u0a15 \u0a1c\u0a3e\u0a02 \u0a2c\u0a3e\u0a30 \u0a2e\u0a38\u0a3c\u0a40\u0a28\u0a3f\u0a70\u0a17: 4 \u0a24\u0a4b\u0a02 \u00f8 36 \u0a2e\u0a3f\u0a32\u0a40\u0a2e\u0a40\u0a1f\u0a30 \u0a24\u0a71\u0a15 \u0a2c\u0a3e\u0a30, \u00f8 50 \u0a2e\u0a3f\u0a32\u0a40\u0a2e\u0a40\u0a1f\u0a30 \u0a24\u0a71\u0a15 \u0a1a\u0a71\u0a15 \u0a15\u0a70\u0a2a\u0a4b\u0a28\u0a48\u0a02\u0a1f \u0a21\u0a2c\u0a32 \u0a30\u0a40\u0a05\u0a30 \u0a05\u0a24\u0a47 \u0a06\u0a2b-\u0a38\u0a48\u0a02\u0a1f\u0a30 \u0a2e\u0a38\u0a3c\u0a40\u0a28\u0a3f\u0a70\u0a17<\/p>\n<p>\u0a2e\u0a38\u0a3c\u0a40\u0a28 \u0a26\u0a40 \u0a15\u0a3f\u0a38\u0a2e: \u0a2e\u0a32\u0a1f\u0a40-\u0a38\u0a2a\u0a3f\u0a70\u0a21\u0a32 \u0a06\u0a1f\u0a4b\u0a2e\u0a48\u0a1f\u0a3f\u0a15 \u0a16\u0a30\u0a3e\u0a26<br \/>\nSWISSTYPE \u0a2e\u0a38\u0a3c\u0a40\u0a28\u0a3f\u0a70\u0a17: 170 \u0a2e\u0a3f\u0a32\u0a40\u0a2e\u0a40\u0a1f\u0a30 \u0a24\u0a71\u0a15 \u0a2e\u0a4b\u0a5c\u0a28 \u0a26\u0a40 \u0a32\u0a70\u0a2c\u0a3e\u0a08<br \/>\n\u0a15\u0a70\u0a1f\u0a30\u0a4b\u0a32: FANUC \u0a38\u0a40\u0a30\u0a40\u0a1c\u0a3c 30i<br \/>\n\u0a38\u0a3e\u0a30\u0a40\u0a06\u0a02 \u0a38\u0a2a\u0a3f\u0a70\u0a21\u0a32 \u0a38\u0a25\u0a3f\u0a24\u0a40\u0a06\u0a02 &#039;\u0a24\u0a47 \u0a2e\u0a3e\u0a21\u0a3f\u0a0a\u0a32\u0a30\u0a3f\u0a1f\u0a40 \u0a05\u0a24\u0a47 Y-\u0a27\u0a41\u0a30\u0a3f\u0a06\u0a02 \u0a26\u0a47 \u0a15\u0a3e\u0a30\u0a28 \u0a35\u0a71\u0a27 \u0a24\u0a4b\u0a02 \u0a35\u0a71\u0a27 \u0a32\u0a1a\u0a15\u0a24\u0a3e<br \/>\n\u0a38\u0a3e\u0a30\u0a40\u0a06\u0a02 \u0a38\u0a2a\u0a3f\u0a70\u0a21\u0a32 \u0a38\u0a25\u0a3f\u0a24\u0a40\u0a06\u0a02 &#039;\u0a24\u0a47 \u0a1a\u0a32\u0a3e\u0a0f \u0a1c\u0a3e\u0a23 \u0a35\u0a3e\u0a32\u0a47 \u0a14\u0a1c\u0a3c\u0a3e\u0a30\u0a3e\u0a02 \u0a26\u0a40 \u0a35\u0a30\u0a24\u0a4b\u0a02<br \/>\n\u0a2e\u0a38\u0a3c\u0a40\u0a28\u0a3f\u0a70\u0a17: \u00d8 4 - 36 \u0a2e\u0a3f\u0a32\u0a40\u0a2e\u0a40\u0a1f\u0a30 \u0a24\u0a71\u0a15 \u0a2c\u0a3e\u0a30, \u0a1a\u0a71\u0a15 \u0a2a\u0a3e\u0a30\u0a1f\u0a38 \u00d8 50 \u0a2e\u0a3f\u0a32\u0a40\u0a2e\u0a40\u0a1f\u0a30 \u0a24\u0a71\u0a15<br \/>\n\u0a21\u0a2c\u0a32 \u0a30\u0a40\u0a05\u0a30 \u0a05\u0a24\u0a47 \u0a06\u0a2b-\u0a38\u0a48\u0a02\u0a1f\u0a30 \u0a2e\u0a38\u0a3c\u0a40\u0a28\u0a3f\u0a70\u0a17 \u0a38\u0a70\u0a2d\u0a35 \u0a39\u0a48<\/p>\n<p>\u0a2a\u0a4d\u0a30\u0a26\u0a30\u0a38\u0a3c\u0a28 \u0a21\u0a3e\u0a1f\u0a3e<br \/>\n\u0a35\u0a3f\u0a38\u0a3c\u0a47\u0a38\u0a3c\u0a24\u0a3e \u0a2e\u0a41\u0a71\u0a32<br \/>\n\u0a35\u0a71\u0a27 \u0a24\u0a4b\u0a02 \u0a35\u0a71\u0a27 \u0a35\u0a30\u0a15\u0a2a\u0a40\u0a38 \u0a35\u0a3f\u0a06\u0a38 36 \u0a2e\u0a3f\u0a32\u0a40\u0a2e\u0a40\u0a1f\u0a30<br \/>\n\u0a35\u0a71\u0a27 \u0a24\u0a4b\u0a02 \u0a35\u0a71\u0a27 \u0a35\u0a30\u0a15\u0a2a\u0a40\u0a38 \u0a26\u0a40 \u0a32\u0a70\u0a2c\u0a3e\u0a08 170 \u0a2e\u0a3f\u0a32\u0a40\u0a2e\u0a40\u0a1f\u0a30<br \/>\n\u0a35\u0a71\u0a27 \u0a24\u0a4b\u0a02 \u0a35\u0a71\u0a27 \u0a2c\u0a3e\u0a30 \u0a38\u0a2e\u0a30\u0a71\u0a25\u0a3e 36 \u0a2e\u0a3f\u0a32\u0a40\u0a2e\u0a40\u0a1f\u0a30<br \/>\n\u0a2f\u0a3e\u0a24\u0a30\u0a3e (X \/ Y \/ Z) 50 \/ 100 \/ 170 \u0a2e\u0a3f\u0a32\u0a40\u0a2e\u0a40\u0a1f\u0a30<\/p>\n<p>\u0a2e\u0a41\u0a71\u0a16 \u0a38\u0a2a\u0a3f\u0a70\u0a21\u0a32<br \/>\n\u0a28\u0a70\u0a2c\u0a30: 6<br \/>\nC-\u0a27\u0a41\u0a30\u0a47 (\u0a15\u0a4b\u0a23 \u0a30\u0a48\u0a1c\u0a3c\u0a4b\u0a32\u0a3f\u0a0a\u0a38\u0a3c\u0a28): 0.002\u00b0<br \/>\n\u0a15\u0a30\u0a3e\u0a38 \u0a38\u0a32\u0a3e\u0a08\u0a21\u0a3e\u0a02: 6 \u00d7 (X\/Y \u0a27\u0a41\u0a30\u0a3e)<br \/>\n\u0a2f\u0a3e\u0a24\u0a30\u0a3e Z1\u2013Z6: 170 \u0a2e\u0a3f\u0a32\u0a40\u0a2e\u0a40\u0a1f\u0a30 (SWISSTYPE \u0a15\u0a3f\u0a71\u0a1f \u0a26\u0a47 \u0a28\u0a3e\u0a32)<br \/>\n\u0a35\u0a71\u0a27 \u0a24\u0a4b\u0a02 \u0a35\u0a71\u0a27 \u0a2c\u0a3e\u0a30 \u0a38\u0a2e\u0a30\u0a71\u0a25\u0a3e: \u00d8 40 \u0a2e\u0a3f\u0a32\u0a40\u0a2e\u0a40\u0a1f\u0a30<br \/>\n\u0a38\u0a2a\u0a40\u0a21: 7,500 rpm \u0a24\u0a71\u0a15<br \/>\n\u0a21\u0a30\u0a3e\u0a08\u0a35 \u0a2a\u0a3e\u0a35\u0a30 (100% \u0a21\u0a3f\u0a0a\u0a1f\u0a40 \u0a1a\u0a71\u0a15\u0a30): 13.3 kW<br \/>\n\u0a1f\u0a3e\u0a30\u0a15 (100% \u0a21\u0a3f\u0a0a\u0a1f\u0a40 \u0a1a\u0a71\u0a15\u0a30): 32 Nm<br \/>\n\u0a21\u0a4d\u0a30\u0a2e \u0a07\u0a70\u0a21\u0a48\u0a15\u0a38\u0a3f\u0a70\u0a17 \u0a38\u0a2e\u0a3e\u0a02: 0.65 \u0a38\u0a15\u0a3f\u0a70\u0a1f<\/p>\n<p>\u0a15\u0a3e\u0a0a\u0a02\u0a1f\u0a30 \u0a38\u0a2a\u0a3f\u0a70\u0a21\u0a32 \u0a2a\u0a3f\u0a15-\u0a05\u0a71\u0a2a \u0a38\u0a2a\u0a3f\u0a70\u0a21\u0a32<br \/>\n\u0a28\u0a70\u0a2c\u0a30: 2 (X\/Y\/Z \u0a27\u0a41\u0a30\u0a3f\u0a06\u0a02 \u0a26\u0a47 \u0a28\u0a3e\u0a32 C \u0a27\u0a41\u0a30\u0a47)<br \/>\n\u0a2e\u0a4b\u0a30\u0a40 \u0a30\u0a3e\u0a39\u0a40\u0a02: \u00d8 40 \u0a2e\u0a3f\u0a32\u0a40\u0a2e\u0a40\u0a1f\u0a30<br \/>\n\u0a38\u0a2a\u0a40\u0a21: 7,500 \u0a06\u0a30\u0a2a\u0a40\u0a10\u0a2e<br \/>\n\u0a21\u0a30\u0a3e\u0a08\u0a35 \u0a2a\u0a3e\u0a35\u0a30: 13.3 \u0a15\u0a3f\u0a32\u0a4b\u0a35\u0a3e\u0a1f<br \/>\n\u0a1f\u0a3e\u0a30\u0a15: 32 Nm<br \/>\n\u0a2f\u0a3e\u0a24\u0a30\u0a3e \u0a26\u0a42\u0a30\u0a40 (Z7\u2013Z8): 410 \u0a2e\u0a3f\u0a32\u0a40\u0a2e\u0a40\u0a1f\u0a30<br \/>\n\u0a2f\u0a3e\u0a24\u0a30\u0a3e (X7-X8 \/ Y7-Y8): 277 \/ 312 \u0a2e\u0a3f\u0a32\u0a40\u0a2e\u0a40\u0a1f\u0a30<br \/>\n\u0a24\u0a47\u0a1c\u0a3c \u0a1f\u0a4d\u0a30\u0a48\u0a35\u0a30\u0a38 \u0a38\u0a2a\u0a40\u0a21: 40 \u0a2e\u0a40\u0a1f\u0a30\/\u0a2e\u0a3f\u0a70\u0a1f<\/p>\n<p>\u0a15\u0a30\u0a3e\u0a38 \u0a38\u0a32\u0a3e\u0a08\u0a21 &#039;\u0a24\u0a47 \u0a1f\u0a42\u0a32 \u0a39\u0a4b\u0a32\u0a21\u0a30<br \/>\n\u0a14\u0a1c\u0a3c\u0a3e\u0a30\u0a3e\u0a02 \u0a26\u0a40 \u0a35\u0a71\u0a27 \u0a24\u0a4b\u0a02 \u0a35\u0a71\u0a27 \u0a17\u0a3f\u0a23\u0a24\u0a40: 3<br \/>\n\u0a17\u0a24\u0a40: 3,900 \/ 8,000 \/ 13,800 rpm<br \/>\n\u0a21\u0a30\u0a3e\u0a08\u0a35 \u0a2a\u0a3e\u0a35\u0a30 (100% \u0a21\u0a3f\u0a0a\u0a1f\u0a40 \u0a1a\u0a71\u0a15\u0a30): 0.9 kW<br \/>\n\u0a1f\u0a3e\u0a30\u0a15 (100% \u0a21\u0a3f\u0a0a\u0a1f\u0a40 \u0a1a\u0a71\u0a15\u0a30): 5.8 \/ 2.9 \/ 1.7 Nm<br \/>\n\u0a2f\u0a3e\u0a24\u0a30\u0a3e \u0a26\u0a42\u0a30\u0a40 (X1\u2013X6 \/ Y1\u2013Y6): 50 \/ 100 \u0a2e\u0a3f\u0a32\u0a40\u0a2e\u0a40\u0a1f\u0a30<br \/>\n\u0a24\u0a47\u0a1c\u0a3c \u0a1f\u0a4d\u0a30\u0a48\u0a35\u0a30\u0a38 \u0a38\u0a2a\u0a40\u0a21: 20 \u0a2e\u0a40\u0a1f\u0a30\/\u0a2e\u0a3f\u0a70\u0a1f<br \/>\n\u0a2a\u0a3f\u0a1b\u0a32\u0a40 \u0a2e\u0a38\u0a3c\u0a40\u0a28\u0a3f\u0a70\u0a17 \u0a32\u0a08 \u0a38\u0a32\u0a47\u0a21<br \/>\n\u0a17\u0a24\u0a40 (U7\u2013U8): 3,900 \/ 8,000 \/ 13,800 \u0a2e\u0a3f\u0a70\u0a1f\u207b\u00b9<br \/>\n\u0a21\u0a30\u0a3e\u0a08\u0a35 \u0a2a\u0a3e\u0a35\u0a30: 0.9 \u0a15\u0a3f\u0a32\u0a4b\u0a35\u0a3e\u0a1f<br \/>\n\u0a1f\u0a3e\u0a30\u0a15: 5.8 \/ 2.9 \/ 1.7 Nm<br \/>\n\u0a15\u0a70\u0a1f\u0a30\u0a4b\u0a32 \u0a21\u0a3f\u0a38\u0a2a\u0a32\u0a47: 15\u2033 \u0a30\u0a70\u0a17 \u0a21\u0a3f\u0a38\u0a2a\u0a32\u0a47 (\u00d72)<br \/>\n\u0a15\u0a32\u0a48\u0a02\u0a2a\u0a3f\u0a70\u0a17 \u0a38\u0a3f\u0a38\u0a1f\u0a2e: \u0a39\u0a48\u0a28\u0a2c\u0a41\u0a1a TOPlus 40 \u0a10\u0a15\u0a38\u0a32-\u0a2b\u0a3f\u0a15\u0a38\u0a21 \u0a15\u0a4b\u0a32\u0a47\u0a1f \u0a1a\u0a71\u0a15 \u0a39\u0a4b\u0a32\u0a21\u0a30<\/p>\n<p>\u0a32\u0a3f\u0a2b\u0a1f\u0a3f\u0a70\u0a17 \u0a2a\u0a70\u0a2a \u0a26\u0a47 \u0a28\u0a3e\u0a32 \u0a39\u0a3f\u0a70\u0a17\u0a21 \u0a2c\u0a48\u0a32\u0a1f \u0a1a\u0a3f\u0a71\u0a2a \u0a15\u0a28\u0a35\u0a47\u0a05\u0a30<br \/>\n\u0a24\u0a47\u0a32 \u0a32\u0a08 \u0a09\u0a71\u0a1a-\u0a26\u0a2c\u0a3e\u0a05 \u0a2a\u0a4d\u0a30\u0a23\u0a3e\u0a32\u0a40 (\u0a2b\u0a3f\u0a32\u0a1f\u0a30 50 \/ 25 \u00b5m, \u0a2a\u0a70\u0a2a 5\/12 MPa)<br \/>\n\u0a15\u0a08 \u0a24\u0a30\u0a4d\u0a39\u0a3e\u0a02 \u0a26\u0a47 \u0a1f\u0a42\u0a32 \u0a39\u0a4b\u0a32\u0a21\u0a30<br \/>\n\u0a05\u0a71\u0a17 \u0a2c\u0a41\u0a1d\u0a3e\u0a09\u0a23 \u0a35\u0a3e\u0a32\u0a3e \u0a38\u0a3f\u0a38\u0a1f\u0a2e<br \/>\n\u0a2c\u0a3e\u0a30 \u0a32\u0a4b\u0a21\u0a3f\u0a70\u0a17 \u0a2e\u0a48\u0a17\u0a1c\u0a3c\u0a40\u0a28 (\u0a2b\u0a32\u0a48\u0a1f \u0a32\u0a4b\u0a21\u0a30 \u0a21\u0a3f\u0a1c\u0a3c\u0a3e\u0a08\u0a28)<br \/>\n\u0a35\u0a30\u0a15\u0a2a\u0a40\u0a38 \u0a32\u0a4b\u0a21\u0a3f\u0a70\u0a17 \u0a38\u0a3f\u0a38\u0a1f\u0a2e<\/p>\n<p>\u0a07\u0a39 \u0a2e\u0a38\u0a3c\u0a40\u0a28 \u0a2a\u0a42\u0a30\u0a40 \u0a24\u0a30\u0a4d\u0a39\u0a3e\u0a02 \u0a15\u0a70\u0a2e \u0a15\u0a30\u0a26\u0a40 \u0a39\u0a48, \u0a2c\u0a3f\u0a1c\u0a32\u0a40 \u0a05\u0a24\u0a47 \u0a2e\u0a15\u0a48\u0a28\u0a40\u0a15\u0a32 \u0a26\u0a4b\u0a35\u0a47\u0a02 \u0a24\u0a30\u0a4d\u0a39\u0a3e\u0a02 \u0a28\u0a3e\u0a32, \u0a05\u0a24\u0a47 \u0a07\u0a38\u0a28\u0a42\u0a70 \u0a2c\u0a3f\u0a1c\u0a32\u0a40 \u0a26\u0a47 \u0a39\u0a47\u0a20\u0a3e\u0a02 \u0a2e\u0a41\u0a32\u0a3e\u0a15\u0a3e\u0a24 \u0a26\u0a41\u0a06\u0a30\u0a3e \u0a26\u0a47\u0a16\u0a3f\u0a06 \u0a1c\u0a3e \u0a38\u0a15\u0a26\u0a3e \u0a39\u0a48\u0964.<br \/>\n\u0a24\u0a15\u0a28\u0a40\u0a15\u0a40 \u0a21\u0a47\u0a1f\u0a3e \u0a05\u0a24\u0a47 \u0a35\u0a3f\u0a38\u0a3c\u0a47\u0a38\u0a3c\u0a24\u0a3e\u0a35\u0a3e\u0a02 \u0a35\u0a3f\u0a71\u0a1a \u0a2c\u0a26\u0a32\u0a3e\u0a05 \u0a05\u0a24\u0a47 \u0a17\u0a32\u0a24\u0a40\u0a06\u0a02 \u0a26\u0a47 \u0a05\u0a27\u0a40\u0a28, \u0a28\u0a3e\u0a32 \u0a39\u0a40 \u0a35\u0a3f\u0a15\u0a30\u0a40 \u0a24\u0a4b\u0a02 \u0a2a\u0a39\u0a3f\u0a32\u0a3e\u0a02!<\/p>","protected":false},"excerpt":{"rendered":"<p>Standort: Deutschland, Baden-W\u00fcrttemberg S\u00fcdwest Zustand: Neuwertig Hersteller: DMG Modell: MULTISPRINT MS36-2 Baujahr: 2018 Betriebsstunden: 31241 CNC-DMG Gildemeister MULTISPRINT 36 \/ SWISSTYPE-Bearbeitung bis 170 mm Drehl\u00e4nge Baujahr: 2018 Betriebsstunden: 47548 Bearbeitungszeit: 31241 Stand: Oktober 2025 Steuerung: Fanuc 30i B H\u00f6chste Flexibilit\u00e4t der MULTISPRINT dank ihrer Modularit\u00e4t und ihrer Y-Achsen in jeder Postion Einsatz angetriebener Werkzeuge auf [&hellip;]<\/p>\n","protected":false},"featured_media":4346,"comment_status":"open","ping_status":"closed","template":"","meta":{"_uf_show_specific_survey":0,"_uf_disable_surveys":false},"product_brand":[],"product_cat":[108],"product_tag":[],"class_list":{"0":"post-4333","1":"product","2":"type-product","3":"status-publish","4":"has-post-thumbnail","6":"product_cat-mehrspindler","8":"first","9":"instock","10":"taxable","11":"shipping-taxable","12":"product-type-simple"},"aioseo_notices":[],"_links":{"self":[{"href":"https:\/\/mueller-wrh.de\/pa\/wp-json\/wp\/v2\/product\/4333","targetHints":{"allow":["GET"]}}],"collection":[{"href":"https:\/\/mueller-wrh.de\/pa\/wp-json\/wp\/v2\/product"}],"about":[{"href":"https:\/\/mueller-wrh.de\/pa\/wp-json\/wp\/v2\/types\/product"}],"replies":[{"embeddable":true,"href":"https:\/\/mueller-wrh.de\/pa\/wp-json\/wp\/v2\/comments?post=4333"}],"wp:featuredmedia":[{"embeddable":true,"href":"https:\/\/mueller-wrh.de\/pa\/wp-json\/wp\/v2\/media\/4346"}],"wp:attachment":[{"href":"https:\/\/mueller-wrh.de\/pa\/wp-json\/wp\/v2\/media?parent=4333"}],"wp:term":[{"taxonomy":"product_brand","embeddable":true,"href":"https:\/\/mueller-wrh.de\/pa\/wp-json\/wp\/v2\/product_brand?post=4333"},{"taxonomy":"product_cat","embeddable":true,"href":"https:\/\/mueller-wrh.de\/pa\/wp-json\/wp\/v2\/product_cat?post=4333"},{"taxonomy":"product_tag","embeddable":true,"href":"https:\/\/mueller-wrh.de\/pa\/wp-json\/wp\/v2\/product_tag?post=4333"}],"curies":[{"name":"\u0a21\u0a2c\u0a32\u0a2f\u0a42\u0a2a\u0a40","href":"https:\/\/api.w.org\/{rel}","templated":true}]}}