{"id":3804,"date":"2025-09-03T14:36:14","date_gmt":"2025-09-03T14:36:14","guid":{"rendered":"https:\/\/mueller-wrh.de\/produkt\/lta-lufttechnik-e120-bsc-2-h-intnr231359\/"},"modified":"2025-09-03T14:38:18","modified_gmt":"2025-09-03T14:38:18","slug":"lta-lufttechnik-e120-bsc-2-h-intnr231359","status":"publish","type":"product","link":"https:\/\/mueller-wrh.de\/pa\/product\/lta-lufttechnik-e120-bsc-2-h-intnr231359\/","title":{"rendered":"LTA Lufttechnik E120 BSC-2-H, IntNr231359"},"content":{"rendered":"<p><b>\u0a38\u0a25\u0a3e\u0a28:<\/b> \u0a1c\u0a30\u0a2e\u0a28\u0a40, \u0a2c\u0a3e\u0a21\u0a47\u0a28-\u0a35\u0a30\u0a1f\u0a2e\u0a2c\u0a30\u0a17 \u0a26\u0a71\u0a16\u0a23-\u0a2a\u0a71\u0a1b\u0a2e<\/p>\n<p><b>\u0a39\u0a3e\u0a32\u0a24:<\/b> \u0a28\u0a35\u0a3e\u0a02<\/p>\n<p><b>\u0a28\u0a3f\u0a30\u0a2e\u0a3e\u0a24\u0a3e:<\/b> \u0a10\u0a32\u0a1f\u0a40\u0a0f<\/p>\n<p><b>\u0a2e\u0a3e\u0a21\u0a32:<\/b> E120 BSC-2-H \u0a32\u0a08 \u0a16\u0a30\u0a40\u0a26\u0a26\u0a3e\u0a30\u0a40<\/p>\n<p><b>\u0a15\u0a70\u0a2e\u0a15\u0a3e\u0a1c\u0a40 \u0a18\u0a70\u0a1f\u0a47:<\/b> 0<\/p>\n<p>\u0a2b\u0a3f\u0a32\u0a1f\u0a30\u0a47\u0a38\u0a3c\u0a28 \u0a38\u0a3f\u0a38\u0a1f\u0a2e E 120-BSC-2-H<br \/>\n\u0a24\u0a47\u0a32\/\u0a07\u0a2e\u0a32\u0a38\u0a3c\u0a28 \u0a2e\u0a3f\u0a38\u0a1f \u0a10\u0a15\u0a38\u0a1f\u0a30\u0a48\u0a15\u0a38\u0a3c\u0a28 \u0a38\u0a3f\u0a38\u0a1f\u0a2e<\/p>\n<p>\u0a35\u0a3f\u0a38\u0a3c\u0a47\u0a38\u0a3c\u0a24\u0a3e\u0a35\u0a3e\u0a02 \/ \u0a35\u0a3f\u0a38\u0a3c\u0a47\u0a38\u0a3c\u0a24\u0a3e\u0a35\u0a3e\u0a02:<br \/>\n\u0a38\u0a47\u0a35\u0a3e \u0a26\u0a30\u0a35\u0a3e\u0a1c\u0a3c\u0a47 \u0a26\u0a40 \u0a16\u0a41\u0a71\u0a32\u0a4d\u0a39\u0a23 \u0a26\u0a40 \u0a26\u0a3f\u0a38\u0a3c\u0a3e: \u0a35\u0a39\u0a3e\u0a05 \u0a26\u0a3f\u0a38\u0a3c\u0a3e \u0a35\u0a3f\u0a71\u0a1a TOP<br \/>\n\u0a0f\u0a05\u0a30 \u0a06\u0a0a\u0a1f\u0a32\u0a48\u0a71\u0a1f: \u0a30\u0a47\u0a21\u0a40\u0a05\u0a32<br \/>\n\u0a2a\u0a4d\u0a30\u0a40-\u0a2b\u0a3f\u0a32\u0a1f\u0a30 \u0a05\u0a24\u0a47 \u0a28\u0a3f\u0a0a\u0a1f\u0a4d\u0a30\u0a32\u0a3e\u0a08\u0a1c\u0a3c\u0a47\u0a38\u0a3c\u0a28 \u0a2b\u0a3f\u0a32\u0a1f\u0a30 \u0a2e\u0a15\u0a48\u0a28\u0a40\u0a15\u0a32 \u0a26\u0a47 \u0a28\u0a3e\u0a32 \u0a28\u0a3e\u0a32:<br \/>\n\u0a10\u0a30\u0a4b\u0a38\u0a4b\u0a32 \u0a32\u0a08 \u0a26\u0a4b \u0a07\u0a32\u0a48\u0a15\u0a1f\u0a4d\u0a30\u0a4b\u0a38\u0a1f\u0a48\u0a1f\u0a3f\u0a15 \u0a2b\u0a3f\u0a32\u0a1f\u0a30\u0a47\u0a38\u0a3c\u0a28 \u0a2a\u0a5c\u0a3e\u0a05 \u0a1c\u0a3f\u0a38 \u0a35\u0a3f\u0a71\u0a1a \u0a38\u0a3c\u0a3e\u0a2e\u0a32 \u0a39\u0a28<br \/>\n\u0a24\u0a4b\u0a02 \u0a2c\u0a3e\u0a39\u0a30<br \/>\n\u0a06\u0a07\u0a13\u0a28\u0a3e\u0a08\u0a1c\u0a3c\u0a30 \u0a05\u0a24\u0a47 \u0a15\u0a41\u0a32\u0a48\u0a15\u0a1f\u0a30<br \/>\n- \u0a10\u0a21\u0a1c\u0a38\u0a1f\u0a47\u0a2c\u0a32 \u0a2a\u0a71\u0a16\u0a3e (ErP-\u0a30\u0a48\u0a21\u0a40)<br \/>\n- \u0a35\u0a30\u0a24\u0a4b\u0a02 \u0a32\u0a08 \u0a24\u0a3f\u0a06\u0a30 \u0a38\u0a42\u0a1a\u0a15<br \/>\n- EN 60204 \u0a26\u0a47 \u0a05\u0a28\u0a41\u0a38\u0a3e\u0a30 \u0a2c\u0a3f\u0a1c\u0a32\u0a40 \u0a2a\u0a4d\u0a30\u0a23\u0a3e\u0a32\u0a40<br \/>\n- \u0a2a\u0a42\u0a30\u0a47 \u0a38\u0a3f\u0a38\u0a1f\u0a2e \u0a28\u0a42\u0a70 \u0a35\u0a48\u0a27 \u0a05\u0a28\u0a41\u0a38\u0a3e\u0a30 \u0a32\u0a3e\u0a17\u0a42 \u0a15\u0a30\u0a28\u0a3e<br \/>\n  \u0a2e\u0a38\u0a3c\u0a40\u0a28\u0a30\u0a40 \u0a28\u0a3f\u0a30\u0a26\u0a47\u0a38\u0a3c <\/p>\n<p>\u0a24\u0a15\u0a28\u0a40\u0a15\u0a40 \u0a21\u0a47\u0a1f\u0a3e:<br \/>\n\u0a2c\u0a32\u0a4b\u0a05\u0a30 \u0a38\u0a2e\u0a30\u0a71\u0a25\u0a3e: 2400 m\u00b3\/h (\u0a2e\u0a41\u0a2b\u0a3c\u0a24 \u0a2c\u0a32\u0a4b\u0a07\u0a70\u0a17)<br \/>\n\u0a15\u0a71\u0a22\u0a23 \u0a26\u0a40 \u0a38\u0a2e\u0a30\u0a71\u0a25\u0a3e: 1200 m\u00b3\/h \u0a24\u0a71\u0a15<br \/>\n\u0a13\u0a2a\u0a30\u0a47\u0a1f\u0a3f\u0a70\u0a17 \u0a35\u0a4b\u0a32\u0a1f\u0a47\u0a1c: 230V +\/-10 % (207-253V)<br \/>\n\u0a2c\u0a3e\u0a30\u0a70\u0a2c\u0a3e\u0a30\u0a24\u0a3e: 50-60 Hz<br \/>\n\u0a1c\u0a41\u0a5c\u0a3f\u0a06 \u0a39\u0a4b\u0a07\u0a06 \u0a32\u0a4b\u0a21: 0.93 kVA<br \/>\n\u0a35\u0a3f\u0a2d\u0a3f\u0a70\u0a28 \u0a26\u0a2c\u0a3e\u0a05: 840 \u0a2a\u0a3e<br \/>\n\u0a27\u0a41\u0a28\u0a40 \u0a26\u0a2c\u0a3e\u0a05 \u0a26\u0a3e \u0a2a\u0a71\u0a27\u0a30: \u0a32\u0a17\u0a2d\u0a17 70 dB<br \/>\n\u0a24\u0a3e\u0a2a\u0a2e\u0a3e\u0a28: \u0a35\u0a71\u0a27 \u0a24\u0a4b\u0a02 \u0a35\u0a71\u0a27 40 \u00b0C<br \/>\n\u0a38\u0a41\u0a30\u0a71\u0a16\u0a3f\u0a06 \u0a38\u0a3c\u0a4d\u0a30\u0a47\u0a23\u0a40: IP 54<br \/>\n\u0a2e\u0a3e\u0a2a (L x W x H): 1130 x 660 x 610 \u0a2e\u0a3f\u0a32\u0a40\u0a2e\u0a40\u0a1f\u0a30 <\/p>\n<p>\u0a2d\u0a3e\u0a30: \u0a32\u0a17\u0a2d\u0a17 110 \u0a15\u0a3f\u0a32\u0a4b\u0a17\u0a4d\u0a30\u0a3e\u0a2e <\/p>\n<p>\u0a35\u0a3e\u0a30\u0a70\u0a1f\u0a40: \u0a2a\u0a4d\u0a30\u0a2c\u0a70\u0a27 \u0a26\u0a41\u0a06\u0a30\u0a3e<br \/>\n\u0a2a\u0a47\u0a02\u0a1f \u0a2b\u0a3f\u0a28\u0a3f\u0a38\u0a3c: RAL 7035 (\u0a39\u0a32\u0a15\u0a3e \u0a38\u0a32\u0a47\u0a1f\u0a40) \u0a1c\u0a3e\u0a02 (\u0a35\u0a3f\u0a35\u0a38\u0a25\u0a3e \u0a05\u0a28\u0a41\u0a38\u0a3e\u0a30)<br \/>\n\u0a21\u0a3f\u0a32\u0a40\u0a35\u0a30\u0a40 \u0a38\u0a2e\u0a3e\u0a02: \u0a2a\u0a4d\u0a30\u0a2c\u0a70\u0a27 \u0a05\u0a28\u0a41\u0a38\u0a3e\u0a30<\/p>\n<p>\u0a24\u0a15\u0a28\u0a40\u0a15\u0a40 \u0a21\u0a47\u0a1f\u0a3e \u0a05\u0a24\u0a47 \u0a1c\u0a3e\u0a23\u0a15\u0a3e\u0a30\u0a40 \u0a26\u0a47 \u0a28\u0a3e\u0a32-\u0a28\u0a3e\u0a32 \u0a2a\u0a39\u0a3f\u0a32\u0a3e\u0a02 \u0a26\u0a40 \u0a35\u0a3f\u0a15\u0a30\u0a40 \u0a35\u0a3f\u0a71\u0a1a \u0a24\u0a2c\u0a26\u0a40\u0a32\u0a40\u0a06\u0a02 \u0a05\u0a24\u0a47 \u0a17\u0a32\u0a24\u0a40\u0a06\u0a02 \u0a26\u0a47 \u0a05\u0a27\u0a40\u0a28!<\/p>\n<p>\u0a2b\u0a3f\u0a32\u0a1f\u0a30\u0a47\u0a38\u0a3c\u0a28 \u0a38\u0a3f\u0a38\u0a1f\u0a2e E 120-BSC-2-H<br \/>\n\u0a24\u0a47\u0a32\/\u0a07\u0a2e\u0a32\u0a38\u0a3c\u0a28 \u0a2e\u0a3f\u0a38\u0a1f \u0a10\u0a15\u0a38\u0a1f\u0a30\u0a48\u0a15\u0a38\u0a3c\u0a28 \u0a2f\u0a42\u0a28\u0a3f\u0a1f<\/p>\n<p>\u0a35\u0a3f\u0a38\u0a3c\u0a47\u0a38\u0a3c\u0a24\u0a3e\u0a35\u0a3e\u0a02 \/ \u0a35\u0a3f\u0a38\u0a3c\u0a47\u0a38\u0a3c\u0a24\u0a3e\u0a35\u0a3e\u0a02:<\/p>\n<p>\u0a38\u0a47\u0a35\u0a3e \u0a26\u0a30\u0a35\u0a3e\u0a1c\u0a3c\u0a3e \u0a16\u0a4b\u0a32\u0a4d\u0a39\u0a23 \u0a26\u0a40 \u0a26\u0a3f\u0a38\u0a3c\u0a3e: \u0a35\u0a39\u0a3e\u0a05 \u0a26\u0a3f\u0a38\u0a3c\u0a3e \u0a35\u0a3f\u0a71\u0a1a \u0a09\u0a71\u0a2a\u0a30<\/p>\n<p>\u0a0f\u0a05\u0a30 \u0a06\u0a0a\u0a1f\u0a32\u0a48\u0a71\u0a1f: \u0a30\u0a47\u0a21\u0a40\u0a05\u0a32<\/p>\n<p>\u0a2a\u0a4d\u0a30\u0a40-\u0a2b\u0a3f\u0a32\u0a1f\u0a30 \u0a05\u0a24\u0a47 \u0a2e\u0a15\u0a48\u0a28\u0a40\u0a15\u0a32 \u0a28\u0a3f\u0a0a\u0a1f\u0a4d\u0a30\u0a32\u0a3e\u0a08\u0a1c\u0a3c\u0a47\u0a38\u0a3c\u0a28 \u0a2b\u0a3f\u0a32\u0a1f\u0a30 \u0a26\u0a47 \u0a28\u0a3e\u0a32-\u0a28\u0a3e\u0a32:<br \/>\n\u0a10\u0a30\u0a4b\u0a38\u0a4b\u0a32 \u0a32\u0a08 \u0a26\u0a4b \u0a07\u0a32\u0a48\u0a15\u0a1f\u0a4d\u0a30\u0a4b\u0a38\u0a1f\u0a48\u0a1f\u0a3f\u0a15 \u0a2b\u0a3f\u0a32\u0a1f\u0a30\u0a47\u0a38\u0a3c\u0a28 \u0a2a\u0a5c\u0a3e\u0a05 \u0a1c\u0a3f\u0a38 \u0a35\u0a3f\u0a71\u0a1a \u0a38\u0a3c\u0a3e\u0a2e\u0a32 \u0a39\u0a28<br \/>\n\u0a06\u0a07\u0a13\u0a28\u0a3e\u0a08\u0a1c\u0a3c\u0a30 \u0a05\u0a24\u0a47 \u0a15\u0a41\u0a32\u0a48\u0a15\u0a1f\u0a30<\/p>\n<p>\u0a10\u0a21\u0a1c\u0a38\u0a1f\u0a47\u0a2c\u0a32 \u0a2a\u0a71\u0a16\u0a3e (ErP-\u0a24\u0a3f\u0a06\u0a30)<\/p>\n<p>\u0a15\u0a3e\u0a30\u0a1c\u0a38\u0a3c\u0a40\u0a32 \u0a38\u0a25\u0a3f\u0a24\u0a40 \u0a38\u0a42\u0a1a\u0a15<\/p>\n<p>EN 60204 \u0a26\u0a47 \u0a05\u0a28\u0a41\u0a38\u0a3e\u0a30 \u0a2c\u0a3f\u0a1c\u0a32\u0a40 \u0a2a\u0a4d\u0a30\u0a23\u0a3e\u0a32\u0a40<\/p>\n<p>\u0a2a\u0a42\u0a30\u0a3e \u0a38\u0a3f\u0a38\u0a1f\u0a2e \u0a2e\u0a4c\u0a1c\u0a42\u0a26\u0a3e \u0a26\u0a40 \u0a2a\u0a3e\u0a32\u0a23\u0a3e \u0a35\u0a3f\u0a71\u0a1a \u0a24\u0a3f\u0a06\u0a30 \u0a15\u0a40\u0a24\u0a3e \u0a17\u0a3f\u0a06 \u0a39\u0a48<br \/>\n\u0a2e\u0a38\u0a3c\u0a40\u0a28\u0a30\u0a40 \u0a28\u0a3f\u0a30\u0a26\u0a47\u0a38\u0a3c<\/p>\n<p>\u0a24\u0a15\u0a28\u0a40\u0a15\u0a40 \u0a21\u0a47\u0a1f\u0a3e:<\/p>\n<p>\u0a2a\u0a71\u0a16\u0a47 \u0a26\u0a40 \u0a38\u0a2e\u0a30\u0a71\u0a25\u0a3e: 2400 m\u00b3\/h (\u0a2e\u0a41\u0a2b\u0a3c\u0a24 \u0a09\u0a21\u0a3e\u0a09\u0a23)<\/p>\n<p>\u0a15\u0a71\u0a22\u0a23 \u0a26\u0a40 \u0a38\u0a2e\u0a30\u0a71\u0a25\u0a3e: 1200 m\u00b3\/h \u0a24\u0a71\u0a15<\/p>\n<p>\u0a13\u0a2a\u0a30\u0a47\u0a1f\u0a3f\u0a70\u0a17 \u0a35\u0a4b\u0a32\u0a1f\u0a47\u0a1c: 230V +\/-10 % (207-253V)<\/p>\n<p>\u0a2c\u0a3e\u0a30\u0a70\u0a2c\u0a3e\u0a30\u0a24\u0a3e: 50-60 Hz<\/p>\n<p>\u0a2c\u0a3f\u0a1c\u0a32\u0a40 \u0a26\u0a40 \u0a16\u0a2a\u0a24: 0.93 kVA<\/p>\n<p>\u0a35\u0a3f\u0a2d\u0a3f\u0a70\u0a28 \u0a26\u0a2c\u0a3e\u0a05: 840 \u0a2a\u0a3e<\/p>\n<p>\u0a27\u0a41\u0a28\u0a40 \u0a26\u0a2c\u0a3e\u0a05 \u0a26\u0a3e \u0a2a\u0a71\u0a27\u0a30: \u0a32\u0a17\u0a2d\u0a17 70dB<\/p>\n<p>\u0a24\u0a3e\u0a2a\u0a2e\u0a3e\u0a28: \u0a35\u0a71\u0a27 \u0a24\u0a4b\u0a02 \u0a35\u0a71\u0a27 40 \u00b0C<\/p>\n<p>\u0a38\u0a41\u0a30\u0a71\u0a16\u0a3f\u0a06 \u0a38\u0a3c\u0a4d\u0a30\u0a47\u0a23\u0a40: IP 54<\/p>\n<p>\u0a2e\u0a3e\u0a2a (L x W x H): 1130 x 660 x 610 \u0a2e\u0a3f\u0a32\u0a40\u0a2e\u0a40\u0a1f\u0a30<\/p>\n<p>\u0a2d\u0a3e\u0a30: \u0a32\u0a17\u0a2d\u0a17 110 \u0a15\u0a3f\u0a32\u0a4b\u0a17\u0a4d\u0a30\u0a3e\u0a2e<\/p>\n<p>\u0a35\u0a3e\u0a30\u0a70\u0a1f\u0a40: \u0a38\u0a2e\u0a1d\u0a4c\u0a24\u0a47 \u0a26\u0a41\u0a06\u0a30\u0a3e<\/p>\n<p>\u0a2a\u0a47\u0a02\u0a1f \u0a2b\u0a3f\u0a28\u0a3f\u0a38\u0a3c: RAL 7035 (\u0a39\u0a32\u0a15\u0a3e \u0a38\u0a32\u0a47\u0a1f\u0a40) \u0a1c\u0a3e\u0a02 (\u0a38\u0a39\u0a3f\u0a2e\u0a24\u0a40 \u0a28\u0a3e\u0a32)<\/p>\n<p>\u0a21\u0a3f\u0a32\u0a40\u0a35\u0a30\u0a40 \u0a38\u0a2e\u0a3e\u0a02: \u0a38\u0a2e\u0a1d\u0a4c\u0a24\u0a47 \u0a05\u0a28\u0a41\u0a38\u0a3e\u0a30<\/p>\n<p>\u0a24\u0a15\u0a28\u0a40\u0a15\u0a40 \u0a21\u0a47\u0a1f\u0a3e \u0a05\u0a24\u0a47 \u0a35\u0a3f\u0a38\u0a3c\u0a47\u0a38\u0a3c\u0a24\u0a3e\u0a35\u0a3e\u0a02 \u0a2c\u0a26\u0a32\u0a3e\u0a35 \u0a26\u0a47 \u0a05\u0a27\u0a40\u0a28 \u0a39\u0a28, \u0a17\u0a32\u0a24\u0a40\u0a06\u0a02 \u0a28\u0a42\u0a70 \u0a1b\u0a71\u0a21 \u0a26\u0a3f\u0a71\u0a24\u0a3e \u0a17\u0a3f\u0a06 \u0a39\u0a48, \u0a05\u0a24\u0a47 \u0a35\u0a3f\u0a15\u0a30\u0a40 \u0a24\u0a4b\u0a02 \u0a2a\u0a39\u0a3f\u0a32\u0a3e\u0a02 \u0a30\u0a3e\u0a16\u0a35\u0a3e\u0a02 \u0a30\u0a71\u0a16\u0a3f\u0a06 \u0a17\u0a3f\u0a06 \u0a39\u0a48\u0964<\/p>","protected":false},"excerpt":{"rendered":"<p>Standort: Deutschland, Baden-W\u00fcrttemberg S\u00fcdwest Zustand: Neu Hersteller: LTA Modell: E120 BSC-2-H Betriebsstunden: 0 Filtrationssystem E 120-BSC-2-H \u00d6l-\/Emulsionsnebel-Abzugsanlagen EIGENSCHAFTEN \/ MERKMALE: \u00d6ffnungsrichtung Servicet\u00fcr: in Str\u00f6mungsrichtung OBEN Luftauslass : RADIAL mit Vorfilter und Neutralisationsfilter mechanisch sowie: zwei elektrostatischen Filtrationsstufen f\u00fcr Aerosole bestehend aus Ionisatoren und Kollektoren &#8211; Regelbares Gebl\u00e4se (ErP-Ready) &#8211; Anzeige Betriebsbereit &#8211; Elektrik nach EN [&hellip;]<\/p>\n","protected":false},"featured_media":3805,"comment_status":"open","ping_status":"closed","template":"","meta":{"_uf_show_specific_survey":0,"_uf_disable_surveys":false},"product_brand":[],"product_cat":[19],"product_tag":[],"class_list":{"0":"post-3804","1":"product","2":"type-product","3":"status-publish","4":"has-post-thumbnail","6":"product_cat-oel-emulsionsnebel-abzugsanlagen","8":"first","9":"instock","10":"taxable","11":"shipping-taxable","12":"purchasable","13":"product-type-simple"},"aioseo_notices":[],"_links":{"self":[{"href":"https:\/\/mueller-wrh.de\/pa\/wp-json\/wp\/v2\/product\/3804","targetHints":{"allow":["GET"]}}],"collection":[{"href":"https:\/\/mueller-wrh.de\/pa\/wp-json\/wp\/v2\/product"}],"about":[{"href":"https:\/\/mueller-wrh.de\/pa\/wp-json\/wp\/v2\/types\/product"}],"replies":[{"embeddable":true,"href":"https:\/\/mueller-wrh.de\/pa\/wp-json\/wp\/v2\/comments?post=3804"}],"wp:featuredmedia":[{"embeddable":true,"href":"https:\/\/mueller-wrh.de\/pa\/wp-json\/wp\/v2\/media\/3805"}],"wp:attachment":[{"href":"https:\/\/mueller-wrh.de\/pa\/wp-json\/wp\/v2\/media?parent=3804"}],"wp:term":[{"taxonomy":"product_brand","embeddable":true,"href":"https:\/\/mueller-wrh.de\/pa\/wp-json\/wp\/v2\/product_brand?post=3804"},{"taxonomy":"product_cat","embeddable":true,"href":"https:\/\/mueller-wrh.de\/pa\/wp-json\/wp\/v2\/product_cat?post=3804"},{"taxonomy":"product_tag","embeddable":true,"href":"https:\/\/mueller-wrh.de\/pa\/wp-json\/wp\/v2\/product_tag?post=3804"}],"curies":[{"name":"\u0a21\u0a2c\u0a32\u0a2f\u0a42\u0a2a\u0a40","href":"https:\/\/api.w.org\/{rel}","templated":true}]}}