{"id":3473,"date":"2025-05-13T12:51:46","date_gmt":"2025-05-13T12:51:46","guid":{"rendered":"https:\/\/mueller-wrh.de\/produkt\/schunk-rota-2b-160-zwei-backen-keilspannfutter-schunk-rota-2b-160-two-jaw-wedge-style-power-chuck-intnr231294\/"},"modified":"2025-05-13T12:51:46","modified_gmt":"2025-05-13T12:51:46","slug":"schunk-rota-2b-160-zwei-backen-keilspannfutter-schunk-rota-2b-160-two-jaw-wedge-style-power-chuck-intnr231294","status":"publish","type":"product","link":"https:\/\/mueller-wrh.de\/pa\/product\/schunk-rota-2b-160-zwei-backen-keilspannfutter-schunk-rota-2b-160-two-jaw-wedge-style-power-chuck-intnr231294\/","title":{"rendered":"\u0a38\u0a3c\u0a70\u0a15 \u0a30\u0a4b\u0a1f\u0a3e 2\u0a2c\u0a40 160 \u0a26\u0a4b-\u0a1c\u0a4c \u0a35\u0a47\u0a1c-\u0a38\u0a1f\u0a3e\u0a08\u0a32 \u0a2a\u0a3e\u0a35\u0a30 \u0a1a\u0a71\u0a15 \/ \u0a38\u0a3c\u0a70\u0a15 \u0a30\u0a4b\u0a1f\u0a3e 2\u0a2c\u0a40 160 \u0a26\u0a4b-\u0a1c\u0a4c \u0a35\u0a47\u0a1c-\u0a38\u0a1f\u0a3e\u0a08\u0a32 \u0a2a\u0a3e\u0a35\u0a30 \u0a1a\u0a71\u0a15 \u0a07\u0a70\u0a1f\u0a10\u0a28\u0a06\u0a30231294"},"content":{"rendered":"<p><b>\u0a38\u0a25\u0a3e\u0a28:<\/b> \u0a1c\u0a30\u0a2e\u0a28\u0a40, \u0a2c\u0a3e\u0a21\u0a47\u0a28-\u0a35\u0a30\u0a1f\u0a2e\u0a2c\u0a30\u0a17 \u0a26\u0a71\u0a16\u0a23-\u0a2a\u0a71\u0a1b\u0a2e<\/p>\n<p><b>\u0a39\u0a3e\u0a32\u0a24:<\/b> \u0a28\u0a35\u0a47\u0a02 \u0a1c\u0a3f\u0a70\u0a28\u0a3e \u0a35\u0a27\u0a40\u0a06<\/p>\n<p><b>\u0a2e\u0a3e\u0a21\u0a32:<\/b> \u0a38\u0a3c\u0a70\u0a15<\/p>\n<p>\u0a24\u0a15\u0a28\u0a40\u0a15\u0a40 \u0a35\u0a47\u0a30\u0a35\u0a3e \u2013 \u0a38\u0a3c\u0a70\u0a15 \u0a30\u0a4b\u0a1f\u0a3e 2\u0a2c\u0a40 160<br \/>\n\u0a35\u0a30\u0a23\u0a28: \u0a39\u0a71\u0a25\u0a40\u0a02 \u0a26\u0a4b-\u0a1c\u0a2c\u0a3e\u0a5c\u0a47 \u0a35\u0a3e\u0a32\u0a3e \u0a2a\u0a3e\u0a5c\u0a3e \u0a1a\u0a71\u0a15<br \/>\n\u0a28\u0a3f\u0a30\u0a2e\u0a3e\u0a24\u0a3e: SCHUNK GmbH &amp; Co. KG<br \/>\n\u0a2e\u0a3e\u0a21\u0a32: ROTA 2B 160<br \/>\n\u0a21\u0a3f\u0a1c\u0a3c\u0a3e\u0a08\u0a28: 2 \u0a38\u0a48\u0a02\u0a1f\u0a30\u0a3f\u0a15\u0a32\u0a40 \u0a15\u0a32\u0a48\u0a02\u0a2a\u0a3f\u0a70\u0a17 \u0a1c\u0a2c\u0a3e\u0a5c\u0a3f\u0a06\u0a02 \u0a26\u0a47 \u0a28\u0a3e\u0a32 \u0a39\u0a71\u0a25\u0a40\u0a02 \u0a1a\u0a32\u0a3e\u0a07\u0a06 \u0a1c\u0a3e\u0a23 \u0a35\u0a3e\u0a32\u0a3e \u0a35\u0a47\u0a1c \u0a1a\u0a71\u0a15<\/p>\n<p>?\ufe0f \u0a06\u0a2e \u0a24\u0a15\u0a28\u0a40\u0a15\u0a40 \u0a21\u0a47\u0a1f\u0a3e:<br \/>\n\u0a1a\u0a71\u0a15 \u0a35\u0a3f\u0a06\u0a38: 160 \u0a2e\u0a3f\u0a32\u0a40\u0a2e\u0a40\u0a1f\u0a30<\/p>\n<p>\u0a1c\u0a2c\u0a3e\u0a5c\u0a3f\u0a06\u0a02 \u0a26\u0a40 \u0a17\u0a3f\u0a23\u0a24\u0a40: 2<\/p>\n<p>\u0a13\u0a2a\u0a30\u0a47\u0a38\u0a3c\u0a28: \u0a30\u0a48\u0a02\u0a1a \u0a30\u0a3e\u0a39\u0a40\u0a02 \u0a39\u0a71\u0a25\u0a40\u0a02<\/p>\n<p>\u0a15\u0a32\u0a48\u0a02\u0a2a\u0a3f\u0a70\u0a17 \u0a35\u0a3f\u0a27\u0a40: \u0a2a\u0a3e\u0a5c\u0a3e \u0a39\u0a41\u0a71\u0a15 \u0a38\u0a3f\u0a27\u0a3e\u0a02\u0a24 (\u0a09\u0a71\u0a1a \u0a15\u0a32\u0a48\u0a02\u0a2a\u0a3f\u0a70\u0a17 \u0a2c\u0a32 \u0a05\u0a24\u0a47 \u0a2d\u0a30\u0a4b\u0a38\u0a47\u0a2f\u0a4b\u0a17\u0a24\u0a3e \u0a32\u0a08)<\/p>\n<p>\u0a35\u0a3f\u0a1a\u0a15\u0a3e\u0a30\u0a32\u0a3e \u0a1b\u0a47\u0a15: \u0a32\u0a17\u0a2d\u0a17 40-45 \u0a2e\u0a3f\u0a32\u0a40\u0a2e\u0a40\u0a1f\u0a30 (\u0a2e\u0a3e\u0a21\u0a32 &#039;\u0a24\u0a47 \u0a28\u0a3f\u0a30\u0a2d\u0a30 \u0a15\u0a30\u0a26\u0a3e \u0a39\u0a48)<\/p>\n<p>\u0a2e\u0a3e\u0a0a\u0a02\u0a1f\u0a3f\u0a70\u0a17: \u0a2b\u0a32\u0a48\u0a02\u0a1c \u0a1c\u0a3e\u0a02 \u0a21\u0a3e\u0a07\u0a30\u0a48\u0a15\u0a1f \u0a2e\u0a3e\u0a0a\u0a02\u0a1f, \u0a09\u0a26\u0a3e\u0a39\u0a30\u0a28 \u0a32\u0a08, DIN 55026 A5 (\u0a35\u0a30\u0a1c\u0a28 &#039;\u0a24\u0a47 \u0a28\u0a3f\u0a30\u0a2d\u0a30 \u0a15\u0a30\u0a26\u0a3e \u0a39\u0a48)<\/p>\n<p>\u0a35\u0a71\u0a27 \u0a24\u0a4b\u0a02 \u0a35\u0a71\u0a27 \u0a15\u0a32\u0a48\u0a02\u0a2a\u0a3f\u0a70\u0a17 \u0a2b\u0a4b\u0a30\u0a38: \u0a32\u0a17\u0a2d\u0a17 30\u201335 kN (\u0a30\u0a48\u0a02\u0a1a \u0a1f\u0a3e\u0a30\u0a15 &#039;\u0a24\u0a47 \u0a28\u0a3f\u0a30\u0a2d\u0a30 \u0a15\u0a30\u0a26\u0a3e \u0a39\u0a48)<\/p>\n<p>\u0a26\u0a41\u0a39\u0a30\u0a3e\u0a09\u0a23\u0a2f\u0a4b\u0a17\u0a24\u0a3e: \u0a06\u0a2e \u0a24\u0a4c\u0a30 &#039;\u0a24\u0a47 \u2264 0.02 \u0a2e\u0a3f\u0a32\u0a40\u0a2e\u0a40\u0a1f\u0a30<\/p>\n<p>\u0a10\u0a2a\u0a32\u0a40\u0a15\u0a47\u0a38\u0a3c\u0a28 \u0a26\u0a3e \u0a16\u0a47\u0a24\u0a30: \u0a17\u0a48\u0a30-\u0a17\u0a4b\u0a32\u0a3e\u0a15\u0a3e\u0a30 \u0a1c\u0a3e\u0a02 \u0a38\u0a70\u0a35\u0a47\u0a26\u0a28\u0a38\u0a3c\u0a40\u0a32 \u0a35\u0a30\u0a15\u0a2a\u0a40\u0a38 \u0a32\u0a08, \u0a16\u0a30\u0a3e\u0a26, \u0a35\u0a70\u0a21\u0a23 \u0a35\u0a3e\u0a32\u0a47 \u0a38\u0a3f\u0a30\u0a3e\u0a02 \u0a05\u0a24\u0a47 \u0a35\u0a3f\u0a38\u0a3c\u0a47\u0a38\u0a3c \u0a27\u0a3e\u0a30\u0a15\u0a3e\u0a02 \u0a32\u0a08 \u0a22\u0a41\u0a15\u0a35\u0a3e\u0a02\u0964<\/p>\n<p>\u0a38\u0a2e\u0a71\u0a17\u0a30\u0a40: \u0a39\u0a3e\u0a0a\u0a38\u0a3f\u0a70\u0a17 \u0a05\u0a24\u0a47 \u0a15\u0a32\u0a48\u0a02\u0a2a\u0a3f\u0a70\u0a17 \u0a15\u0a70\u0a2a\u0a4b\u0a28\u0a48\u0a02\u0a1f \u0a38\u0a16\u0a3c\u0a24 \u0a05\u0a24\u0a47 \u0a32\u0a70\u0a2c\u0a47 \u0a38\u0a47\u0a35\u0a3e \u0a1c\u0a40\u0a35\u0a28 \u0a32\u0a08 \u0a1c\u0a3c\u0a2e\u0a40\u0a28<\/p>\n<p>\u2699\ufe0f \u0a16\u0a3e\u0a38 \u0a35\u0a3f\u0a38\u0a3c\u0a47\u0a38\u0a3c\u0a24\u0a3e\u0a35\u0a3e\u0a02:<br \/>\n\u0a16\u0a3e\u0a38 \u0a15\u0a32\u0a48\u0a02\u0a2a\u0a3f\u0a70\u0a17 \u0a15\u0a3e\u0a30\u0a1c\u0a3e\u0a02 \u0a32\u0a08 \u0a26\u0a4b-\u0a1c\u0a2c\u0a3e\u0a5c\u0a47 \u0a35\u0a3e\u0a32\u0a3e \u0a21\u0a3f\u0a1c\u0a3c\u0a3e\u0a08\u0a28 (\u0a1c\u0a3f\u0a35\u0a47\u0a02 \u0a15\u0a3f \u0a17\u0a48\u0a30-\u0a17\u0a4b\u0a32\u0a3e\u0a15\u0a3e\u0a30 \u0a1c\u0a3e\u0a02 \u0a05\u0a70\u0a21\u0a3e\u0a15\u0a3e\u0a30 \u0a35\u0a30\u0a15\u0a2a\u0a40\u0a38)<\/p>\n<p>\u0a35\u0a47\u0a1c \u0a39\u0a41\u0a71\u0a15 \u0a35\u0a3f\u0a27\u0a40 \u0a26\u0a47 \u0a15\u0a3e\u0a30\u0a28 \u0a09\u0a71\u0a1a \u0a15\u0a32\u0a48\u0a02\u0a2a\u0a3f\u0a70\u0a17 \u0a2b\u0a4b\u0a30\u0a38<\/p>\n<p>\u0a38\u0a70\u0a16\u0a47\u0a2a \u0a21\u0a3f\u0a1c\u0a3c\u0a3e\u0a08\u0a28<\/p>\n<p>\u0a1f\u0a3f\u0a15\u0a3e\u0a0a \u0a05\u0a24\u0a47 \u0a18\u0a71\u0a1f \u0a30\u0a71\u0a16-\u0a30\u0a16\u0a3e\u0a05 \u0a35\u0a3e\u0a32\u0a3e<\/p>\n<p>\u0a24\u0a15\u0a28\u0a40\u0a15\u0a40 \u0a24\u0a2c\u0a26\u0a40\u0a32\u0a40\u0a06\u0a02 \u0a05\u0a24\u0a47 \u0a17\u0a32\u0a24\u0a40\u0a06\u0a02 \u0a26\u0a47 \u0a05\u0a27\u0a40\u0a28\u0964 \u0a38\u0a39\u0a40 \u0a35\u0a3f\u0a38\u0a3c\u0a47\u0a38\u0a3c\u0a24\u0a3e\u0a35\u0a3e\u0a02 \u0a32\u0a08, \u0a15\u0a3f\u0a30\u0a2a\u0a3e \u0a15\u0a30\u0a15\u0a47 \u0a05\u0a27\u0a3f\u0a15\u0a3e\u0a30\u0a24 SCHUNK \u0a21\u0a47\u0a1f\u0a3e \u0a38\u0a3c\u0a40\u0a1f \u0a35\u0a47\u0a16\u0a4b \u0a1c\u0a3e\u0a02 \u0a28\u0a3f\u0a30\u0a2e\u0a3e\u0a24\u0a3e \u0a28\u0a3e\u0a32 \u0a38\u0a3f\u0a71\u0a27\u0a3e \u0a38\u0a70\u0a2a\u0a30\u0a15 \u0a15\u0a30\u0a4b\u0964<\/p>\n<p>? \u0a24\u0a15\u0a28\u0a40\u0a15\u0a40 \u0a35\u0a47\u0a30\u0a35\u0a3e \u2013 \u0a38\u0a3c\u0a70\u0a15 \u0a30\u0a4b\u0a1f\u0a3e 2\u0a2c\u0a40 160<br \/>\n\u0a05\u0a39\u0a41\u0a26\u0a3e: \u0a39\u0a71\u0a25\u0a40\u0a02 \u0a26\u0a4b-\u0a1c\u0a2c\u0a3e\u0a5c\u0a47 \u0a35\u0a3e\u0a32\u0a3e \u0a2a\u0a3e\u0a5c\u0a3e-\u0a38\u0a3c\u0a48\u0a32\u0a40 \u0a35\u0a3e\u0a32\u0a3e \u0a1a\u0a71\u0a15<br \/>\n\u0a28\u0a3f\u0a30\u0a2e\u0a3e\u0a24\u0a3e: SCHUNK GmbH &amp; Co. KG<br \/>\n\u0a2e\u0a3e\u0a21\u0a32: ROTA 2B 160<br \/>\n\u0a21\u0a3f\u0a1c\u0a3c\u0a3e\u0a08\u0a28: 2 \u0a38\u0a35\u0a48-\u0a15\u0a47\u0a02\u0a26\u0a30\u0a3f\u0a24 \u0a1c\u0a2c\u0a3e\u0a5c\u0a3f\u0a06\u0a02 \u0a26\u0a47 \u0a28\u0a3e\u0a32 \u0a39\u0a71\u0a25\u0a40\u0a02 \u0a38\u0a70\u0a1a\u0a3e\u0a32\u0a3f\u0a24 \u0a35\u0a47\u0a1c-\u0a38\u0a3c\u0a48\u0a32\u0a40 \u0a35\u0a3e\u0a32\u0a3e \u0a1a\u0a71\u0a15<\/p>\n<p>?\ufe0f \u0a06\u0a2e \u0a24\u0a15\u0a28\u0a40\u0a15\u0a40 \u0a21\u0a47\u0a1f\u0a3e:<br \/>\n\u0a1a\u0a71\u0a15 \u0a35\u0a3f\u0a06\u0a38: 160 \u0a2e\u0a3f\u0a32\u0a40\u0a2e\u0a40\u0a1f\u0a30<\/p>\n<p>\u0a1c\u0a2c\u0a3e\u0a5c\u0a3f\u0a06\u0a02 \u0a26\u0a40 \u0a17\u0a3f\u0a23\u0a24\u0a40: 2<\/p>\n<p>\u0a10\u0a15\u0a1a\u0a41\u0a0f\u0a38\u0a3c\u0a28: \u0a1a\u0a71\u0a15 \u0a15\u0a41\u0a70\u0a1c\u0a40 \u0a30\u0a3e\u0a39\u0a40\u0a02 \u0a39\u0a71\u0a25\u0a40\u0a02<\/p>\n<p>\u0a15\u0a32\u0a48\u0a02\u0a2a\u0a3f\u0a70\u0a17 \u0a35\u0a3f\u0a27\u0a40: \u0a2a\u0a3e\u0a5c\u0a3e \u0a39\u0a41\u0a71\u0a15 \u0a38\u0a3f\u0a38\u0a1f\u0a2e (\u0a09\u0a71\u0a1a \u0a15\u0a32\u0a48\u0a02\u0a2a\u0a3f\u0a70\u0a17 \u0a2c\u0a32 \u0a05\u0a24\u0a47 \u0a2d\u0a30\u0a4b\u0a38\u0a47\u0a2f\u0a4b\u0a17\u0a24\u0a3e \u0a32\u0a08)<\/p>\n<p>\u0a35\u0a3f\u0a1a\u0a15\u0a3e\u0a30\u0a32\u0a3e \u0a1b\u0a47\u0a15: \u0a32\u0a17\u0a2d\u0a17 40-45mm (\u0a35\u0a30\u0a1c\u0a28 &#039;\u0a24\u0a47 \u0a28\u0a3f\u0a30\u0a2d\u0a30 \u0a15\u0a30\u0a26\u0a3e \u0a39\u0a48)<\/p>\n<p>\u0a2e\u0a3e\u0a0a\u0a02\u0a1f\u0a3f\u0a70\u0a17 \u0a07\u0a70\u0a1f\u0a30\u0a2b\u0a47\u0a38: \u0a2b\u0a32\u0a48\u0a02\u0a1c \u0a1c\u0a3e\u0a02 \u0a21\u0a3e\u0a07\u0a30\u0a48\u0a15\u0a1f \u0a2e\u0a3e\u0a0a\u0a02\u0a1f, \u0a09\u0a26\u0a3e\u0a39\u0a30\u0a28 \u0a32\u0a08, DIN 55026 A5 (\u0a38\u0a70\u0a30\u0a1a\u0a28\u0a3e &#039;\u0a24\u0a47 \u0a28\u0a3f\u0a30\u0a2d\u0a30 \u0a15\u0a30\u0a26\u0a3e \u0a39\u0a48)<\/p>\n<p>\u0a35\u0a71\u0a27 \u0a24\u0a4b\u0a02 \u0a35\u0a71\u0a27 \u0a15\u0a32\u0a48\u0a02\u0a2a\u0a3f\u0a70\u0a17 \u0a2b\u0a4b\u0a30\u0a38: \u0a32\u0a17\u0a2d\u0a17 30\u201335 kN (\u0a32\u0a3e\u0a17\u0a42 \u0a1f\u0a3e\u0a30\u0a15 &#039;\u0a24\u0a47 \u0a28\u0a3f\u0a30\u0a2d\u0a30 \u0a15\u0a30\u0a26\u0a3e \u0a39\u0a48)<\/p>\n<p>\u0a26\u0a41\u0a39\u0a30\u0a3e\u0a09\u0a23\u0a2f\u0a4b\u0a17\u0a24\u0a3e: \u0a06\u0a2e \u0a24\u0a4c\u0a30 &#039;\u0a24\u0a47 \u2264 0.02 \u0a2e\u0a3f\u0a32\u0a40\u0a2e\u0a40\u0a1f\u0a30<\/p>\n<p>\u0a10\u0a2a\u0a32\u0a40\u0a15\u0a47\u0a38\u0a3c\u0a28: \u0a05\u0a28\u0a3f\u0a2f\u0a2e\u0a3f\u0a24 \u0a1c\u0a3e\u0a02 \u0a38\u0a70\u0a35\u0a47\u0a26\u0a28\u0a38\u0a3c\u0a40\u0a32 \u0a35\u0a30\u0a15\u0a2a\u0a40\u0a38 \u0a32\u0a08 \u0a22\u0a41\u0a15\u0a35\u0a3e\u0a02; \u0a16\u0a30\u0a3e\u0a26, \u0a07\u0a70\u0a21\u0a48\u0a15\u0a38\u0a3f\u0a70\u0a17 \u0a2b\u0a3f\u0a15\u0a38\u0a1a\u0a30, \u0a05\u0a24\u0a47 \u0a15\u0a38\u0a1f\u0a2e \u0a38\u0a48\u0a71\u0a1f\u0a05\u0a71\u0a2a &#039;\u0a24\u0a47 \u0a35\u0a30\u0a24\u0a4b\u0a02 \u0a32\u0a08 \u0a06\u0a26\u0a30\u0a38\u0a3c\u0964<\/p>\n<p>\u0a38\u0a2e\u0a71\u0a17\u0a30\u0a40: \u0a2c\u0a3e\u0a21\u0a40 \u0a05\u0a24\u0a47 \u0a15\u0a32\u0a48\u0a02\u0a2a\u0a3f\u0a70\u0a17 \u0a15\u0a70\u0a2a\u0a4b\u0a28\u0a48\u0a02\u0a1f \u0a38\u0a16\u0a3c\u0a24 \u0a05\u0a24\u0a47 \u0a32\u0a70\u0a2c\u0a47 \u0a38\u0a2e\u0a47\u0a02 \u0a24\u0a71\u0a15 \u0a1f\u0a3f\u0a15\u0a3e\u0a0a\u0a2a\u0a23 \u0a32\u0a08 \u0a1c\u0a3c\u0a2e\u0a40\u0a28 &#039;\u0a24\u0a47<\/p>\n<p>\u2699\ufe0f \u0a2e\u0a41\u0a71\u0a16 \u0a35\u0a3f\u0a38\u0a3c\u0a47\u0a38\u0a3c\u0a24\u0a3e\u0a35\u0a3e\u0a02:<br \/>\n\u0a16\u0a3e\u0a38 \u0a15\u0a32\u0a48\u0a02\u0a2a\u0a3f\u0a70\u0a17 \u0a15\u0a3e\u0a30\u0a1c\u0a3e\u0a02 \u0a32\u0a08 \u0a26\u0a4b-\u0a1c\u0a2c\u0a3e\u0a5c\u0a47 \u0a35\u0a3e\u0a32\u0a3e \u0a38\u0a70\u0a38\u0a15\u0a30\u0a23 (\u0a1c\u0a3f\u0a35\u0a47\u0a02 \u0a15\u0a3f, \u0a05\u0a28\u0a3f\u0a2f\u0a2e\u0a3f\u0a24 \u0a1c\u0a3e\u0a02 \u0a05\u0a70\u0a21\u0a3e\u0a15\u0a3e\u0a30 \u0a35\u0a30\u0a15\u0a2a\u0a40\u0a38)<\/p>\n<p>\u0a35\u0a47\u0a1c \u0a39\u0a41\u0a71\u0a15 \u0a35\u0a3f\u0a27\u0a40 \u0a30\u0a3e\u0a39\u0a40\u0a02 \u0a09\u0a71\u0a1a \u0a15\u0a32\u0a48\u0a02\u0a2a\u0a3f\u0a70\u0a17 \u0a2b\u0a4b\u0a30\u0a38<\/p>\n<p>\u0a38\u0a70\u0a16\u0a47\u0a2a \u0a05\u0a24\u0a47 \u0a2e\u0a1c\u0a3c\u0a2c\u0a42\u0a24 \u0a21\u0a3f\u0a1c\u0a3c\u0a3e\u0a08\u0a28<\/p>\n<p>\u0a1f\u0a3f\u0a15\u0a3e\u0a0a \u0a05\u0a24\u0a47 \u0a18\u0a71\u0a1f \u0a26\u0a47\u0a16\u0a2d\u0a3e\u0a32 \u0a35\u0a3e\u0a32\u0a3e<\/p>\n<p>\u0a24\u0a15\u0a28\u0a40\u0a15\u0a40 \u0a35\u0a3f\u0a38\u0a3c\u0a47\u0a38\u0a3c\u0a24\u0a3e\u0a35\u0a3e\u0a02 \u0a35\u0a3f\u0a71\u0a1a \u0a2c\u0a26\u0a32\u0a3e\u0a05 \u0a05\u0a24\u0a47 \u0a17\u0a32\u0a24\u0a40\u0a06\u0a02 \u0a39\u0a4b \u0a38\u0a15\u0a26\u0a40\u0a06\u0a02 \u0a39\u0a28\u0964 \u0a38\u0a39\u0a40 \u0a21\u0a47\u0a1f\u0a3e \u0a32\u0a08, \u0a15\u0a3f\u0a30\u0a2a\u0a3e \u0a15\u0a30\u0a15\u0a47 \u0a05\u0a27\u0a3f\u0a15\u0a3e\u0a30\u0a24 SCHUNK \u0a21\u0a47\u0a1f\u0a3e\u0a38\u0a3c\u0a40\u0a1f \u0a35\u0a47\u0a16\u0a4b \u0a1c\u0a3e\u0a02 \u0a28\u0a3f\u0a30\u0a2e\u0a3e\u0a24\u0a3e \u0a28\u0a3e\u0a32 \u0a38\u0a3f\u0a71\u0a27\u0a3e \u0a38\u0a70\u0a2a\u0a30\u0a15 \u0a15\u0a30\u0a4b\u0964<\/p>","protected":false},"excerpt":{"rendered":"<p>Standort: Deutschland, Baden-W\u00fcrttemberg S\u00fcdwest Zustand: Neuwertig Modell: Schunk Technische Beschreibung \u2013 Schunk ROTA 2B 160 Bezeichnung: Manuelles Zwei-Backen-Keilspannfutter Hersteller: SCHUNK GmbH &amp; Co. KG Modell: ROTA 2B 160 Ausf\u00fchrung: Manuell bet\u00e4tigtes Keilspannfutter mit 2 zentrisch spannenden Backen ?\ufe0f Typische Technische Daten: Spannfutterdurchmesser: 160 mm Backenzahl: 2 Bet\u00e4tigung: Manuell \u00fcber Spannschl\u00fcssel Spannmechanismus: Keilhaken-Prinzip (f\u00fcr hohe Spannkraft [&hellip;]<\/p>\n","protected":false},"featured_media":3471,"comment_status":"open","ping_status":"closed","template":"","meta":{"_uf_show_specific_survey":0,"_uf_disable_surveys":false},"product_brand":[],"product_cat":[102],"product_tag":[],"class_list":{"0":"post-3473","1":"product","2":"type-product","3":"status-publish","4":"has-post-thumbnail","6":"product_cat-spannzangen","8":"first","9":"instock","10":"taxable","11":"shipping-taxable","12":"product-type-simple"},"aioseo_notices":[],"_links":{"self":[{"href":"https:\/\/mueller-wrh.de\/pa\/wp-json\/wp\/v2\/product\/3473","targetHints":{"allow":["GET"]}}],"collection":[{"href":"https:\/\/mueller-wrh.de\/pa\/wp-json\/wp\/v2\/product"}],"about":[{"href":"https:\/\/mueller-wrh.de\/pa\/wp-json\/wp\/v2\/types\/product"}],"replies":[{"embeddable":true,"href":"https:\/\/mueller-wrh.de\/pa\/wp-json\/wp\/v2\/comments?post=3473"}],"wp:featuredmedia":[{"embeddable":true,"href":"https:\/\/mueller-wrh.de\/pa\/wp-json\/wp\/v2\/media\/3471"}],"wp:attachment":[{"href":"https:\/\/mueller-wrh.de\/pa\/wp-json\/wp\/v2\/media?parent=3473"}],"wp:term":[{"taxonomy":"product_brand","embeddable":true,"href":"https:\/\/mueller-wrh.de\/pa\/wp-json\/wp\/v2\/product_brand?post=3473"},{"taxonomy":"product_cat","embeddable":true,"href":"https:\/\/mueller-wrh.de\/pa\/wp-json\/wp\/v2\/product_cat?post=3473"},{"taxonomy":"product_tag","embeddable":true,"href":"https:\/\/mueller-wrh.de\/pa\/wp-json\/wp\/v2\/product_tag?post=3473"}],"curies":[{"name":"\u0a21\u0a2c\u0a32\u0a2f\u0a42\u0a2a\u0a40","href":"https:\/\/api.w.org\/{rel}","templated":true}]}}