{"id":3406,"date":"2025-04-29T16:39:31","date_gmt":"2025-04-29T16:39:31","guid":{"rendered":"https:\/\/mueller-wrh.de\/produkt\/gebr-profilprojektor-mitutoyo-pv-500-_intnr231045\/"},"modified":"2025-04-29T16:39:31","modified_gmt":"2025-04-29T16:39:31","slug":"gebr-profilprojektor-mitutoyo-pv-500-_intnr231045","status":"publish","type":"product","link":"https:\/\/mueller-wrh.de\/pa\/product\/gebr-profilprojektor-mitutoyo-pv-500-_intnr231045\/","title":{"rendered":"\u0a35\u0a30\u0a24\u0a3f\u0a06 \u0a39\u0a4b\u0a07\u0a06 \u0a2a\u0a4d\u0a30\u0a4b\u0a2b\u0a3e\u0a08\u0a32 \u0a2a\u0a4d\u0a30\u0a4b\u0a1c\u0a48\u0a15\u0a1f\u0a30 \u0a2e\u0a3f\u0a1f\u0a42\u0a1f\u0a4b\u0a2f\u0a4b \u0a2a\u0a40\u0a35\u0a40 500 _IntNr231045"},"content":{"rendered":"<p><b>\u0a38\u0a25\u0a3e\u0a28:<\/b> \u0a1c\u0a30\u0a2e\u0a28\u0a40, \u0a2c\u0a3e\u0a21\u0a47\u0a28-\u0a35\u0a30\u0a1f\u0a2e\u0a2c\u0a30\u0a17 \u0a26\u0a71\u0a16\u0a23-\u0a2a\u0a71\u0a1b\u0a2e<\/p>\n<p><b>\u0a39\u0a3e\u0a32\u0a24:<\/b> \u0a32\u0a4b\u0a5c\u0a40\u0a02\u0a26\u0a3e<\/p>\n<p><b>\u0a15\u0a70\u0a2e\u0a15\u0a3e\u0a1c\u0a40 \u0a18\u0a70\u0a1f\u0a47:<\/b> \u0a28\u0a39\u0a40\u0a02<\/p>\n<p>\u0a07\u0a70\u0a1f\u0a30\u0a28\u0a48\u0a36\u0a28 231045<br \/>\n\u0a17\u0a47\u0a2c\u0a30\u0964<br \/>\n\u0a2a\u0a4d\u0a30\u0a4b\u0a2b\u0a3e\u0a08\u0a32 \u0a2a\u0a4d\u0a30\u0a4b\u0a1c\u0a48\u0a15\u0a1f\u0a30 \u0a2e\u0a3f\u0a1f\u0a42\u0a1f\u0a4b\u0a2f\u0a4b \u0a2a\u0a40\u0a35\u0a40 500<br \/>\n500 \u0a2e\u0a3f\u0a32\u0a40\u0a2e\u0a40\u0a1f\u0a30 \u0a38\u0a15\u0a4d\u0a30\u0a40\u0a28 \u0a05\u0a24\u0a47 \u0a21\u0a3f\u0a1c\u0a40\u0a1f\u0a32 \u0a21\u0a3f\u0a38\u0a2a\u0a32\u0a47 \u0a26\u0a47 \u0a28\u0a3e\u0a32<br \/>\n\u0a24\u0a15\u0a28\u0a40\u0a15\u0a40 \u0a21\u0a47\u0a1f\u0a3e:<br \/>\n\u0a2a\u0a4d\u0a30\u0a4b\u0a2b\u0a3e\u0a08\u0a32 \u0a2a\u0a4d\u0a30\u0a4b\u0a1c\u0a48\u0a15\u0a1f\u0a30 MITUTOYO \u0a15\u0a3f\u0a38\u0a2e PV-500 \u0a24\u0a4b\u0a02 \u0a2c\u0a23\u0a3f\u0a06 \u0a39\u0a48<br \/>\n\u0a38\u0a15\u0a4d\u0a30\u0a40\u0a28 \u0a35\u0a3f\u0a06\u0a38 508 \u0a2e\u0a3f\u0a32\u0a40\u0a2e\u0a40\u0a1f\u0a30<br \/>\n\u0a38\u0a15\u0a4d\u0a30\u0a40\u0a28 360\u00b0 (\u0a35\u0a30\u0a28\u0a40\u0a05\u0a30 1\u00b4) \u0a18\u0a41\u0a70\u0a2e\u0a3e\u0a09\u0a23 \u0a2f\u0a4b\u0a17<br \/>\n\u0a38\u0a70\u0a2d\u0a35 \u0a35\u0a71\u0a21\u0a26\u0a30\u0a38\u0a3c\u0a40 5 x, 10 x, 20 x, 50x, 100 x<br \/>\n\u0a07\u0a70\u0a38\u0a1f\u0a3e\u0a32\u0a47\u0a38\u0a3c\u0a28 \u0a05\u0a21\u0a48\u0a2a\u0a1f\u0a30 \u0a35\u0a3e\u0a32\u0a47 \u0a07\u0a28\u0a38\u0a30\u0a1f \u0a38\u0a3f\u0a38\u0a1f\u0a2e \u0a26\u0a40 \u0a35\u0a30\u0a24\u0a4b\u0a02 \u0a15\u0a30\u0a15\u0a47 \u0a15\u0a40\u0a24\u0a40 \u0a1c\u0a3e\u0a02\u0a26\u0a40 \u0a39\u0a48\u0964<br \/>\n\u0a38\u0a70\u0a1a\u0a3e\u0a30\u0a3f\u0a24 \u0a30\u0a4c\u0a38\u0a3c\u0a28\u0a40\/\u0a2a\u0a4d\u0a30\u0a24\u0a40\u0a2c\u0a3f\u0a70\u0a2c\u0a3f\u0a24 \u0a30\u0a4c\u0a38\u0a3c\u0a28\u0a40 \u0a35\u0a3f\u0a71\u0a1a \u0a35\u0a71\u0a21\u0a26\u0a30\u0a38\u0a3c\u0a40 \u0a38\u0a3c\u0a41\u0a71\u0a27\u0a24\u0a3e +- 0.1% \/ +- 0.15%<br \/>\n\u0a2e\u0a47\u0a28\u0a38 220 V, 50 Hz<br \/>\n\u0a2c\u0a3f\u0a1c\u0a32\u0a40 \u0a26\u0a40 \u0a16\u0a2a\u0a24 340 VA<br \/>\n\u0a2e\u0a41\u0a71\u0a22\u0a32\u0a40 \u0a07\u0a15\u0a3e\u0a08 \u0a26\u0a47 \u0a2e\u0a3e\u0a2a 900 x 700 x 1700 \u0a2e\u0a3f\u0a32\u0a40\u0a2e\u0a40\u0a1f\u0a30<br \/>\n\u0a2d\u0a3e\u0a30 180 \u0a15\u0a3f\u0a32\u0a4b\u0a17\u0a4d\u0a30\u0a3e\u0a2e<br \/>\n\u0a28\u0a3e\u0a32<br \/>\n- 2-\u0a27\u0a41\u0a30\u0a40 \u0a21\u0a3f\u0a1c\u0a40\u0a1f\u0a32 \u0a21\u0a3f\u0a38\u0a2a\u0a32\u0a47\u0a05 \u0a2e\u0a3f\u0a1f\u0a42\u0a1f\u0a4b\u0a2f\u0a4b<br \/>\n\u0a38\u0a39\u0a3e\u0a07\u0a15 \u0a09\u0a2a\u0a15\u0a30\u0a23 <\/p>\n<p>\u0a2e\u0a38\u0a3c\u0a40\u0a28 \u0a28\u0a42\u0a70 \u0a05\u0a2a\u0a3e\u0a07\u0a70\u0a1f\u0a2e\u0a48\u0a02\u0a1f \u0a32\u0a48 \u0a15\u0a47 \u0a26\u0a47\u0a16\u0a3f\u0a06 \u0a1c\u0a3e \u0a38\u0a15\u0a26\u0a3e \u0a39\u0a48\u0964<br \/>\n\u0a24\u0a15\u0a28\u0a40\u0a15\u0a40 \u0a21\u0a47\u0a1f\u0a3e \u0a05\u0a24\u0a47 \u0a1c\u0a3e\u0a23\u0a15\u0a3e\u0a30\u0a40 \u0a26\u0a47 \u0a28\u0a3e\u0a32-\u0a28\u0a3e\u0a32 \u0a2a\u0a39\u0a3f\u0a32\u0a3e\u0a02 \u0a26\u0a40 \u0a35\u0a3f\u0a15\u0a30\u0a40 \u0a35\u0a3f\u0a71\u0a1a \u0a24\u0a2c\u0a26\u0a40\u0a32\u0a40\u0a06\u0a02 \u0a05\u0a24\u0a47 \u0a17\u0a32\u0a24\u0a40\u0a06\u0a02 \u0a26\u0a47 \u0a05\u0a27\u0a40\u0a28!<\/p>\n<p>\u0a35\u0a30\u0a24\u0a3f\u0a06 \u0a17\u0a3f\u0a06<br \/>\n\u0a2a\u0a4d\u0a30\u0a4b\u0a2b\u0a3e\u0a08\u0a32 \u0a2a\u0a4d\u0a30\u0a4b\u0a1c\u0a48\u0a15\u0a1f\u0a30 \u0a2e\u0a3f\u0a1f\u0a42\u0a1f\u0a4b\u0a2f\u0a4b \u0a2a\u0a40\u0a35\u0a40 500<br \/>\n500 \u0a2e\u0a3f\u0a32\u0a40\u0a2e\u0a40\u0a1f\u0a30 \u0a38\u0a15\u0a4d\u0a30\u0a40\u0a28 \u0a05\u0a24\u0a47 \u0a21\u0a3f\u0a1c\u0a40\u0a1f\u0a32 \u0a21\u0a3f\u0a38\u0a2a\u0a32\u0a47 \u0a26\u0a47 \u0a28\u0a3e\u0a32<br \/>\n\u0a24\u0a15\u0a28\u0a40\u0a15\u0a40 \u0a21\u0a47\u0a1f\u0a3e:<br \/>\n\u0a2a\u0a4d\u0a30\u0a4b\u0a2b\u0a3e\u0a08\u0a32 \u0a2a\u0a4d\u0a30\u0a4b\u0a1c\u0a48\u0a15\u0a1f\u0a30 MITUTOYO \u0a15\u0a3f\u0a38\u0a2e PV-500 \u0a24\u0a4b\u0a02 \u0a2c\u0a23\u0a3f\u0a06 \u0a39\u0a48<br \/>\n\u0a38\u0a15\u0a4d\u0a30\u0a40\u0a28 \u0a35\u0a3f\u0a06\u0a38 508 \u0a2e\u0a3f\u0a32\u0a40\u0a2e\u0a40\u0a1f\u0a30<br \/>\n\u0a38\u0a15\u0a4d\u0a30\u0a40\u0a28 360\u00b0 (1\u2032 \u0a24\u0a4b\u0a02 \u0a09\u0a71\u0a2a\u0a30) \u0a18\u0a41\u0a70\u0a2e\u0a23\u0a2f\u0a4b\u0a17<br \/>\n\u0a38\u0a70\u0a2d\u0a35 \u0a35\u0a71\u0a21\u0a26\u0a30\u0a38\u0a3c\u0a40 5 x, 10 x, 20 x, 50 x, 100 x<br \/>\n\u0a05\u0a21\u0a48\u0a2a\u0a1f\u0a30 \u0a28\u0a3e\u0a32 \u0a07\u0a28\u0a38\u0a30\u0a1f \u0a38\u0a3f\u0a38\u0a1f\u0a2e \u0a26\u0a41\u0a06\u0a30\u0a3e \u0a07\u0a70\u0a38\u0a1f\u0a3e\u0a32\u0a47\u0a38\u0a3c\u0a28<br \/>\n\u0a38\u0a70\u0a1a\u0a3e\u0a30\u0a3f\u0a24 \u0a2a\u0a4d\u0a30\u0a15\u0a3e\u0a38\u0a3c\/\u0a2a\u0a4d\u0a30\u0a24\u0a40\u0a2c\u0a3f\u0a70\u0a2c\u0a3f\u0a24 \u0a2a\u0a4d\u0a30\u0a15\u0a3e\u0a38\u0a3c \u0a28\u0a3e\u0a32 \u0a35\u0a71\u0a21\u0a26\u0a30\u0a38\u0a3c\u0a40 \u0a38\u0a3c\u0a41\u0a71\u0a27\u0a24\u0a3e +- 0.1% \/ +- 0.15%<br \/>\n\u0a2e\u0a47\u0a28\u0a38 220 V, 50 Hz<br \/>\n\u0a2c\u0a3f\u0a1c\u0a32\u0a40 \u0a26\u0a40 \u0a16\u0a2a\u0a24 340 VA<br \/>\n\u0a2e\u0a42\u0a32 \u0a21\u0a3f\u0a35\u0a3e\u0a08\u0a38 \u0a2e\u0a3e\u0a2a 900 x 700 x 1700 \u0a2e\u0a3f\u0a32\u0a40\u0a2e\u0a40\u0a1f\u0a30<br \/>\n\u0a2d\u0a3e\u0a30 180 \u0a15\u0a3f\u0a32\u0a4b\u0a17\u0a4d\u0a30\u0a3e\u0a2e<br \/>\n\u0a28\u0a3e\u0a32<br \/>\n- 2-\u0a27\u0a41\u0a30\u0a40 \u0a21\u0a3f\u0a1c\u0a40\u0a1f\u0a32 \u0a21\u0a3f\u0a38\u0a2a\u0a32\u0a47\u0a05 \u0a2e\u0a3f\u0a1f\u0a42\u0a1f\u0a4b\u0a2f\u0a4b<br \/>\n\u0a38\u0a39\u0a3e\u0a07\u0a15 \u0a09\u0a2a\u0a15\u0a30\u0a23 <\/p>\n<p>\u0a2e\u0a38\u0a3c\u0a40\u0a28 \u0a26\u0a40 \u0a1c\u0a3e\u0a02\u0a1a \u0a2e\u0a41\u0a32\u0a3e\u0a15\u0a3e\u0a24 \u0a26\u0a41\u0a06\u0a30\u0a3e \u0a15\u0a40\u0a24\u0a40 \u0a1c\u0a3e \u0a38\u0a15\u0a26\u0a40 \u0a39\u0a48\u0964<br \/>\n\u0a24\u0a15\u0a28\u0a40\u0a15\u0a40 \u0a21\u0a47\u0a1f\u0a3e \u0a05\u0a24\u0a47 \u0a1c\u0a3e\u0a23\u0a15\u0a3e\u0a30\u0a40 \u0a35\u0a3f\u0a71\u0a1a \u0a2c\u0a26\u0a32\u0a3e\u0a05 \u0a05\u0a24\u0a47 \u0a17\u0a32\u0a24\u0a40\u0a06\u0a02 \u0a26\u0a47 \u0a28\u0a3e\u0a32-\u0a28\u0a3e\u0a32 \u0a35\u0a3f\u0a15\u0a30\u0a40 \u0a24\u0a4b\u0a02 \u0a2a\u0a39\u0a3f\u0a32\u0a3e\u0a02 \u0a30\u0a3e\u0a16\u0a35\u0a47\u0a02 \u0a39\u0a28!<\/p>","protected":false},"excerpt":{"rendered":"<p>Standort: Deutschland, Baden-W\u00fcrttemberg S\u00fcdwest Zustand: Gebraucht Betriebsstunden: keine IntNr231045 Gebr. Profilprojektor Mitutoyo PV 500 mit Bildschirm 500 mm und digitaler Anzeige Technische Daten: Profilprojektor Fabrikat MITUTOYO Typ PV-500 Bildschirmdurchmesser 508 mm Bildschirm drehbar um 360\u00b0 (Nonius 1\u00b4) Vergr\u00f6\u00dferung m\u00f6glich 5 x , 10 x , 20 x ,50x , 100 x Einbau erfolgt durch Einsatzsystem [&hellip;]<\/p>\n","protected":false},"featured_media":3402,"comment_status":"open","ping_status":"closed","template":"","meta":{"_uf_show_specific_survey":0,"_uf_disable_surveys":false},"product_brand":[],"product_cat":[98],"product_tag":[],"class_list":{"0":"post-3406","1":"product","2":"type-product","3":"status-publish","4":"has-post-thumbnail","6":"product_cat-messtechnik","8":"first","9":"instock","10":"taxable","11":"shipping-taxable","12":"product-type-simple"},"aioseo_notices":[],"_links":{"self":[{"href":"https:\/\/mueller-wrh.de\/pa\/wp-json\/wp\/v2\/product\/3406","targetHints":{"allow":["GET"]}}],"collection":[{"href":"https:\/\/mueller-wrh.de\/pa\/wp-json\/wp\/v2\/product"}],"about":[{"href":"https:\/\/mueller-wrh.de\/pa\/wp-json\/wp\/v2\/types\/product"}],"replies":[{"embeddable":true,"href":"https:\/\/mueller-wrh.de\/pa\/wp-json\/wp\/v2\/comments?post=3406"}],"wp:featuredmedia":[{"embeddable":true,"href":"https:\/\/mueller-wrh.de\/pa\/wp-json\/wp\/v2\/media\/3402"}],"wp:attachment":[{"href":"https:\/\/mueller-wrh.de\/pa\/wp-json\/wp\/v2\/media?parent=3406"}],"wp:term":[{"taxonomy":"product_brand","embeddable":true,"href":"https:\/\/mueller-wrh.de\/pa\/wp-json\/wp\/v2\/product_brand?post=3406"},{"taxonomy":"product_cat","embeddable":true,"href":"https:\/\/mueller-wrh.de\/pa\/wp-json\/wp\/v2\/product_cat?post=3406"},{"taxonomy":"product_tag","embeddable":true,"href":"https:\/\/mueller-wrh.de\/pa\/wp-json\/wp\/v2\/product_tag?post=3406"}],"curies":[{"name":"\u0a21\u0a2c\u0a32\u0a2f\u0a42\u0a2a\u0a40","href":"https:\/\/api.w.org\/{rel}","templated":true}]}}