{"id":3297,"date":"2025-03-19T14:33:03","date_gmt":"2025-03-19T14:33:03","guid":{"rendered":"https:\/\/mueller-wrh.de\/produkt\/lang-lader_bevorratung-und-zufuehrsystem-inkl-20-schraubstoecke-intnr231262\/"},"modified":"2025-03-19T14:33:03","modified_gmt":"2025-03-19T14:33:03","slug":"lang-lader_bevorratung-und-zufuehrsystem-inkl-20-schraubstoecke-intnr231262","status":"publish","type":"product","link":"https:\/\/mueller-wrh.de\/pa\/product\/lang-lader_bevorratung-und-zufuehrsystem-inkl-20-schraubstoecke-intnr231262\/","title":{"rendered":"LANG \u0a32\u0a4b\u0a21\u0a30 \u0a38\u0a1f\u0a4b\u0a30\u0a47\u0a1c \u0a05\u0a24\u0a47 \u0a2b\u0a40\u0a21\u0a3f\u0a70\u0a17 \u0a38\u0a3f\u0a38\u0a1f\u0a2e, 20 \u0a35\u0a3e\u0a08\u0a38 \u0a38\u0a2e\u0a47\u0a24, IntNo231262"},"content":{"rendered":"<p><b>\u0a38\u0a25\u0a3e\u0a28:<\/b> \u0a1c\u0a30\u0a2e\u0a28\u0a40, \u0a2c\u0a3e\u0a21\u0a47\u0a28-\u0a35\u0a30\u0a1f\u0a2e\u0a2c\u0a30\u0a17 \u0a26\u0a71\u0a16\u0a23-\u0a2a\u0a71\u0a1b\u0a2e<\/p>\n<p><b>\u0a39\u0a3e\u0a32\u0a24:<\/b> \u0a32\u0a4b\u0a5c\u0a40\u0a02\u0a26\u0a3e<\/p>\n<p><b>\u0a28\u0a3f\u0a30\u0a2e\u0a3e\u0a24\u0a3e:<\/b> \u0a32\u0a70\u0a2e\u0a3e<\/p>\n<p><b>\u0a2e\u0a3e\u0a21\u0a32:<\/b> \u0a32\u0a70\u0a2e\u0a3e<\/p>\n<p><b>\u0a09\u0a38\u0a3e\u0a30\u0a40 \u0a26\u0a3e \u0a38\u0a3e\u0a32:<\/b> 2005<\/p>\n<p>LANG \u0a1f\u0a48\u0a15\u0a28\u0a3f\u0a15 \u0a38\u0a1f\u0a4b\u0a30\u0a47\u0a1c \u0a05\u0a24\u0a47 \u0a2b\u0a40\u0a21\u0a3f\u0a70\u0a17 \u0a38\u0a3f\u0a38\u0a1f\u0a2e 2005 \u0a35\u0a3f\u0a71\u0a1a \u0a2c\u0a23\u0a3e\u0a07\u0a06 \u0a17\u0a3f\u0a06 \u0a38\u0a40, \u0a1c\u0a3f\u0a38 \u0a35\u0a3f\u0a71\u0a1a 20 \u0a35\u0a3e\u0a08\u0a38 \u0a38\u0a3c\u0a3e\u0a2e\u0a32 \u0a39\u0a28\u0964<\/p>\n<p>\u0a32\u0a17\u0a2d\u0a17 50-60 \u0a15\u0a32\u0a48\u0a02\u0a2a\u0a3f\u0a70\u0a17 \u0a35\u0a3e\u0a08\u0a38 \u0a26\u0a40 \u0a38\u0a32\u0a3e\u0a08\u0a21 \u0a2a\u0a4d\u0a30\u0a2c\u0a70\u0a27 \u0a38\u0a1f\u0a4b\u0a30\u0a47\u0a1c \u0a38\u0a2e\u0a30\u0a71\u0a25\u0a3e \u0a35\u0a3e\u0a32\u0a3e \u0a06\u0a1f\u0a4b\u0a2e\u0a47\u0a38\u0a3c\u0a28 \u0a38\u0a3f\u0a38\u0a1f\u0a2e\u0964<\/p>\n<p>\u0a24\u0a15\u0a28\u0a40\u0a15\u0a40 \u0a35\u0a47\u0a30\u0a35\u0a3e:<br \/>\nLANG \u0a1f\u0a48\u0a15\u0a28\u0a40\u0a15\u0a32 \u0a38\u0a1f\u0a4b\u0a30\u0a47\u0a1c \u0a05\u0a24\u0a47 \u0a2b\u0a40\u0a21\u0a3f\u0a70\u0a17 \u0a38\u0a3f\u0a38\u0a1f\u0a2e<br \/>\n\u0a1a\u0a42\u0a1f \u0a2a\u0a4d\u0a30\u0a2c\u0a70\u0a27 \u0a35\u0a3e\u0a32\u0a3e LANG \u0a1f\u0a48\u0a15\u0a28\u0a3f\u0a15 \u0a06\u0a1f\u0a4b\u0a2e\u0a47\u0a38\u0a3c\u0a28 \u0a38\u0a3f\u0a38\u0a1f\u0a2e \u0a35\u0a30\u0a15\u0a2a\u0a40\u0a38 \u0a28\u0a42\u0a70 \u0a39\u0a48\u0a02\u0a21\u0a32\u0a3f\u0a70\u0a17 \u0a05\u0a24\u0a47 \u0a2e\u0a38\u0a3c\u0a40\u0a28\u0a3f\u0a70\u0a17 \u0a32\u0a08 \u0a07\u0a71\u0a15 \u0a38\u0a42\u0a1d\u0a35\u0a3e\u0a28 \u0a06\u0a1f\u0a4b\u0a2e\u0a47\u0a1f\u0a3f\u0a21 \u0a39\u0a71\u0a32 \u0a39\u0a48, \u0a16\u0a3e\u0a38 \u0a24\u0a4c\u0a30 &#039;\u0a24\u0a47 \u0a15\u0a32\u0a48\u0a02\u0a2a\u0a3f\u0a70\u0a17 \u0a35\u0a3e\u0a08\u0a1c\u0a3c \u0a26\u0a47 \u0a15\u0a41\u0a38\u0a3c\u0a32 \u0a05\u0a24\u0a47 \u0a38\u0a1f\u0a40\u0a15 \u0a2a\u0a4d\u0a30\u0a2c\u0a70\u0a27\u0a28 \u0a32\u0a08 \u0a24\u0a3f\u0a06\u0a30 \u0a15\u0a40\u0a24\u0a3e \u0a17\u0a3f\u0a06 \u0a39\u0a48\u0964 2005 \u0a35\u0a3f\u0a71\u0a1a \u0a2c\u0a23\u0a3e\u0a07\u0a06 \u0a17\u0a3f\u0a06, \u0a07\u0a39 \u0a38\u0a3f\u0a38\u0a1f\u0a2e \u0a09\u0a24\u0a2a\u0a3e\u0a26\u0a28 \u0a2a\u0a4d\u0a30\u0a15\u0a3f\u0a30\u0a3f\u0a06\u0a35\u0a3e\u0a02 \u0a28\u0a42\u0a70 \u0a38\u0a35\u0a48\u0a1a\u0a3e\u0a32\u0a24 \u0a15\u0a30\u0a28 \u0a05\u0a24\u0a47 \u0a35\u0a30\u0a15\u0a2a\u0a40\u0a38 \u0a39\u0a48\u0a02\u0a21\u0a32\u0a3f\u0a70\u0a17 \u0a28\u0a42\u0a70 \u0a05\u0a28\u0a41\u0a15\u0a42\u0a32 \u0a2c\u0a23\u0a3e \u0a15\u0a47 \u0a05\u0a24\u0a47 \u0a39\u0a71\u0a25\u0a40\u0a02 \u0a26\u0a16\u0a32\u0a05\u0a70\u0a26\u0a3e\u0a1c\u0a3c\u0a40 \u0a28\u0a42\u0a70 \u0a18\u0a1f\u0a3e \u0a15\u0a47 \u0a15\u0a41\u0a38\u0a3c\u0a32\u0a24\u0a3e \u0a35\u0a27\u0a3e\u0a09\u0a23 \u0a32\u0a08 \u0a24\u0a3f\u0a06\u0a30 \u0a15\u0a40\u0a24\u0a3e \u0a17\u0a3f\u0a06 \u0a39\u0a48\u0964<\/p>\n<p>\u0a38\u0a32\u0a3e\u0a08\u0a21 \u0a2a\u0a4d\u0a30\u0a2c\u0a70\u0a27:<br \/>\n\u0a06\u0a1f\u0a4b\u0a2e\u0a47\u0a38\u0a3c\u0a28 \u0a38\u0a3f\u0a38\u0a1f\u0a2e \u0a07\u0a71\u0a15 \u0a1a\u0a41\u0a1f \u0a2a\u0a4d\u0a30\u0a2c\u0a70\u0a27 \u0a28\u0a3e\u0a32 \u0a32\u0a48\u0a38 \u0a39\u0a48 \u0a1c\u0a4b \u0a35\u0a30\u0a15\u0a2a\u0a40\u0a38 \u0a28\u0a42\u0a70 \u0a28\u0a3f\u0a30\u0a70\u0a24\u0a30, \u0a38\u0a41\u0a30\u0a71\u0a16\u0a3f\u0a05\u0a24 \u0a05\u0a24\u0a47 \u0a24\u0a47\u0a1c\u0a3c\u0a40 \u0a28\u0a3e\u0a32 \u0a05\u0a28\u0a32\u0a4b\u0a21 \u0a15\u0a30\u0a28 \u0a05\u0a24\u0a47 \u0a1f\u0a4d\u0a30\u0a3e\u0a02\u0a38\u0a2a\u0a4b\u0a30\u0a1f \u0a15\u0a30\u0a28 \u0a26\u0a47 \u0a2f\u0a4b\u0a17 \u0a2c\u0a23\u0a3e\u0a09\u0a02\u0a26\u0a3e \u0a39\u0a48\u0964 \u0a1a\u0a41\u0a1f \u0a35\u0a71\u0a16-\u0a35\u0a71\u0a16 \u0a2a\u0a4d\u0a30\u0a4b\u0a38\u0a48\u0a38\u0a3f\u0a70\u0a17 \u0a38\u0a1f\u0a47\u0a38\u0a3c\u0a28\u0a3e\u0a02 \u0a35\u0a3f\u0a1a\u0a15\u0a3e\u0a30 \u0a07\u0a71\u0a15 \u0a1c\u0a4b\u0a5c\u0a28 \u0a35\u0a3e\u0a32\u0a47 \u0a24\u0a71\u0a24 \u0a35\u0a1c\u0a4b\u0a02 \u0a15\u0a70\u0a2e \u0a15\u0a30\u0a26\u0a47 \u0a39\u0a28 \u0a05\u0a24\u0a47 \u0a16\u0a3e\u0a38 \u0a24\u0a4c\u0a30 &#039;\u0a24\u0a47 \u0a2a\u0a42\u0a30\u0a40 \u0a09\u0a24\u0a2a\u0a3e\u0a26\u0a28 \u0a2a\u0a4d\u0a30\u0a15\u0a3f\u0a30\u0a3f\u0a06 \u0a26\u0a4c\u0a30\u0a3e\u0a28 \u0a35\u0a30\u0a15\u0a2a\u0a40\u0a38 \u0a26\u0a40 \u0a38\u0a25\u0a3f\u0a30 \u0a05\u0a24\u0a47 \u0a38\u0a1f\u0a40\u0a15 \u0a17\u0a24\u0a40 \u0a28\u0a42\u0a70 \u0a2f\u0a15\u0a40\u0a28\u0a40 \u0a2c\u0a23\u0a3e\u0a09\u0a23 \u0a32\u0a08 \u0a24\u0a3f\u0a06\u0a30 \u0a15\u0a40\u0a24\u0a47 \u0a17\u0a0f \u0a39\u0a28\u0964<\/p>\n<p>\u0a28\u0a3f\u0a2f\u0a70\u0a24\u0a30\u0a23: \u0a38\u0a32\u0a3e\u0a08\u0a21 \u0a2a\u0a4d\u0a30\u0a2c\u0a70\u0a27 \u0a38\u0a3f\u0a38\u0a1f\u0a2e \u0a26\u0a47 \u0a15\u0a47\u0a02\u0a26\u0a30\u0a40 \u0a28\u0a3f\u0a2f\u0a70\u0a24\u0a30\u0a23 \u0a2f\u0a42\u0a28\u0a3f\u0a1f \u0a26\u0a41\u0a06\u0a30\u0a3e \u0a24\u0a3e\u0a32\u0a2e\u0a47\u0a32 \u0a15\u0a40\u0a24\u0a3e \u0a1c\u0a3e\u0a02\u0a26\u0a3e \u0a39\u0a48, \u0a1c\u0a4b \u0a2a\u0a42\u0a30\u0a40 \u0a24\u0a30\u0a4d\u0a39\u0a3e\u0a02 \u0a38\u0a35\u0a48\u0a1a\u0a3e\u0a32\u0a3f\u0a24 \u0a05\u0a24\u0a47 \u0a15\u0a41\u0a38\u0a3c\u0a32 \u0a38\u0a70\u0a1a\u0a3e\u0a32\u0a28 \u0a28\u0a42\u0a70 \u0a2f\u0a15\u0a40\u0a28\u0a40 \u0a2c\u0a23\u0a3e\u0a09\u0a02\u0a26\u0a3e \u0a39\u0a48\u0964<\/p>\n<p>\u2022 \u0a38\u0a1f\u0a4b\u0a30\u0a47\u0a1c \u0a38\u0a2e\u0a30\u0a71\u0a25\u0a3e: \u0a32\u0a17\u0a2d\u0a17 50-60 \u0a15\u0a32\u0a48\u0a02\u0a2a\u0a3f\u0a70\u0a17 \u0a35\u0a3e\u0a08\u0a38<br \/>\n\u2022 \u0a38\u0a32\u0a3e\u0a08\u0a21 \u0a38\u0a2e\u0a71\u0a17\u0a30\u0a40: \u0a38\u0a1f\u0a40\u0a32 \u0a1c\u0a3e\u0a02 \u0a10\u0a32\u0a42\u0a2e\u0a40\u0a28\u0a40\u0a05\u0a2e, \u0a10\u0a2a\u0a32\u0a40\u0a15\u0a47\u0a38\u0a3c\u0a28 &#039;\u0a24\u0a47 \u0a28\u0a3f\u0a30\u0a2d\u0a30 \u0a15\u0a30\u0a26\u0a3e \u0a39\u0a48\u0964<br \/>\n\u2022 \u0a06\u0a1f\u0a4b\u0a2e\u0a47\u0a38\u0a3c\u0a28: \u0a15\u0a47\u0a02\u0a26\u0a30\u0a40 \u0a15\u0a70\u0a1f\u0a30\u0a4b\u0a32 \u0a2f\u0a42\u0a28\u0a3f\u0a1f \u0a26\u0a47 \u0a28\u0a3e\u0a32 \u0a2a\u0a42\u0a30\u0a40 \u0a24\u0a30\u0a4d\u0a39\u0a3e\u0a02 \u0a38\u0a35\u0a48\u0a1a\u0a3e\u0a32\u0a3f\u0a24\u0964<br \/>\n\u2022 \u0a10\u0a2a\u0a32\u0a40\u0a15\u0a47\u0a38\u0a3c\u0a28 \u0a26\u0a3e \u0a16\u0a47\u0a24\u0a30: \u0a35\u0a71\u0a16-\u0a35\u0a71\u0a16 \u0a06\u0a15\u0a3e\u0a30\u0a3e\u0a02 \u0a05\u0a24\u0a47 \u0a06\u0a15\u0a3e\u0a30\u0a3e\u0a02 \u0a26\u0a47 \u0a35\u0a30\u0a15\u0a2a\u0a40\u0a38\u0a3e\u0a02 \u0a26\u0a40 \u0a2e\u0a38\u0a3c\u0a40\u0a28\u0a3f\u0a70\u0a17 \u0a32\u0a08<br \/>\n\u2022 \u0a35\u0a30\u0a24\u0a4b\u0a02: \u0a16\u0a3e\u0a38 \u0a24\u0a4c\u0a30 &#039;\u0a24\u0a47 \u0a27\u0a3e\u0a24\u0a42 \u0a26\u0a47 \u0a15\u0a70\u0a2e \u0a05\u0a24\u0a47 \u0a09\u0a26\u0a2f\u0a4b\u0a17\u0a3f\u0a15 \u0a28\u0a3f\u0a30\u0a2e\u0a3e\u0a23 \u0a32\u0a08 \u0a22\u0a41\u0a15\u0a35\u0a3e\u0a02\u0964<br \/>\n\u2022 \u0a0f\u0a15\u0a40\u0a15\u0a30\u0a28: \u0a2e\u0a4c\u0a1c\u0a42\u0a26\u0a3e \u0a28\u0a3f\u0a30\u0a2e\u0a3e\u0a23 \u0a2a\u0a4d\u0a30\u0a15\u0a3f\u0a30\u0a3f\u0a06\u0a35\u0a3e\u0a02 \u0a35\u0a3f\u0a71\u0a1a \u0a0f\u0a15\u0a40\u0a15\u0a30\u0a28 \u0a15\u0a30\u0a28\u0a3e \u0a06\u0a38\u0a3e\u0a28\u0964<\/p>\n<p>\u0a2e\u0a38\u0a3c\u0a40\u0a28 \u0a26\u0a40 \u0a2c\u0a3f\u0a1c\u0a32\u0a40 \u0a26\u0a47 \u0a05\u0a27\u0a40\u0a28 \u0a28\u0a3f\u0a2f\u0a41\u0a15\u0a24\u0a40 \u0a26\u0a41\u0a06\u0a30\u0a3e \u0a1c\u0a3e\u0a02\u0a1a \u0a15\u0a40\u0a24\u0a40 \u0a1c\u0a3e \u0a38\u0a15\u0a26\u0a40 \u0a39\u0a48\u0964<br \/>\n\u0a24\u0a15\u0a28\u0a40\u0a15\u0a40 \u0a21\u0a47\u0a1f\u0a3e \u0a05\u0a24\u0a47 \u0a1c\u0a3e\u0a23\u0a15\u0a3e\u0a30\u0a40 \u0a26\u0a47 \u0a28\u0a3e\u0a32-\u0a28\u0a3e\u0a32 \u0a2a\u0a39\u0a3f\u0a32\u0a3e\u0a02 \u0a26\u0a40 \u0a35\u0a3f\u0a15\u0a30\u0a40 \u0a35\u0a3f\u0a71\u0a1a \u0a24\u0a2c\u0a26\u0a40\u0a32\u0a40\u0a06\u0a02 \u0a05\u0a24\u0a47 \u0a17\u0a32\u0a24\u0a40\u0a06\u0a02 \u0a26\u0a47 \u0a05\u0a27\u0a40\u0a28!<\/p>\n<p>LANG \u0a1f\u0a48\u0a15\u0a28\u0a3f\u0a15 \u0a38\u0a1f\u0a4b\u0a30\u0a47\u0a1c \u0a05\u0a24\u0a47 \u0a2b\u0a40\u0a21\u0a3f\u0a70\u0a17 \u0a38\u0a3f\u0a38\u0a1f\u0a2e 2005 \u0a35\u0a3f\u0a71\u0a1a \u0a2c\u0a23\u0a3e\u0a07\u0a06 \u0a17\u0a3f\u0a06 \u0a38\u0a40, \u0a1c\u0a3f\u0a38 \u0a35\u0a3f\u0a71\u0a1a 20 \u0a35\u0a3e\u0a08\u0a38 \u0a38\u0a3c\u0a3e\u0a2e\u0a32 \u0a39\u0a28\u0964<\/p>\n<p>\u0a1a\u0a3f\u0a0a\u0a1f \u0a2a\u0a4d\u0a30\u0a2c\u0a70\u0a27 \u0a26\u0a47 \u0a28\u0a3e\u0a32 \u0a06\u0a1f\u0a4b\u0a2e\u0a47\u0a38\u0a3c\u0a28 \u0a38\u0a3f\u0a38\u0a1f\u0a2e \u0a32\u0a17\u0a2d\u0a17 50-60 \u0a15\u0a32\u0a48\u0a02\u0a2a\u0a3f\u0a70\u0a17 \u0a35\u0a3e\u0a08\u0a38 \u0a26\u0a40 \u0a38\u0a1f\u0a4b\u0a30\u0a47\u0a1c \u0a38\u0a2e\u0a30\u0a71\u0a25\u0a3e\u0964<\/p>\n<p>\u0a24\u0a15\u0a28\u0a40\u0a15\u0a40 \u0a35\u0a47\u0a30\u0a35\u0a3e:<br \/>\nLANG \u0a24\u0a15\u0a28\u0a3e\u0a32\u0a4b\u0a1c\u0a40 \u0a38\u0a1f\u0a4b\u0a30\u0a47\u0a1c \u0a05\u0a24\u0a47 \u0a2b\u0a40\u0a21\u0a3f\u0a70\u0a17 \u0a38\u0a3f\u0a38\u0a1f\u0a2e<br \/>\nLANG \u0a1f\u0a48\u0a15\u0a28\u0a3f\u0a15 \u0a06\u0a1f\u0a4b\u0a2e\u0a47\u0a38\u0a3c\u0a28 \u0a38\u0a3f\u0a38\u0a1f\u0a2e, \u0a1c\u0a3f\u0a38 \u0a35\u0a3f\u0a71\u0a1a \u0a1a\u0a3f\u0a0a\u0a1f \u0a2a\u0a4d\u0a30\u0a2c\u0a70\u0a27 \u0a39\u0a48, \u0a07\u0a71\u0a15 \u0a09\u0a71\u0a28\u0a24 \u0a06\u0a1f\u0a4b\u0a2e\u0a47\u0a1f\u0a3f\u0a21 \u0a35\u0a30\u0a15\u0a2a\u0a40\u0a38 \u0a39\u0a48\u0a02\u0a21\u0a32\u0a3f\u0a70\u0a17 \u0a05\u0a24\u0a47 \u0a2a\u0a4d\u0a30\u0a4b\u0a38\u0a48\u0a38\u0a3f\u0a70\u0a17 \u0a39\u0a71\u0a32 \u0a39\u0a48 \u0a1c\u0a4b \u0a16\u0a3e\u0a38 \u0a24\u0a4c\u0a30 &#039;\u0a24\u0a47 \u0a35\u0a3f\u0a15\u0a3e\u0a30\u0a3e\u0a02 \u0a26\u0a47 \u0a15\u0a41\u0a38\u0a3c\u0a32 \u0a05\u0a24\u0a47 \u0a38\u0a1f\u0a40\u0a15 \u0a2a\u0a4d\u0a30\u0a2c\u0a70\u0a27\u0a28 \u0a32\u0a08 \u0a24\u0a3f\u0a06\u0a30 \u0a15\u0a40\u0a24\u0a3e \u0a17\u0a3f\u0a06 \u0a39\u0a48\u0964 2005 \u0a35\u0a3f\u0a71\u0a1a \u0a2c\u0a23\u0a3e\u0a07\u0a06 \u0a17\u0a3f\u0a06, \u0a07\u0a39 \u0a38\u0a3f\u0a38\u0a1f\u0a2e \u0a09\u0a24\u0a2a\u0a3e\u0a26\u0a28 \u0a2a\u0a4d\u0a30\u0a15\u0a3f\u0a30\u0a3f\u0a06\u0a35\u0a3e\u0a02 \u0a28\u0a42\u0a70 \u0a38\u0a35\u0a48\u0a1a\u0a3e\u0a32\u0a3f\u0a24 \u0a15\u0a30\u0a28 \u0a05\u0a24\u0a47 \u0a35\u0a30\u0a15\u0a2a\u0a40\u0a38 \u0a39\u0a48\u0a02\u0a21\u0a32\u0a3f\u0a70\u0a17 \u0a28\u0a42\u0a70 \u0a05\u0a28\u0a41\u0a15\u0a42\u0a32 \u0a2c\u0a23\u0a3e \u0a15\u0a47 \u0a05\u0a24\u0a47 \u0a39\u0a71\u0a25\u0a40\u0a02 \u0a26\u0a16\u0a32\u0a05\u0a70\u0a26\u0a3e\u0a1c\u0a3c\u0a40 \u0a28\u0a42\u0a70 \u0a18\u0a1f\u0a3e \u0a15\u0a47 \u0a15\u0a41\u0a38\u0a3c\u0a32\u0a24\u0a3e \u0a35\u0a27\u0a3e\u0a09\u0a23 \u0a32\u0a08 \u0a24\u0a3f\u0a06\u0a30 \u0a15\u0a40\u0a24\u0a3e \u0a17\u0a3f\u0a06 \u0a39\u0a48\u0964<\/p>\n<p>\u0a1a\u0a42\u0a24 \u0a2a\u0a4d\u0a30\u0a2c\u0a70\u0a27:<br \/>\n\u0a06\u0a1f\u0a4b\u0a2e\u0a47\u0a38\u0a3c\u0a28 \u0a38\u0a3f\u0a38\u0a1f\u0a2e \u0a07\u0a71\u0a15 \u0a1a\u0a41\u0a1f \u0a2a\u0a4d\u0a30\u0a2c\u0a70\u0a27 \u0a28\u0a3e\u0a32 \u0a32\u0a48\u0a38 \u0a39\u0a48 \u0a1c\u0a4b \u0a35\u0a30\u0a15\u0a2a\u0a40\u0a38 \u0a28\u0a42\u0a70 \u0a28\u0a3f\u0a30\u0a70\u0a24\u0a30, \u0a38\u0a41\u0a30\u0a71\u0a16\u0a3f\u0a05\u0a24 \u0a05\u0a24\u0a47 \u0a24\u0a47\u0a1c\u0a3c \u0a05\u0a28\u0a32\u0a4b\u0a21 \u0a15\u0a30\u0a28 \u0a05\u0a24\u0a47 \u0a1f\u0a4d\u0a30\u0a3e\u0a02\u0a38\u0a2a\u0a4b\u0a30\u0a1f \u0a15\u0a30\u0a28 \u0a26\u0a47 \u0a2f\u0a4b\u0a17 \u0a2c\u0a23\u0a3e\u0a09\u0a02\u0a26\u0a3e \u0a39\u0a48\u0964 \u0a1a\u0a41\u0a1f \u0a35\u0a71\u0a16-\u0a35\u0a71\u0a16 \u0a2a\u0a4d\u0a30\u0a4b\u0a38\u0a48\u0a38\u0a3f\u0a70\u0a17 \u0a38\u0a1f\u0a47\u0a38\u0a3c\u0a28\u0a3e\u0a02 \u0a35\u0a3f\u0a1a\u0a15\u0a3e\u0a30 \u0a07\u0a71\u0a15 \u0a1c\u0a4b\u0a5c\u0a28 \u0a35\u0a3e\u0a32\u0a47 \u0a24\u0a71\u0a24 \u0a35\u0a1c\u0a4b\u0a02 \u0a15\u0a70\u0a2e \u0a15\u0a30\u0a26\u0a47 \u0a39\u0a28 \u0a05\u0a24\u0a47 \u0a2a\u0a42\u0a30\u0a40 \u0a09\u0a24\u0a2a\u0a3e\u0a26\u0a28 \u0a2a\u0a4d\u0a30\u0a15\u0a3f\u0a30\u0a3f\u0a06 \u0a26\u0a4c\u0a30\u0a3e\u0a28 \u0a35\u0a30\u0a15\u0a2a\u0a40\u0a38 \u0a26\u0a40 \u0a38\u0a25\u0a3f\u0a30 \u0a05\u0a24\u0a47 \u0a38\u0a1f\u0a40\u0a15 \u0a17\u0a24\u0a40 \u0a28\u0a42\u0a70 \u0a2f\u0a15\u0a40\u0a28\u0a40 \u0a2c\u0a23\u0a3e\u0a09\u0a23 \u0a32\u0a08 \u0a35\u0a3f\u0a38\u0a3c\u0a47\u0a38\u0a3c \u0a24\u0a4c\u0a30 &#039;\u0a24\u0a47 \u0a24\u0a3f\u0a06\u0a30 \u0a15\u0a40\u0a24\u0a47 \u0a17\u0a0f \u0a39\u0a28\u0964<\/p>\n<p>\u0a28\u0a3f\u0a2f\u0a70\u0a24\u0a30\u0a23: \u0a22\u0a32\u0a3e\u0a23 \u0a26\u0a40 \u0a35\u0a3f\u0a35\u0a38\u0a25\u0a3e \u0a38\u0a3f\u0a38\u0a1f\u0a2e \u0a26\u0a47 \u0a15\u0a47\u0a02\u0a26\u0a30\u0a40 \u0a28\u0a3f\u0a2f\u0a70\u0a24\u0a30\u0a23 \u0a2f\u0a42\u0a28\u0a3f\u0a1f \u0a26\u0a41\u0a06\u0a30\u0a3e \u0a24\u0a3e\u0a32\u0a2e\u0a47\u0a32 \u0a15\u0a40\u0a24\u0a40 \u0a1c\u0a3e\u0a02\u0a26\u0a40 \u0a39\u0a48 \u0a24\u0a3e\u0a02 \u0a1c\u0a4b \u0a15\u0a3e\u0a30\u0a1c \u0a2a\u0a42\u0a30\u0a40 \u0a24\u0a30\u0a4d\u0a39\u0a3e\u0a02 \u0a06\u0a1f\u0a4b\u0a2e\u0a48\u0a1f\u0a3f\u0a15 \u0a05\u0a24\u0a47 \u0a15\u0a41\u0a38\u0a3c\u0a32 \u0a39\u0a4b\u0a35\u0a47\u0964<\/p>\n<p>- \u0a38\u0a1f\u0a4b\u0a30\u0a47\u0a1c \u0a38\u0a2e\u0a30\u0a71\u0a25\u0a3e: \u0a32\u0a17\u0a2d\u0a17 50-60 \u0a15\u0a32\u0a48\u0a02\u0a2a\u0a3f\u0a70\u0a17 \u0a35\u0a3e\u0a08\u0a38<br \/>\n- \u0a38\u0a32\u0a3e\u0a08\u0a21 \u0a38\u0a2e\u0a71\u0a17\u0a30\u0a40: \u0a38\u0a1f\u0a40\u0a32 \u0a1c\u0a3e\u0a02 \u0a10\u0a32\u0a42\u0a2e\u0a40\u0a28\u0a40\u0a05\u0a2e, \u0a10\u0a2a\u0a32\u0a40\u0a15\u0a47\u0a38\u0a3c\u0a28 &#039;\u0a24\u0a47 \u0a28\u0a3f\u0a30\u0a2d\u0a30 \u0a15\u0a30\u0a26\u0a3e \u0a39\u0a48\u0964<br \/>\n- \u0a06\u0a1f\u0a4b\u0a2e\u0a47\u0a38\u0a3c\u0a28: \u0a15\u0a47\u0a02\u0a26\u0a30\u0a40 \u0a15\u0a70\u0a1f\u0a30\u0a4b\u0a32 \u0a2f\u0a42\u0a28\u0a3f\u0a1f \u0a26\u0a47 \u0a28\u0a3e\u0a32 \u0a2a\u0a42\u0a30\u0a40 \u0a24\u0a30\u0a4d\u0a39\u0a3e\u0a02 \u0a38\u0a35\u0a48\u0a1a\u0a3e\u0a32\u0a3f\u0a24<br \/>\n- \u0a10\u0a2a\u0a32\u0a40\u0a15\u0a47\u0a38\u0a3c\u0a28 \u0a26\u0a3e \u0a16\u0a47\u0a24\u0a30: \u0a35\u0a71\u0a16-\u0a35\u0a71\u0a16 \u0a06\u0a15\u0a3e\u0a30\u0a3e\u0a02 \u0a05\u0a24\u0a47 \u0a06\u0a15\u0a3e\u0a30\u0a3e\u0a02 \u0a26\u0a47 \u0a35\u0a30\u0a15\u0a2a\u0a40\u0a38 \u0a26\u0a40 \u0a2a\u0a4d\u0a30\u0a15\u0a3f\u0a30\u0a3f\u0a06 \u0a32\u0a08<br \/>\n- \u0a10\u0a2a\u0a32\u0a40\u0a15\u0a47\u0a38\u0a3c\u0a28: \u0a16\u0a3e\u0a38 \u0a24\u0a4c\u0a30 &#039;\u0a24\u0a47 \u0a27\u0a3e\u0a24\u0a42 \u0a26\u0a47 \u0a15\u0a70\u0a2e \u0a05\u0a24\u0a47 \u0a09\u0a26\u0a2f\u0a4b\u0a17\u0a3f\u0a15 \u0a09\u0a24\u0a2a\u0a3e\u0a26\u0a28 \u0a32\u0a08 \u0a22\u0a41\u0a15\u0a35\u0a3e\u0a02<br \/>\n- \u0a0f\u0a15\u0a40\u0a15\u0a30\u0a28: \u0a2e\u0a4c\u0a1c\u0a42\u0a26\u0a3e \u0a09\u0a24\u0a2a\u0a3e\u0a26\u0a28 \u0a2a\u0a4d\u0a30\u0a15\u0a3f\u0a30\u0a3f\u0a06\u0a35\u0a3e\u0a02 \u0a35\u0a3f\u0a71\u0a1a \u0a0f\u0a15\u0a40\u0a15\u0a30\u0a28 \u0a15\u0a30\u0a28\u0a3e \u0a06\u0a38\u0a3e\u0a28<\/p>\n<p>\u0a2e\u0a38\u0a3c\u0a40\u0a28 \u0a26\u0a40 \u0a2c\u0a3f\u0a1c\u0a32\u0a40 \u0a26\u0a47 \u0a05\u0a27\u0a40\u0a28 \u0a28\u0a3f\u0a2f\u0a41\u0a15\u0a24\u0a40 \u0a26\u0a41\u0a06\u0a30\u0a3e \u0a1c\u0a3e\u0a02\u0a1a \u0a15\u0a40\u0a24\u0a40 \u0a1c\u0a3e \u0a38\u0a15\u0a26\u0a40 \u0a39\u0a48\u0964<br \/>\n\u0a24\u0a15\u0a28\u0a40\u0a15\u0a40 \u0a21\u0a47\u0a1f\u0a3e \u0a05\u0a24\u0a47 \u0a1c\u0a3e\u0a23\u0a15\u0a3e\u0a30\u0a40 \u0a26\u0a47 \u0a28\u0a3e\u0a32-\u0a28\u0a3e\u0a32 \u0a35\u0a3f\u0a15\u0a30\u0a40 \u0a24\u0a4b\u0a02 \u0a2a\u0a39\u0a3f\u0a32\u0a3e\u0a02 \u0a24\u0a2c\u0a26\u0a40\u0a32\u0a40\u0a06\u0a02 \u0a05\u0a24\u0a47 \u0a17\u0a32\u0a24\u0a40\u0a06\u0a02 \u0a26\u0a47 \u0a05\u0a27\u0a40\u0a28!<\/p>","protected":false},"excerpt":{"rendered":"<p>Standort: Deutschland, Baden-W\u00fcrttemberg S\u00fcdwest Zustand: Gebraucht Hersteller: LANG Modell: LANG Baujahr: 2005 LANG Technik Bevorratung und Zuf\u00fchrsystem Baujahr 2005, inkl. 20 Schraubst\u00f6cke Automationssystem mit Rutschen-Anordnung Speicherkapazit\u00e4t von ca. 50-60 Spannschraubstocken. Technische Beschreibung: LANG Technik Bevorratung und Zuf\u00fchrsystem LANG Technik Automationssystem mit Rutschenanordnung ist eine hochentwickelte, automatisierte L\u00f6sung zur Handhabung und Bearbeitung von Werkst\u00fccken, die speziell [&hellip;]<\/p>\n","protected":false},"featured_media":3287,"comment_status":"open","ping_status":"closed","template":"","meta":{"_uf_show_specific_survey":0,"_uf_disable_surveys":false},"product_brand":[],"product_cat":[105],"product_tag":[],"class_list":{"0":"post-3297","1":"product","2":"type-product","3":"status-publish","4":"has-post-thumbnail","6":"product_cat-zubehoer-sonstiges","8":"first","9":"instock","10":"taxable","11":"shipping-taxable","12":"product-type-simple"},"aioseo_notices":[],"_links":{"self":[{"href":"https:\/\/mueller-wrh.de\/pa\/wp-json\/wp\/v2\/product\/3297","targetHints":{"allow":["GET"]}}],"collection":[{"href":"https:\/\/mueller-wrh.de\/pa\/wp-json\/wp\/v2\/product"}],"about":[{"href":"https:\/\/mueller-wrh.de\/pa\/wp-json\/wp\/v2\/types\/product"}],"replies":[{"embeddable":true,"href":"https:\/\/mueller-wrh.de\/pa\/wp-json\/wp\/v2\/comments?post=3297"}],"wp:featuredmedia":[{"embeddable":true,"href":"https:\/\/mueller-wrh.de\/pa\/wp-json\/wp\/v2\/media\/3287"}],"wp:attachment":[{"href":"https:\/\/mueller-wrh.de\/pa\/wp-json\/wp\/v2\/media?parent=3297"}],"wp:term":[{"taxonomy":"product_brand","embeddable":true,"href":"https:\/\/mueller-wrh.de\/pa\/wp-json\/wp\/v2\/product_brand?post=3297"},{"taxonomy":"product_cat","embeddable":true,"href":"https:\/\/mueller-wrh.de\/pa\/wp-json\/wp\/v2\/product_cat?post=3297"},{"taxonomy":"product_tag","embeddable":true,"href":"https:\/\/mueller-wrh.de\/pa\/wp-json\/wp\/v2\/product_tag?post=3297"}],"curies":[{"name":"\u0a21\u0a2c\u0a32\u0a2f\u0a42\u0a2a\u0a40","href":"https:\/\/api.w.org\/{rel}","templated":true}]}}