{"id":3157,"date":"2025-03-13T16:40:11","date_gmt":"2025-03-13T16:40:11","guid":{"rendered":"https:\/\/mueller-wrh.de\/produkt\/buechele-filteranlage-und-spaenefoerdersystem-fuer-cnc-werkzeugmaschinen-fuer-fanuc-robodrill-%ce%b1-d21lib5-plus-bab-zentrum_2022_02_intnr231242\/"},"modified":"2025-03-13T16:40:11","modified_gmt":"2025-03-13T16:40:11","slug":"buechele-filteranlage-und-spaenefoerdersystem-fuer-cnc-werkzeugmaschinen-fuer-fanuc-robodrill-%ce%b1-d21lib5-plus-bab-zentrum_2022_02_intnr231242","status":"publish","type":"product","link":"https:\/\/mueller-wrh.de\/pa\/product\/buechele-filteranlage-und-spaenefoerdersystem-fuer-cnc-werkzeugmaschinen-fuer-fanuc-robodrill-%ce%b1-d21lib5-plus-bab-zentrum_2022_02_intnr231242\/","title":{"rendered":"FANUC ROBODRILL \u03b1-D21LiB5 \u0a2a\u0a32\u0a71\u0a38 BAB-Zentrum_2022_02_IntNr231242 \u0a32\u0a08 CNC \u0a2e\u0a38\u0a3c\u0a40\u0a28 \u0a1f\u0a42\u0a32\u0a38 \u0a32\u0a08 \u0a2c\u0a41\u0a1a\u0a47\u0a32 \u0a2b\u0a3f\u0a32\u0a1f\u0a30 \u0a38\u0a3f\u0a38\u0a1f\u0a2e \u0a05\u0a24\u0a47 \u0a1a\u0a3f\u0a71\u0a2a \u0a15\u0a28\u0a35\u0a47\u0a05\u0a30 \u0a38\u0a3f\u0a38\u0a1f\u0a2e"},"content":{"rendered":"<p><b>\u0a38\u0a25\u0a3e\u0a28:<\/b> \u0a1c\u0a30\u0a2e\u0a28\u0a40, \u0a2c\u0a3e\u0a21\u0a47\u0a28-\u0a35\u0a30\u0a1f\u0a2e\u0a2c\u0a30\u0a17 \u0a26\u0a71\u0a16\u0a23-\u0a2a\u0a71\u0a1b\u0a2e<\/p>\n<p><b>\u0a39\u0a3e\u0a32\u0a24:<\/b> \u0a28\u0a35\u0a3e\u0a02<\/p>\n<p><b>\u0a28\u0a3f\u0a30\u0a2e\u0a3e\u0a24\u0a3e:<\/b> \u0a10\u0a38\u0a10\u0a2b \u0a38\u0a3f\u0a38\u0a1f\u0a2e \u0a2c\u0a41\u0a1a\u0a47\u0a32<\/p>\n<p><b>\u0a2e\u0a3e\u0a21\u0a32:<\/b> \u0a10\u0a38\u0a10\u0a2b\u0a2c\u0a40 600 _\u0a15\u0a47\u0a10\u0a2b 200\/950<\/p>\n<p><b>\u0a09\u0a38\u0a3e\u0a30\u0a40 \u0a26\u0a3e \u0a38\u0a3e\u0a32:<\/b> 2024<\/p>\n<p><b>\u0a15\u0a70\u0a2e\u0a15\u0a3e\u0a1c\u0a40 \u0a18\u0a70\u0a1f\u0a47:<\/b> 0<\/p>\n<p>\u0a07\u0a70\u0a1f\u0a30\u0a28\u0a48\u0a36\u0a28 231242<\/p>\n<p>FANUC ROBODRILL \u03b1-D21LiB5 \u0a2a\u0a32\u0a71\u0a38 BAB \u0a38\u0a48\u0a02\u0a1f\u0a30 \u0a32\u0a08 CNC \u0a2e\u0a38\u0a3c\u0a40\u0a28 \u0a1f\u0a42\u0a32\u0a38 \u0a32\u0a08 B\u00fcchele SFB-600 \u0a2b\u0a3f\u0a32\u0a1f\u0a30 \u0a38\u0a3f\u0a38\u0a1f\u0a2e \u0a05\u0a24\u0a47 \u0a1a\u0a3f\u0a71\u0a2a \u0a15\u0a28\u0a35\u0a47\u0a05\u0a30 \u0a38\u0a3f\u0a38\u0a1f\u0a2e<br \/>\n\u0a15\u0a28\u0a35\u0a47\u0a05\u0a30 + \u0a2b\u0a41\u0a71\u0a32-\u0a2b\u0a32\u0a4b \u0a2b\u0a3f\u0a32\u0a1f\u0a30 \u0a38\u0a3f\u0a38\u0a1f\u0a2e<br \/>\n\u0a10\u0a17\u0a1c\u0a3c\u0a40\u0a15\u0a3f\u0a0a\u0a38\u0a3c\u0a28:<br \/>\n\u0a07\u0a38 \u0a35\u0a3f\u0a71\u0a1a \u0a38\u0a3c\u0a3e\u0a2e\u0a32 \u0a39\u0a28:<br \/>\n\u0a15\u0a3f\u0a38\u0a2e: \u0a15\u0a47\u0a10\u0a2b 200\/950<br \/>\n\u0a2a\u0a47\u0a1a \u0a2a\u0a70\u0a2a KTS 25-38-T; 400V; 50 Hz<br \/>\n\u0a38\u0a48\u0a02\u0a1f\u0a30\u0a3f\u0a2b\u0a3f\u0a0a\u0a17\u0a32 \u0a2a\u0a70\u0a2a 1 MTR 10-14\/6; 400 V; 50 Hz<br \/>\n\u0a38\u0a48\u0a02\u0a1f\u0a30\u0a3f\u0a2b\u0a3f\u0a0a\u0a17\u0a32 \u0a2a\u0a70\u0a2a 2 MTR 3-23\/7; 400V; 50 Hz<br \/>\n\u0a35\u0a30\u0a1c\u0a28: \u0a16\u0a71\u0a2c\u0a3e \u0a35\u0a30\u0a1c\u0a28<br \/>\n\u0a38\u0a70\u0a16\u0a47\u0a2a \u0a2b\u0a3f\u0a32\u0a1f\u0a30 KF 200\/950<br \/>\n\u0a2b\u0a32\u0a40\u0a38 \u0a39\u0a4b\u0a32\u0a21\u0a30 \u0a15\u0a47\u0a10\u0a2b \u0a1f\u0a4c\u0a2a (\u0a39\u0a3e\u0a09\u0a38\u0a3f\u0a70\u0a17 \u0a35\u0a3f\u0a71\u0a1a \u0a0f\u0a15\u0a40\u0a15\u0a4d\u0a30\u0a3f\u0a24)<br \/>\n\u0a2b\u0a3f\u0a32\u0a1f\u0a30 \u0a38\u0a2e\u0a30\u0a71\u0a25\u0a3e 200 \u0a32\u0a40\u0a1f\u0a30\/\u0a2e\u0a3f\u0a70\u0a1f<br \/>\n\u0a2b\u0a3f\u0a32\u0a1f\u0a30 \u0a2b\u0a32\u0a40\u0a38 PW 70\/70<br \/>\n\u0a16\u0a71\u0a2c\u0a3e \u0a35\u0a30\u0a1c\u0a28<br \/>\n\u0a1f\u0a48\u0a02\u0a15: \u0a15\u0a3f\u0a38\u0a2e FKA\/950<br \/>\n\u0a32\u0a70\u0a2c\u0a3e\u0a08 1,600 \u0a2e\u0a3f\u0a32\u0a40\u0a2e\u0a40\u0a1f\u0a30<br \/>\n\u0a1a\u0a4c\u0a5c\u0a3e\u0a08 1,010 \u0a2e\u0a3f\u0a32\u0a40\u0a2e\u0a40\u0a1f\u0a30<br \/>\n\u0a09\u0a1a\u0a3e\u0a08 900 \u0a2e\u0a3f\u0a32\u0a40\u0a2e\u0a40\u0a1f\u0a30<br \/>\n\u0a17\u0a30\u0a3e\u0a0a\u0a02\u0a21 \u0a15\u0a32\u0a40\u0a05\u0a30\u0a48\u0a02\u0a38 100 \u0a2e\u0a3f.\u0a2e\u0a40.<br \/>\n\u0a38\u0a2e\u0a30\u0a71\u0a25\u0a3e 950 \u0a32\u0a40\u0a1f\u0a30<br \/>\n\u0a38\u0a2e\u0a71\u0a17\u0a30\u0a40 \u0a38\u0a1f\u0a40\u0a32, \u0a1a\u0a3e\u0a26\u0a30 \u0a26\u0a40 \u0a2e\u0a4b\u0a1f\u0a3e\u0a08 3 \u0a2e\u0a3f\u0a32\u0a40\u0a2e\u0a40\u0a1f\u0a30<br \/>\n\u0a1f\u0a48\u0a02\u0a15 \u0a15\u0a35\u0a30 \u0a38\u0a3c\u0a40\u0a1f \u0a38\u0a1f\u0a40\u0a32<br \/>\n\u0a30\u0a47\u0a21\u0a40\u0a0f\u0a1f\u0a30 \u0a15\u0a28\u0a48\u0a15\u0a38\u0a3c\u0a28 \u0a24\u0a3f\u0a06\u0a30 \u0a15\u0a40\u0a24\u0a47 \u0a17\u0a0f<br \/>\n\u0a2a\u0a70\u0a2a \u0a07\u0a28\u0a1f\u0a47\u0a15 \u0a2c\u0a32\u0a15\u0a39\u0a48\u0a71\u0a21 \u0a26\u0a40 \u0a2a\u0a3e\u0a08\u0a2a\u0a3f\u0a70\u0a17<br \/>\n\u0a2b\u0a32\u0a4b-\u0a25\u0a30\u0a42 \u0a15\u0a42\u0a32\u0a30 \u0a32\u0a08 \u0a07\u0a28\u0a32\u0a47\u0a1f \u0a05\u0a24\u0a47 \u0a06\u0a0a\u0a1f\u0a32\u0a47\u0a1f \u0a28\u0a4b\u0a1c\u0a3c\u0a32\u0964<br \/>\n\u0a32\u0a48\u0a35\u0a32 \u0a38\u0a48\u0a02\u0a38\u0a30 1 ST<br \/>\n\u0a2c\u0a4d\u0a30\u0a3e\u0a02\u0a21: \u0a35\u0a3f\u0a1c\u0a3c\u0a42\u0a05\u0a32 \u0a21\u0a3f\u0a38\u0a2a\u0a32\u0a47 \u0a26\u0a47 \u0a28\u0a3e\u0a32 \u0a28\u0a4b\u0a32 \u0a2c\u0a48\u0a32\u0a2b<br \/>\n\u0a38\u0a35\u0a3f\u0a71\u0a1a\u0a3f\u0a70\u0a17 \u0a2a\u0a41\u0a06\u0a07\u0a70\u0a1f\u0a3e\u0a02 \u0a26\u0a40 \u0a17\u0a3f\u0a23\u0a24\u0a40 3 ST<br \/>\n70 915 11808 \u0a24\u0a4b\u0a02 \u0a2c\u0a3e\u0a05\u0a26<br \/>\n\u0a2a\u0a70\u0a2a 1 ST<br \/>\n\u0a2c\u0a48\u0a71\u0a21 \u0a2b\u0a32\u0a71\u0a38\u0a3c\u0a3f\u0a70\u0a17 \u0a32\u0a08 \u0a38\u0a48\u0a02\u0a1f\u0a30\u0a3f\u0a2b\u0a3f\u0a0a\u0a17\u0a32 \u0a2a\u0a70\u0a2a<br \/>\n\u0a26\u0a2c\u0a3e\u0a05 3.2 \u0a2c\u0a3e\u0a30 \/ \u0a28\u0a3f\u0a30\u0a2e\u0a3e\u0a24\u0a3e \u0a17\u0a30\u0a70\u0a21\u0a2b\u0a4b\u0a38<br \/>\n\u0a1f\u0a3e\u0a08\u0a2a MTR 10-16\/4<br \/>\n\u0a2a\u0a3e\u0a35\u0a30 1.50 \u0a15\u0a3f\u0a32\u0a4b\u0a35\u0a3e\u0a1f<br \/>\n\u0a35\u0a39\u0a3e\u0a05 \u0a26\u0a30 120-150 \u0a32\u0a40\u0a1f\u0a30\/\u0a2e\u0a3f\u0a70\u0a1f<br \/>\n\u0a2a\u0a70\u0a2a 1 ST<br \/>\n\u0a2c\u0a3e\u0a39\u0a30\u0a40 \u0a15\u0a42\u0a32\u0a3f\u0a70\u0a17\/\u0a35\u0a3e\u0a38\u0a3c\u0a3f\u0a70\u0a17 \u0a17\u0a28 \u0a32\u0a08 \u0a38\u0a48\u0a02\u0a1f\u0a30\u0a3f\u0a2b\u0a3f\u0a0a\u0a17\u0a32 \u0a2a\u0a70\u0a2a<br \/>\n\u0a26\u0a2c\u0a3e\u0a05 5.0 \u0a2c\u0a3e\u0a30<br \/>\n\u0a28\u0a3f\u0a30\u0a2e\u0a3e\u0a24\u0a3e \u0a17\u0a4d\u0a30\u0a70\u0a21\u0a2b\u0a4b\u0a38<br \/>\n\u0a1f\u0a3e\u0a08\u0a2a MTR 3-36\/7<br \/>\n\u0a2a\u0a3e\u0a35\u0a30 0.55 \u0a15\u0a3f\u0a32\u0a4b\u0a35\u0a3e\u0a1f<br \/>\n\u0a35\u0a39\u0a3e\u0a05 \u0a26\u0a30 30-50 \u0a32\u0a40\u0a1f\u0a30\/\u0a2e\u0a3f\u0a70\u0a1f<br \/>\n3\/2 \u0a35\u0a47\u0a05 \u0a35\u0a3e\u0a32\u0a35 MK10DR \u0a28\u0a3e\u0a32 \u0a2a\u0a3e\u0a08\u0a2a\u0a3f\u0a70\u0a17<br \/>\n\u0a38\u0a1f\u0a40\u0a05\u0a30\u0a3f\u0a70\u0a17:<br \/>\n1. \u0a26\u0a30\u0a35\u0a3e\u0a1c\u0a3c\u0a3e \u0a2c\u0a70\u0a26 \u0a38\u0a3f\u0a17\u0a28\u0a32: \u0a06\u0a2e \u0a15\u0a3e\u0a30\u0a35\u0a3e\u0a08 \u0a2c\u0a3e\u0a39\u0a30\u0a40 \u0a15\u0a42\u0a32\u0a3f\u0a70\u0a17<br \/>\n2. \u0a26\u0a30\u0a35\u0a3e\u0a1c\u0a3c\u0a3e \u0a16\u0a41\u0a71\u0a32\u0a4d\u0a39\u0a23 \u0a26\u0a3e \u0a38\u0a70\u0a15\u0a47\u0a24: \u0a2c\u0a70\u0a26\u0a42\u0a15 \u0a27\u0a4b\u0a23 \u0a26\u0a3e \u0a15\u0a70\u0a2e<br \/>\n60 \u0a38\u0a15\u0a3f\u0a70\u0a1f\u0a3e\u0a02 \u0a2c\u0a3e\u0a05\u0a26, \u0a2b\u0a3f\u0a30 \u0a38\u0a3f\u0a17\u0a28\u0a32,<br \/>\n\u0a1c\u0a3c\u0a4b\u0a30 \u0a32\u0a17\u0a3e\u0a13<br \/>\n\u0a2a\u0a47\u0a1a \u0a2a\u0a70\u0a2a KTS 25 1 ST<br \/>\n\u0a15\u0a3f\u0a38\u0a2e: KTS 25<br \/>\n400 V 4.00 kW &#039;\u0a24\u0a47 50 Hz &#039;\u0a24\u0a47 \u0a2a\u0a3e\u0a35\u0a30<br \/>\n50Hz 400 V &#039;\u0a24\u0a47 \u0a35\u0a4b\u0a32\u0a1f\u0a47\u0a1c<br \/>\n\u0a2c\u0a3e\u0a30\u0a70\u0a2c\u0a3e\u0a30\u0a24\u0a3e 50 Hz<br \/>\n\u0a15\u0a41\u0a38\u0a3c\u0a32\u0a24\u0a3e \u0a15\u0a32\u0a3e\u0a38 IE3<br \/>\n\u0a2c\u0a3e\u0a30\u0a70\u0a2c\u0a3e\u0a30\u0a24\u0a3e \u0a28\u0a3f\u0a2f\u0a70\u0a24\u0a30\u0a23 \u0a24\u0a4b\u0a02 \u0a2c\u0a3f\u0a28\u0a3e\u0a02<br \/>\n\u0a2a\u0a3e\u0a08\u0a2a\u0a3f\u0a70\u0a17 \u0a39\u0a3e\u0a02<br \/>\n\u0a2a\u0a3e\u0a08\u0a2a\u0a3f\u0a70\u0a17 \u0a38\u0a1f\u0a48\u0a02\u0a21\u0a30\u0a21 \u0a39\u0a3e\u0a02<br \/>\n\u0a35\u0a3e\u0a32\u0a35 DBV-60\/75<br \/>\n\u0a26\u0a2c\u0a3e\u0a05 \u0a17\u0a47\u0a1c \u0a2c\u0a3e\u0a30<br \/>\n\u0a35\u0a39\u0a3e\u0a05 \u0a26\u0a30 25 \u0a32\u0a40\u0a1f\u0a30\/\u0a2e\u0a3f\u0a70\u0a1f<br \/>\n\u0a26\u0a2c\u0a3e\u0a05 60 \u0a2c\u0a3e\u0a30<br \/>\n\u0a2b\u0a70\u0a15\u0a38\u0a3c\u0a28 IKZ<br \/>\n\u0a2a\u0a3e\u0a08\u0a2a\u0a3f\u0a70\u0a17 1 ST<br \/>\n\u0a09\u0a71\u0a1a \u0a26\u0a2c\u0a3e\u0a05 \u0a2a\u0a3e\u0a08\u0a2a\u0a3f\u0a70\u0a17<br \/>\n\u0a05\u0a30\u0a2e\u0a47\u0a1f\u0a4b \u0a35\u0a30\u0a1c\u0a28<br \/>\n\u0a07\u0a32\u0a48\u0a15\u0a1f\u0a4d\u0a30\u0a3f\u0a15\u0a38 1 ST<br \/>\n\u0a07\u0a32\u0a48\u0a15\u0a1f\u0a4d\u0a30\u0a40\u0a15\u0a32 \u0a15\u0a70\u0a1f\u0a30\u0a4b\u0a32 \u0a15\u0a48\u0a2c\u0a28\u0a3f\u0a1f \u0a26\u0a3e \u0a21\u0a3f\u0a1c\u0a3c\u0a3e\u0a08\u0a28<br \/>\n\u0a21\u0a3f\u0a1c\u0a40\u0a1f\u0a32 \u0a38\u0a48\u0a02\u0a38\u0a30 (\u0a38\u0a35\u0a3f\u0a1a\u0a3f\u0a70\u0a17 \u0a2a\u0a41\u0a06\u0a07\u0a70\u0a1f) 3 ST<br \/>\n\u0a10\u0a28\u0a3e\u0a32\u0a3e\u0a17 \u0a38\u0a48\u0a02\u0a38\u0a30 3 ST<br \/>\n\u0a2b\u0a3f\u0a32\u0a1f\u0a30 \u0a2f\u0a42\u0a28\u0a3f\u0a1f KF<br \/>\n\u0a2a\u0a32\u0a71\u0a17\u0a47\u0a2c\u0a32 \u0a15\u0a28\u0a35\u0a47\u0a05\u0a30 \u0a38\u0a3f\u0a38\u0a1f\u0a2e<br \/>\n\u0a15\u0a70\u0a1f\u0a30\u0a4b\u0a32 \u0a35\u0a3f\u0a38\u0a3c\u0a47\u0a38\u0a3c<br \/>\n\u0a1f\u0a48\u0a15\u0a38\u0a1f \u0a21\u0a3f\u0a38\u0a2a\u0a32\u0a47 KTP 400 Comfort<br \/>\n\u0a15\u0a70\u0a1f\u0a30\u0a4b\u0a32 \u0a15\u0a48\u0a2c\u0a28\u0a3f\u0a1f \u0a39\u0a3e\u0a0a\u0a38\u0a3f\u0a70\u0a17 \u0a35\u0a3e\u0a32 \u0a15\u0a48\u0a2c\u0a28\u0a3f\u0a1f<br \/>\n\u0a21\u0a3f\u0a1c\u0a40\u0a1f\u0a32\/\u0a10\u0a28\u0a3e\u0a32\u0a3e\u0a17 \u0a32\u0a48\u0a35\u0a32 \u0a38\u0a48\u0a02\u0a38\u0a30<br \/>\n\u0a2e\u0a41\u0a71\u0a16 \u0a38\u0a35\u0a3f\u0a71\u0a1a<br \/>\n\u0a07\u0a70\u0a1f\u0a30\u0a2b\u0a47\u0a38 \u0a15\u0a47\u0a2c\u0a32 8 \u0a2e\u0a40\u0a1f\u0a30, \u0a26\u0a4b\u0a35\u0a3e\u0a02 \u0a2a\u0a3e\u0a38\u0a3f\u0a06\u0a02 &#039;\u0a24\u0a47 HARTING \u0a15\u0a28\u0a48\u0a15\u0a1f\u0a30 \u0a38\u0a2e\u0a47\u0a24\u0964<br \/>\n\u0a2e\u0a47\u0a32\u0a3f\u0a70\u0a17 \u0a15\u0a28\u0a48\u0a15\u0a1f\u0a30<br \/>\nCEE \u0a2a\u0a32\u0a71\u0a17 \u0a26\u0a47 \u0a28\u0a3e\u0a32 5 \u0a2e\u0a40\u0a1f\u0a30 \u0a2e\u0a47\u0a28 \u0a2a\u0a3e\u0a35\u0a30 \u0a15\u0a47\u0a2c\u0a32<\/p>\n<p>\u0a2e\u0a38\u0a3c\u0a40\u0a28 \u0a28\u0a42\u0a70 \u0a05\u0a2a\u0a3e\u0a07\u0a70\u0a1f\u0a2e\u0a48\u0a02\u0a1f \u0a32\u0a48 \u0a15\u0a47 \u0a26\u0a47\u0a16\u0a3f\u0a06 \u0a1c\u0a3e \u0a38\u0a15\u0a26\u0a3e \u0a39\u0a48\u0964<br \/>\n\u0a24\u0a15\u0a28\u0a40\u0a15\u0a40 \u0a21\u0a47\u0a1f\u0a3e \u0a05\u0a24\u0a47 \u0a1c\u0a3e\u0a23\u0a15\u0a3e\u0a30\u0a40 \u0a26\u0a47 \u0a28\u0a3e\u0a32-\u0a28\u0a3e\u0a32 \u0a2a\u0a39\u0a3f\u0a32\u0a3e\u0a02 \u0a26\u0a40 \u0a35\u0a3f\u0a15\u0a30\u0a40 \u0a35\u0a3f\u0a71\u0a1a \u0a24\u0a2c\u0a26\u0a40\u0a32\u0a40\u0a06\u0a02 \u0a05\u0a24\u0a47 \u0a17\u0a32\u0a24\u0a40\u0a06\u0a02 \u0a26\u0a47 \u0a05\u0a27\u0a40\u0a28!<\/p>\n<p>FANUC ROBODRILL \u03b1-D21LiB5 \u0a2a\u0a32\u0a71\u0a38 BAB \u0a38\u0a48\u0a02\u0a1f\u0a30 \u0a32\u0a08 CNC \u0a2e\u0a38\u0a3c\u0a40\u0a28 \u0a1f\u0a42\u0a32\u0a38 \u0a32\u0a08 B\u00fcchele \u0a2b\u0a3f\u0a32\u0a1f\u0a30 \u0a38\u0a3f\u0a38\u0a1f\u0a2e \u0a05\u0a24\u0a47 \u0a1a\u0a3f\u0a71\u0a2a \u0a15\u0a28\u0a35\u0a47\u0a05\u0a30<br \/>\n\u0a15\u0a28\u0a35\u0a47\u0a05\u0a30 + \u0a2b\u0a41\u0a71\u0a32 \u0a2b\u0a32\u0a4b \u0a2b\u0a3f\u0a32\u0a1f\u0a30 \u0a38\u0a3f\u0a38\u0a1f\u0a2e<\/p>\n<p>\u0a28\u0a3f\u0a30\u0a27\u0a3e\u0a30\u0a28:<br \/>\n\u0a07\u0a38 \u0a35\u0a3f\u0a71\u0a1a \u0a38\u0a3c\u0a3e\u0a2e\u0a32 \u0a39\u0a28:<\/p>\n<p>\u0a15\u0a3f\u0a38\u0a2e: \u0a15\u0a47\u0a10\u0a2b 200\/950<br \/>\n\u0a2a\u0a47\u0a1a \u0a38\u0a2a\u0a3f\u0a70\u0a21\u0a32 \u0a2a\u0a70\u0a2a: KTS 25-38-T; 400V; 50Hz<br \/>\n\u0a38\u0a48\u0a02\u0a1f\u0a30\u0a3f\u0a2b\u0a3f\u0a0a\u0a17\u0a32 \u0a2a\u0a70\u0a2a 1: MTR 10-14\/6; 400V; 50Hz<br \/>\n\u0a38\u0a48\u0a02\u0a1f\u0a30\u0a3f\u0a2b\u0a3f\u0a0a\u0a17\u0a32 \u0a2a\u0a70\u0a2a 2: MTR 3-23\/7; 400V; 50Hz<br \/>\n\u0a38\u0a70\u0a30\u0a1a\u0a28\u0a3e: \u0a16\u0a71\u0a2c\u0a47 \u0a2a\u0a3e\u0a38\u0a47 \u0a35\u0a3e\u0a32\u0a3e \u0a38\u0a70\u0a38\u0a15\u0a30\u0a23<br \/>\n\u0a38\u0a70\u0a16\u0a47\u0a2a \u0a2b\u0a3f\u0a32\u0a1f\u0a30 KF 200\/950<br \/>\n\u0a2b\u0a3f\u0a32\u0a1f\u0a30 \u0a2b\u0a32\u0a40\u0a38 \u0a07\u0a28\u0a1f\u0a47\u0a15: \u0a15\u0a47\u0a10\u0a2b \u0a1f\u0a4c\u0a2a (\u0a39\u0a3e\u0a09\u0a38\u0a3f\u0a70\u0a17 \u0a35\u0a3f\u0a71\u0a1a \u0a0f\u0a15\u0a40\u0a15\u0a4d\u0a30\u0a3f\u0a24)<br \/>\n\u0a2b\u0a3f\u0a32\u0a1f\u0a30\u0a3f\u0a70\u0a17 \u0a38\u0a2e\u0a30\u0a71\u0a25\u0a3e: 200 \u0a32\u0a40\u0a1f\u0a30\/\u0a2e\u0a3f\u0a70\u0a1f<br \/>\n\u0a2b\u0a3f\u0a32\u0a1f\u0a30 \u0a2b\u0a32\u0a40\u0a38: PW 70\/70<br \/>\n\u0a38\u0a70\u0a38\u0a15\u0a30\u0a23: \u0a16\u0a71\u0a2c\u0a47<br \/>\n\u0a1f\u0a48\u0a02\u0a15: \u0a1f\u0a3e\u0a08\u0a2a FKA\/950<br \/>\n\u0a32\u0a70\u0a2c\u0a3e\u0a08: 1,600 \u0a2e\u0a3f\u0a32\u0a40\u0a2e\u0a40\u0a1f\u0a30<br \/>\n\u0a1a\u0a4c\u0a5c\u0a3e\u0a08: 1,010 \u0a2e\u0a3f\u0a32\u0a40\u0a2e\u0a40\u0a1f\u0a30<br \/>\n\u0a09\u0a1a\u0a3e\u0a08: 900 \u0a2e\u0a3f\u0a32\u0a40\u0a2e\u0a40\u0a1f\u0a30<br \/>\n\u0a17\u0a30\u0a3e\u0a0a\u0a02\u0a21 \u0a15\u0a32\u0a40\u0a05\u0a30\u0a48\u0a02\u0a38: 100 \u0a2e\u0a3f\u0a32\u0a40\u0a2e\u0a40\u0a1f\u0a30<br \/>\n\u0a38\u0a2e\u0a30\u0a71\u0a25\u0a3e: 950 \u0a32\u0a40\u0a1f\u0a30<br \/>\n\u0a38\u0a2e\u0a71\u0a17\u0a30\u0a40: \u0a38\u0a1f\u0a40\u0a32, \u0a1a\u0a3e\u0a26\u0a30 \u0a26\u0a40 \u0a2e\u0a4b\u0a1f\u0a3e\u0a08 3 \u0a2e\u0a3f\u0a32\u0a40\u0a2e\u0a40\u0a1f\u0a30<br \/>\n\u0a1f\u0a48\u0a02\u0a15 \u0a15\u0a35\u0a30: \u0a38\u0a1f\u0a40\u0a32 \u0a38\u0a3c\u0a40\u0a1f<br \/>\n\u0a15\u0a42\u0a32\u0a30 \u0a15\u0a28\u0a48\u0a15\u0a38\u0a3c\u0a28: \u0a24\u0a3f\u0a06\u0a30<br \/>\n\u0a2a\u0a70\u0a2a \u0a07\u0a28\u0a1f\u0a47\u0a15 \u0a32\u0a08 \u0a2a\u0a3e\u0a08\u0a2a\u0a3f\u0a70\u0a17: \u0a07\u0a71\u0a15 \u0a2c\u0a32\u0a15\u0a39\u0a48\u0a71\u0a21 \u0a38\u0a1f\u0a4d\u0a30\u0a3f\u0a2a<br \/>\n\u0a07\u0a28\u0a32\u0a47\u0a1f \u0a05\u0a24\u0a47 \u0a06\u0a0a\u0a1f\u0a32\u0a47\u0a1f \u0a15\u0a28\u0a48\u0a15\u0a38\u0a3c\u0a28: \u0a38\u0a30\u0a15\u0a42\u0a32\u0a47\u0a38\u0a3c\u0a28 \u0a15\u0a42\u0a32\u0a30 \u0a32\u0a08<br \/>\n\u0a2b\u0a3f\u0a32 \u0a32\u0a48\u0a35\u0a32 \u0a38\u0a48\u0a02\u0a38\u0a30: 1 \u0a2a\u0a40\u0a38\u0a40<br \/>\n\u0a28\u0a3f\u0a30\u0a2e\u0a3e\u0a24\u0a3e: \u0a35\u0a3f\u0a1c\u0a3c\u0a42\u0a05\u0a32 \u0a21\u0a3f\u0a38\u0a2a\u0a32\u0a47 \u0a26\u0a47 \u0a28\u0a3e\u0a32 \u0a28\u0a4b\u0a32 \u0a2c\u0a48\u0a32\u0a2b<br \/>\n\u0a38\u0a35\u0a3f\u0a71\u0a1a \u0a2a\u0a41\u0a06\u0a07\u0a70\u0a1f\u0a3e\u0a02 \u0a26\u0a40 \u0a17\u0a3f\u0a23\u0a24\u0a40: 3pcs<br \/>\n\u0a2e\u0a3f\u0a06\u0a30 \u0a05\u0a28\u0a41\u0a38\u0a3e\u0a30: 70 915 11808<br \/>\n\u0a2a\u0a70\u0a2a:<br \/>\n\u0a2c\u0a48\u0a71\u0a21 \u0a2b\u0a32\u0a71\u0a38\u0a3c\u0a3f\u0a70\u0a17 \u0a32\u0a08 \u0a38\u0a48\u0a02\u0a1f\u0a30\u0a3f\u0a2b\u0a3f\u0a0a\u0a17\u0a32 \u0a2a\u0a70\u0a2a:<\/p>\n<p>\u0a26\u0a2c\u0a3e\u0a05: 3.2 \u0a2c\u0a3e\u0a30<br \/>\n\u0a28\u0a3f\u0a30\u0a2e\u0a3e\u0a24\u0a3e: \u0a17\u0a4d\u0a30\u0a70\u0a21\u0a2b\u0a4b\u0a38<br \/>\n\u0a15\u0a3f\u0a38\u0a2e: \u0a10\u0a2e\u0a1f\u0a40\u0a06\u0a30 10-16\/4<br \/>\n\u0a2a\u0a3e\u0a35\u0a30: 1.50 \u0a15\u0a3f\u0a32\u0a4b\u0a35\u0a3e\u0a1f<br \/>\n\u0a35\u0a39\u0a3e\u0a05 \u0a26\u0a30: 120-150 \u0a32\u0a40\u0a1f\u0a30\/\u0a2e\u0a3f\u0a70\u0a1f<br \/>\n\u0a2c\u0a3e\u0a39\u0a30\u0a40 \u0a15\u0a42\u0a32\u0a3f\u0a70\u0a17 \/ \u0a35\u0a3e\u0a38\u0a3c\u0a3f\u0a70\u0a17 \u0a17\u0a28 \u0a32\u0a08 \u0a38\u0a48\u0a02\u0a1f\u0a30\u0a3f\u0a2b\u0a3f\u0a0a\u0a17\u0a32 \u0a2a\u0a70\u0a2a:<\/p>\n<p>\u0a26\u0a2c\u0a3e\u0a05: 5.0 \u0a2c\u0a3e\u0a30<br \/>\n\u0a28\u0a3f\u0a30\u0a2e\u0a3e\u0a24\u0a3e: \u0a17\u0a4d\u0a30\u0a70\u0a21\u0a2b\u0a4b\u0a38<br \/>\n\u0a15\u0a3f\u0a38\u0a2e: \u0a10\u0a2e\u0a1f\u0a40\u0a06\u0a30 3-36\/7<br \/>\n\u0a2a\u0a3e\u0a35\u0a30: 0.55 \u0a15\u0a3f\u0a32\u0a4b\u0a35\u0a3e\u0a1f<br \/>\n\u0a35\u0a39\u0a3e\u0a05 \u0a26\u0a30: 30-50 \u0a32\u0a40\u0a1f\u0a30\/\u0a2e\u0a3f\u0a70\u0a1f<br \/>\n3\/2-\u0a35\u0a47 \u0a35\u0a3e\u0a32\u0a35 \u0a28\u0a3e\u0a32 \u0a2a\u0a3e\u0a08\u0a2a\u0a3f\u0a70\u0a17: MK10DR<br \/>\n\u0a15\u0a70\u0a1f\u0a30\u0a4b\u0a32 \u0a38\u0a3f\u0a38\u0a1f\u0a2e:<br \/>\n\u0a26\u0a30\u0a35\u0a3e\u0a1c\u0a3c\u0a3e \u0a2c\u0a70\u0a26 \u0a38\u0a3f\u0a17\u0a28\u0a32: \u0a06\u0a2e \u0a15\u0a3e\u0a30\u0a35\u0a3e\u0a08 - \u0a2c\u0a3e\u0a39\u0a30\u0a40 \u0a15\u0a42\u0a32\u0a3f\u0a70\u0a17<br \/>\n\u0a26\u0a30\u0a35\u0a3e\u0a1c\u0a3c\u0a3e \u0a16\u0a4b\u0a32\u0a4d\u0a39\u0a23 \u0a26\u0a3e \u0a38\u0a3f\u0a17\u0a28\u0a32: \u0a35\u0a3e\u0a38\u0a3c\u0a3f\u0a70\u0a17 \u0a17\u0a28 \u0a13\u0a2a\u0a30\u0a47\u0a38\u0a3c\u0a28 (60 \u0a38\u0a15\u0a3f\u0a70\u0a1f\u0a3e\u0a02 \u0a24\u0a71\u0a15), \u0a2b\u0a3f\u0a30 \u0a38\u0a3f\u0a17\u0a28\u0a32 - \u0a2a\u0a70\u0a2a \u0a2c\u0a70\u0a26<br \/>\n\u0a2a\u0a47\u0a1a \u0a38\u0a2a\u0a3f\u0a70\u0a21\u0a32 \u0a2a\u0a70\u0a2a KTS 25 (1 \u0a2a\u0a40\u0a38\u0a40):<br \/>\n\u0a15\u0a3f\u0a38\u0a2e: KTS 25<br \/>\n50 Hz \/ 400V &#039;\u0a24\u0a47 \u0a2a\u0a3e\u0a35\u0a30: 4.00 kW<br \/>\n\u0a35\u0a4b\u0a32\u0a1f\u0a47\u0a1c: 400V<br \/>\n\u0a2c\u0a3e\u0a30\u0a70\u0a2c\u0a3e\u0a30\u0a24\u0a3e: 50 Hz<br \/>\n\u0a15\u0a41\u0a38\u0a3c\u0a32\u0a24\u0a3e \u0a38\u0a3c\u0a4d\u0a30\u0a47\u0a23\u0a40: IE3<br \/>\n\u0a2c\u0a3e\u0a30\u0a70\u0a2c\u0a3e\u0a30\u0a24\u0a3e \u0a28\u0a3f\u0a2f\u0a70\u0a24\u0a30\u0a23 \u0a24\u0a4b\u0a02 \u0a2c\u0a3f\u0a28\u0a3e\u0a02<br \/>\n\u0a2a\u0a3e\u0a08\u0a2a\u0a3f\u0a70\u0a17: \u0a39\u0a3e\u0a02<br \/>\n\u0a38\u0a1f\u0a48\u0a02\u0a21\u0a30\u0a21 \u0a2a\u0a3e\u0a08\u0a2a\u0a3f\u0a70\u0a17: \u0a39\u0a3e\u0a02<br \/>\n\u0a35\u0a3e\u0a32\u0a35 DBV-60\/75<br \/>\n\u0a26\u0a2c\u0a3e\u0a05 \u0a17\u0a47\u0a1c: \u0a2c\u0a3e\u0a30<br \/>\n\u0a35\u0a39\u0a3e\u0a05 \u0a26\u0a30: 25 \u0a32\u0a40\u0a1f\u0a30\/\u0a2e\u0a3f\u0a70\u0a1f<br \/>\n\u0a26\u0a2c\u0a3e\u0a05: 60 \u0a2c\u0a3e\u0a30<br \/>\n\u0a2b\u0a70\u0a15\u0a38\u0a3c\u0a28: IKZ<br \/>\n\u0a35\u0a3e\u0a27\u0a42 \u0a2a\u0a3e\u0a08\u0a2a\u0a3f\u0a70\u0a17 (1 \u0a2a\u0a40\u0a38\u0a40):<br \/>\n\u0a09\u0a71\u0a1a-\u0a26\u0a2c\u0a3e\u0a05 \u0a35\u0a3e\u0a32\u0a40 \u0a2a\u0a3e\u0a08\u0a2a\u0a3f\u0a70\u0a17<br \/>\n\u0a21\u0a3f\u0a1c\u0a3c\u0a3e\u0a08\u0a28: \u0a05\u0a30\u0a2e\u0a47\u0a1f\u0a4b<br \/>\n\u0a07\u0a32\u0a48\u0a15\u0a1f\u0a4d\u0a30\u0a40\u0a15\u0a32 \u0a38\u0a3f\u0a38\u0a1f\u0a2e (1 \u0a2a\u0a40\u0a38\u0a40):<br \/>\n\u0a07\u0a32\u0a48\u0a15\u0a1f\u0a4d\u0a30\u0a40\u0a15\u0a32 \u0a15\u0a70\u0a1f\u0a30\u0a4b\u0a32 \u0a15\u0a48\u0a2c\u0a28\u0a3f\u0a1f<br \/>\n\u0a21\u0a3f\u0a1c\u0a40\u0a1f\u0a32 \u0a38\u0a48\u0a02\u0a38\u0a30 (\u0a38\u0a35\u0a3f\u0a1a\u0a3f\u0a70\u0a17 \u0a2a\u0a41\u0a06\u0a07\u0a70\u0a1f): 3 \u0a2a\u0a40.\u0a38\u0a40.\u0a10\u0a38.<br \/>\n\u0a10\u0a28\u0a3e\u0a32\u0a3e\u0a17 \u0a38\u0a48\u0a02\u0a38\u0a30: 3 \u0a2a\u0a40.\u0a38\u0a40.\u0a10\u0a38.<br \/>\n\u0a2b\u0a3f\u0a32\u0a1f\u0a30 \u0a2f\u0a42\u0a28\u0a3f\u0a1f: KF<br \/>\n\u0a2e\u0a3e\u0a21\u0a2f\u0a42\u0a32\u0a30 \u0a15\u0a28\u0a35\u0a47\u0a05\u0a30 \u0a38\u0a3f\u0a38\u0a1f\u0a2e<br \/>\n\u0a35\u0a3f\u0a38\u0a3c\u0a47\u0a38\u0a3c \u0a15\u0a70\u0a1f\u0a30\u0a4b\u0a32 \u0a38\u0a3f\u0a38\u0a1f\u0a2e<br \/>\n\u0a1f\u0a48\u0a15\u0a38\u0a1f \u0a21\u0a3f\u0a38\u0a2a\u0a32\u0a47: KTP 400 Comfort<br \/>\n\u0a15\u0a70\u0a1f\u0a30\u0a4b\u0a32 \u0a15\u0a48\u0a2c\u0a28\u0a3f\u0a1f \u0a39\u0a3e\u0a0a\u0a38\u0a3f\u0a70\u0a17: \u0a15\u0a70\u0a27 \u0a15\u0a48\u0a2c\u0a28\u0a3f\u0a1f<br \/>\n\u0a2b\u0a3f\u0a32 \u0a32\u0a48\u0a35\u0a32 \u0a38\u0a48\u0a02\u0a38\u0a30: \u0a21\u0a3f\u0a1c\u0a40\u0a1f\u0a32\/\u0a10\u0a28\u0a3e\u0a32\u0a3e\u0a17<br \/>\n\u0a2e\u0a41\u0a71\u0a16 \u0a38\u0a35\u0a3f\u0a71\u0a1a<br \/>\n\u0a07\u0a70\u0a1f\u0a30\u0a2b\u0a47\u0a38 \u0a15\u0a47\u0a2c\u0a32: 8 \u0a2e\u0a40\u0a1f\u0a30, \u0a26\u0a4b\u0a35\u0a47\u0a02 \u0a38\u0a3f\u0a30\u0a47 HARTING \u0a15\u0a28\u0a48\u0a15\u0a1f\u0a30 \u0a38\u0a2e\u0a47\u0a24 \u0a2e\u0a48\u0a1a\u0a3f\u0a70\u0a17 \u0a2a\u0a32\u0a71\u0a17 \u0a26\u0a47 \u0a28\u0a3e\u0a32\u0964<br \/>\n\u0a2a\u0a3e\u0a35\u0a30 \u0a15\u0a47\u0a2c\u0a32: CEE \u0a2a\u0a32\u0a71\u0a17 \u0a26\u0a47 \u0a28\u0a3e\u0a32 5 \u0a2e\u0a40\u0a1f\u0a30<br \/>\n\u0a2e\u0a38\u0a3c\u0a40\u0a28 \u0a26\u0a40 \u0a1c\u0a3e\u0a02\u0a1a \u0a2e\u0a41\u0a32\u0a3e\u0a15\u0a3e\u0a24 \u0a26\u0a41\u0a06\u0a30\u0a3e \u0a15\u0a40\u0a24\u0a40 \u0a1c\u0a3e \u0a38\u0a15\u0a26\u0a40 \u0a39\u0a48\u0964<br \/>\n\u0a24\u0a15\u0a28\u0a40\u0a15\u0a40 \u0a21\u0a47\u0a1f\u0a3e \u0a05\u0a24\u0a47 \u0a35\u0a3f\u0a38\u0a3c\u0a47\u0a38\u0a3c\u0a24\u0a3e\u0a35\u0a3e\u0a02 \u0a35\u0a3f\u0a71\u0a1a \u0a2c\u0a26\u0a32\u0a3e\u0a05 \u0a05\u0a24\u0a47 \u0a17\u0a32\u0a24\u0a40\u0a06\u0a02, \u0a28\u0a3e\u0a32 \u0a39\u0a40 \u0a35\u0a3f\u0a15\u0a30\u0a40 \u0a24\u0a4b\u0a02 \u0a2a\u0a39\u0a3f\u0a32\u0a3e\u0a02, \u0a30\u0a3e\u0a16\u0a35\u0a47\u0a02 \u0a39\u0a28!<\/p>","protected":false},"excerpt":{"rendered":"<p>Standort: Deutschland, Baden-W\u00fcrttemberg S\u00fcdwest Zustand: Neu Hersteller: SF-Systeme B\u00fcchele Modell: SFB 600 _KF 200\/950 Baujahr: 2024 Betriebsstunden: 0 IntNr231242 B\u00fcchele SFB-600 Filteranlage und Sp\u00e4nef\u00f6rdersystem f\u00fcr CNC-Werkzeugmaschinen f\u00fcr FANUC ROBODRILL \u03b1-D21LiB5 Plus BAB-Zentrum F\u00f6rderer + Vollstromfilteranlage Ausf\u00fchrung: Bestehend aus: Typ: KF 200\/950 Schraubenspindelpumpe KTS 25-38-T; 400V; 50 Hz Kreiselpumpe 1 MTR 10-14\/6; 400 V; 50 Hz [&hellip;]<\/p>\n","protected":false},"featured_media":3154,"comment_status":"open","ping_status":"closed","template":"","meta":{"_uf_show_specific_survey":0,"_uf_disable_surveys":false},"product_brand":[],"product_cat":[104],"product_tag":[],"class_list":{"0":"post-3157","1":"product","2":"type-product","3":"status-publish","4":"has-post-thumbnail","6":"product_cat-hochdruckanlagen","8":"first","9":"instock","10":"taxable","11":"shipping-taxable","12":"product-type-simple"},"aioseo_notices":[],"_links":{"self":[{"href":"https:\/\/mueller-wrh.de\/pa\/wp-json\/wp\/v2\/product\/3157","targetHints":{"allow":["GET"]}}],"collection":[{"href":"https:\/\/mueller-wrh.de\/pa\/wp-json\/wp\/v2\/product"}],"about":[{"href":"https:\/\/mueller-wrh.de\/pa\/wp-json\/wp\/v2\/types\/product"}],"replies":[{"embeddable":true,"href":"https:\/\/mueller-wrh.de\/pa\/wp-json\/wp\/v2\/comments?post=3157"}],"wp:featuredmedia":[{"embeddable":true,"href":"https:\/\/mueller-wrh.de\/pa\/wp-json\/wp\/v2\/media\/3154"}],"wp:attachment":[{"href":"https:\/\/mueller-wrh.de\/pa\/wp-json\/wp\/v2\/media?parent=3157"}],"wp:term":[{"taxonomy":"product_brand","embeddable":true,"href":"https:\/\/mueller-wrh.de\/pa\/wp-json\/wp\/v2\/product_brand?post=3157"},{"taxonomy":"product_cat","embeddable":true,"href":"https:\/\/mueller-wrh.de\/pa\/wp-json\/wp\/v2\/product_cat?post=3157"},{"taxonomy":"product_tag","embeddable":true,"href":"https:\/\/mueller-wrh.de\/pa\/wp-json\/wp\/v2\/product_tag?post=3157"}],"curies":[{"name":"\u0a21\u0a2c\u0a32\u0a2f\u0a42\u0a2a\u0a40","href":"https:\/\/api.w.org\/{rel}","templated":true}]}}