{"id":2821,"date":"2025-03-13T16:26:50","date_gmt":"2025-03-13T16:26:50","guid":{"rendered":"https:\/\/mueller-wrh.de\/produkt\/gebr-werkzeughalter-star-221-01-00-intnr231146\/"},"modified":"2025-03-13T16:26:50","modified_gmt":"2025-03-13T16:26:50","slug":"gebr-werkzeughalter-star-221-01-00-intnr231146","status":"publish","type":"product","link":"https:\/\/mueller-wrh.de\/pa\/product\/gebr-werkzeughalter-star-221-01-00-intnr231146\/","title":{"rendered":"\u0a35\u0a30\u0a24\u0a3f\u0a06 \u0a39\u0a4b\u0a07\u0a06 \u0a1f\u0a42\u0a32 \u0a39\u0a4b\u0a32\u0a21\u0a30 STAR 221-01-00 IntNr231146"},"content":{"rendered":"<p><b>\u0a38\u0a25\u0a3e\u0a28:<\/b> \u0a1c\u0a30\u0a2e\u0a28\u0a40, \u0a2c\u0a3e\u0a21\u0a47\u0a28-\u0a35\u0a30\u0a1f\u0a2e\u0a2c\u0a30\u0a17 \u0a26\u0a71\u0a16\u0a23-\u0a2a\u0a71\u0a1b\u0a2e<\/p>\n<p><b>\u0a39\u0a3e\u0a32\u0a24:<\/b> \u0a28\u0a35\u0a47\u0a02 \u0a1c\u0a3f\u0a70\u0a28\u0a3e \u0a35\u0a27\u0a40\u0a06<\/p>\n<p><b>\u0a28\u0a3f\u0a30\u0a2e\u0a3e\u0a24\u0a3e:<\/b> \u0a38\u0a1f\u0a3e\u0a30 \u0a2e\u0a3e\u0a08\u0a15\u0a4d\u0a30\u0a4b\u0a28\u0a3f\u0a15\u0a38<\/p>\n<p>\u0a15\u0a42\u0a32\u0a48\u0a02\u0a1f \u0a38\u0a2a\u0a32\u0a3e\u0a08 \u0a26\u0a47 \u0a28\u0a3e\u0a32 1-\u0a35\u0a47\u0a05 \u0a1f\u0a42\u0a32 \u0a39\u0a4b\u0a32\u0a21\u0a30 16 x 16mm \u0a38\u0a3c\u0a3e\u0a2b\u0a1f<br \/>\n \u0a2e\u0a41\u0a71\u0a16 \u0a38\u0a2a\u0a3f\u0a70\u0a21\u0a32 \u0a35\u0a71\u0a32<br \/>\n221-01-00<br \/>\n\u0a39\u0a47\u0a20 \u0a32\u0a3f\u0a16\u0a40\u0a06\u0a02 STAR \u0a2e\u0a38\u0a3c\u0a40\u0a28 \u0a15\u0a3f\u0a38\u0a2e\u0a3e\u0a02 \u0a32\u0a08 \u0a22\u0a41\u0a15\u0a35\u0a3e\u0a02:<br \/>\nST-20-32-38 SV-12-20-32 \/ ECAS<br \/>\n\u0a24\u0a15\u0a28\u0a40\u0a15\u0a40 \u0a21\u0a47\u0a1f\u0a3e \u0a05\u0a24\u0a47 \u0a1c\u0a3e\u0a23\u0a15\u0a3e\u0a30\u0a40 \u0a26\u0a47 \u0a28\u0a3e\u0a32-\u0a28\u0a3e\u0a32 \u0a2a\u0a39\u0a3f\u0a32\u0a3e\u0a02 \u0a26\u0a40 \u0a35\u0a3f\u0a15\u0a30\u0a40 \u0a35\u0a3f\u0a71\u0a1a \u0a24\u0a2c\u0a26\u0a40\u0a32\u0a40\u0a06\u0a02 \u0a05\u0a24\u0a47 \u0a17\u0a32\u0a24\u0a40\u0a06\u0a02 \u0a26\u0a47 \u0a05\u0a27\u0a40\u0a28!<\/p>\n<p>\u0a15\u0a42\u0a32\u0a48\u0a02\u0a1f \u0a38\u0a2a\u0a32\u0a3e\u0a08 \u0a26\u0a47 \u0a28\u0a3e\u0a32 1-\u0a2b\u0a4b\u0a32\u0a21 \u0a1f\u0a42\u0a32 \u0a39\u0a4b\u0a32\u0a21\u0a30 16 x 16 \u0a2e\u0a3f\u0a32\u0a40\u0a2e\u0a40\u0a1f\u0a30 \u0a38\u0a3c\u0a48\u0a02\u0a15<br \/>\n \u0a2e\u0a41\u0a71\u0a16 \u0a38\u0a2a\u0a3f\u0a70\u0a21\u0a32 \u0a32\u0a08<br \/>\n221-01-00<br \/>\n\u0a39\u0a47\u0a20 \u0a32\u0a3f\u0a16\u0a40\u0a06\u0a02 STAR \u0a2e\u0a38\u0a3c\u0a40\u0a28 \u0a15\u0a3f\u0a38\u0a2e\u0a3e\u0a02 \u0a32\u0a08 \u0a22\u0a41\u0a15\u0a35\u0a3e\u0a02:<br \/>\nST-20-32-38 SV-12-20-32 \/ ECAS<br \/>\n\u0a24\u0a15\u0a28\u0a40\u0a15\u0a40 \u0a21\u0a47\u0a1f\u0a3e \u0a05\u0a24\u0a47 \u0a1c\u0a3e\u0a23\u0a15\u0a3e\u0a30\u0a40 \u0a26\u0a47 \u0a28\u0a3e\u0a32-\u0a28\u0a3e\u0a32 \u0a35\u0a3f\u0a15\u0a30\u0a40 \u0a24\u0a4b\u0a02 \u0a2a\u0a39\u0a3f\u0a32\u0a3e\u0a02 \u0a24\u0a2c\u0a26\u0a40\u0a32\u0a40\u0a06\u0a02 \u0a05\u0a24\u0a47 \u0a17\u0a32\u0a24\u0a40\u0a06\u0a02 \u0a26\u0a47 \u0a05\u0a27\u0a40\u0a28!<\/p>","protected":false},"excerpt":{"rendered":"<p>Standort: Deutschland, Baden-W\u00fcrttemberg S\u00fcdwest Zustand: Neuwertig Hersteller: STAR Micronics 1-fach Werkzeughalter 16 x 16mm Schaft mit K\u00fchlmittelzuf\u00fchrung zu Hauptspindel 221-01-00 Passend f\u00fcr folgende STAR-Maschinentypen: ST-20-32-38 SV-12-20-32 \/ ECAS Aenderungen und Irrtuemer in den technischen Daten und Angaben sowie Zwischenverkauf vorbehalten! 1-fold tool holder 16 x 16 mm shank with coolant supply for main spindle 221-01-00 [&hellip;]<\/p>\n","protected":false},"featured_media":2819,"comment_status":"open","ping_status":"closed","template":"","meta":{"_uf_show_specific_survey":0,"_uf_disable_surveys":false},"product_brand":[],"product_cat":[20],"product_tag":[],"class_list":{"0":"post-2821","1":"product","2":"type-product","3":"status-publish","4":"has-post-thumbnail","6":"product_cat-werkzeughalter","8":"first","9":"instock","10":"taxable","11":"shipping-taxable","12":"product-type-simple"},"aioseo_notices":[],"_links":{"self":[{"href":"https:\/\/mueller-wrh.de\/pa\/wp-json\/wp\/v2\/product\/2821","targetHints":{"allow":["GET"]}}],"collection":[{"href":"https:\/\/mueller-wrh.de\/pa\/wp-json\/wp\/v2\/product"}],"about":[{"href":"https:\/\/mueller-wrh.de\/pa\/wp-json\/wp\/v2\/types\/product"}],"replies":[{"embeddable":true,"href":"https:\/\/mueller-wrh.de\/pa\/wp-json\/wp\/v2\/comments?post=2821"}],"wp:featuredmedia":[{"embeddable":true,"href":"https:\/\/mueller-wrh.de\/pa\/wp-json\/wp\/v2\/media\/2819"}],"wp:attachment":[{"href":"https:\/\/mueller-wrh.de\/pa\/wp-json\/wp\/v2\/media?parent=2821"}],"wp:term":[{"taxonomy":"product_brand","embeddable":true,"href":"https:\/\/mueller-wrh.de\/pa\/wp-json\/wp\/v2\/product_brand?post=2821"},{"taxonomy":"product_cat","embeddable":true,"href":"https:\/\/mueller-wrh.de\/pa\/wp-json\/wp\/v2\/product_cat?post=2821"},{"taxonomy":"product_tag","embeddable":true,"href":"https:\/\/mueller-wrh.de\/pa\/wp-json\/wp\/v2\/product_tag?post=2821"}],"curies":[{"name":"\u0a21\u0a2c\u0a32\u0a2f\u0a42\u0a2a\u0a40","href":"https:\/\/api.w.org\/{rel}","templated":true}]}}