{"id":2678,"date":"2025-03-13T16:15:10","date_gmt":"2025-03-13T16:15:10","guid":{"rendered":"https:\/\/mueller-wrh.de\/produkt\/agw-werkzeughalter-fuer-star-wto_410900000-22-k99-927-1-7-i2-18-1-abwaelzfraeseinheit-verzahnungen-intnr20215634\/"},"modified":"2025-03-13T16:15:10","modified_gmt":"2025-03-13T16:15:10","slug":"agw-werkzeughalter-fuer-star-wto_410900000-22-k99-927-1-7-i2-18-1-abwaelzfraeseinheit-verzahnungen-intnr20215634","status":"publish","type":"product","link":"https:\/\/mueller-wrh.de\/pa\/product\/agw-werkzeughalter-fuer-star-wto_410900000-22-k99-927-1-7-i2-18-1-abwaelzfraeseinheit-verzahnungen-intnr20215634\/","title":{"rendered":"\u0a38\u0a1f\u0a3e\u0a30 WTO_410900000-22-K99-927-1-7 i2.18-1-\u0a17\u0a40\u0a05\u0a30 \u0a39\u0a4c\u0a2c\u0a3f\u0a70\u0a17 \u0a2f\u0a42\u0a28\u0a3f\u0a1f (IntNr20215634) \u0a32\u0a08 AGW \/ \u0a1f\u0a42\u0a32 \u0a39\u0a4b\u0a32\u0a21\u0a30"},"content":{"rendered":"<p><b>\u0a38\u0a25\u0a3e\u0a28:<\/b> \u0a1c\u0a30\u0a2e\u0a28\u0a40, \u0a2c\u0a3e\u0a21\u0a47\u0a28-\u0a35\u0a30\u0a1f\u0a2e\u0a2c\u0a30\u0a17 \u0a26\u0a71\u0a16\u0a23-\u0a2a\u0a71\u0a1b\u0a2e<\/p>\n<p><b>\u0a39\u0a3e\u0a32\u0a24:<\/b> \u0a28\u0a35\u0a47\u0a02 \u0a1c\u0a3f\u0a70\u0a28\u0a3e \u0a35\u0a27\u0a40\u0a06<\/p>\n<p><b>\u0a28\u0a3f\u0a30\u0a2e\u0a3e\u0a24\u0a3e:<\/b> \u0a35\u0a3f\u0a38\u0a3c\u0a35 \u0a35\u0a2a\u0a3e\u0a30 \u0a38\u0a70\u0a17\u0a20\u0a28<\/p>\n<p><b>\u0a09\u0a38\u0a3e\u0a30\u0a40 \u0a26\u0a3e \u0a38\u0a3e\u0a32:<\/b> 2017<\/p>\n<p>\u0a1c\u0a30\u0a2e\u0a28\u0a40 \u0a35\u0a3f\u0a71\u0a1a \u0a2c\u0a23\u0a3f\u0a06 &quot;\u0a38\u0a2d \u0a24\u0a4b\u0a02 \u0a35\u0a27\u0a40\u0a06 \u0a15\u0a41\u0a06\u0a32\u0a3f\u0a1f\u0a40&quot;<br \/>\n\u0a38\u0a1f\u0a3e\u0a30 \u0a06\u0a30\u0a21\u0a30 \u0a28\u0a70\u0a2c\u0a30 WTO_410900000-22<br \/>\nK99-927-1-7 i2.18-1<br \/>\n\u0a39\u0a4c\u0a2c\u0a3f\u0a70\u0a17 \u0a2f\u0a42\u0a28\u0a3f\u0a1f \u0a17\u0a40\u0a05\u0a30\u0a38<br \/>\n\u0a38\u0a1f\u0a3e\u0a30 \u0a32\u0a08 \u0a22\u0a41\u0a15\u0a35\u0a3e\u0a02<br \/>\n\u0a2e\u0a38\u0a3c\u0a40\u0a28 \u0a26\u0a40 \u0a15\u0a3f\u0a38\u0a2e: ECAS 12; ECAS 20; SR - 10Y; SR - 20 JN; SR - 20 RIV A\/B; SR - 20; SR - 32 \u0a38\u0a3e\u0a32; SR - 32 JN; ECAS-12\/20; ECAS-32T; SB-12\/20R; SB-16III; SD-26C\/E\/G\/S; SR-20J\/JN SR-20JII-A; SR-20JII-B; SR-20RII; SR-20RIII;<br \/>\nSR-32JII-B\/JIII-B; SV-38R; SW-20; SX-38-A; SX-38-B<br \/>\n\u0a38\u0a3c\u0a3e\u0a2b\u0a1f \u0a35\u0a3f\u0a06\u0a38 \/ \u0a1c\u0a4b\u0a5c\u0a40: \u00f822 \u0a2e\u0a3f\u0a32\u0a40\u0a2e\u0a40\u0a1f\u0a30<br \/>\n\u0a21\u0a3f\u0a1c\u0a3c\u0a3e\u0a08\u0a28: \u0a38\u0a3f\u0a71\u0a27\u0a3e<br \/>\n\u0a1f\u0a42\u0a32 \u0a21\u0a3f\u0a1c\u0a3c\u0a3e\u0a08\u0a28: \u0a38\u0a70\u0a1a\u0a3e\u0a32\u0a3f\u0a24<br \/>\n\u0a15\u0a42\u0a32\u0a3f\u0a70\u0a17: \u0a05\u0a70\u0a26\u0a30\u0a42\u0a28\u0a40+\u0a2c\u0a3e\u0a39\u0a30\u0a40 | \u0a2c\u0a3e\u0a39\u0a30\u0a40<br \/>\n\u0a35\u0a71\u0a27 \u0a24\u0a4b\u0a02 \u0a35\u0a71\u0a27 2000 \u0a06\u0a30\u0a2a\u0a40\u0a10\u0a2e<br \/>\n2,18:1<br \/>\n13 \u0a10\u0a28\u0a10\u0a2e<br \/>\n\u0a24\u0a15\u0a28\u0a40\u0a15\u0a40 \u0a21\u0a47\u0a1f\u0a3e \u0a05\u0a24\u0a47 \u0a1c\u0a3e\u0a23\u0a15\u0a3e\u0a30\u0a40 \u0a26\u0a47 \u0a28\u0a3e\u0a32-\u0a28\u0a3e\u0a32 \u0a2a\u0a39\u0a3f\u0a32\u0a3e\u0a02 \u0a26\u0a40 \u0a35\u0a3f\u0a15\u0a30\u0a40 \u0a35\u0a3f\u0a71\u0a1a \u0a24\u0a2c\u0a26\u0a40\u0a32\u0a40\u0a06\u0a02 \u0a05\u0a24\u0a47 \u0a17\u0a32\u0a24\u0a40\u0a06\u0a02 \u0a26\u0a47 \u0a05\u0a27\u0a40\u0a28!<\/p>\n<p>\u0a1c\u0a30\u0a2e\u0a28\u0a40 \u0a35\u0a3f\u0a71\u0a1a \u0a2c\u0a23\u0a3f\u0a06 &quot;\u0a38\u0a2d \u0a24\u0a4b\u0a02 \u0a35\u0a27\u0a40\u0a06 \u0a15\u0a41\u0a06\u0a32\u0a3f\u0a1f\u0a40&quot;<br \/>\n\u0a38\u0a1f\u0a3e\u0a30 \u0a06\u0a30\u0a21\u0a30 \u0a28\u0a70\u0a2c\u0a30 WTO_410900000-22<br \/>\nK99-927-1-7 i2.18-1<br \/>\n\u0a17\u0a47\u0a05\u0a30 \u0a39\u0a4c\u0a2c\u0a3f\u0a70\u0a17 \u0a2f\u0a42\u0a28\u0a3f\u0a1f \u0a17\u0a47\u0a05\u0a30\u0a1c\u0a3c<br \/>\n\u0a38\u0a1f\u0a3e\u0a30 \u0a32\u0a08 \u0a22\u0a41\u0a15\u0a35\u0a3e\u0a02<br \/>\n\u0a2e\u0a38\u0a3c\u0a40\u0a28 \u0a26\u0a40 \u0a15\u0a3f\u0a38\u0a2e: ECAS 12; ECAS 20; SR - 10Y; SR - 20 JN; SR - 20 RIV A\/B; SR - 20; SR - 32 \u0a38\u0a3e\u0a32; SR - 32 JN; ECAS-12\/20; ECAS-32T; SB-12\/20R; SB-16III; SD-26C\/E\/G\/S; SR-20J\/JN SR-20JII-A; SR-20JII-B; SR-20RII; SR-20RIII;<br \/>\nSR-32JII-B\/JIII-B; SV-38R; SW-20; SX-38-A; SX-38-B<br \/>\n\u0a38\u0a3c\u0a3e\u0a2b\u0a1f \u0a35\u0a3f\u0a06\u0a38 \/ \u0a1c\u0a4b\u0a5c\u0a40: \u00f822 \u0a2e\u0a3f\u0a32\u0a40\u0a2e\u0a40\u0a1f\u0a30<br \/>\n\u0a21\u0a3f\u0a1c\u0a3c\u0a3e\u0a08\u0a28: \u0a38\u0a3f\u0a71\u0a27\u0a3e<br \/>\n\u0a1f\u0a42\u0a32 \u0a21\u0a3f\u0a1c\u0a3c\u0a3e\u0a08\u0a28: \u0a38\u0a70\u0a1a\u0a3e\u0a32\u0a3f\u0a24<br \/>\n\u0a15\u0a42\u0a32\u0a3f\u0a70\u0a17: \u0a05\u0a70\u0a26\u0a30\u0a42\u0a28\u0a40+\u0a2c\u0a3e\u0a39\u0a30\u0a40 | \u0a2c\u0a3e\u0a39\u0a30\u0a40<br \/>\n\u0a35\u0a71\u0a27 \u0a24\u0a4b\u0a02 \u0a35\u0a71\u0a27 2000 \u0a06\u0a30\u0a2a\u0a40\u0a10\u0a2e<br \/>\n2,18:1<br \/>\n13 \u0a10\u0a28\u0a10\u0a2e<br \/>\n\u0a24\u0a15\u0a28\u0a40\u0a15\u0a40 \u0a21\u0a47\u0a1f\u0a3e \u0a05\u0a24\u0a47 \u0a1c\u0a3e\u0a23\u0a15\u0a3e\u0a30\u0a40 \u0a26\u0a47 \u0a28\u0a3e\u0a32-\u0a28\u0a3e\u0a32 \u0a35\u0a3f\u0a15\u0a30\u0a40 \u0a24\u0a4b\u0a02 \u0a2a\u0a39\u0a3f\u0a32\u0a3e\u0a02 \u0a24\u0a2c\u0a26\u0a40\u0a32\u0a40\u0a06\u0a02 \u0a05\u0a24\u0a47 \u0a17\u0a32\u0a24\u0a40\u0a06\u0a02 \u0a26\u0a47 \u0a05\u0a27\u0a40\u0a28!<\/p>","protected":false},"excerpt":{"rendered":"<p>Standort: Deutschland, Baden-W\u00fcrttemberg S\u00fcdwest Zustand: Neuwertig Hersteller: WTO Baujahr: 2017 Made in Germany &#8222;BESTE QUALITAET&#8220; Star Bestell-Nr. WTO_410900000-22 K99-927-1-7 i2.18-1 Abw\u00e4lzfr\u00e4seinheit-Verzahnungen passend f\u00fcr Star Maschinentyp: ECAS 12; ECAS 20; SR &#8211; 10J; SR &#8211; 20 JN; SR &#8211; 20 RIV A\/B; SR &#8211; 20; SR &#8211; 32 J; SR &#8211; 32 JN; ECAS-12\/20; ECAS-32T; SB-12\/20R; [&hellip;]<\/p>\n","protected":false},"featured_media":2671,"comment_status":"open","ping_status":"closed","template":"","meta":{"_uf_show_specific_survey":0,"_uf_disable_surveys":false},"product_brand":[],"product_cat":[20],"product_tag":[],"class_list":{"0":"post-2678","1":"product","2":"type-product","3":"status-publish","4":"has-post-thumbnail","6":"product_cat-werkzeughalter","8":"first","9":"instock","10":"taxable","11":"shipping-taxable","12":"product-type-simple"},"aioseo_notices":[],"_links":{"self":[{"href":"https:\/\/mueller-wrh.de\/pa\/wp-json\/wp\/v2\/product\/2678","targetHints":{"allow":["GET"]}}],"collection":[{"href":"https:\/\/mueller-wrh.de\/pa\/wp-json\/wp\/v2\/product"}],"about":[{"href":"https:\/\/mueller-wrh.de\/pa\/wp-json\/wp\/v2\/types\/product"}],"replies":[{"embeddable":true,"href":"https:\/\/mueller-wrh.de\/pa\/wp-json\/wp\/v2\/comments?post=2678"}],"wp:featuredmedia":[{"embeddable":true,"href":"https:\/\/mueller-wrh.de\/pa\/wp-json\/wp\/v2\/media\/2671"}],"wp:attachment":[{"href":"https:\/\/mueller-wrh.de\/pa\/wp-json\/wp\/v2\/media?parent=2678"}],"wp:term":[{"taxonomy":"product_brand","embeddable":true,"href":"https:\/\/mueller-wrh.de\/pa\/wp-json\/wp\/v2\/product_brand?post=2678"},{"taxonomy":"product_cat","embeddable":true,"href":"https:\/\/mueller-wrh.de\/pa\/wp-json\/wp\/v2\/product_cat?post=2678"},{"taxonomy":"product_tag","embeddable":true,"href":"https:\/\/mueller-wrh.de\/pa\/wp-json\/wp\/v2\/product_tag?post=2678"}],"curies":[{"name":"\u0a21\u0a2c\u0a32\u0a2f\u0a42\u0a2a\u0a40","href":"https:\/\/api.w.org\/{rel}","templated":true}]}}