{"id":2645,"date":"2025-03-13T16:13:57","date_gmt":"2025-03-13T16:13:57","guid":{"rendered":"https:\/\/mueller-wrh.de\/produkt\/gebr-ar-filtrazioni-modell-arno-2cf-yf-baujahr-2022-intnr231085\/"},"modified":"2025-09-03T15:42:30","modified_gmt":"2025-09-03T15:42:30","slug":"gebr-ar-filtrazioni-modell-arno-2cf-yf-baujahr-2022-intnr231085","status":"publish","type":"product","link":"https:\/\/mueller-wrh.de\/pa\/product\/gebr-ar-filtrazioni-modell-arno-2cf-yf-baujahr-2022-intnr231085\/","title":{"rendered":"\u0a35\u0a30\u0a24\u0a3f\u0a06 \u0a39\u0a4b\u0a07\u0a06 AR \u0a2b\u0a3f\u0a32\u0a1f\u0a30\u0a3e\u0a1c\u0a3c\u0a40\u0a13\u0a28\u0a40 \u0a2e\u0a3e\u0a21\u0a32 ARNO 2CF YF, \u0a28\u0a3f\u0a30\u0a2e\u0a3e\u0a23 \u0a38\u0a3e\u0a32 2022 (\u0a07\u0a70\u0a1f\u0a30\u0a28\u0a48\u0a38\u0a3c\u0a28\u0a32 \u0a28\u0a70. 231085)"},"content":{"rendered":"<p><b>Standort:<\/b> Deutschland, Baden-W\u00fcrttemberg S\u00fcdwest<\/p>\n<p><b>Zustand:<\/b> Neuwertig<\/p>\n<p><b>Hersteller:<\/b> AR FILTRATIONI<\/p>\n<p><b>Modell:<\/b> ARNO 2<\/p>\n<p><b>Baujahr:<\/b> 2022<\/p>\n<p>IntNr231085<br \/>\n1449 \u00d6l-\/Emulsionsnebel-Abzugsanlage<br \/>\nAR FILTRATIONI S.R.L.<br \/>\nAbsaugung Serie  ARNO 2:<br \/>\nLuftreiniger mechanisch AR 5-stufen f\u00fcr Emulsionsnebel\/- \u00d6L-rauch Luftleistung 2600 m3\/h (1,5kW)<br \/>\nSpannung Frequenz 230\/400 50 V Hz<br \/>\nGeraeschpegel dBa ca. 70<br \/>\nStufe 1- Zentrifugal-Kondensator, Selbstreinigend<br \/>\nStufe 2 &#8211; Metallgestrickfilter, auswaschbar<br \/>\nStufe 3 &#8211; Taschenfilter<br \/>\nStufe 4 &#8211; Feinfiltermatte, auswaschbar<br \/>\nStufe 5 &#8211; Hepa-Feinstfilter<br \/>\nFilterleistung der Gesamteinheit: bis zu 99,97%<\/p>\n<p>\u2022 Schnelle und einfache Wartung, 1Mal pro Jahr, hohe Betriebssicherheit<br \/>\n\u2022 Robuste Bauart, geringer Platzbedarf<br \/>\n\u2022 R\u00fcckgewinnung von bis zu 80% des kondensierten K\u00fchlschmierstoffes<br \/>\n\u2022 Ausf\u00fchrung und Funktion gem\u00e4\u00df der derzeitigen Normen<br \/>\n\u2022 Energieeinsparung von 415,00 Euro zirka pro Luftreiniger<br \/>\n\u2022 Reduzierung der Emission von 9.000 kg CO2\/Jahr\/Anlage<br \/>\n\u2022 Schutz der sensiblen Teile der WZM<br \/>\n\u2022 Sch\u00fctzt Umwelt und Personen<\/p>\n<p>Abmessungen: ca. 990 x 570 x 1400 [mm]<br \/>\nGewicht: ca. 120 [kg]<\/p>\n<p>Lieferzeit kurzfristig nach Absprache.<\/p>\n<p>Die Maschine kann nach Terminvereinbarung Strom besichtigt werden.<br \/>\nAenderungen und Irrtuemer in den technischen Daten und Angaben sowie Zwischenverkauf vorbehalten!<\/p>\n<p>IntNo231084<br \/>\nAR FILTRATIONI S.R.L.<br \/>\nExtraction series ARNO 2:<br \/>\nMechanical AR 5-stage air purifier for emulsion mist\/oil smoke Air flow rate 2600 m3\/h (1.5kW)<br \/>\nVoltage Frequency 230\/400 50 V Hz<br \/>\nNoise level dBa approx. 70<br \/>\nStage 1- Centrifugal condenser, self-cleaning<br \/>\nStage 2 &#8211; Metal mesh filter, washable<br \/>\nStage 3 &#8211; Pocket filter<br \/>\nStage 4 &#8211; Fine filter mat, washable<br \/>\nStage 5 &#8211; Hepa ultra-fine filter<br \/>\nFilter performance of the entire unit: up to 99.97%<\/p>\n<p>&#8211; Quick and easy maintenance, once a year, high operational reliability<br \/>\n&#8211; Robust design, low space requirement<br \/>\n&#8211; Recovery of up to 80% of the condensed cooling lubricant<br \/>\n&#8211; Design and function in accordance with current standards<br \/>\n&#8211; Energy savings of approx. 415.00 euros per air purifier<br \/>\n&#8211; Reduction in emissions of 9,000 kg CO2\/year\/system<br \/>\n&#8211; Protects the sensitive parts of the machine tool<br \/>\n&#8211; Protects the environment and people<\/p>\n<p>Dimensions: approx. 990 x 570 x 1400 [mm]<br \/>\nWeight: approx. 120 [kg]<\/p>\n<p>Delivery time at short notice by arrangement.<\/p>\n<p>The machine can be inspected by appointment.<br \/>\nChanges and errors in the technical data and information as well as prior sale reserved!<\/p>\n","protected":false},"excerpt":{"rendered":"<p>Standort: Deutschland, Baden-W\u00fcrttemberg S\u00fcdwest Zustand: Neuwertig Hersteller: AR FILTRATIONI Modell: ARNO 2 Baujahr: 2022 IntNr231085 1449 \u00d6l-\/Emulsionsnebel-Abzugsanlage AR FILTRATIONI S.R.L. Absaugung Serie ARNO 2: Luftreiniger mechanisch AR 5-stufen f\u00fcr Emulsionsnebel\/- \u00d6L-rauch Luftleistung 2600 m3\/h (1,5kW) Spannung Frequenz 230\/400 50 V Hz Geraeschpegel dBa ca. 70 Stufe 1- Zentrifugal-Kondensator, Selbstreinigend Stufe 2 &#8211; Metallgestrickfilter, auswaschbar Stufe [&hellip;]<\/p>\n","protected":false},"featured_media":3858,"comment_status":"open","ping_status":"closed","template":"","meta":{"_uf_show_specific_survey":0,"_uf_disable_surveys":false},"product_brand":[],"product_cat":[19],"product_tag":[],"class_list":{"0":"post-2645","1":"product","2":"type-product","3":"status-publish","4":"has-post-thumbnail","6":"product_cat-oel-emulsionsnebel-abzugsanlagen","8":"first","9":"instock","10":"taxable","11":"shipping-taxable","12":"purchasable","13":"product-type-simple"},"aioseo_notices":[],"_links":{"self":[{"href":"https:\/\/mueller-wrh.de\/pa\/wp-json\/wp\/v2\/product\/2645","targetHints":{"allow":["GET"]}}],"collection":[{"href":"https:\/\/mueller-wrh.de\/pa\/wp-json\/wp\/v2\/product"}],"about":[{"href":"https:\/\/mueller-wrh.de\/pa\/wp-json\/wp\/v2\/types\/product"}],"replies":[{"embeddable":true,"href":"https:\/\/mueller-wrh.de\/pa\/wp-json\/wp\/v2\/comments?post=2645"}],"wp:featuredmedia":[{"embeddable":true,"href":"https:\/\/mueller-wrh.de\/pa\/wp-json\/wp\/v2\/media\/3858"}],"wp:attachment":[{"href":"https:\/\/mueller-wrh.de\/pa\/wp-json\/wp\/v2\/media?parent=2645"}],"wp:term":[{"taxonomy":"product_brand","embeddable":true,"href":"https:\/\/mueller-wrh.de\/pa\/wp-json\/wp\/v2\/product_brand?post=2645"},{"taxonomy":"product_cat","embeddable":true,"href":"https:\/\/mueller-wrh.de\/pa\/wp-json\/wp\/v2\/product_cat?post=2645"},{"taxonomy":"product_tag","embeddable":true,"href":"https:\/\/mueller-wrh.de\/pa\/wp-json\/wp\/v2\/product_tag?post=2645"}],"curies":[{"name":"\u0a21\u0a2c\u0a32\u0a2f\u0a42\u0a2a\u0a40","href":"https:\/\/api.w.org\/{rel}","templated":true}]}}