{"id":266,"date":"2024-11-16T12:31:43","date_gmt":"2024-11-16T12:31:43","guid":{"rendered":"https:\/\/mueller-wrh.de\/widerrufsbelehrung\/"},"modified":"2024-11-17T16:21:31","modified_gmt":"2024-11-17T16:21:31","slug":"widerrufsbelehrung","status":"publish","type":"page","link":"https:\/\/mueller-wrh.de\/pa\/widerrufsbelehrung\/","title":{"rendered":"\u0a30\u0a71\u0a26 \u0a15\u0a30\u0a28 \u0a26\u0a40 \u0a28\u0a40\u0a24\u0a40"},"content":{"rendered":"<p>\u0a28\u0a3f\u0a71\u0a1c\u0a40 \u0a35\u0a3f\u0a05\u0a15\u0a24\u0a40\u0a06\u0a02\/\u0a16\u0a2a\u0a24\u0a15\u0a3e\u0a30\u0a3e\u0a02 \u0a28\u0a42\u0a70 \u0a2a\u0a48\u0a38\u0a47 \u0a15\u0a22\u0a35\u0a3e\u0a09\u0a23 \u0a26\u0a3e \u0a1a\u0a4c\u0a26\u0a3e\u0a02 \u0a26\u0a3f\u0a28\u0a3e\u0a02 \u0a26\u0a3e \u0a05\u0a27\u0a3f\u0a15\u0a3e\u0a30 \u0a39\u0a48\u0964<\/p>\n\n\n\n<p>\u0a24\u0a41\u0a39\u0a3e\u0a28\u0a42\u0a70 \u0a2c\u0a3f\u0a28\u0a3e\u0a02 \u0a15\u0a4b\u0a08 \u0a15\u0a3e\u0a30\u0a28 \u0a26\u0a71\u0a38\u0a47 \u0a1a\u0a4c\u0a26\u0a3e\u0a02 \u0a26\u0a3f\u0a28\u0a3e\u0a02 \u0a26\u0a47 \u0a05\u0a70\u0a26\u0a30 \u0a07\u0a38 \u0a07\u0a15\u0a30\u0a3e\u0a30\u0a28\u0a3e\u0a2e\u0a47 \u0a24\u0a4b\u0a02 \u0a2a\u0a3f\u0a71\u0a1b\u0a47 \u0a39\u0a1f\u0a23 \u0a26\u0a3e \u0a05\u0a27\u0a3f\u0a15\u0a3e\u0a30 \u0a39\u0a48\u0964 \u0a35\u0a3e\u0a2a\u0a38\u0a40 \u0a26\u0a40 \u0a2e\u0a3f\u0a06\u0a26 \u0a09\u0a38 \u0a26\u0a3f\u0a28 \u0a24\u0a4b\u0a02 \u0a1a\u0a4c\u0a26\u0a3e\u0a02 \u0a26\u0a3f\u0a28 \u0a39\u0a4b\u0a35\u0a47\u0a17\u0a40 \u0a1c\u0a3f\u0a38 \u0a26\u0a3f\u0a28 \u0a24\u0a41\u0a38\u0a40\u0a02 \u0a1c\u0a3e\u0a02 \u0a24\u0a41\u0a39\u0a3e\u0a21\u0a47 \u0a26\u0a41\u0a06\u0a30\u0a3e \u0a28\u0a3f\u0a30\u0a27\u0a3e\u0a30\u0a24 \u0a15\u0a48\u0a30\u0a40\u0a05\u0a30 \u0a24\u0a4b\u0a02 \u0a07\u0a32\u0a3e\u0a35\u0a3e \u0a15\u0a4b\u0a08 \u0a24\u0a40\u0a1c\u0a40 \u0a27\u0a3f\u0a30 \u0a06\u0a16\u0a30\u0a40 \u0a38\u0a2e\u0a3e\u0a28 \u0a26\u0a3e \u0a15\u0a2c\u0a1c\u0a3c\u0a3e \u0a32\u0a48\u0a02\u0a26\u0a40 \u0a39\u0a48\u0964<\/p>\n\n\n\n<p>\u0a06\u0a2a\u0a23\u0a47 \u0a35\u0a3e\u0a2a\u0a38\u0a40 \u0a26\u0a47 \u0a05\u0a27\u0a3f\u0a15\u0a3e\u0a30 \u0a26\u0a40 \u0a35\u0a30\u0a24\u0a4b\u0a02 \u0a15\u0a30\u0a28 \u0a32\u0a08, \u0a24\u0a41\u0a39\u0a3e\u0a28\u0a42\u0a70 \u0a38\u0a3e\u0a28\u0a42\u0a70 (\u0a2e\u0a41\u0a71\u0a32\u0a30 \u0a35\u0a30\u0a15\u0a1c\u0a3c\u0a47\u0a17\u0a2e\u0a3e\u0a38\u0a1a\u0a3f\u0a28\u0a28 \u0a30\u0a4b\u0a2c\u0a4b\u0a1f\u0a3f\u0a15 \u0a10\u0a02\u0a21 \u0a39\u0a48\u0a02\u0a21\u0a32\u0a38\u0a3c\u0a4c\u0a38 \u0a08. \u0a15\u0a47., \u0a1f\u0a30\u0a2e\u0a38\u0a1f\u0a30. 1, 72351 \u0a17\u0a40\u0a38\u0a32\u0a3f\u0a70\u0a17\u0a47\u0a28, \u0a1f\u0a48\u0a32\u0a40\u0a2b\u0a4b\u0a28: +49 7428 9188869, \u0a08\u0a2e\u0a47\u0a32: Rolf.Mueller@mueller-wrh.de) \u0a07\u0a38 \u0a07\u0a15\u0a30\u0a3e\u0a30\u0a28\u0a3e\u0a2e\u0a47 \u0a24\u0a4b\u0a02 \u0a35\u0a3e\u0a2a\u0a38\u0a40 \u0a26\u0a47 \u0a06\u0a2a\u0a23\u0a47 \u0a2b\u0a48\u0a38\u0a32\u0a47 \u0a2c\u0a3e\u0a30\u0a47 \u0a07\u0a71\u0a15 \u0a38\u0a2a\u0a71\u0a38\u0a3c\u0a1f \u0a2c\u0a3f\u0a06\u0a28 (\u0a1c\u0a3f\u0a35\u0a47\u0a02 \u0a15\u0a3f \u0a21\u0a3e\u0a15, \u0a2b\u0a48\u0a15\u0a38, \u0a1c\u0a3e\u0a02 \u0a08\u0a2e\u0a47\u0a32 \u0a26\u0a41\u0a06\u0a30\u0a3e \u0a2d\u0a47\u0a1c\u0a3f\u0a06 \u0a17\u0a3f\u0a06 \u0a07\u0a71\u0a15 \u0a2a\u0a71\u0a24\u0a30) \u0a30\u0a3e\u0a39\u0a40\u0a02 \u0a38\u0a42\u0a1a\u0a3f\u0a24 \u0a15\u0a30\u0a28\u0a3e \u0a1a\u0a3e\u0a39\u0a40\u0a26\u0a3e \u0a39\u0a48\u0964 \u0a24\u0a41\u0a38\u0a40\u0a02 \u0a07\u0a38 \u0a09\u0a26\u0a47\u0a38\u0a3c \u0a32\u0a08 \u0a28\u0a71\u0a25\u0a40 \u0a2e\u0a3e\u0a21\u0a32 \u0a35\u0a3e\u0a2a\u0a38\u0a40 \u0a2b\u0a3e\u0a30\u0a2e \u0a26\u0a40 \u0a35\u0a30\u0a24\u0a4b\u0a02 \u0a15\u0a30 \u0a38\u0a15\u0a26\u0a47 \u0a39\u0a4b, \u0a2a\u0a30 \u0a07\u0a39 \u0a32\u0a3e\u0a1c\u0a3c\u0a2e\u0a40 \u0a28\u0a39\u0a40\u0a02 \u0a39\u0a48\u0964<\/p>\n\n\n\n<p>\u0a30\u0a71\u0a26 \u0a15\u0a30\u0a28 \u0a26\u0a40 \u0a2e\u0a3f\u0a06\u0a26 \u0a26\u0a40 \u0a2a\u0a3e\u0a32\u0a23\u0a3e \u0a15\u0a30\u0a28 \u0a32\u0a08, \u0a07\u0a39 \u0a15\u0a3e\u0a2b\u0a3c\u0a40 \u0a39\u0a48 \u0a15\u0a3f \u0a24\u0a41\u0a38\u0a40\u0a02 \u0a30\u0a71\u0a26 \u0a15\u0a30\u0a28 \u0a26\u0a40 \u0a2e\u0a3f\u0a06\u0a26 \u0a16\u0a24\u0a2e \u0a39\u0a4b\u0a23 \u0a24\u0a4b\u0a02 \u0a2a\u0a39\u0a3f\u0a32\u0a3e\u0a02 \u0a30\u0a71\u0a26 \u0a15\u0a30\u0a28 \u0a26\u0a47 \u0a05\u0a27\u0a3f\u0a15\u0a3e\u0a30 \u0a26\u0a40 \u0a35\u0a30\u0a24\u0a4b\u0a02 \u0a26\u0a40 \u0a38\u0a42\u0a1a\u0a28\u0a3e \u0a2d\u0a47\u0a1c\u0a4b\u0964<\/p>\n\n\n\n<p>\u0a30\u0a71\u0a26 \u0a15\u0a30\u0a28 \u0a26\u0a47 \u0a28\u0a24\u0a40\u0a1c\u0a47<\/p>\n\n\n\n<p>\u0a1c\u0a47\u0a15\u0a30 \u0a24\u0a41\u0a38\u0a40\u0a02 \u0a07\u0a38 \u0a07\u0a15\u0a30\u0a3e\u0a30\u0a28\u0a3e\u0a2e\u0a47 \u0a28\u0a42\u0a70 \u0a30\u0a71\u0a26 \u0a15\u0a30\u0a26\u0a47 \u0a39\u0a4b, \u0a24\u0a3e\u0a02 \u0a05\u0a38\u0a40\u0a02 \u0a24\u0a41\u0a39\u0a3e\u0a21\u0a47 \u0a24\u0a4b\u0a02 \u0a2a\u0a4d\u0a30\u0a3e\u0a2a\u0a24 \u0a39\u0a4b\u0a0f \u0a38\u0a3e\u0a30\u0a47 \u0a2d\u0a41\u0a17\u0a24\u0a3e\u0a28 \u0a35\u0a3e\u0a2a\u0a38 \u0a15\u0a30 \u0a26\u0a47\u0a35\u0a3e\u0a02\u0a17\u0a47, \u0a1c\u0a3f\u0a38 \u0a35\u0a3f\u0a71\u0a1a \u0a21\u0a3f\u0a32\u0a40\u0a35\u0a30\u0a40 \u0a32\u0a3e\u0a17\u0a24\u0a3e\u0a02 (\u0a38\u0a3e\u0a21\u0a47 \u0a26\u0a41\u0a06\u0a30\u0a3e \u0a2a\u0a47\u0a38\u0a3c \u0a15\u0a40\u0a24\u0a40 \u0a17\u0a08 \u0a38\u0a2d \u0a24\u0a4b\u0a02 \u0a38\u0a38\u0a24\u0a40 \u0a2e\u0a3f\u0a06\u0a30\u0a40 \u0a21\u0a3f\u0a32\u0a40\u0a35\u0a30\u0a40 \u0a24\u0a4b\u0a02 \u0a07\u0a32\u0a3e\u0a35\u0a3e \u0a15\u0a3f\u0a38\u0a47 \u0a39\u0a4b\u0a30 \u0a21\u0a3f\u0a32\u0a40\u0a35\u0a30\u0a40 \u0a35\u0a3f\u0a27\u0a40 \u0a26\u0a40 \u0a24\u0a41\u0a39\u0a3e\u0a21\u0a40 \u0a1a\u0a4b\u0a23 \u0a26\u0a47 \u0a28\u0a24\u0a40\u0a1c\u0a47 \u0a35\u0a1c\u0a4b\u0a02 \u0a35\u0a3e\u0a27\u0a42 \u0a32\u0a3e\u0a17\u0a24\u0a3e\u0a02 \u0a28\u0a42\u0a70 \u0a1b\u0a71\u0a21 \u0a15\u0a47), \u0a1c\u0a3f\u0a38 \u0a26\u0a3f\u0a28 \u0a38\u0a3e\u0a28\u0a42\u0a70 \u0a07\u0a38 \u0a07\u0a15\u0a30\u0a3e\u0a30\u0a28\u0a3e\u0a2e\u0a47 \u0a28\u0a42\u0a70 \u0a30\u0a71\u0a26 \u0a15\u0a30\u0a28 \u0a26\u0a40 \u0a38\u0a42\u0a1a\u0a28\u0a3e \u0a2e\u0a3f\u0a32\u0a40, \u0a09\u0a38 \u0a26\u0a3f\u0a28 \u0a24\u0a4b\u0a02 \u0a1a\u0a4c\u0a26\u0a3e\u0a02 \u0a26\u0a3f\u0a28\u0a3e\u0a02 \u0a26\u0a47 \u0a05\u0a70\u0a26\u0a30 \u0a24\u0a41\u0a30\u0a70\u0a24 \u0a05\u0a24\u0a47 \u0a18\u0a71\u0a1f\u0a4b-\u0a18\u0a71\u0a1f\u0964 \u0a07\u0a38 \u0a30\u0a3f\u0a2b\u0a70\u0a21 \u0a32\u0a08, \u0a05\u0a38\u0a40\u0a02 \u0a2d\u0a41\u0a17\u0a24\u0a3e\u0a28 \u0a26\u0a47 \u0a09\u0a39\u0a40 \u0a38\u0a3e\u0a27\u0a28\u0a3e\u0a02 \u0a26\u0a40 \u0a35\u0a30\u0a24\u0a4b\u0a02 \u0a15\u0a30\u0a3e\u0a02\u0a17\u0a47 \u0a1c\u0a4b \u0a24\u0a41\u0a38\u0a40\u0a02 \u0a05\u0a38\u0a32 \u0a32\u0a48\u0a23-\u0a26\u0a47\u0a23 \u0a32\u0a08 \u0a35\u0a30\u0a24\u0a47 \u0a38\u0a28, \u0a1c\u0a26\u0a4b\u0a02 \u0a24\u0a71\u0a15 \u0a15\u0a3f \u0a24\u0a41\u0a39\u0a3e\u0a21\u0a47 \u0a28\u0a3e\u0a32 \u0a15\u0a41\u0a1d \u0a39\u0a4b\u0a30 \u0a38\u0a2a\u0a71\u0a38\u0a3c\u0a1f \u0a24\u0a4c\u0a30 &#039;\u0a24\u0a47 \u0a38\u0a39\u0a3f\u0a2e\u0a24 \u0a28\u0a3e \u0a39\u0a4b\u0a07\u0a06 \u0a39\u0a4b\u0a35\u0a47; \u0a15\u0a3f\u0a38\u0a47 \u0a35\u0a40 \u0a38\u0a25\u0a3f\u0a24\u0a40 \u0a35\u0a3f\u0a71\u0a1a \u0a24\u0a41\u0a39\u0a3e\u0a21\u0a47 \u0a24\u0a4b\u0a02 \u0a07\u0a38 \u0a30\u0a3f\u0a2b\u0a70\u0a21 \u0a32\u0a08 \u0a15\u0a4b\u0a08 \u0a2b\u0a40\u0a38 \u0a28\u0a39\u0a40\u0a02 \u0a32\u0a08 \u0a1c\u0a3e\u0a35\u0a47\u0a17\u0a40\u0964 \u0a05\u0a38\u0a40\u0a02 \u0a09\u0a26\u0a4b\u0a02 \u0a24\u0a71\u0a15 \u0a30\u0a3f\u0a2b\u0a70\u0a21 \u0a15\u0a30\u0a28 \u0a24\u0a4b\u0a02 \u0a07\u0a28\u0a15\u0a3e\u0a30 \u0a15\u0a30 \u0a38\u0a15\u0a26\u0a47 \u0a39\u0a3e\u0a02 \u0a1c\u0a26\u0a4b\u0a02 \u0a24\u0a71\u0a15 \u0a38\u0a3e\u0a28\u0a42\u0a70 \u0a38\u0a3e\u0a2e\u0a3e\u0a28 \u0a35\u0a3e\u0a2a\u0a38 \u0a28\u0a39\u0a40\u0a02 \u0a2e\u0a3f\u0a32 \u0a1c\u0a3e\u0a02\u0a26\u0a3e \u0a1c\u0a3e\u0a02 \u0a1c\u0a26\u0a4b\u0a02 \u0a24\u0a71\u0a15 \u0a24\u0a41\u0a38\u0a40\u0a02 \u0a38\u0a2c\u0a42\u0a24 \u0a28\u0a39\u0a40\u0a02 \u0a26\u0a3f\u0a70\u0a26\u0a47 \u0a15\u0a3f \u0a24\u0a41\u0a38\u0a40\u0a02 \u0a38\u0a3e\u0a2e\u0a3e\u0a28 \u0a35\u0a3e\u0a2a\u0a38 \u0a15\u0a30 \u0a26\u0a3f\u0a71\u0a24\u0a3e \u0a39\u0a48, \u0a1c\u0a4b \u0a35\u0a40 \u0a2a\u0a39\u0a3f\u0a32\u0a3e\u0a02 \u0a39\u0a4b\u0a35\u0a47\u0964<\/p>\n\n\n\n<p>\u0a24\u0a41\u0a39\u0a3e\u0a28\u0a42\u0a70 \u0a38\u0a3e\u0a2e\u0a3e\u0a28 \u0a38\u0a3e\u0a28\u0a42\u0a70 \u0a24\u0a41\u0a30\u0a70\u0a24 \u0a35\u0a3e\u0a2a\u0a38 \u0a15\u0a30\u0a28\u0a3e \u0a1c\u0a3e\u0a02 \u0a38\u0a4c\u0a02\u0a2a\u0a23\u0a3e \u0a1a\u0a3e\u0a39\u0a40\u0a26\u0a3e \u0a39\u0a48 \u0a05\u0a24\u0a47 \u0a15\u0a3f\u0a38\u0a47 \u0a35\u0a40 \u0a38\u0a25\u0a3f\u0a24\u0a40 \u0a35\u0a3f\u0a71\u0a1a \u0a09\u0a38 \u0a2e\u0a3f\u0a24\u0a40 \u0a24\u0a4b\u0a02 \u0a1a\u0a4c\u0a26\u0a3e\u0a02 \u0a26\u0a3f\u0a28\u0a3e\u0a02 \u0a26\u0a47 \u0a05\u0a70\u0a26\u0a30-\u0a05\u0a70\u0a26\u0a30 \u0a28\u0a39\u0a40\u0a02 \u0a1c\u0a3f\u0a38 \u0a26\u0a3f\u0a28 \u0a24\u0a41\u0a38\u0a40\u0a02 \u0a38\u0a3e\u0a28\u0a42\u0a70 \u0a38\u0a42\u0a1a\u0a3f\u0a24 \u0a15\u0a30\u0a26\u0a47 \u0a39\u0a4b \u0a15\u0a3f \u0a24\u0a41\u0a38\u0a40\u0a02 \u0a07\u0a38 \u0a07\u0a15\u0a30\u0a3e\u0a30\u0a28\u0a3e\u0a2e\u0a47 \u0a28\u0a42\u0a70 \u0a30\u0a71\u0a26 \u0a15\u0a30 \u0a26\u0a3f\u0a71\u0a24\u0a3e \u0a39\u0a48\u0964 \u0a07\u0a39 \u0a38\u0a2e\u0a3e\u0a02 \u0a38\u0a40\u0a2e\u0a3e \u0a2a\u0a42\u0a30\u0a40 \u0a39\u0a4b \u0a1c\u0a3e\u0a02\u0a26\u0a40 \u0a39\u0a48 \u0a1c\u0a47\u0a15\u0a30 \u0a24\u0a41\u0a38\u0a40\u0a02 \u0a1a\u0a4c\u0a26\u0a3e\u0a02 \u0a26\u0a3f\u0a28\u0a3e\u0a02 \u0a26\u0a40 \u0a2e\u0a3f\u0a06\u0a26 \u0a16\u0a24\u0a2e \u0a39\u0a4b\u0a23 \u0a24\u0a4b\u0a02 \u0a2a\u0a39\u0a3f\u0a32\u0a3e\u0a02 \u0a38\u0a3e\u0a2e\u0a3e\u0a28 \u0a2d\u0a47\u0a1c\u0a26\u0a47 \u0a39\u0a4b\u0964 \u0a24\u0a41\u0a38\u0a40\u0a02 \u0a38\u0a3e\u0a2e\u0a3e\u0a28 \u0a35\u0a3e\u0a2a\u0a38 \u0a15\u0a30\u0a28 \u0a26\u0a40 \u0a38\u0a3f\u0a71\u0a27\u0a40 \u0a32\u0a3e\u0a17\u0a24 \u0a38\u0a39\u0a3f\u0a23 \u0a15\u0a30\u0a4b\u0a17\u0a47\u0964 \u0a24\u0a41\u0a39\u0a3e\u0a28\u0a42\u0a70 \u0a38\u0a3e\u0a2e\u0a3e\u0a28 \u0a26\u0a47 \u0a15\u0a3f\u0a38\u0a47 \u0a35\u0a40 \u0a2e\u0a41\u0a71\u0a32 \u0a26\u0a47 \u0a28\u0a41\u0a15\u0a38\u0a3e\u0a28 \u0a32\u0a08 \u0a2d\u0a41\u0a17\u0a24\u0a3e\u0a28 \u0a38\u0a3f\u0a30\u0a2b\u0a3c \u0a24\u0a3e\u0a02 \u0a39\u0a40 \u0a15\u0a30\u0a28\u0a3e \u0a2a\u0a35\u0a47\u0a17\u0a3e \u0a1c\u0a47\u0a15\u0a30 \u0a07\u0a39 \u0a2e\u0a41\u0a71\u0a32 \u0a26\u0a3e \u0a28\u0a41\u0a15\u0a38\u0a3e\u0a28 \u0a38\u0a3e\u0a2e\u0a3e\u0a28 \u0a26\u0a47 \u0a2a\u0a4d\u0a30\u0a2c\u0a70\u0a27\u0a28 \u0a15\u0a3e\u0a30\u0a28 \u0a39\u0a4b\u0a07\u0a06 \u0a39\u0a48 \u0a1c\u0a4b \u0a15\u0a3f \u0a09\u0a28\u0a4d\u0a39\u0a3e\u0a02 \u0a26\u0a40 \u0a17\u0a41\u0a23\u0a35\u0a71\u0a24\u0a3e, \u0a35\u0a3f\u0a38\u0a3c\u0a47\u0a38\u0a3c\u0a24\u0a3e\u0a35\u0a3e\u0a02 \u0a05\u0a24\u0a47 \u0a15\u0a3e\u0a30\u0a1c\u0a38\u0a3c\u0a40\u0a32\u0a24\u0a3e \u0a26\u0a40 \u0a1c\u0a3e\u0a02\u0a1a \u0a15\u0a30\u0a28 \u0a32\u0a08 \u0a1c\u0a3c\u0a30\u0a42\u0a30\u0a40 \u0a28\u0a39\u0a40\u0a02 \u0a39\u0a48\u0964<\/p>\n\n\n\n<p>\u0a2c\u0a3e\u0a39\u0a30 \u0a15\u0a71\u0a22\u0a23 \u0a1c\u0a3e\u0a02 \u0a2e\u0a3f\u0a06\u0a26 \u0a2a\u0a41\u0a71\u0a17\u0a23 \u0a26\u0a47 \u0a06\u0a27\u0a3e\u0a30<\/p>\n\n\n\n<p>\u0a35\u0a3e\u0a2a\u0a38\u0a40 \u0a26\u0a3e \u0a05\u0a27\u0a3f\u0a15\u0a3e\u0a30 \u0a07\u0a15\u0a30\u0a3e\u0a30\u0a28\u0a3e\u0a2e\u0a3f\u0a06\u0a02 &#039;\u0a24\u0a47 \u0a32\u0a3e\u0a17\u0a42 \u0a28\u0a39\u0a40\u0a02 \u0a39\u0a41\u0a70\u0a26\u0a3e\u0964<\/p>\n\n\n\n<p>- \u0a09\u0a28\u0a4d\u0a39\u0a3e\u0a02 \u0a35\u0a38\u0a24\u0a42\u0a06\u0a02 \u0a26\u0a40 \u0a38\u0a2a\u0a32\u0a3e\u0a08 \u0a32\u0a08 \u0a1c\u0a4b \u0a2a\u0a39\u0a3f\u0a32\u0a3e\u0a02 \u0a24\u0a4b\u0a02 \u0a24\u0a3f\u0a06\u0a30 \u0a15\u0a40\u0a24\u0a40\u0a06\u0a02 \u0a1c\u0a3e\u0a02\u0a26\u0a40\u0a06\u0a02 \u0a39\u0a28 \u0a05\u0a24\u0a47 \u0a1c\u0a3f\u0a28\u0a4d\u0a39\u0a3e\u0a02 \u0a26\u0a47 \u0a09\u0a24\u0a2a\u0a3e\u0a26\u0a28 \u0a32\u0a08 \u0a16\u0a2a\u0a24\u0a15\u0a3e\u0a30 \u0a26\u0a41\u0a06\u0a30\u0a3e \u0a07\u0a71\u0a15 \u0a35\u0a3f\u0a05\u0a15\u0a24\u0a40\u0a17\u0a24 \u0a1a\u0a4b\u0a23 \u0a1c\u0a3e\u0a02 \u0a28\u0a3f\u0a30\u0a27\u0a3e\u0a30\u0a28 \u0a28\u0a3f\u0a30\u0a23\u0a3e\u0a07\u0a15 \u0a39\u0a41\u0a70\u0a26\u0a3e \u0a39\u0a48 \u0a1c\u0a3e\u0a02 \u0a1c\u0a4b \u0a38\u0a2a\u0a38\u0a3c\u0a1f \u0a24\u0a4c\u0a30 &#039;\u0a24\u0a47 \u0a16\u0a2a\u0a24\u0a15\u0a3e\u0a30 \u0a26\u0a40\u0a06\u0a02 \u0a28\u0a3f\u0a71\u0a1c\u0a40 \u0a1c\u0a3c\u0a30\u0a42\u0a30\u0a24\u0a3e\u0a02 \u0a26\u0a47 \u0a05\u0a28\u0a41\u0a38\u0a3e\u0a30 \u0a24\u0a3f\u0a06\u0a30 \u0a15\u0a40\u0a24\u0a47 \u0a1c\u0a3e\u0a02\u0a26\u0a47 \u0a39\u0a28;<\/p>\n\n\n\n<p>\u0a07\u0a15\u0a30\u0a3e\u0a30\u0a28\u0a3e\u0a2e\u0a3f\u0a06\u0a02 \u0a32\u0a08 \u0a35\u0a3e\u0a2a\u0a38\u0a40 \u0a26\u0a3e \u0a05\u0a27\u0a3f\u0a15\u0a3e\u0a30 \u0a38\u0a2e\u0a47\u0a02 \u0a24\u0a4b\u0a02 \u0a2a\u0a39\u0a3f\u0a32\u0a3e\u0a02 \u0a16\u0a24\u0a2e \u0a39\u0a4b \u0a1c\u0a3e\u0a02\u0a26\u0a3e \u0a39\u0a48<\/p>\n\n\n\n<p>- \u0a38\u0a40\u0a32\u0a2c\u0a70\u0a26 \u0a38\u0a3e\u0a2e\u0a3e\u0a28 \u0a26\u0a40 \u0a38\u0a2a\u0a32\u0a3e\u0a08 \u0a32\u0a08 \u0a1c\u0a4b, \u0a38\u0a3f\u0a39\u0a24 \u0a38\u0a41\u0a30\u0a71\u0a16\u0a3f\u0a06 \u0a1c\u0a3e\u0a02 \u0a38\u0a2b\u0a3e\u0a08 \u0a26\u0a47 \u0a15\u0a3e\u0a30\u0a28\u0a3e\u0a02 \u0a15\u0a30\u0a15\u0a47, \u0a35\u0a3e\u0a2a\u0a38\u0a40 \u0a32\u0a08 \u0a22\u0a41\u0a15\u0a35\u0a47\u0a02 \u0a28\u0a39\u0a40\u0a02 \u0a39\u0a28 \u0a1c\u0a47\u0a15\u0a30 \u0a21\u0a3f\u0a32\u0a40\u0a35\u0a30\u0a40 \u0a24\u0a4b\u0a02 \u0a2c\u0a3e\u0a05\u0a26 \u0a09\u0a28\u0a4d\u0a39\u0a3e\u0a02 \u0a26\u0a40 \u0a2e\u0a4b\u0a39\u0a30 \u0a39\u0a1f\u0a3e \u0a26\u0a3f\u0a71\u0a24\u0a40 \u0a17\u0a08 \u0a39\u0a48;<\/p>\n\n\n\n<p>- \u0a38\u0a3e\u0a2e\u0a3e\u0a28 \u0a26\u0a40 \u0a38\u0a2a\u0a32\u0a3e\u0a08 \u0a32\u0a08 \u0a1c\u0a47\u0a15\u0a30, \u0a21\u0a3f\u0a32\u0a40\u0a35\u0a30\u0a40 \u0a24\u0a4b\u0a02 \u0a2c\u0a3e\u0a05\u0a26, \u0a09\u0a39\u0a28\u0a3e\u0a02 \u0a28\u0a42\u0a70 \u0a09\u0a39\u0a28\u0a3e\u0a02 \u0a26\u0a47 \u0a38\u0a41\u0a2d\u0a3e\u0a05 \u0a26\u0a47 \u0a15\u0a3e\u0a30\u0a28 \u0a39\u0a4b\u0a30 \u0a38\u0a3e\u0a2e\u0a3e\u0a28\u0a3e\u0a02 \u0a28\u0a3e\u0a32 \u0a05\u0a1f\u0a41\u0a71\u0a1f \u0a30\u0a42\u0a2a \u0a35\u0a3f\u0a71\u0a1a \u0a2e\u0a3f\u0a32\u0a3e\u0a07\u0a06 \u0a17\u0a3f\u0a06 \u0a39\u0a48;<\/p>\n\n\n\n<p>\u0a28\u0a2e\u0a42\u0a28\u0a3e \u0a30\u0a71\u0a26 \u0a15\u0a30\u0a28 \u0a26\u0a3e \u0a2b\u0a3e\u0a30\u0a2e<\/p>\n\n\n\n<p>(\u0a1c\u0a47\u0a15\u0a30 \u0a24\u0a41\u0a38\u0a40\u0a02 \u0a07\u0a15\u0a30\u0a3e\u0a30\u0a28\u0a3e\u0a2e\u0a3e \u0a30\u0a71\u0a26 \u0a15\u0a30\u0a28\u0a3e \u0a1a\u0a3e\u0a39\u0a41\u0a70\u0a26\u0a47 \u0a39\u0a4b, \u0a24\u0a3e\u0a02 \u0a15\u0a3f\u0a30\u0a2a\u0a3e \u0a15\u0a30\u0a15\u0a47 \u0a07\u0a38 \u0a2b\u0a3e\u0a30\u0a2e \u0a28\u0a42\u0a70 \u0a2d\u0a30\u0a4b \u0a05\u0a24\u0a47 \u0a07\u0a38\u0a28\u0a42\u0a70 \u0a35\u0a3e\u0a2a\u0a38 \u0a15\u0a30\u0a4b\u0964)<\/p>\n\n\n\n<p>\u2013 \u0a2e\u0a42\u0a32\u0a30 \u0a35\u0a30\u0a15\u0a1c\u0a3c\u0a42\u0a17\u0a2e\u0a3e\u0a38\u0a1a\u0a3f\u0a28\u0a47\u0a28 \u0a30\u0a4b\u0a2c\u0a4b\u0a1f\u0a3f\u0a15 \u0a05\u0a24\u0a47 \u0a39\u0a48\u0a02\u0a21\u0a32\u0a38\u0a3c\u0a4c\u0a38 \u0a08. \u0a15\u0a47., \u0a1f\u0a30\u0a2e\u0a38\u0a1f\u0a30. 1, 72351 Geislingen, \u0a1f\u0a48\u0a32\u0a40\u0a2b\u0a3c\u0a4b\u0a28: +49 7428 9188869, \u0a08\u0a2e\u0a47\u0a32: Rolf.Mueller@mueller-wrh.de<\/p>\n\n\n\n<p>\u2013 \u0a2e\u0a48\u0a02\/\u0a05\u0a38\u0a40\u0a02 (*) \u0a07\u0a38 \u0a26\u0a41\u0a06\u0a30\u0a3e \u0a2e\u0a47\u0a30\u0a47\/\u0a38\u0a3e\u0a21\u0a47 (*) \u0a26\u0a41\u0a06\u0a30\u0a3e \u0a39\u0a47\u0a20 \u0a32\u0a3f\u0a16\u0a40\u0a06\u0a02 \u0a1a\u0a40\u0a1c\u0a3c\u0a3e\u0a02 (*)\/\u0a39\u0a47\u0a20 \u0a32\u0a3f\u0a16\u0a40\u0a06\u0a02 \u0a38\u0a47\u0a35\u0a3e \u0a26\u0a40 \u0a35\u0a3f\u0a35\u0a38\u0a25\u0a3e (*) \u0a26\u0a40 \u0a16\u0a30\u0a40\u0a26 \u0a32\u0a08 \u0a15\u0a40\u0a24\u0a47 \u0a17\u0a0f \u0a07\u0a15\u0a30\u0a3e\u0a30\u0a28\u0a3e\u0a2e\u0a47 \u0a28\u0a42\u0a70 \u0a30\u0a71\u0a26 \u0a15\u0a30\u0a26\u0a47 \u0a39\u0a3e\u0a02\u0964<\/p>\n\n\n\n<p>\u2013 (*) \u0a28\u0a42\u0a70 \u0a06\u0a30\u0a21\u0a30 \u0a15\u0a40\u0a24\u0a3e\/(*) \u0a28\u0a42\u0a70 \u0a2a\u0a4d\u0a30\u0a3e\u0a2a\u0a24 \u0a15\u0a40\u0a24\u0a3e<\/p>\n\n\n\n<p>- \u0a16\u0a2a\u0a24\u0a15\u0a3e\u0a30(\u0a06\u0a02) \u0a26\u0a3e \u0a28\u0a3e\u0a2e<\/p>\n\n\n\n<p>- \u0a16\u0a2a\u0a24\u0a15\u0a3e\u0a30(\u0a06\u0a02) \u0a26\u0a3e \u0a2a\u0a24\u0a3e<\/p>\n\n\n\n<p>- \u0a16\u0a2a\u0a24\u0a15\u0a3e\u0a30\u0a3e\u0a02 \u0a26\u0a47 \u0a26\u0a38\u0a24\u0a16\u0a24 (\u0a38\u0a3f\u0a30\u0a2b\u0a3c \u0a1c\u0a47\u0a15\u0a30 \u0a38\u0a42\u0a1a\u0a28\u0a3e \u0a15\u0a3e\u0a17\u0a1c\u0a3c &#039;\u0a24\u0a47 \u0a26\u0a3f\u0a71\u0a24\u0a40 \u0a17\u0a08 \u0a39\u0a48)<\/p>\n\n\n\n<p>\u2013 \u0a2e\u0a3f\u0a24\u0a40 (*) \u0a22\u0a41\u0a15\u0a35\u0a47\u0a02 \u0a05\u0a28\u0a41\u0a38\u0a3e\u0a30 \u0a2e\u0a3f\u0a1f\u0a3e\u0a13\u0964<\/p>","protected":false},"excerpt":{"rendered":"<p>Privatpersonen\/Verbraucher haben ein vierzehnt\u00e4giges Widerrufsrecht. Sie haben das Recht, binnen vierzehn Tagen ohne Angabe von Gr\u00fcnden diesen Vertrag zu widerrufen. Die Widerrufsfrist betr\u00e4gt vierzehn Tage ab dem Tag an dem Sie oder ein von Ihnen benannter Dritter, der nicht der Bef\u00f6rderer ist, die letzte Ware in Besitz genommen haben bzw. hat. Um Ihr Widerrufsrecht auszu\u00fcben, [&hellip;]<\/p>\n","protected":false},"author":1,"featured_media":0,"parent":0,"menu_order":0,"comment_status":"closed","ping_status":"closed","template":"","meta":{"_uf_show_specific_survey":0,"_uf_disable_surveys":false,"footnotes":""},"class_list":["post-266","page","type-page","status-publish","hentry"],"aioseo_notices":[],"_links":{"self":[{"href":"https:\/\/mueller-wrh.de\/pa\/wp-json\/wp\/v2\/pages\/266","targetHints":{"allow":["GET"]}}],"collection":[{"href":"https:\/\/mueller-wrh.de\/pa\/wp-json\/wp\/v2\/pages"}],"about":[{"href":"https:\/\/mueller-wrh.de\/pa\/wp-json\/wp\/v2\/types\/page"}],"author":[{"embeddable":true,"href":"https:\/\/mueller-wrh.de\/pa\/wp-json\/wp\/v2\/users\/1"}],"replies":[{"embeddable":true,"href":"https:\/\/mueller-wrh.de\/pa\/wp-json\/wp\/v2\/comments?post=266"}],"version-history":[{"count":1,"href":"https:\/\/mueller-wrh.de\/pa\/wp-json\/wp\/v2\/pages\/266\/revisions"}],"predecessor-version":[{"id":791,"href":"https:\/\/mueller-wrh.de\/pa\/wp-json\/wp\/v2\/pages\/266\/revisions\/791"}],"wp:attachment":[{"href":"https:\/\/mueller-wrh.de\/pa\/wp-json\/wp\/v2\/media?parent=266"}],"curies":[{"name":"\u0a21\u0a2c\u0a32\u0a2f\u0a42\u0a2a\u0a40","href":"https:\/\/api.w.org\/{rel}","templated":true}]}}