{"id":23,"date":"2024-11-15T18:23:45","date_gmt":"2024-11-15T18:23:45","guid":{"rendered":"https:\/\/mueller-wrh.de\/start\/"},"modified":"2026-01-19T13:29:58","modified_gmt":"2026-01-19T13:29:58","slug":"start","status":"publish","type":"page","link":"https:\/\/mueller-wrh.de\/pa\/","title":{"rendered":"\u0a38\u0a3c\u0a41\u0a30\u0a42 \u0a15\u0a30\u0a4b"},"content":{"rendered":"<div class=\"wp-block-group alignfull has-background-background-color has-background has-global-padding is-layout-constrained wp-container-core-group-is-layout-75294154 wp-block-group-is-layout-constrained\" style=\"padding-top:0;padding-right:0;padding-bottom:0;padding-left:0\">\n<div class=\"wp-block-columns alignfull has-foreground-color has-background-background-color has-text-color has-background is-layout-flex wp-container-core-columns-is-layout-a671db07 wp-block-columns-is-layout-flex\" style=\"padding-top:0;padding-right:0;padding-bottom:0;padding-left:0\">\n<div class=\"wp-block-column is-vertically-aligned-top is-layout-flow wp-block-column-is-layout-flow\" style=\"flex-basis:30%\">\n<div class=\"wp-block-cover\" style=\"min-height:70vh;aspect-ratio:unset;\"><img loading=\"lazy\" decoding=\"async\" width=\"1920\" height=\"2560\" class=\"wp-block-cover__image-background wp-image-540\" alt=\"\" src=\"https:\/\/mueller-wrh.de\/wp-content\/uploads\/2024\/11\/img_7694-1-scaled-1.jpg\" data-object-fit=\"cover\" srcset=\"https:\/\/mueller-wrh.de\/wp-content\/uploads\/2024\/11\/img_7694-1-scaled-1.jpg 1920w, https:\/\/mueller-wrh.de\/wp-content\/uploads\/2024\/11\/img_7694-1-scaled-1-9x12.jpg 9w, https:\/\/mueller-wrh.de\/wp-content\/uploads\/2024\/11\/img_7694-1-scaled-1-225x300.jpg 225w, https:\/\/mueller-wrh.de\/wp-content\/uploads\/2024\/11\/img_7694-1-scaled-1-768x1024.jpg 768w, https:\/\/mueller-wrh.de\/wp-content\/uploads\/2024\/11\/img_7694-1-scaled-1-1152x1536.jpg 1152w, https:\/\/mueller-wrh.de\/wp-content\/uploads\/2024\/11\/img_7694-1-scaled-1-1536x2048.jpg 1536w, https:\/\/mueller-wrh.de\/wp-content\/uploads\/2024\/11\/img_7694-1-scaled-1-600x800.jpg 600w\" sizes=\"auto, (max-width: 1920px) 100vw, 1920px\" \/><span aria-hidden=\"true\" class=\"wp-block-cover__background has-background-dim-10 has-background-dim\" style=\"background-color:#827b77\"><\/span><div class=\"wp-block-cover__inner-container is-layout-flow wp-block-cover-is-layout-flow\">\n<div style=\"height:480px\" aria-hidden=\"true\" class=\"wp-block-spacer\"><\/div>\n<\/div><\/div>\n<\/div>\n\n\n\n<div class=\"wp-block-column is-vertically-aligned-center is-layout-flow wp-block-column-is-layout-flow\" style=\"padding-top:var(--wp--preset--spacing--60);padding-right:var(--wp--preset--spacing--40);padding-bottom:var(--wp--preset--spacing--60);padding-left:var(--wp--preset--spacing--40);flex-basis:40%\">\n<div class=\"wp-block-group alignwide has-global-padding is-content-justification-center is-layout-constrained wp-container-core-group-is-layout-1c0f5e70 wp-block-group-is-layout-constrained\">\n<h2 class=\"wp-block-heading has-text-align-center has-foreground-color has-text-color\">\u0a35\u0a30\u0a24\u0a47 \u0a39\u0a4b\u0a0f CNC \u0a2e\u0a38\u0a3c\u0a40\u0a28 \u0a1f\u0a42\u0a32\u0a38 \u0a05\u0a24\u0a47 \u0a38\u0a39\u0a3e\u0a07\u0a15 \u0a09\u0a2a\u0a15\u0a30\u0a23\u0a3e\u0a02 \u0a26\u0a40 \u0a2a\u0a39\u0a3f\u0a32\u0a40 \u0a38\u0a3c\u0a4d\u0a30\u0a47\u0a23\u0a40 \u0a26\u0a40 \u0a38\u0a32\u0a3e\u0a39 \u0a05\u0a24\u0a47 \u0a35\u0a3f\u0a15\u0a30\u0a40\u0964<\/h2>\n\n\n\n<p class=\"has-text-align-center\" style=\"margin-top:16px\">\u0a1c\u0a30\u0a2e\u0a28\u0a40 \u0a35\u0a3f\u0a71\u0a1a \u0a35\u0a30\u0a24\u0a47 \u0a39\u0a4b\u0a0f \u0a2e\u0a38\u0a3c\u0a40\u0a28 \u0a1f\u0a42\u0a32\u0a38 \u0a32\u0a08 \u0a24\u0a41\u0a39\u0a3e\u0a21\u0a47 \u0a2a\u0a4d\u0a30\u0a2e\u0a41\u0a71\u0a16 \u0a2d\u0a3e\u0a08\u0a35\u0a3e\u0a32, M\u00dcLLER WERKZEUGMASCHINEN ROBOTIK &amp; HANDELSHAUS eK \u0a35\u0a3f\u0a71\u0a1a \u0a24\u0a41\u0a39\u0a3e\u0a21\u0a3e \u0a38\u0a35\u0a3e\u0a17\u0a24 \u0a39\u0a48\u0964 \u0a07\u0a71\u0a25\u0a47 \u0a24\u0a41\u0a39\u0a3e\u0a28\u0a42\u0a70 \u0a09\u0a71\u0a1a-\u0a17\u0a41\u0a23\u0a35\u0a71\u0a24\u0a3e \u0a35\u0a3e\u0a32\u0a40\u0a06\u0a02 \u0a2e\u0a38\u0a3c\u0a40\u0a28\u0a3e\u0a02, \u0a38\u0a39\u0a3e\u0a07\u0a15 \u0a09\u0a2a\u0a15\u0a30\u0a23\u0a3e\u0a02 \u0a05\u0a24\u0a47 \u0a30\u0a4b\u0a2c\u0a4b\u0a1f\u0a3f\u0a15\u0a38 \u0a39\u0a71\u0a32\u0a3e\u0a02 \u0a26\u0a40 \u0a07\u0a71\u0a15 \u0a35\u0a3f\u0a38\u0a3c\u0a47\u0a38\u0a3c \u0a1a\u0a4b\u0a23 \u0a2e\u0a3f\u0a32\u0a47\u0a17\u0a40\u0964 \u0a38\u0a3e\u0a21\u0a47 \u0a09\u0a24\u0a2a\u0a3e\u0a26\u0a3e\u0a02 \u0a26\u0a40 \u0a16\u0a4b\u0a1c \u0a15\u0a30\u0a4b \u0a05\u0a24\u0a47 \u0a38\u0a3e\u0a21\u0a40 \u0a2a\u0a39\u0a3f\u0a32\u0a40-\u0a38\u0a3c\u0a4d\u0a30\u0a47\u0a23\u0a40 \u0a26\u0a40 \u0a2e\u0a38\u0a3c\u0a40\u0a28 \u0a1a\u0a4b\u0a23 \u0a24\u0a4b\u0a02 \u0a32\u0a3e\u0a2d \u0a09\u0a20\u0a3e\u0a13\u0964<\/p>\n\n\n\n<div class=\"wp-block-buttons is-content-justification-center is-layout-flex wp-container-core-buttons-is-layout-6e21085f wp-block-buttons-is-layout-flex\" style=\"margin-top:var(--wp--preset--spacing--40)\">\n<div class=\"wp-block-button\"><a class=\"wp-block-button__link wp-element-button\" href=\"https:\/\/mueller-wrh.de\/pa\/shop\/\">\u0a39\u0a41\u0a23\u0a47 \u0a16\u0a4b\u0a1c\u0a4b<\/a><\/div>\n<\/div>\n<\/div>\n<\/div>\n\n\n\n<div class=\"wp-block-column is-layout-flow wp-block-column-is-layout-flow\" style=\"flex-basis:30%\">\n<div class=\"wp-block-cover\" style=\"min-height:70vh;aspect-ratio:unset;\"><img loading=\"lazy\" decoding=\"async\" width=\"1536\" height=\"2048\" class=\"wp-block-cover__image-background wp-image-545\" alt=\"\" src=\"https:\/\/mueller-wrh.de\/wp-content\/uploads\/2024\/11\/img_4108-9.jpeg\" data-object-fit=\"cover\" srcset=\"https:\/\/mueller-wrh.de\/wp-content\/uploads\/2024\/11\/img_4108-9.jpeg 1536w, https:\/\/mueller-wrh.de\/wp-content\/uploads\/2024\/11\/img_4108-9-9x12.jpeg 9w, https:\/\/mueller-wrh.de\/wp-content\/uploads\/2024\/11\/img_4108-9-225x300.jpeg 225w, https:\/\/mueller-wrh.de\/wp-content\/uploads\/2024\/11\/img_4108-9-768x1024.jpeg 768w, https:\/\/mueller-wrh.de\/wp-content\/uploads\/2024\/11\/img_4108-9-1152x1536.jpeg 1152w, https:\/\/mueller-wrh.de\/wp-content\/uploads\/2024\/11\/img_4108-9-600x800.jpeg 600w\" sizes=\"auto, (max-width: 1536px) 100vw, 1536px\" \/><span aria-hidden=\"true\" class=\"wp-block-cover__background has-background-dim-10 has-background-dim\" style=\"background-color:#7c7a77\"><\/span><div class=\"wp-block-cover__inner-container is-layout-flow wp-block-cover-is-layout-flow\">\n<div style=\"height:480px\" aria-hidden=\"true\" class=\"wp-block-spacer\"><\/div>\n<\/div><\/div>\n<\/div>\n<\/div>\n<\/div>\n\n\n\n<div class=\"wp-block-group alignfull has-tertiary-background-color has-background has-global-padding is-layout-constrained wp-container-core-group-is-layout-7276a2bb wp-block-group-is-layout-constrained\" id=\"produkte\" style=\"margin-top:0;margin-bottom:0;padding-top:var(--wp--preset--spacing--60);padding-right:var(--wp--preset--spacing--30);padding-bottom:var(--wp--preset--spacing--60);padding-left:var(--wp--preset--spacing--30)\">\n<div class=\"wp-block-group alignwide has-global-padding is-content-justification-left is-layout-constrained wp-container-core-group-is-layout-8b4c372c wp-block-group-is-layout-constrained\">\n<h2 class=\"wp-block-heading alignwide has-large-font-size\">\u0a38\u0a3e\u0a21\u0a40 \u0a2a\u0a39\u0a3f\u0a32\u0a40 \u0a38\u0a3c\u0a4d\u0a30\u0a47\u0a23\u0a40 \u0a26\u0a40\u0a06\u0a02 \u0a35\u0a30\u0a24\u0a40\u0a06\u0a02 \u0a17\u0a08\u0a06\u0a02 CNC \u0a2e\u0a38\u0a3c\u0a40\u0a28\u0a3e\u0a02 \u0a26\u0a40 \u0a35\u0a3f\u0a38\u0a3c\u0a3e\u0a32 \u0a38\u0a3c\u0a4d\u0a30\u0a47\u0a23\u0a40 \u0a35\u0a3f\u0a71\u0a1a \u0a24\u0a41\u0a39\u0a3e\u0a28\u0a42\u0a70 \u0a2c\u0a47\u0a38\u0a3c\u0a71\u0a15 \u0a26\u0a3f\u0a32\u0a1a\u0a38\u0a2a \u0a09\u0a2a\u0a15\u0a30\u0a23 \u0a35\u0a40 \u0a2e\u0a3f\u0a32\u0a23\u0a17\u0a47 \u0a1c\u0a4b \u0a24\u0a41\u0a38\u0a40\u0a02 \u0a24\u0a41\u0a30\u0a70\u0a24 \u0a14\u0a28\u0a32\u0a3e\u0a08\u0a28 \u0a06\u0a30\u0a21\u0a30 \u0a15\u0a30 \u0a38\u0a15\u0a26\u0a47 \u0a39\u0a4b\u0964<\/h2>\n\n\n\n<p style=\"margin-top:16px\">M\u00fcller Werkzeugmaschinen Robotik &amp; Handelshaus eK \u0a35\u0a3f\u0a71\u0a1a \u0a24\u0a41\u0a39\u0a3e\u0a21\u0a3e \u0a38\u0a35\u0a3e\u0a17\u0a24 \u0a39\u0a48\u0964 \u0a38\u0a3e\u0a21\u0a40\u0a06\u0a02 \u0a09\u0a71\u0a1a-\u0a17\u0a41\u0a23\u0a35\u0a71\u0a24\u0a3e \u0a35\u0a3e\u0a32\u0a40\u0a06\u0a02 \u0a2e\u0a38\u0a3c\u0a40\u0a28\u0a3e\u0a02, \u0a30\u0a4b\u0a2c\u0a4b\u0a1f\u0a3f\u0a15\u0a38 \u0a05\u0a24\u0a47 \u0a38\u0a39\u0a3e\u0a07\u0a15 \u0a09\u0a2a\u0a15\u0a30\u0a23\u0a3e\u0a02 \u0a26\u0a40 \u0a16\u0a4b\u0a1c \u0a15\u0a30\u0a4b, \u0a06\u0a30\u0a21\u0a30 \u0a26\u0a3f\u0a13 \u0a1c\u0a3e\u0a02 \u0a2a\u0a47\u0a38\u0a3c\u0a47\u0a35\u0a30 \u0a38\u0a32\u0a3e\u0a39 \u0a2a\u0a4d\u0a30\u0a3e\u0a2a\u0a24 \u0a15\u0a30\u0a4b\u0964 <\/p>\n\n\n\n<p style=\"margin-top:16px\">\u0a15\u0a40 \u0a24\u0a41\u0a39\u0a3e\u0a28\u0a42\u0a70 \u0a07\u0a71\u0a15 \u0a39\u0a35\u0a3e\u0a32\u0a3e \u0a1a\u0a3e\u0a39\u0a40\u0a26\u0a3e \u0a39\u0a48? \u0a15\u0a4b\u0a08 \u0a17\u0a71\u0a32 \u0a28\u0a39\u0a40\u0a02, \u0a05\u0a38\u0a40\u0a02 \u0a24\u0a41\u0a39\u0a3e\u0a21\u0a40 \u0a2e\u0a26\u0a26 \u0a15\u0a30\u0a15\u0a47 \u0a16\u0a41\u0a38\u0a3c \u0a39\u0a4b\u0a35\u0a3e\u0a02\u0a17\u0a47\u0964<\/p>\n<\/div>\n\n\n\n<div class=\"wp-block-columns alignwide is-layout-flex wp-container-core-columns-is-layout-28f84493 wp-block-columns-is-layout-flex\">\n<div class=\"wp-block-column is-layout-flow wp-block-column-is-layout-flow\">\n<figure class=\"wp-block-image size-full\"><a href=\"\/pa\/mueller-wrh.de\/shop\/\"><img loading=\"lazy\" decoding=\"async\" width=\"1920\" height=\"2560\" src=\"https:\/\/mueller-wrh.de\/wp-content\/uploads\/2024\/11\/img_7915-3-scaled-1.jpg\" alt=\"\" class=\"wp-image-518\" style=\"aspect-ratio:1;object-fit:cover\" srcset=\"https:\/\/mueller-wrh.de\/wp-content\/uploads\/2024\/11\/img_7915-3-scaled-1.jpg 1920w, https:\/\/mueller-wrh.de\/wp-content\/uploads\/2024\/11\/img_7915-3-scaled-1-9x12.jpg 9w, https:\/\/mueller-wrh.de\/wp-content\/uploads\/2024\/11\/img_7915-3-scaled-1-225x300.jpg 225w, https:\/\/mueller-wrh.de\/wp-content\/uploads\/2024\/11\/img_7915-3-scaled-1-768x1024.jpg 768w, https:\/\/mueller-wrh.de\/wp-content\/uploads\/2024\/11\/img_7915-3-scaled-1-1152x1536.jpg 1152w, https:\/\/mueller-wrh.de\/wp-content\/uploads\/2024\/11\/img_7915-3-scaled-1-1536x2048.jpg 1536w, https:\/\/mueller-wrh.de\/wp-content\/uploads\/2024\/11\/img_7915-3-scaled-1-600x800.jpg 600w\" sizes=\"auto, (max-width: 1920px) 100vw, 1920px\" \/><\/a><\/figure>\n\n\n\n<h3 class=\"wp-block-heading has-text-align-left\" style=\"margin-top:20px;font-size:clamp(14px, 0.875rem + ((1vw - 3.2px) * 0.417), 18px);\">\u0a35\u0a30\u0a24\u0a47 \u0a17\u0a0f CNC \u0a16\u0a30\u0a3e\u0a26<\/h3>\n\n\n\n<p class=\"has-small-font-size\" style=\"margin-top:4px;font-style:normal;font-weight:700\"><\/p>\n<\/div>\n\n\n\n<div class=\"wp-block-column is-layout-flow wp-block-column-is-layout-flow\">\n<figure class=\"wp-block-image size-full\"><a href=\"\/pa\/mueller-wrh.de\/shop\/\"><img loading=\"lazy\" decoding=\"async\" width=\"1536\" height=\"2048\" src=\"https:\/\/mueller-wrh.de\/wp-content\/uploads\/2024\/11\/img_4102-9.jpeg\" alt=\"\" class=\"wp-image-553\" style=\"aspect-ratio:1;object-fit:cover\"\/><\/a><\/figure>\n\n\n\n<h3 class=\"wp-block-heading has-text-align-left\" style=\"margin-top:20px;font-size:clamp(14px, 0.875rem + ((1vw - 3.2px) * 0.417), 18px);\">\u0a35\u0a30\u0a24\u0a47 \u0a39\u0a4b\u0a0f \u0a1f\u0a42\u0a32 \u0a39\u0a4b\u0a32\u0a21\u0a30<\/h3>\n\n\n\n<p class=\"has-small-font-size\" style=\"margin-top:4px;font-style:normal;font-weight:700\"><\/p>\n<\/div>\n\n\n\n<div class=\"wp-block-column is-layout-flow wp-block-column-is-layout-flow\">\n<figure class=\"wp-block-image size-full\"><a href=\"https:\/\/mueller-wrh.de\/pa\/shop\/\"><img decoding=\"async\" src=\"https:\/\/mueller-wrh.de\/wp-content\/uploads\/2024\/11\/tempImagevtsDOh.heic\" alt=\"\" class=\"wp-image-323\" style=\"aspect-ratio:1;object-fit:cover\"\/><\/a><\/figure>\n\n\n\n<h3 class=\"wp-block-heading has-text-align-left\" style=\"margin-top:20px;font-size:clamp(14px, 0.875rem + ((1vw - 3.2px) * 0.417), 18px);\">\u0a35\u0a30\u0a24\u0a47 \u0a17\u0a0f CNC \u0a16\u0a30\u0a3e\u0a26<\/h3>\n<\/div>\n\n\n\n<div class=\"wp-block-column is-layout-flow wp-block-column-is-layout-flow\">\n<figure class=\"wp-block-image size-full\"><a href=\"\/pa\/mueller-wrh.de\/shop\/\"><img decoding=\"async\" src=\"https:\/\/mueller-wrh.de\/wp-content\/uploads\/2024\/11\/tempImage3OFA7r.heic\" alt=\"\" class=\"wp-image-324\" style=\"aspect-ratio:1;object-fit:cover\"\/><\/a><\/figure>\n\n\n\n<h3 class=\"wp-block-heading has-text-align-left\" style=\"margin-top:20px;font-size:clamp(14px, 0.875rem + ((1vw - 3.2px) * 0.417), 18px);\">\u0a35\u0a30\u0a24\u0a47 \u0a39\u0a4b\u0a0f \u0a24\u0a47\u0a32 \u0a27\u0a41\u0a70\u0a26 \u0a15\u0a71\u0a22\u0a23 \u0a35\u0a3e\u0a32\u0a47 \u0a38\u0a3f\u0a38\u0a1f\u0a2e<\/h3>\n\n\n\n<p class=\"has-small-font-size\" style=\"margin-top:4px;font-style:normal;font-weight:700\"><\/p>\n<\/div>\n<\/div>\n\n\n\n<div class=\"wp-block-columns alignwide is-layout-flex wp-container-core-columns-is-layout-28f84493 wp-block-columns-is-layout-flex\">\n<div class=\"wp-block-column is-layout-flow wp-block-column-is-layout-flow\">\n<figure class=\"wp-block-image size-full\"><a href=\"https:\/\/mueller-wrh.de\/pa\/shop\/\"><img decoding=\"async\" src=\"https:\/\/mueller-wrh.de\/wp-content\/uploads\/2024\/11\/tempImage8MKLaU.heic\" alt=\"\" class=\"wp-image-325\" style=\"aspect-ratio:1;object-fit:cover\"\/><\/a><\/figure>\n\n\n\n<h3 class=\"wp-block-heading has-text-align-left\" style=\"margin-top:20px;font-size:clamp(14px, 0.875rem + ((1vw - 3.2px) * 0.417), 18px);\">\u0a35\u0a30\u0a24\u0a47 \u0a17\u0a0f CNC \u0a16\u0a30\u0a3e\u0a26<\/h3>\n\n\n\n<p class=\"has-small-font-size\" style=\"margin-top:4px;font-style:normal;font-weight:700\"><\/p>\n<\/div>\n\n\n\n<div class=\"wp-block-column is-layout-flow wp-block-column-is-layout-flow\">\n<figure class=\"wp-block-image size-full\"><a href=\"https:\/\/mueller-wrh.de\/pa\/shop\/\"><img decoding=\"async\" src=\"https:\/\/mueller-wrh.de\/wp-content\/uploads\/2024\/11\/tempImageugqdQL.heic\" alt=\"\" class=\"wp-image-326\" style=\"aspect-ratio:1;object-fit:cover\"\/><\/a><\/figure>\n\n\n\n<h3 class=\"wp-block-heading has-text-align-left\" style=\"margin-top:20px;font-size:clamp(14px, 0.875rem + ((1vw - 3.2px) * 0.417), 18px);\">\u0a35\u0a30\u0a24\u0a47 \u0a39\u0a4b\u0a0f \u0a24\u0a47\u0a32 \u0a27\u0a41\u0a70\u0a26 \u0a15\u0a71\u0a22\u0a23 \u0a35\u0a3e\u0a32\u0a47 \u0a38\u0a3f\u0a38\u0a1f\u0a2e<\/h3>\n\n\n\n<p class=\"has-small-font-size\" style=\"margin-top:4px;font-style:normal;font-weight:700\"><\/p>\n<\/div>\n\n\n\n<div class=\"wp-block-column is-layout-flow wp-block-column-is-layout-flow\">\n<figure class=\"wp-block-image size-full\"><a href=\"https:\/\/mueller-wrh.de\/pa\/shop\/\"><img decoding=\"async\" src=\"https:\/\/mueller-wrh.de\/wp-content\/uploads\/2024\/11\/tempImageWLRl2d.heic\" alt=\"\" class=\"wp-image-327\" style=\"aspect-ratio:1;object-fit:cover\"\/><\/a><\/figure>\n\n\n\n<h3 class=\"wp-block-heading has-text-align-left\" style=\"margin-top:20px;font-size:clamp(14px, 0.875rem + ((1vw - 3.2px) * 0.417), 18px);\">\u0a35\u0a30\u0a24\u0a40\u0a06\u0a02 \u0a39\u0a4b\u0a08\u0a06\u0a02 \u0a1c\u0a3f\u0a17 \u0a2a\u0a40\u0a38\u0a23 \u0a35\u0a3e\u0a32\u0a40\u0a06\u0a02 \u0a2e\u0a38\u0a3c\u0a40\u0a28\u0a3e\u0a02<\/h3>\n\n\n\n<p class=\"has-small-font-size\" style=\"margin-top:4px;font-style:normal;font-weight:700\"><\/p>\n<\/div>\n\n\n\n<div class=\"wp-block-column is-layout-flow wp-block-column-is-layout-flow\">\n<figure class=\"wp-block-image size-full\"><a href=\"https:\/\/mueller-wrh.de\/pa\/shop\/\"><img decoding=\"async\" src=\"https:\/\/mueller-wrh.de\/wp-content\/uploads\/2024\/11\/tempImage9wnHf9.heic\" alt=\"\" class=\"wp-image-328\" style=\"aspect-ratio:1;object-fit:cover\"\/><\/a><\/figure>\n\n\n\n<h3 class=\"wp-block-heading has-text-align-left\" style=\"margin-top:20px;font-size:clamp(14px, 0.875rem + ((1vw - 3.2px) * 0.417), 18px);\">\u0a35\u0a30\u0a24\u0a47 \u0a17\u0a0f \u0a38\u0a40\u0a10\u0a28\u0a38\u0a40 \u0a2e\u0a38\u0a3c\u0a40\u0a28\u0a3f\u0a70\u0a17 \u0a38\u0a48\u0a02\u0a1f\u0a30<\/h3>\n\n\n\n<p class=\"has-small-font-size\" style=\"margin-top:4px;font-style:normal;font-weight:700\"><\/p>\n<\/div>\n<\/div>\n<\/div>","protected":false},"excerpt":{"rendered":"<p>Erstklassige Beratung und Verkauf von gebrauchten CNC-Werkzeugmaschinen und Zubeh\u00f6r. Willkommen bei M\u00dcLLER WERKZEUGMASCHINEN ROBOTIK &amp; HANDELSHAUS e.K., Ihrem f\u00fchrenden Partner f\u00fcr gebrauchte Werkzeugmaschinen in Deutschland. Bei uns finden Sie eine exklusive Auswahl an hochwertigen Maschinen, Zubeh\u00f6r und Robotikl\u00f6sungen. Entdecken Sie unsere Produkte und profitieren Sie von unserer erstklassigen Maschinenauswahl. In unserem umfangreichen Sortiment an erstklassigen [&hellip;]<\/p>\n","protected":false},"author":1,"featured_media":0,"parent":0,"menu_order":0,"comment_status":"closed","ping_status":"closed","template":"no-title","meta":{"_uf_show_specific_survey":0,"_uf_disable_surveys":false,"footnotes":""},"class_list":["post-23","page","type-page","status-publish","hentry"],"aioseo_notices":[],"_links":{"self":[{"href":"https:\/\/mueller-wrh.de\/pa\/wp-json\/wp\/v2\/pages\/23","targetHints":{"allow":["GET"]}}],"collection":[{"href":"https:\/\/mueller-wrh.de\/pa\/wp-json\/wp\/v2\/pages"}],"about":[{"href":"https:\/\/mueller-wrh.de\/pa\/wp-json\/wp\/v2\/types\/page"}],"author":[{"embeddable":true,"href":"https:\/\/mueller-wrh.de\/pa\/wp-json\/wp\/v2\/users\/1"}],"replies":[{"embeddable":true,"href":"https:\/\/mueller-wrh.de\/pa\/wp-json\/wp\/v2\/comments?post=23"}],"version-history":[{"count":10,"href":"https:\/\/mueller-wrh.de\/pa\/wp-json\/wp\/v2\/pages\/23\/revisions"}],"predecessor-version":[{"id":4709,"href":"https:\/\/mueller-wrh.de\/pa\/wp-json\/wp\/v2\/pages\/23\/revisions\/4709"}],"wp:attachment":[{"href":"https:\/\/mueller-wrh.de\/pa\/wp-json\/wp\/v2\/media?parent=23"}],"curies":[{"name":"\u0a21\u0a2c\u0a32\u0a2f\u0a42\u0a2a\u0a40","href":"https:\/\/api.w.org\/{rel}","templated":true}]}}