{"id":19,"date":"2024-11-15T18:23:44","date_gmt":"2024-11-15T18:23:44","guid":{"rendered":"https:\/\/mueller-wrh.de\/buchung\/"},"modified":"2025-05-14T14:12:37","modified_gmt":"2025-05-14T14:12:37","slug":"buchung","status":"publish","type":"page","link":"https:\/\/mueller-wrh.de\/pa\/buchung\/","title":{"rendered":"Bestellungen"},"content":{"rendered":"<div class=\"wp-block-group alignfull has-background-background-color has-background has-global-padding is-layout-constrained wp-block-group-is-layout-constrained\" style=\"margin-top:0;margin-bottom:0;padding-top:0;padding-bottom:0\">\n<div class=\"wp-block-cover alignfull\" style=\"padding-top:0;padding-right:var(--wp--preset--spacing--30);padding-bottom:0;padding-left:var(--wp--preset--spacing--30);min-height:50px;aspect-ratio:unset;\"><img loading=\"lazy\" decoding=\"async\" width=\"1280\" height=\"960\" class=\"wp-block-cover__image-background wp-image-33\" alt=\"\" src=\"https:\/\/mueller-wrh.de\/wp-content\/uploads\/2024\/11\/cdff33ad14897f92f13c3f886e68cdbdbe56a077.jpg\" data-object-fit=\"cover\" srcset=\"https:\/\/mueller-wrh.de\/wp-content\/uploads\/2024\/11\/cdff33ad14897f92f13c3f886e68cdbdbe56a077.jpg 1280w, https:\/\/mueller-wrh.de\/wp-content\/uploads\/2024\/11\/cdff33ad14897f92f13c3f886e68cdbdbe56a077-16x12.jpg 16w, https:\/\/mueller-wrh.de\/wp-content\/uploads\/2024\/11\/cdff33ad14897f92f13c3f886e68cdbdbe56a077-300x225.jpg 300w, https:\/\/mueller-wrh.de\/wp-content\/uploads\/2024\/11\/cdff33ad14897f92f13c3f886e68cdbdbe56a077-768x576.jpg 768w, https:\/\/mueller-wrh.de\/wp-content\/uploads\/2024\/11\/cdff33ad14897f92f13c3f886e68cdbdbe56a077-1024x768.jpg 1024w, https:\/\/mueller-wrh.de\/wp-content\/uploads\/2024\/11\/cdff33ad14897f92f13c3f886e68cdbdbe56a077-600x450.jpg 600w\" sizes=\"auto, (max-width: 1280px) 100vw, 1280px\" \/><span aria-hidden=\"true\" class=\"wp-block-cover__background has-black-background-color has-background-dim-60 has-background-dim\"><\/span><div class=\"wp-block-cover__inner-container is-layout-flow wp-block-cover-is-layout-flow\">\n<div class=\"wp-block-group has-global-padding is-layout-constrained wp-block-group-is-layout-constrained\" style=\"padding-top:var(--wp--preset--spacing--60);padding-bottom:var(--wp--preset--spacing--60)\">\n<h1 class=\"wp-block-heading alignwide has-text-align-left has-text-color has-x-large-font-size\" style=\"color:#fffffffc\">\u0a24\u0a41\u0a39\u0a3e\u0a21\u0a47 \u0a2e\u0a38\u0a3c\u0a40\u0a28 \u0a1f\u0a42\u0a32\u0a38 \u0a05\u0a24\u0a47 \u0a38\u0a39\u0a3e\u0a07\u0a15 \u0a09\u0a2a\u0a15\u0a30\u0a23\u0a3e\u0a02 \u0a26\u0a3e \u0a38\u0a41\u0a35\u0a3f\u0a27\u0a3e\u0a1c\u0a28\u0a15 \u0a06\u0a30\u0a21\u0a30\u0a3f\u0a70\u0a17<\/h1>\n<\/div>\n<\/div><\/div>\n<\/div>\n\n\n\n<div class=\"wp-block-group alignfull has-tertiary-background-color has-background has-global-padding is-layout-constrained wp-container-core-group-is-layout-7276a2bb wp-block-group-is-layout-constrained\" style=\"margin-top:0;margin-bottom:0;padding-top:var(--wp--preset--spacing--60);padding-right:var(--wp--preset--spacing--30);padding-bottom:var(--wp--preset--spacing--60);padding-left:var(--wp--preset--spacing--30)\">\n<div class=\"wp-block-columns alignwide are-vertically-aligned-center is-layout-flex wp-container-core-columns-is-layout-08c01c1c wp-block-columns-is-layout-flex\">\n<div class=\"wp-block-column is-vertically-aligned-center is-layout-flow wp-block-column-is-layout-flow\"><\/div>\n\n\n\n<div class=\"wp-block-column is-vertically-aligned-center is-layout-flow wp-block-column-is-layout-flow\">\n<h2 class=\"wp-block-heading has-large-font-size\">\u0a24\u0a41\u0a39\u0a3e\u0a21\u0a40\u0a06\u0a02 \u0a2e\u0a38\u0a3c\u0a40\u0a28\u0a3e\u0a02 - \u0a39\u0a41\u0a23\u0a47 \u0a16\u0a4b\u0a1c\u0a4b \u0a05\u0a24\u0a47 \u0a06\u0a30\u0a21\u0a30 \u0a15\u0a30\u0a4b!<\/h2>\n\n\n\n<p style=\"margin-top:16px\">\u0a38\u0a3e\u0a21\u0a47 \u0a09\u0a2a\u0a2d\u0a4b\u0a17\u0a24\u0a3e-\u0a05\u0a28\u0a41\u0a15\u0a42\u0a32 \u0a14\u0a28\u0a32\u0a3e\u0a08\u0a28 \u0a06\u0a30\u0a21\u0a30\u0a3f\u0a70\u0a17 \u0a38\u0a3f\u0a38\u0a1f\u0a2e \u0a26\u0a47 \u0a28\u0a3e\u0a32, \u0a24\u0a41\u0a38\u0a40\u0a02 \u0a38\u0a3e\u0a21\u0a40 \u0a35\u0a48\u0a71\u0a2c \u0a26\u0a41\u0a15\u0a3e\u0a28 \u0a24\u0a4b\u0a02 \u0a06\u0a38\u0a3e\u0a28\u0a40 \u0a28\u0a3e\u0a32 \u0a06\u0a30\u0a21\u0a30 \u0a15\u0a30 \u0a38\u0a15\u0a26\u0a47 \u0a39\u0a4b\u0964 \u0a2d\u0a3e\u0a35\u0a47\u0a02 \u0a07\u0a39 \u0a30\u0a4b\u0a2c\u0a4b\u0a1f\u0a3f\u0a15\u0a38 \u0a39\u0a4b\u0a35\u0a47, \u0a2e\u0a38\u0a3c\u0a40\u0a28 \u0a1f\u0a42\u0a32 \u0a39\u0a4b\u0a35\u0a47, \u0a1c\u0a3e\u0a02 \u0a1f\u0a42\u0a32 \u0a39\u0a4b\u0a32\u0a21\u0a30 \u0a35\u0a30\u0a17\u0a47 \u0a09\u0a2a\u0a15\u0a30\u0a23 \u0a39\u0a4b\u0a23, \u0a38\u0a3e\u0a21\u0a40 \u0a14\u0a28\u0a32\u0a3e\u0a08\u0a28 \u0a26\u0a41\u0a15\u0a3e\u0a28 \u0a24\u0a41\u0a39\u0a3e\u0a21\u0a40\u0a06\u0a02 \u0a1c\u0a3c\u0a30\u0a42\u0a30\u0a24\u0a3e\u0a02 \u0a28\u0a42\u0a70 \u0a2a\u0a42\u0a30\u0a3e \u0a15\u0a30\u0a28 \u0a32\u0a08 \u0a24\u0a3f\u0a06\u0a30 \u0a39\u0a48\u0964 \u0a38\u0a3e\u0a21\u0a40 \u0a2e\u0a41\u0a39\u0a3e\u0a30\u0a24 &#039;\u0a24\u0a47 \u0a2d\u0a30\u0a4b\u0a38\u0a3e \u0a15\u0a30\u0a4b \u0a05\u0a24\u0a47 \u0a05\u0a71\u0a1c \u0a39\u0a40 \u0a06\u0a30\u0a21\u0a30 \u0a15\u0a30\u0a4b\u0964<\/p>\n\n\n\n<div class=\"wp-block-buttons is-layout-flex wp-block-buttons-is-layout-flex\" style=\"margin-top:var(--wp--preset--spacing--40)\">\n<div class=\"wp-block-button is-style-fill\"><a class=\"wp-block-button__link wp-element-button\" href=\"https:\/\/mueller-wrh.de\/pa\/shop\/\">\u0a39\u0a41\u0a23\u0a47 \u0a06\u0a30\u0a21\u0a30 \u0a15\u0a30\u0a4b<\/a><\/div>\n<\/div>\n<\/div>\n<\/div>\n<\/div>\n\n\n\n<div class=\"wp-block-group alignfull has-background-background-color has-background has-global-padding is-layout-constrained wp-container-core-group-is-layout-7276a2bb wp-block-group-is-layout-constrained\" style=\"margin-top:0;margin-bottom:0;padding-top:var(--wp--preset--spacing--60);padding-right:var(--wp--preset--spacing--30);padding-bottom:var(--wp--preset--spacing--60);padding-left:var(--wp--preset--spacing--30)\">\n<div class=\"wp-block-columns alignwide has-tertiary-background-color has-background is-layout-flex wp-container-core-columns-is-layout-7c9548a8 wp-block-columns-is-layout-flex\" style=\"padding-top:0;padding-right:0;padding-bottom:0;padding-left:0\">\n<div class=\"wp-block-column is-vertically-aligned-stretch is-layout-flow wp-block-column-is-layout-flow\" style=\"flex-basis:40%\">\n<div class=\"wp-block-cover is-light\" style=\"min-height:100%;aspect-ratio:unset;\"><img loading=\"lazy\" decoding=\"async\" width=\"1536\" height=\"2048\" class=\"wp-block-cover__image-background wp-image-493\" alt=\"\" src=\"https:\/\/mueller-wrh.de\/wp-content\/uploads\/2024\/11\/img_4766.jpeg\" data-object-fit=\"cover\"\/><span aria-hidden=\"true\" class=\"wp-block-cover__background has-background-dim-0 has-background-dim\" style=\"background-color:#908982\"><\/span><div class=\"wp-block-cover__inner-container is-layout-flow wp-block-cover-is-layout-flow\">\n<div style=\"height:240px\" aria-hidden=\"true\" class=\"wp-block-spacer\"><\/div>\n<\/div><\/div>\n<\/div>\n\n\n\n<div class=\"wp-block-column is-vertically-aligned-center is-layout-flow wp-block-column-is-layout-flow\">\n<div class=\"wp-block-group has-global-padding is-layout-constrained wp-container-core-group-is-layout-301020a0 wp-block-group-is-layout-constrained\" style=\"padding-top:var(--wp--preset--spacing--50);padding-right:var(--wp--preset--spacing--50);padding-bottom:var(--wp--preset--spacing--50);padding-left:var(--wp--preset--spacing--50)\">\n<h2 class=\"wp-block-heading has-large-font-size\">\u0a1c\u0a3e\u0a02 \u0a05\u0a71\u0a1c \u0a39\u0a40 \u0a06\u0a2a\u0a23\u0a40 \u0a38\u0a32\u0a3e\u0a39 \u0a2c\u0a41\u0a71\u0a15 \u0a15\u0a30\u0a4b!<\/h2>\n\n\n\n<p style=\"margin-top:16px\">\u0a35\u0a30\u0a24\u0a47 \u0a39\u0a4b\u0a0f CNC \u0a2e\u0a38\u0a3c\u0a40\u0a28 \u0a1f\u0a42\u0a32\u0a38 \u0a05\u0a24\u0a47 \u0a38\u0a39\u0a3e\u0a07\u0a15 \u0a09\u0a2a\u0a15\u0a30\u0a23\u0a3e\u0a02 \u0a32\u0a08 \u0a24\u0a41\u0a39\u0a3e\u0a21\u0a47 \u0a2a\u0a4d\u0a30\u0a2e\u0a41\u0a71\u0a16 \u0a2d\u0a3e\u0a08\u0a35\u0a3e\u0a32, M\u00fcller Werkzeugmaschinen Robotik &amp; Handelshaus eK \u0a35\u0a3f\u0a71\u0a1a \u0a24\u0a41\u0a39\u0a3e\u0a21\u0a3e \u0a38\u0a35\u0a3e\u0a17\u0a24 \u0a39\u0a48! \u0a38\u0a3e\u0a21\u0a47 \u0a39\u0a71\u0a32 \u0a16\u0a4b\u0a1c\u0a4b \u0a05\u0a24\u0a47 \u0a06\u0a2a\u0a23\u0a47 \u0a32\u0a08 \u0a38\u0a3e\u0a21\u0a40 \u0a2a\u0a39\u0a3f\u0a32\u0a40 \u0a38\u0a3c\u0a4d\u0a30\u0a47\u0a23\u0a40 \u0a26\u0a40 \u0a38\u0a47\u0a35\u0a3e \u0a26\u0a3e \u0a05\u0a28\u0a41\u0a2d\u0a35 \u0a15\u0a30\u0a4b\u0964<\/p>\n\n\n\n<div class=\"wp-block-buttons is-content-justification-left is-layout-flex wp-container-core-buttons-is-layout-ec155617 wp-block-buttons-is-layout-flex\" style=\"margin-top:var(--wp--preset--spacing--40)\">\n<div class=\"wp-block-button\"><a class=\"wp-block-button__link wp-element-button\" href=\"https:\/\/mueller-wrh.de\/pa\/kontakt\/\">\u0a39\u0a41\u0a23\u0a47 \u0a2c\u0a41\u0a71\u0a15 \u0a15\u0a30\u0a4b<\/a><\/div>\n<\/div>\n<\/div>\n<\/div>\n<\/div>\n<\/div>\n\n\n\n<div class=\"wp-block-group alignfull has-tertiary-background-color has-background has-global-padding is-layout-constrained wp-container-core-group-is-layout-7276a2bb wp-block-group-is-layout-constrained\" id=\"kontakt\" style=\"margin-top:0;margin-bottom:0;padding-top:var(--wp--preset--spacing--60);padding-right:var(--wp--preset--spacing--30);padding-bottom:var(--wp--preset--spacing--60);padding-left:var(--wp--preset--spacing--30)\">\n<div class=\"wp-block-group has-global-padding is-layout-constrained wp-block-group-is-layout-constrained\" style=\"margin-bottom:var(--wp--preset--spacing--40)\">\n<h2 class=\"wp-block-heading has-text-align-center has-large-font-size\">\u0a35\u0a3f\u0a05\u0a15\u0a24\u0a40\u0a17\u0a24 \u0a38\u0a32\u0a3e\u0a39 \u0a2c\u0a3e\u0a30\u0a47 \u0a38\u0a3e\u0a21\u0a47 \u0a28\u0a3e\u0a32 \u0a17\u0a71\u0a32 \u0a15\u0a30\u0a4b\u0964<\/h2>\n\n\n\n<p class=\"has-text-align-center\" style=\"margin-top:1rem\">\u0a1c\u0a3e\u0a23\u0a15\u0a3e\u0a30\u0a40 \u0a32\u0a08 \u0a05\u0a24\u0a47 \u0a05\u0a2a\u0a3e\u0a07\u0a70\u0a1f\u0a2e\u0a48\u0a02\u0a1f \u0a2c\u0a41\u0a71\u0a15 \u0a15\u0a30\u0a28 \u0a32\u0a08 \u0a38\u0a3e\u0a21\u0a47 \u0a28\u0a3e\u0a32 \u0a38\u0a70\u0a2a\u0a30\u0a15 \u0a15\u0a30\u0a4b\u0964 \u0a38\u0a3e\u0a21\u0a40\u0a06\u0a02 \u0a2e\u0a38\u0a3c\u0a40\u0a28\u0a3e\u0a02 \u0a05\u0a24\u0a47 \u0a38\u0a39\u0a3e\u0a07\u0a15 \u0a09\u0a2a\u0a15\u0a30\u0a23\u0a3e\u0a02 \u0a26\u0a40 \u0a35\u0a3f\u0a38\u0a3c\u0a3e\u0a32 \u0a38\u0a3c\u0a4d\u0a30\u0a47\u0a23\u0a40 \u0a26\u0a40 \u0a16\u0a4b\u0a1c \u0a15\u0a30\u0a4b\u0964<\/p>\n<\/div>\n\n\n\n<div class=\"wp-block-contact-form-7-contact-form-selector\">\n<div class=\"wpcf7 no-js\" id=\"wpcf7-f16-o1\" lang=\"de-DE\" dir=\"ltr\" data-wpcf7-id=\"16\">\n<div class=\"screen-reader-response\"><p role=\"status\" aria-live=\"polite\" aria-atomic=\"true\"><\/p> <ul><\/ul><\/div>\n<form action=\"\/pa\/wp-json\/wp\/v2\/pages\/19#wpcf7-f16-o1\" method=\"post\" class=\"wpcf7-form init\" aria-label=\"\u0a38\u0a70\u0a2a\u0a30\u0a15 \u0a2b\u0a3e\u0a30\u0a2e\" novalidate=\"novalidate\" data-status=\"init\" data-trp-original-action=\"\/pa\/wp-json\/wp\/v2\/pages\/19#wpcf7-f16-o1\">\n<fieldset class=\"hidden-fields-container\"><input type=\"hidden\" name=\"_wpcf7\" value=\"16\" \/><input type=\"hidden\" name=\"_wpcf7_version\" value=\"6.1.5\" \/><input type=\"hidden\" name=\"_wpcf7_locale\" value=\"de_DE\" \/><input type=\"hidden\" name=\"_wpcf7_unit_tag\" value=\"wpcf7-f16-o1\" \/><input type=\"hidden\" name=\"_wpcf7_container_post\" value=\"0\" \/><input type=\"hidden\" name=\"_wpcf7_posted_data_hash\" value=\"\" \/><input type=\"hidden\" name=\"_wpcf7_recaptcha_response\" value=\"\" \/>\n<\/fieldset>\n<p><label> \u0a28\u0a3e\u0a2e<br \/>\n<span class=\"wpcf7-form-control-wrap\" data-name=\"your-name\"><input size=\"40\" maxlength=\"400\" class=\"wpcf7-form-control wpcf7-text wpcf7-validates-as-required\" autocomplete=\"name\" aria-required=\"true\" aria-invalid=\"false\" value=\"\" type=\"text\" name=\"your-name\" \/><\/span> <\/label>\n<\/p>\n<p><label> \u0a08\u0a2e\u0a47\u0a32 \u0a2a\u0a24\u0a3e<br \/>\n<span class=\"wpcf7-form-control-wrap\" data-name=\"your-email\"><input size=\"40\" maxlength=\"400\" class=\"wpcf7-form-control wpcf7-email wpcf7-validates-as-required wpcf7-text wpcf7-validates-as-email\" autocomplete=\"email\" aria-required=\"true\" aria-invalid=\"false\" value=\"\" type=\"email\" name=\"your-email\" \/><\/span> <\/label>\n<\/p>\n<p><label> \u0a2b\u0a3c\u0a4b\u0a28<br \/>\n<span class=\"wpcf7-form-control-wrap\" data-name=\"tel-795\"><input size=\"40\" maxlength=\"400\" class=\"wpcf7-form-control wpcf7-tel wpcf7-validates-as-required wpcf7-text wpcf7-validates-as-tel\" autocomplete=\"tel\" aria-required=\"true\" aria-invalid=\"false\" value=\"\" type=\"tel\" name=\"tel-795\" \/><\/span> <\/label>\n<\/p>\n<p><label> \u0a2c\u0a3e\u0a30\u0a47<br \/>\n<span class=\"wpcf7-form-control-wrap\" data-name=\"your-subject\"><input size=\"40\" maxlength=\"400\" class=\"wpcf7-form-control wpcf7-text wpcf7-validates-as-required\" aria-required=\"true\" aria-invalid=\"false\" value=\"\" type=\"text\" name=\"your-subject\" \/><\/span> <\/label>\n<\/p>\n<p><label> \u0a16\u0a3c\u0a2c\u0a30\u0a3e\u0a02<br \/>\n<span class=\"wpcf7-form-control-wrap\" data-name=\"text-622\"><input size=\"40\" maxlength=\"400\" class=\"wpcf7-form-control wpcf7-text wpcf7-validates-as-required\" aria-required=\"true\" aria-invalid=\"false\" value=\"\" type=\"text\" name=\"text-622\" \/><\/span> <\/label>\n<\/p>\n\n<p><input class=\"wpcf7-form-control wpcf7-submit has-spinner\" type=\"submit\" value=\"\u0a2d\u0a47\u0a1c\u0a4b\" \/>\n<\/p><p style=\"display: none !important;\" class=\"akismet-fields-container\" data-prefix=\"_wpcf7_ak_\"><label>\u0394<textarea name=\"_wpcf7_ak_hp_textarea\" cols=\"45\" rows=\"8\" maxlength=\"100\"><\/textarea><\/label><input type=\"hidden\" id=\"ak_js_1\" name=\"_wpcf7_ak_js\" value=\"62\"\/><script>document.getElementById( \"ak_js_1\" ).setAttribute( \"value\", ( new Date() ).getTime() );<\/script><\/p><div class=\"wpcf7-response-output\" aria-hidden=\"true\"><\/div>\n<input type=\"hidden\" name=\"trp-form-language\" value=\"pa\"\/><\/form>\n<\/div>\n<\/div>\n<\/div>","protected":false},"excerpt":{"rendered":"<p>Ihre Maschinen &#8211; Entdecken und bestellen Sie jetzt! Mit unserem benutzerfreundlichen Online-Bestellsystem k\u00f6nnen Sie ganz einfach in unserem WebShop bestellen. Egal, ob es um Robotik, Werkzeugmaschinen oder Zubeh\u00f6r wie z.B.: Werkzeughalter geht, unser Online-Shop steht f\u00fcr Sie bereit, um Ihre Anforderungen zu erf\u00fcllen. Vertrauen Sie auf unsere Fachkompetenz und bestellen Sie noch heute. Oder buchen [&hellip;]<\/p>\n","protected":false},"author":1,"featured_media":0,"parent":0,"menu_order":0,"comment_status":"closed","ping_status":"closed","template":"no-title","meta":{"_uf_show_specific_survey":0,"_uf_disable_surveys":false,"footnotes":""},"class_list":["post-19","page","type-page","status-publish","hentry"],"aioseo_notices":[],"_links":{"self":[{"href":"https:\/\/mueller-wrh.de\/pa\/wp-json\/wp\/v2\/pages\/19","targetHints":{"allow":["GET"]}}],"collection":[{"href":"https:\/\/mueller-wrh.de\/pa\/wp-json\/wp\/v2\/pages"}],"about":[{"href":"https:\/\/mueller-wrh.de\/pa\/wp-json\/wp\/v2\/types\/page"}],"author":[{"embeddable":true,"href":"https:\/\/mueller-wrh.de\/pa\/wp-json\/wp\/v2\/users\/1"}],"replies":[{"embeddable":true,"href":"https:\/\/mueller-wrh.de\/pa\/wp-json\/wp\/v2\/comments?post=19"}],"version-history":[{"count":10,"href":"https:\/\/mueller-wrh.de\/pa\/wp-json\/wp\/v2\/pages\/19\/revisions"}],"predecessor-version":[{"id":3481,"href":"https:\/\/mueller-wrh.de\/pa\/wp-json\/wp\/v2\/pages\/19\/revisions\/3481"}],"wp:attachment":[{"href":"https:\/\/mueller-wrh.de\/pa\/wp-json\/wp\/v2\/media?parent=19"}],"curies":[{"name":"\u0a21\u0a2c\u0a32\u0a2f\u0a42\u0a2a\u0a40","href":"https:\/\/api.w.org\/{rel}","templated":true}]}}