{"id":5408,"date":"2026-04-21T19:21:11","date_gmt":"2026-04-21T19:21:11","guid":{"rendered":"https:\/\/mueller-wrh.de\/produkt\/tornos-ms7-hy-6-bj-1989-mit-lademagazin-iemca-elite-112_bj-12-intnr231512\/"},"modified":"2026-04-21T19:21:11","modified_gmt":"2026-04-21T19:21:11","slug":"tornos-ms7-hy-6-bj-1989-mit-lademagazin-iemca-elite-112_bj-12-intnr231512","status":"publish","type":"product","link":"https:\/\/mueller-wrh.de\/nl\/product\/tornos-ms7-hy-6-bj-1989-mit-lademagazin-iemca-elite-112_bj-12-intnr231512\/","title":{"rendered":"TORNOS MS7 HY 6 bj. 1989 met lademagazijn IEMCA Elite 112_bj. `12 IntNr231512"},"content":{"rendered":"<p><b>Locatie:<\/b> Duitsland, Baden-W\u00fcrttemberg Zuidwesten<\/p>\n<p><b>Staat:<\/b> Gebruikt<\/p>\n<p><b>Fabrikant:<\/b> Tornos<\/p>\n<p><b>Model:<\/b> HY 6<\/p>\n<p><b>Bouwjaar:<\/b> 1989<\/p>\n<p>Te koop aangeboden wordt een gebruikte TORNOS MS7 HY 6 precisie draaimachine, bouwjaar 1989, uitgerust met een IEMCA ELITE 112 stangenlader, bouwjaar 2012.<br \/>\nTechnische gegevens TORNOS MS7 \/ MS7 HY 6:<\/p>\n<p>Soort machine: Langdraaiautomaat<br \/>\nMax. werkstukdiameter: 7 mm<br \/>\nSpindelboring: 8 mm<br \/>\nNaaf met platte curve: 60 mm<br \/>\nGrootste schroefdraaddiameter: M6<br \/>\nAantal draaigereedschappen: 5<br \/>\nSpindeltoerentallen: 20 stappen, 1.400\u201310.000 omw\/min<br \/>\nElektrische Aansluiting: 3 x 380 V \/ 50 Hz<br \/>\nTotale prestatie: ca. 2 pk<br \/>\nMachinegewicht: ca. 520 kg<br \/>\nAfmetingen: ca. 1.200 x 700 x 1.400 mm<br \/>\nUitrusting volgens beschikbare bron: Lamp, centrale smering, beschermkap<\/p>\n<p>Technische gegevens IEMCA ELITE 112, bj. 2012:<br \/>\nHersteller: IEMCA<br \/>\nType: ELITE 112<br \/>\nBouwjaar: 2012<br \/>\nDe ELITE-112-serie is volgens de fabrikant ontworpen voor het bewerken van dunne staven en dekt, afhankelijk van de uitvoering, een bereik van 0,8 tot 12,7 mm.<\/p>\n<p>De machine kan op afspraak worden ge\u00efnspecteerd.<br \/>\nWijzigingen en fouten in de technische gegevens en informatie alsmede voorafgaande verkoop voorbehouden!<\/p>\n<p>Te koop: een gebruikte precisie-automatenlath TORNOS MS7 HY 6, bouwjaar 1989, uitgerust met een IEMCA ELITE 112 stangenlader, bouwjaar 2012.<br \/>\nTechnische specificaties TORNOS MS7 \/ MS7 HY 6:<\/p>\n<p>Machinetype: Langbed draadvormautomaat<br \/>\nMax. werkstukdiameter: 7 mm<br \/>\nSpilboring: 8 mm<br \/>\nSlag met vlakke nok: 60 mm<br \/>\nMaximale schroefdraaddiameter: M6<br \/>\nAantal draaigereedschappen: 5<br \/>\nSpindelsnelheden: 20 snelheden, 1.400\u201310.000 omw\/min<br \/>\nElektrische aansluiting: 3 x 380 V \/ 50 Hz<br \/>\nTotaal vermogen: ca. 2 pk<br \/>\nMachinegewicht: ca. 520 kg<br \/>\nAfmetingen: ca. 1.200 x 700 x 1.400 mm<br \/>\nMateriaal volgens beschikbare bron: Lamp, centrale smering, beschermkap<\/p>\n<p>Technische gegevens IEMCA ELITE 112, gebouwd in 2012:<br \/>\nFabrikant: IEMCA<br \/>\nModel: ELITE 112<br \/>\nGefabriceerd in: 2012<br \/>\nVolgens de fabrikant is de ELITE 112 serie ontworpen voor het bewerken van dunne staven en dekt deze, afhankelijk van de uitvoering, een bereik van 0,8 tot 12,7 mm.<\/p>\n<p>De machine kan op afspraak worden bezichtigd.<br \/>\nWe behouden ons het recht voor om wijzigingen en correcties aan te brengen in de technische gegevens en specificaties, en om het artikel in de tussentijd te verkopen!<\/p>","protected":false},"excerpt":{"rendered":"<p>Standort: Deutschland, Baden-W\u00fcrttemberg S\u00fcdwest Zustand: Gebraucht Hersteller: Tornos Modell: HY 6 Baujahr: 1989 Zum Verkauf steht ein gebrauchter Pr\u00e4zisions-Drehautomat TORNOS MS7 HY 6, Baujahr 1989, ausgestattet mit einem Stangenlademagazin IEMCA ELITE 112, Baujahr 2012. Technische Daten TORNOS MS7 \/ MS7 HY 6: Maschinenart: Langdrehautomat Max. Werkst\u00fcckdurchmesser: 7 mm Spindelbohrung: 8 mm Hub mit Flachkurve: 60 [&hellip;]<\/p>\n","protected":false},"featured_media":5401,"comment_status":"open","ping_status":"closed","template":"","meta":{"_uf_show_specific_survey":0,"_uf_disable_surveys":false},"product_brand":[],"product_cat":[112],"product_tag":[],"class_list":{"0":"post-5408","1":"product","2":"type-product","3":"status-publish","4":"has-post-thumbnail","6":"product_cat-langdrehmaschinen","8":"first","9":"instock","10":"taxable","11":"shipping-taxable","12":"product-type-simple"},"aioseo_notices":[],"_links":{"self":[{"href":"https:\/\/mueller-wrh.de\/nl\/wp-json\/wp\/v2\/product\/5408","targetHints":{"allow":["GET"]}}],"collection":[{"href":"https:\/\/mueller-wrh.de\/nl\/wp-json\/wp\/v2\/product"}],"about":[{"href":"https:\/\/mueller-wrh.de\/nl\/wp-json\/wp\/v2\/types\/product"}],"replies":[{"embeddable":true,"href":"https:\/\/mueller-wrh.de\/nl\/wp-json\/wp\/v2\/comments?post=5408"}],"wp:featuredmedia":[{"embeddable":true,"href":"https:\/\/mueller-wrh.de\/nl\/wp-json\/wp\/v2\/media\/5401"}],"wp:attachment":[{"href":"https:\/\/mueller-wrh.de\/nl\/wp-json\/wp\/v2\/media?parent=5408"}],"wp:term":[{"taxonomy":"product_brand","embeddable":true,"href":"https:\/\/mueller-wrh.de\/nl\/wp-json\/wp\/v2\/product_brand?post=5408"},{"taxonomy":"product_cat","embeddable":true,"href":"https:\/\/mueller-wrh.de\/nl\/wp-json\/wp\/v2\/product_cat?post=5408"},{"taxonomy":"product_tag","embeddable":true,"href":"https:\/\/mueller-wrh.de\/nl\/wp-json\/wp\/v2\/product_tag?post=5408"}],"curies":[{"name":"wp","href":"https:\/\/api.w.org\/{rel}","templated":true}]}}