{"id":5326,"date":"2026-04-21T16:27:33","date_gmt":"2026-04-21T16:27:33","guid":{"rendered":"https:\/\/mueller-wrh.de\/produkt\/hd-einheit-combiloob-cl1-f-30-20-a-bj-07-intnr231557\/"},"modified":"2026-04-21T16:27:33","modified_gmt":"2026-04-21T16:27:33","slug":"hd-einheit-combiloob-cl1-f-30-20-a-bj-07-intnr231557","status":"publish","type":"product","link":"https:\/\/mueller-wrh.de\/nl\/product\/hd-einheit-combiloob-cl1-f-30-20-a-bj-07-intnr231557\/","title":{"rendered":"HD-unit Combiloob CL1-F-30-20-A, bj. '07, IntNr231557"},"content":{"rendered":"<p><b>Locatie:<\/b> Duitsland, Baden-W\u00fcrttemberg Zuidwesten<\/p>\n<p><b>Staat:<\/b> Gebruikt<\/p>\n<p><b>Fabrikant:<\/b> M\u00fcller Hydraulik<\/p>\n<p><b>Model:<\/b> CL1<\/p>\n<p><b>Bouwjaar:<\/b> 2007<\/p>\n<p>Zum Verkauf steht eine leistungsstarke HD-Einheit Combiloop CL1-F-30-20-A aus dem Baujahr 2007. <\/p>\n<p>Technische gegevens:<br \/>\nAnlagenart: Hochdruck-Einheit (HD)<br \/>\nF\u00f6rdermedium: \u00d6l<br \/>\nMax. Betriebsdruck: ca. 20\u201330 bar<br \/>\nF\u00f6rderleistung: ca. 20\u201330 l\/min<br \/>\nAntrieb: Elektromotor<br \/>\nSpannung: 400 V \/ 50 Hz (Drehstrom)<br \/>\nSteuerung: integrierte Steuerungseinheit<br \/>\nBauform: kompakte, geschlossene Einheit<br \/>\nAnschluss: standardisierte Industrieanschl\u00fcsse<\/p>\n<p>Ausstattung &amp; Komponenten:<br \/>\nHochdruckpumpe<br \/>\nFiltereinheit zur Medienaufbereitung<br \/>\nSicherheitsventile und Druck\u00fcberwachung<br \/>\nR\u00fccklaufsystem f\u00fcr geschlossene Kreisl\u00e4ufe<br \/>\nRobustes Stahlgeh\u00e4use \/ fahrbar<\/p>\n<p>Die Einheit  kann nach Terminvereinbarung Strom besichtigt werden.<br \/>\nWijzigingen en fouten in de technische gegevens en informatie alsmede voorafgaande verkoop voorbehouden!<\/p>\n<p>A high-performance Combiloop CL1-F-30-20-A high-pressure unit, manufactured in 2007, is for sale. <\/p>\n<p>Technical specifications:<br \/>\nSystem type: High-pressure unit (HP)<br \/>\nFluid: Oil<br \/>\nMax. operating pressure: approx. 20\u201330 bar<br \/>\nFlow rate: approx. 20\u201330 l\/min<br \/>\nDrive: Electric motor<br \/>\nVoltage: 400 V \/ 50 Hz (three-phase)<br \/>\nControl: Integrated control unit<br \/>\nDesign: Compact, enclosed unit<br \/>\nConnections: Standardised industrial connections<\/p>\n<p>Features &amp; components:<br \/>\nHigh-pressure pump<br \/>\nFilter unit for media preparation<br \/>\nSafety valves and pressure monitoring<br \/>\nReturn system for closed circuits<br \/>\nRobust steel housing \/ mobile<\/p>\n<p>The unit can be viewed by appointment.<br \/>\nWe reserve the right to make changes and corrections to the technical data and specifications, and to sell items prior to order!<\/p>","protected":false},"excerpt":{"rendered":"<p>Standort: Deutschland, Baden-W\u00fcrttemberg S\u00fcdwest Zustand: Gebraucht Hersteller: M\u00fcller Hydraulik Modell: CL1 Baujahr: 2007 Zum Verkauf steht eine leistungsstarke HD-Einheit Combiloop CL1-F-30-20-A aus dem Baujahr 2007. Technische Daten: Anlagenart: Hochdruck-Einheit (HD) F\u00f6rdermedium: \u00d6l Max. Betriebsdruck: ca. 20\u201330 bar F\u00f6rderleistung: ca. 20\u201330 l\/min Antrieb: Elektromotor Spannung: 400 V \/ 50 Hz (Drehstrom) Steuerung: integrierte Steuerungseinheit Bauform: kompakte, [&hellip;]<\/p>\n","protected":false},"featured_media":5323,"comment_status":"open","ping_status":"closed","template":"","meta":{"_uf_show_specific_survey":0,"_uf_disable_surveys":false},"product_brand":[],"product_cat":[104],"product_tag":[],"class_list":{"0":"post-5326","1":"product","2":"type-product","3":"status-publish","4":"has-post-thumbnail","6":"product_cat-hochdruckanlagen","8":"first","9":"instock","10":"taxable","11":"shipping-taxable","12":"product-type-simple"},"aioseo_notices":[],"_links":{"self":[{"href":"https:\/\/mueller-wrh.de\/nl\/wp-json\/wp\/v2\/product\/5326","targetHints":{"allow":["GET"]}}],"collection":[{"href":"https:\/\/mueller-wrh.de\/nl\/wp-json\/wp\/v2\/product"}],"about":[{"href":"https:\/\/mueller-wrh.de\/nl\/wp-json\/wp\/v2\/types\/product"}],"replies":[{"embeddable":true,"href":"https:\/\/mueller-wrh.de\/nl\/wp-json\/wp\/v2\/comments?post=5326"}],"wp:featuredmedia":[{"embeddable":true,"href":"https:\/\/mueller-wrh.de\/nl\/wp-json\/wp\/v2\/media\/5323"}],"wp:attachment":[{"href":"https:\/\/mueller-wrh.de\/nl\/wp-json\/wp\/v2\/media?parent=5326"}],"wp:term":[{"taxonomy":"product_brand","embeddable":true,"href":"https:\/\/mueller-wrh.de\/nl\/wp-json\/wp\/v2\/product_brand?post=5326"},{"taxonomy":"product_cat","embeddable":true,"href":"https:\/\/mueller-wrh.de\/nl\/wp-json\/wp\/v2\/product_cat?post=5326"},{"taxonomy":"product_tag","embeddable":true,"href":"https:\/\/mueller-wrh.de\/nl\/wp-json\/wp\/v2\/product_tag?post=5326"}],"curies":[{"name":"wp","href":"https:\/\/api.w.org\/{rel}","templated":true}]}}