{"id":5197,"date":"2026-04-01T10:09:36","date_gmt":"2026-04-01T10:09:36","guid":{"rendered":"https:\/\/mueller-wrh.de\/produkt\/dmg-dmu-40-evo-linear-bj-2012-intnr231419\/"},"modified":"2026-04-01T10:09:36","modified_gmt":"2026-04-01T10:09:36","slug":"dmg-dmu-40-evo-linear-bj-2012-intnr231419","status":"publish","type":"product","link":"https:\/\/mueller-wrh.de\/nl\/product\/dmg-dmu-40-evo-linear-bj-2012-intnr231419\/","title":{"rendered":"DMG DMU 40 eVo lineair bouwjaar 2012, IntNo231419"},"content":{"rendered":"<p><b>Locatie:<\/b> Duitsland, Baden-W\u00fcrttemberg Zuidwesten<\/p>\n<p><b>Staat:<\/b> Zo goed als nieuw<\/p>\n<p><b>Fabrikant:<\/b> DMG<\/p>\n<p><b>Model:<\/b> 40 eVo lineair<\/p>\n<p><b>Bouwjaar:<\/b> 2012<\/p>\n<p><b>Openingstijden:<\/b> 0<\/p>\n<p>gereviseerd CNC 5-assig verticaal bewerkingscentrum DMG DMU 40 eVo lineair, bouwjaar 2012, IntNo231419<br \/>\nBesturingssysteem<br \/>\nMerk HEIDENHAIN<br \/>\nModel 530<\/p>\n<p>Hoofdaandrijving<br \/>\nSpindelsnelheidsbereik 14000<br \/>\nAantal assen 5<\/p>\n<p>Reisafstanden<br \/>\nVerplaatsingsbaan X-as 400 mm<br \/>\nY-as 400 mm<br \/>\nZ-as slag 375 mm<\/p>\n<p>Inbegrepen zijn:<br \/>\nGereedschapwissel, 120 plaatsen Gereedschapshouder type SK 40<br \/>\nTafel roterende doorvoer voor werkstukklemming<br \/>\nZijdeur voor robotbelading<br \/>\nRenishaw gereedschapbreukcontrole<br \/>\nHeidenhain meetsonde<br \/>\nIKZ-systeem, met tank van 600 liter<br \/>\nEmulsie annulering<br \/>\nActieve koeler voor de spindel<br \/>\nLineaire aandrijvingen X + Y-as<br \/>\nGlazen schalen<\/p>\n<p>De machine kan op afspraak worden ge\u00efnspecteerd.<br \/>\nWijzigingen en fouten in de technische gegevens en informatie alsmede voorafgaande verkoop voorbehouden!<\/p>\n<p>compleet gereviseerd CNC 5-assig verticaal bewerkingscentrum DMG DMU 40 eVo lineair, bouwjaar 2012, IntNr231419<br \/>\nControle<br \/>\nMerk HEIDENHAIN<br \/>\nModel 530<\/p>\n<p>Hoofdaandrijving<br \/>\nSpindelsnelheidsbereik 14000<br \/>\nAantal assen 5<\/p>\n<p>Reisafstanden<br \/>\nVerplaatsingsafstand X-as 400 mm<br \/>\nVerplaatsingsafstand Y-as 400 mm<br \/>\nVerplaatsingsbereik Z-as 375 mm<\/p>\n<p>Inclusief:<br \/>\nGereedschapwissel, 120-positie SK 40 gereedschapshouder<br \/>\nTafelrondloop voor werkstukklemming<br \/>\nZijdeur voor robotbelading<br \/>\nRenishaw gereedschapbreukcontrole<br \/>\nHeidenhain meetsonde<br \/>\nIKZ-systeem, met tank van 600 l<br \/>\nEmulsie-extractiesysteem<br \/>\nActieve koeler voor de spindel<br \/>\nLineaire aandrijvingen X + Y-as<br \/>\nGlazen schalen<\/p>\n<p>De machine kan op afspraak worden bezichtigd.<br \/>\nWijzigingen en fouten in de technische gegevens en specificaties, evenals voorafgaande verkoop voorbehouden!<\/p>","protected":false},"excerpt":{"rendered":"<p>Standort: Deutschland, Baden-W\u00fcrttemberg S\u00fcdwest Zustand: Neuwertig Hersteller: DMG Modell: 40 eVo linear Baujahr: 2012 Betriebsstunden: 0 neuwertiges grund\u00fcberholtes CNC 5-Achs-Vertikales Bearbeitungszentrum DMG DMU 40 eVo linear, Bj. 2012, IntNr231419 Steuerung Marke HEIDENHAIN Modell 530 Hauptantrieb Spindeldrehzahlbereich 14000 Anzahl der Achsen 5 Verfahrwege Verfahrweg X-Achse 400 mm Verfahrweg Y-Achse 400 mm Verfahrweg Z-Achse 375 mm Beinhaltet [&hellip;]<\/p>\n","protected":false},"featured_media":5189,"comment_status":"open","ping_status":"closed","template":"","meta":{"_uf_show_specific_survey":0,"_uf_disable_surveys":false},"product_brand":[],"product_cat":[21],"product_tag":[],"class_list":{"0":"post-5197","1":"product","2":"type-product","3":"status-publish","4":"has-post-thumbnail","6":"product_cat-cnc-bearbeitungszentrum","8":"first","9":"instock","10":"taxable","11":"shipping-taxable","12":"product-type-simple"},"aioseo_notices":[],"_links":{"self":[{"href":"https:\/\/mueller-wrh.de\/nl\/wp-json\/wp\/v2\/product\/5197","targetHints":{"allow":["GET"]}}],"collection":[{"href":"https:\/\/mueller-wrh.de\/nl\/wp-json\/wp\/v2\/product"}],"about":[{"href":"https:\/\/mueller-wrh.de\/nl\/wp-json\/wp\/v2\/types\/product"}],"replies":[{"embeddable":true,"href":"https:\/\/mueller-wrh.de\/nl\/wp-json\/wp\/v2\/comments?post=5197"}],"wp:featuredmedia":[{"embeddable":true,"href":"https:\/\/mueller-wrh.de\/nl\/wp-json\/wp\/v2\/media\/5189"}],"wp:attachment":[{"href":"https:\/\/mueller-wrh.de\/nl\/wp-json\/wp\/v2\/media?parent=5197"}],"wp:term":[{"taxonomy":"product_brand","embeddable":true,"href":"https:\/\/mueller-wrh.de\/nl\/wp-json\/wp\/v2\/product_brand?post=5197"},{"taxonomy":"product_cat","embeddable":true,"href":"https:\/\/mueller-wrh.de\/nl\/wp-json\/wp\/v2\/product_cat?post=5197"},{"taxonomy":"product_tag","embeddable":true,"href":"https:\/\/mueller-wrh.de\/nl\/wp-json\/wp\/v2\/product_tag?post=5197"}],"curies":[{"name":"wp","href":"https:\/\/api.w.org\/{rel}","templated":true}]}}