{"id":5188,"date":"2026-03-31T15:28:26","date_gmt":"2026-03-31T15:28:26","guid":{"rendered":"https:\/\/mueller-wrh.de\/produkt\/star-sr20r-ii-bj-12_2006_mit-fmb-turbo-3-26_-intnr231539\/"},"modified":"2026-03-31T15:28:26","modified_gmt":"2026-03-31T15:28:26","slug":"star-sr20r-ii-bj-12_2006_mit-fmb-turbo-3-26_-intnr231539","status":"publish","type":"product","link":"https:\/\/mueller-wrh.de\/nl\/product\/star-sr20r-ii-bj-12_2006_mit-fmb-turbo-3-26_-intnr231539\/","title":{"rendered":"STAR SR20R II, bj. 12_2006_met FMB Turbo 3-26_ IntNr231539"},"content":{"rendered":"<p><b>Locatie:<\/b> Duitsland, Baden-W\u00fcrttemberg Zuidwesten<\/p>\n<p><b>Staat:<\/b> Gebruikt<\/p>\n<p><b>Fabrikant:<\/b> STAR Micronics<\/p>\n<p><b>Model:<\/b> SR-20R II<\/p>\n<p><b>Openingstijden:<\/b> 58685<\/p>\n<p>CNC-langdraai bank STAR SR-20RII met FMB Turbo 3-26<br \/>\nBouwjaar: 12_2006<br \/>\nBesturing: Fanuc 18i-TB<\/p>\n<p>Technische gegevens<br \/>\nMax. Draaidiameter: \u00d8 20 mm (optioneel tot \u00d8 22 mm)<br \/>\nDraaallengte: 205 mm<br \/>\nHoofdspil:<br \/>\n- Snelheid: tot ca. 10.000-12.000 min-\u00b9<br \/>\n- Vermogen: ongeveer 3,7-5,5 kW<br \/>\n- C-as voor contourbewerking<br \/>\nTellerspindel:<br \/>\n- Snelheid: tot ongeveer 6.000-8.000 min-\u00b9<br \/>\n- C-as<br \/>\nAssen (reisafstanden):<br \/>\n- X1 \/ Z1 \/ Y1 (hoofdbewerking): X1 ca. 265 mm \/ Z1 ca. 205 mm \/ Y1 \u00b1 20 mm<br \/>\n- X2 \/ Z2 (tegenspil): zoals hoofdas, exacte waarden afhankelijk van machine<br \/>\n- Snel verplaatsen: ca. 24-30 m\/min<\/p>\n<p>Afmetingen machine: 2.400 \u00d7 1.205 \u00d7 1.700 mm<br \/>\nGewicht machine: ca. 2.200 kg<\/p>\n<p>Staafinvoer: FMB TURBO 3-26\/3200<br \/>\nSpanentransporteur<\/p>\n<p>Bezichtiging: Machine kan op afspraak ter plaatse worden bekeken.<br \/>\nOpmerking: wijzigingen en fouten in de technische gegevens en in de voorverkoop voorbehouden!<\/p>\n<p>STAR SR-20RII CNC verticaal draaimachine met FMB Turbo 3-26<br \/>\nGefabriceerd in: 12_2006<br \/>\nBesturingssysteem: Fanuc 18i-TB<\/p>\n<p>Technische specificaties<br \/>\nMax. draaidiameter: \u00d8 20 mm (optioneel tot \u00d8 22 mm)<br \/>\nDraaallengte: 205 mm<br \/>\nHoofdspil:<br \/>\n\u2022    Snelheid: tot ca. 10.000\u201312.000 omw\/min<br \/>\n\u2022 Vermogen: ca. 3,7\u20135,5 kW<br \/>\n\u2022 C-as voor contourbewerking<br \/>\nTellerspindel:<br \/>\n\u2022 Snelheid: tot ca. 6.000\u20138.000 omw\/min<br \/>\nC-as<br \/>\nAssen (verplaatsingsbereiken):<br \/>\n\u2022 X1 \/ Z1 \/ Y1 (hoofdbewerking): X1 ca. 265 mm \/ Z1 ca. 205 mm \/ Y1 \u00b1 20 mm<br \/>\n\u2022    X2 \/ Z2 (tegencassette): vergelijkbaar met de hoofdspil, exacte waarden zijn afhankelijk van de machine<br \/>\n\u2022 Hoge snelheid: ca. 24\u201330 m\/min<\/p>\n<p>Afmetingen machine: 2.400 \u00d7 1.205 \u00d7 1.700 mm<br \/>\nGewicht machine: ca. 2.200 kg<\/p>\n<p>Laadmagazijn: FMB TURBO 3-26\/3200<br \/>\nSpanentransporteur<\/p>\n<p>Bezichtiging: De machine kan op afspraak op locatie worden bezichtigd.<br \/>\nOnder voorbehoud van wijzigingen en fouten in de technische gegevens en eerdere verkoop!<\/p>","protected":false},"excerpt":{"rendered":"<p>Standort: Deutschland, Baden-W\u00fcrttemberg S\u00fcdwest Zustand: Gebraucht Hersteller: STAR Micronics Modell: SR-20R II Betriebsstunden: 58685 CNC-Langdrehmaschine STAR SR-20RII mit FMB Turbo 3-26 Baujahr: 12_2006 Steuerung: Fanuc 18i-TB Technische Daten Max. Drehdurchmesser: \u00d8 20 mm (optional bis \u00d8 22 mm) Drehl\u00e4nge: 205 mm Hauptspindel: \u2022 Drehzahl: bis ca. 10.000\u201312.000 min\u207b\u00b9 \u2022 Leistung: ca. 3,7\u20135,5 kW \u2022 C-Achse [&hellip;]<\/p>\n","protected":false},"featured_media":5182,"comment_status":"open","ping_status":"closed","template":"","meta":{"_uf_show_specific_survey":0,"_uf_disable_surveys":false},"product_brand":[],"product_cat":[23],"product_tag":[],"class_list":{"0":"post-5188","1":"product","2":"type-product","3":"status-publish","4":"has-post-thumbnail","6":"product_cat-cnc-langdrehmaschinen","8":"first","9":"instock","10":"taxable","11":"shipping-taxable","12":"product-type-simple"},"aioseo_notices":[],"_links":{"self":[{"href":"https:\/\/mueller-wrh.de\/nl\/wp-json\/wp\/v2\/product\/5188","targetHints":{"allow":["GET"]}}],"collection":[{"href":"https:\/\/mueller-wrh.de\/nl\/wp-json\/wp\/v2\/product"}],"about":[{"href":"https:\/\/mueller-wrh.de\/nl\/wp-json\/wp\/v2\/types\/product"}],"replies":[{"embeddable":true,"href":"https:\/\/mueller-wrh.de\/nl\/wp-json\/wp\/v2\/comments?post=5188"}],"wp:featuredmedia":[{"embeddable":true,"href":"https:\/\/mueller-wrh.de\/nl\/wp-json\/wp\/v2\/media\/5182"}],"wp:attachment":[{"href":"https:\/\/mueller-wrh.de\/nl\/wp-json\/wp\/v2\/media?parent=5188"}],"wp:term":[{"taxonomy":"product_brand","embeddable":true,"href":"https:\/\/mueller-wrh.de\/nl\/wp-json\/wp\/v2\/product_brand?post=5188"},{"taxonomy":"product_cat","embeddable":true,"href":"https:\/\/mueller-wrh.de\/nl\/wp-json\/wp\/v2\/product_cat?post=5188"},{"taxonomy":"product_tag","embeddable":true,"href":"https:\/\/mueller-wrh.de\/nl\/wp-json\/wp\/v2\/product_tag?post=5188"}],"curies":[{"name":"wp","href":"https:\/\/api.w.org\/{rel}","templated":true}]}}