{"id":5134,"date":"2026-03-27T09:54:57","date_gmt":"2026-03-27T09:54:57","guid":{"rendered":"https:\/\/mueller-wrh.de\/produkt\/star-sr-20_rii_bj-07-2007_intnr231447\/"},"modified":"2026-03-27T10:10:35","modified_gmt":"2026-03-27T10:10:35","slug":"star-sr-20_rii_bj-07-2007_intnr231447","status":"publish","type":"product","link":"https:\/\/mueller-wrh.de\/nl\/product\/star-sr-20_rii_bj-07-2007_intnr231447\/","title":{"rendered":"STAR SR-20_RII_Jaargang 07.2007_IntNo231447"},"content":{"rendered":"<p><b>Locatie:<\/b> Duitsland, Baden-W\u00fcrttemberg Zuidwesten<\/p>\n<p><b>Staat:<\/b> Gebruikt<\/p>\n<p><b>Fabrikant:<\/b> STAR Micronics<\/p>\n<p><b>Model:<\/b> SR-20 RII<\/p>\n<p><b>Bouwjaar:<\/b> 2007<\/p>\n<p><b>Openingstijden:<\/b> 20279<\/p>\n<p>CNC draaibank met schuifkop SR20RII, bouwjaar 2007<br \/>\nMachinetype: CNC-schuifkopdraaibank (Zwitsers type)<br \/>\nBesturing, Fanuc, Series 18i-TB,<br \/>\nInschakeluren: 20279<br \/>\nBedrijfsuren: 67058<\/p>\n<p>Max. Draaidiameter: \u00d8 20 mm (optioneel tot 22 mm)<br \/>\nDraaallengte: 205 mm<br \/>\nHoofdspil:<br \/>\nSnelheid: tot ca. 10.000-12.000 min-\u00b9<br \/>\nVermogen: ongeveer 3,7-5,5 kW<br \/>\nC-as<br \/>\nTellerspindel:<br \/>\nSnelheid: tot ongeveer 6.000-8.000 min-\u00b9<br \/>\nC-as<br \/>\nAssen:<br \/>\nX1 \/ Z1 \/ Y1 (hoofdverwerking)<br \/>\nX2 \/ Z2 (tegenspil)<br \/>\nSnel verplaatsen: ca. 24-30 m\/min<\/p>\n<p>Machine-afmetingen 2400x1205x1700 mm<br \/>\nGewicht van de machine 2200 kg<\/p>\n<p>Wijzigingen en fouten in de technische gegevens en informatie alsmede voorafgaande verkoop voorbehouden!<\/p>\n<p>CNC Zwitserse draaibank STAR SR-20RII<br \/>\nProductiejaar: 2007<\/p>\n<p>Machinetype: CNC Zwitserse draaibank met schuifkop<br \/>\nBesturing: Fanuc, serie 18i-TB<\/p>\n<p>Inschakeluren: 20.279 u<br \/>\nBedrijfsuren: 67.058 u<\/p>\n<p>Technische gegevens<\/p>\n<p>Bewerkingscapaciteit:<br \/>\nMax. draaidiameter: \u00d8 20 mm (optioneel tot \u00d8 22 mm)<br \/>\nMax. draailengte: 205 mm<br \/>\nHoofdspil:<br \/>\nSnelheid: tot ongeveer 10.000-12.000 tpm<br \/>\nVermogen: ongeveer 3,7-5,5 kW<br \/>\nC-as<br \/>\nSub-spindel:<br \/>\nSnelheid: tot ongeveer 6.000-8.000 tpm<br \/>\nC-as<br \/>\nAsconfiguratie:<br \/>\nX1 \/ Z1 \/ Y1 (hoofdbewerking)<br \/>\nX2 \/ Z2 (subas)<br \/>\nSnel verplaatsen: ca. 24-30 m\/min<\/p>\n<p>Afmetingen en gewicht van de machine<br \/>\nAfmetingen (L \u00d7 B \u00d7 H): 2400 \u00d7 1205 \u00d7 1700 mm<br \/>\nGewicht machine: ca. 2.200 kg<\/p>\n<p>Onder voorbehoud van voorafgaande verkoop, wijzigingen en fouten in technische gegevens en specificaties voorbehouden.<\/p>","protected":false},"excerpt":{"rendered":"<p>Standort: Deutschland, Baden-W\u00fcrttemberg S\u00fcdwest Zustand: Gebraucht Hersteller: STAR Micronics Modell: SR-20 RII Baujahr: 2007 Betriebsstunden: 20279 CNC-Langdrehmaschine SR20RII, Bj. 2007 Maschinentyp: CNC-Langdrehmaschine (Swiss-Type) Steuerung, Fanuc, Serie 18i-TB, Einschaltstunden: 20279 Betriebsstunden: 67058 Max. Drehdurchmesser: \u00d8 20 mm (Optional bis 22mm) Drehl\u00e4nge: 205 mm Hauptspindel: Drehzahl: bis ca. 10.000\u201312.000 min\u207b\u00b9 Leistung: ca. 3,7\u20135,5 kW C-Achse Gegenspindel: Drehzahl: [&hellip;]<\/p>\n","protected":false},"featured_media":5135,"comment_status":"open","ping_status":"closed","template":"","meta":{"_uf_show_specific_survey":0,"_uf_disable_surveys":false},"product_brand":[],"product_cat":[23],"product_tag":[],"class_list":{"0":"post-5134","1":"product","2":"type-product","3":"status-publish","4":"has-post-thumbnail","6":"product_cat-cnc-langdrehmaschinen","8":"first","9":"instock","10":"taxable","11":"shipping-taxable","12":"product-type-simple"},"aioseo_notices":[],"_links":{"self":[{"href":"https:\/\/mueller-wrh.de\/nl\/wp-json\/wp\/v2\/product\/5134","targetHints":{"allow":["GET"]}}],"collection":[{"href":"https:\/\/mueller-wrh.de\/nl\/wp-json\/wp\/v2\/product"}],"about":[{"href":"https:\/\/mueller-wrh.de\/nl\/wp-json\/wp\/v2\/types\/product"}],"replies":[{"embeddable":true,"href":"https:\/\/mueller-wrh.de\/nl\/wp-json\/wp\/v2\/comments?post=5134"}],"wp:featuredmedia":[{"embeddable":true,"href":"https:\/\/mueller-wrh.de\/nl\/wp-json\/wp\/v2\/media\/5135"}],"wp:attachment":[{"href":"https:\/\/mueller-wrh.de\/nl\/wp-json\/wp\/v2\/media?parent=5134"}],"wp:term":[{"taxonomy":"product_brand","embeddable":true,"href":"https:\/\/mueller-wrh.de\/nl\/wp-json\/wp\/v2\/product_brand?post=5134"},{"taxonomy":"product_cat","embeddable":true,"href":"https:\/\/mueller-wrh.de\/nl\/wp-json\/wp\/v2\/product_cat?post=5134"},{"taxonomy":"product_tag","embeddable":true,"href":"https:\/\/mueller-wrh.de\/nl\/wp-json\/wp\/v2\/product_tag?post=5134"}],"curies":[{"name":"wp","href":"https:\/\/api.w.org\/{rel}","templated":true}]}}