{"id":5112,"date":"2026-03-23T15:18:16","date_gmt":"2026-03-23T15:18:16","guid":{"rendered":"https:\/\/mueller-wrh.de\/produkt\/doosan-puma-tt-1800-sy-bj-2022_-intnr231434\/"},"modified":"2026-03-24T08:07:35","modified_gmt":"2026-03-24T08:07:35","slug":"doosan-puma-tt-1800-sy-bj-2022_-intnr231434","status":"publish","type":"product","link":"https:\/\/mueller-wrh.de\/nl\/product\/doosan-puma-tt-1800-sy-bj-2022_-intnr231434\/","title":{"rendered":"DOOSAN Puma TT 1800 SY, jaar 2022_ IntNr231434"},"content":{"rendered":"<p><b>Locatie:<\/b> Duitsland, Baden-W\u00fcrttemberg Zuidwesten<\/p>\n<p><b>Staat:<\/b> Gebruikt<\/p>\n<p><b>Fabrikant:<\/b> DOOSAN-PUMA<\/p>\n<p><b>Model:<\/b> TT 1800 SY<\/p>\n<p><b>Bouwjaar:<\/b> 2022<\/p>\n<p>DOOSAN Puma TT 1800 SY, jaar 2022<br \/>\nCNC-draaibank, topconditie<br \/>\nBesturingssysteem: Fanuc<br \/>\nTechnische gegevens:<br \/>\nMultifunctioneel meerassig draaicentrum met maximaal 8 gestuurde assen, twee revolvers en twee equivalente tegenspillen. Y-as voor aangedreven gereedschappen boven de C-as; S staat voor tegenspil.<br \/>\nAccessoires:<br \/>\nOnderdelenvanger<br \/>\nGereedschapshouder<br \/>\nSpanentransporteur<br \/>\nStaafmagazijn LNS<br \/>\nTechnische documentatie<br \/>\nFabrikant: : DOOSAN Puma TT 1800 SY, Jaar 2022_ IntNr231434<br \/>\nLand van productie: Zuid-Korea<br \/>\nBouwjaar 2022<br \/>\nIncl. accessoires <\/p>\n<p>Onder voorbehoud van wijzigingen en fouten in de technische gegevens en voorafgaande verkoop!<\/p>\n<p>DOOSAN Puma TT 1800 SY, Jaar 2022<br \/>\nCNC Draaibank, Topconditie<br \/>\nBesturing: Fanuc<\/p>\n<p>Technische gegevens<\/p>\n<p>Multifunctioneel meerassig draaicentrum met maximaal 8 gestuurde assen, twee torentjes en twee identieke tegengestelde spindels.<br \/>\nY-as voor aangedreven gereedschap boven de C-as; S staat voor subspil.<\/p>\n<p>Accessoires<br \/>\nOnderdelenvanger<br \/>\nGereedschapshouders<br \/>\nSpanentransporteur<br \/>\nLNS staafdoseerapparaat<br \/>\nTechnische documentatie<\/p>\n<p>Fabrikant: DOOSAN Puma TT 1800 SY, Jaar 2022, IntNr 231434<br \/>\nLand van productie: Zuid-Korea<br \/>\nProductiejaar: 2022<br \/>\nInclusief accessoires<\/p>\n<p>Onder voorbehoud van voorafgaande verkoop. Fouten en wijzigingen in technische gegevens voorbehouden.<\/p>","protected":false},"excerpt":{"rendered":"<p>Standort: Deutschland, Baden-W\u00fcrttemberg S\u00fcdwest Zustand: Gebraucht Hersteller: DOOSAN-PUMA Modell: TT 1800 SY Baujahr: 2022 DOOSAN Puma TT 1800 SY, Bj. 2022 CNC-Drehmaschine, Top-Zustand Steuerung: Fanuc Technische Daten: Multifunktionales Mehrachsen-Drehzentrum mit bis zu 8 gesteuerten Achsen, zwei Revolver und zwei gleichwertigen, gegen\u00fcberstehenden Spindeln. Y-Achse f\u00fcr angetriebene Werkzeuge \u00fcber der C-Achse; S steht f\u00fcr Gegenspindel. Zubeh\u00f6r: Teilef\u00e4nger [&hellip;]<\/p>\n","protected":false},"featured_media":5113,"comment_status":"open","ping_status":"closed","template":"","meta":{"_uf_show_specific_survey":0,"_uf_disable_surveys":false},"product_brand":[],"product_cat":[89],"product_tag":[],"class_list":{"0":"post-5112","1":"product","2":"type-product","3":"status-publish","4":"has-post-thumbnail","6":"product_cat-cnc-kurzdrehmaschinen","8":"first","9":"instock","10":"taxable","11":"shipping-taxable","12":"product-type-simple"},"aioseo_notices":[],"_links":{"self":[{"href":"https:\/\/mueller-wrh.de\/nl\/wp-json\/wp\/v2\/product\/5112","targetHints":{"allow":["GET"]}}],"collection":[{"href":"https:\/\/mueller-wrh.de\/nl\/wp-json\/wp\/v2\/product"}],"about":[{"href":"https:\/\/mueller-wrh.de\/nl\/wp-json\/wp\/v2\/types\/product"}],"replies":[{"embeddable":true,"href":"https:\/\/mueller-wrh.de\/nl\/wp-json\/wp\/v2\/comments?post=5112"}],"wp:featuredmedia":[{"embeddable":true,"href":"https:\/\/mueller-wrh.de\/nl\/wp-json\/wp\/v2\/media\/5113"}],"wp:attachment":[{"href":"https:\/\/mueller-wrh.de\/nl\/wp-json\/wp\/v2\/media?parent=5112"}],"wp:term":[{"taxonomy":"product_brand","embeddable":true,"href":"https:\/\/mueller-wrh.de\/nl\/wp-json\/wp\/v2\/product_brand?post=5112"},{"taxonomy":"product_cat","embeddable":true,"href":"https:\/\/mueller-wrh.de\/nl\/wp-json\/wp\/v2\/product_cat?post=5112"},{"taxonomy":"product_tag","embeddable":true,"href":"https:\/\/mueller-wrh.de\/nl\/wp-json\/wp\/v2\/product_tag?post=5112"}],"curies":[{"name":"wp","href":"https:\/\/api.w.org\/{rel}","templated":true}]}}