{"id":5096,"date":"2026-03-19T12:49:16","date_gmt":"2026-03-19T12:49:16","guid":{"rendered":"https:\/\/mueller-wrh.de\/produkt\/star-sr20r-ii-typ-660-bj-2006_09_-intnr231525\/"},"modified":"2026-03-19T12:49:16","modified_gmt":"2026-03-19T12:49:16","slug":"star-sr20r-ii-typ-660-bj-2006_09_-intnr231525","status":"publish","type":"product","link":"https:\/\/mueller-wrh.de\/nl\/product\/star-sr20r-ii-typ-660-bj-2006_09_-intnr231525\/","title":{"rendered":"STAR SR20R II Type 660, Jaar 2006_09_ IntNo231525"},"content":{"rendered":"<p><b>Locatie:<\/b> Duitsland, Baden-W\u00fcrttemberg Zuidwesten<\/p>\n<p><b>Staat:<\/b> Gebruikt<\/p>\n<p><b>Fabrikant:<\/b> STAR Micronics<\/p>\n<p><b>Model:<\/b> SR-20R II Type 660<\/p>\n<p><b>Bouwjaar:<\/b> 2006<\/p>\n<p><b>Openingstijden:<\/b> 76032<\/p>\n<p>CNC draaibank met verschuifbare kop STAR SR-20RII Type 660 (Zwitsers type)<br \/>\nBouwjaar: 2006_09<br \/>\nBesturingssysteem: Fanuc<br \/>\nSnijtijd: 53000<br \/>\nTechnische gegevens<br \/>\nMax. Draaidiameter: \u00d8 20 mm (optioneel tot \u00d8 22 mm)<br \/>\nDraaallengte: 205 mm<br \/>\nHoofdspil:<br \/>\n- Snelheid: tot ca. 10.000-12.000 min-\u00b9<br \/>\n- Vermogen: ongeveer 3,7-5,5 kW<br \/>\n- C-as voor contourbewerking<br \/>\nTellerspindel:<br \/>\n- Snelheid: tot ongeveer 6.000-8.000 min-\u00b9<br \/>\n- C-as<br \/>\nAssen (reisafstanden):<br \/>\n- X1 \/ Z1 \/ Y1 (hoofdbewerking): X1 ca. 265 mm \/ Z1 ca. 205 mm \/ Y1 \u00b1 20 mm<br \/>\n- X2 \/ Z2 (tegenspil): zoals hoofdas, exacte waarden afhankelijk van machine<br \/>\n- Snel verplaatsen: ca. 24-30 m\/min<br \/>\nAfmetingen machine: 2.400 \u00d7 1.205 \u00d7 1.700 mm<br \/>\nGewicht machine: ca. 2.200 kg<\/p>\n<p>Staafinvoer: FMB TURBO 3-26\/3200<br \/>\n- Stangcapaciteit: \u00d8 3-26 mm<br \/>\n- Montagevariant: \u201eA\u201c<br \/>\n- Bouwjaar: 2006<br \/>\n- Afmetingen: ca. 4.500 \u00d7 1.000 \u00d7 1.800 mm<br \/>\n- Gewicht: ongeveer 800 kg<br \/>\n- Hogedruksysteem SFB B\u00fcchele (2 kleppen) en filter<br \/>\nBedieningshandleidingen \/ documenten<br \/>\nBezichtiging: Machine kan op afspraak ter plaatse worden bekeken.<br \/>\nOpmerking: wijzigingen en fouten in de technische gegevens en in de voorverkoop voorbehouden!<\/p>\n<p>CNC lange draaibank STAR SR-20RII type 660 (Zwitsers type)<br \/>\nProductiejaar: 09\/2006<br \/>\nBesturingssysteem: Fanuc<br \/>\nSnijtijd: 53.000 uur<\/p>\n<p>Technische specificaties<\/p>\n<p>Max. draaidiameter: \u00d8 20 mm (optioneel tot \u00d8 22 mm)<br \/>\nDraaallengte: 205 mm<\/p>\n<p>Hoofdspil:<\/p>\n<p>Snelheid: tot ongeveer 10.000-12.000 tpm<\/p>\n<p>Vermogen: ongeveer 3,7-5,5 kW<\/p>\n<p>C-as voor contourbewerking<\/p>\n<p>Tellerspindel:<\/p>\n<p>Snelheid: tot ongeveer 6.000-8.000 tpm<\/p>\n<p>C-as<\/p>\n<p>Assen (verplaatsingsbereiken):<\/p>\n<p>X1 \/ Z1 \/ Y1 (hoofdbewerking): X1 ca. 265 mm \/ Z1 ca. 205 mm \/ Y1 \u00b1 20 mm<\/p>\n<p>X2 \/ Z2 (tegenspil): zoals hoofdspil, exacte waarden afhankelijk van machine<\/p>\n<p>Snel verplaatsen: ca. 24-30 m\/min<\/p>\n<p>Afmetingen machine: 2.400 \u00d7 1.205 \u00d7 1.700 mm<br \/>\nGewicht machine: ca. 2.200 kg<\/p>\n<p>Staafinvoer: FMB TURBO 3-26\/3200<\/p>\n<p>Bereik staafdiameter: \u00d8 3-26 mm<\/p>\n<p>Montagevariant: \u201cA\u201d<\/p>\n<p>Productiejaar: 2006<\/p>\n<p>Afmetingen: ca. 4.500 \u00d7 1.000 \u00d7 1.800 mm<\/p>\n<p>Gewicht: ongeveer 800 kg<\/p>\n<p>Hogedruksysteem SFB B\u00fcchele (2 kleppen) met filter<\/p>\n<p>Handleidingen \/ Documentatie: Inbegrepen<\/p>\n<p>Bezichtiging: Machine kan op afspraak ter plaatse worden ge\u00efnspecteerd.<\/p>\n<p>Opmerking: technische gegevens en specificaties zijn onder voorbehoud van wijzigingen en fouten; verkoop vooraf voorbehouden.<\/p>","protected":false},"excerpt":{"rendered":"<p>Standort: Deutschland, Baden-W\u00fcrttemberg S\u00fcdwest Zustand: Gebraucht Hersteller: STAR Micronics Modell: SR-20R II Typ 660 Baujahr: 2006 Betriebsstunden: 76032 CNC-Langdrehmaschine STAR SR-20RII Typ 660 (Swiss-Type) Baujahr: 2006_09 Steuerung: Fanuc Cutting Time: 53000 Technische Daten Max. Drehdurchmesser: \u00d8 20 mm (optional bis \u00d8 22 mm) Drehl\u00e4nge: 205 mm Hauptspindel: \u2022 Drehzahl: bis ca. 10.000\u201312.000 min\u207b\u00b9 \u2022 Leistung: [&hellip;]<\/p>\n","protected":false},"featured_media":5089,"comment_status":"open","ping_status":"closed","template":"","meta":{"_uf_show_specific_survey":0,"_uf_disable_surveys":false},"product_brand":[],"product_cat":[23],"product_tag":[],"class_list":{"0":"post-5096","1":"product","2":"type-product","3":"status-publish","4":"has-post-thumbnail","6":"product_cat-cnc-langdrehmaschinen","8":"first","9":"instock","10":"taxable","11":"shipping-taxable","12":"product-type-simple"},"aioseo_notices":[],"_links":{"self":[{"href":"https:\/\/mueller-wrh.de\/nl\/wp-json\/wp\/v2\/product\/5096","targetHints":{"allow":["GET"]}}],"collection":[{"href":"https:\/\/mueller-wrh.de\/nl\/wp-json\/wp\/v2\/product"}],"about":[{"href":"https:\/\/mueller-wrh.de\/nl\/wp-json\/wp\/v2\/types\/product"}],"replies":[{"embeddable":true,"href":"https:\/\/mueller-wrh.de\/nl\/wp-json\/wp\/v2\/comments?post=5096"}],"wp:featuredmedia":[{"embeddable":true,"href":"https:\/\/mueller-wrh.de\/nl\/wp-json\/wp\/v2\/media\/5089"}],"wp:attachment":[{"href":"https:\/\/mueller-wrh.de\/nl\/wp-json\/wp\/v2\/media?parent=5096"}],"wp:term":[{"taxonomy":"product_brand","embeddable":true,"href":"https:\/\/mueller-wrh.de\/nl\/wp-json\/wp\/v2\/product_brand?post=5096"},{"taxonomy":"product_cat","embeddable":true,"href":"https:\/\/mueller-wrh.de\/nl\/wp-json\/wp\/v2\/product_cat?post=5096"},{"taxonomy":"product_tag","embeddable":true,"href":"https:\/\/mueller-wrh.de\/nl\/wp-json\/wp\/v2\/product_tag?post=5096"}],"curies":[{"name":"wp","href":"https:\/\/api.w.org\/{rel}","templated":true}]}}