{"id":4978,"date":"2026-03-13T11:04:59","date_gmt":"2026-03-13T11:04:59","guid":{"rendered":"https:\/\/mueller-wrh.de\/produkt\/cnc-lns-hydrobar-6-42-hs-4-4-bj-89-intnr231499\/"},"modified":"2026-03-13T11:04:59","modified_gmt":"2026-03-13T11:04:59","slug":"cnc-lns-hydrobar-6-42-hs-4-4-bj-89-intnr231499","status":"publish","type":"product","link":"https:\/\/mueller-wrh.de\/nl\/product\/cnc-lns-hydrobar-6-42-hs-4-4-bj-89-intnr231499\/","title":{"rendered":"CNC LNS Hydrobar 6.42 HS-4.4 Jaar '89 IntNo231499"},"content":{"rendered":"<p><b>Locatie:<\/b> Duitsland, Baden-W\u00fcrttemberg Zuidwesten<\/p>\n<p><b>Staat:<\/b> Gebruikt<\/p>\n<p><b>Fabrikant:<\/b> LNS<\/p>\n<p><b>Model:<\/b> 6,42 HS-4,4<\/p>\n<p><b>Bouwjaar:<\/b> 1989<\/p>\n<p>Een beproefde en geteste staafvoeder met hoge prestaties is te koop<br \/>\nLNS, type Hydrobar 6.42 HS-4.4. <\/p>\n<p>Technische gegevens<\/p>\n<p>Fabrikant LNS (Zwitserland)<br \/>\nModel Hydrobar 6.42 HS-4.4<br \/>\nBouwjaar 1989<br \/>\nWerkbereik (diameter) \u00d8 6 mm tot \u00d8 42 mm<br \/>\nMax. Stanglengte 4.000 mm (type 4.4)<br \/>\nHydrobarisch geleidingsprincipe (compleet oliebad)<br \/>\nHydraulische toevoeraandrijving<br \/>\nOlie-inhoud ca. 150 - 170 liter (HLP 46 of vergelijkbaar)<br \/>\nTotale lengte van het magazijn ca. 4.850 mm<br \/>\nGewicht (leeg) ca. 650 kg<\/p>\n<p>De machine kan op afspraak onder stroom worden ge\u00efnspecteerd.<br \/>\nWijzigingen en fouten in de technische gegevens en informatie alsmede voorafgaande verkoop voorbehouden!<\/p>\n<p>Een beproefd en getest hoogwaardig staaflaadmagazijn<br \/>\nLNS, model Hydrobar 6.42 HS-4.4, is te koop. <\/p>\n<p>Technische specificaties<\/p>\n<p>Fabrikant LNS (Zwitserland)<br \/>\nModel Hydrobar 6.42 HS-4.4<br \/>\nProductiejaar 1989<br \/>\nWerkbereik (diameter) \u00d8 6 mm tot \u00d8 42 mm<br \/>\nMax. staaflengte 4.000 mm (Type 4.4)<br \/>\nGidsprincipe Hydrobaric (volledig oliebad)<br \/>\nToevoeraandrijving Hydraulisch<br \/>\nOlie-inhoud ca. 150-170 liter (HLP 46 of gelijkwaardig)<br \/>\nTotale lengte van het magazijn ca. 4.850 mm<br \/>\nGewicht (leeg) ca. 650 kg<\/p>\n<p>De machine kan op afspraak in bedrijf worden bekeken.<br \/>\nWijzigingen en fouten in de technische gegevens en specificaties, evenals voorafgaande verkoop voorbehouden!<\/p>","protected":false},"excerpt":{"rendered":"<p>Standort: Deutschland, Baden-W\u00fcrttemberg S\u00fcdwest Zustand: Gebraucht Hersteller: LNS Modell: 6.42 HS-4.4 Baujahr: 1989 Zum Verkauf steht ein bew\u00e4hrtes Hochleistungs-Stangenlademagazin LNS, Typ Hydrobar 6.42 HS-4.4. Technische Daten Hersteller LNS (Schweiz) Modell Hydrobar 6.42 HS-4.4 Baujahr 1989 Arbeitsbereich (Durchmesser) \u00d8 6 mm bis \u00d8 42 mm Max. Stangenl\u00e4nge 4.000 mm (Typ 4.4) F\u00fchrungsprinzip Hydrobarisch (vollst\u00e4ndiges \u00d6lbad) Vorschubantrieb [&hellip;]<\/p>\n","protected":false},"featured_media":4973,"comment_status":"open","ping_status":"closed","template":"","meta":{"_uf_show_specific_survey":0,"_uf_disable_surveys":false},"product_brand":[],"product_cat":[88],"product_tag":[],"class_list":{"0":"post-4978","1":"product","2":"type-product","3":"status-publish","4":"has-post-thumbnail","6":"product_cat-stangenzufuehrungen","8":"first","9":"instock","10":"taxable","11":"shipping-taxable","12":"product-type-simple"},"aioseo_notices":[],"_links":{"self":[{"href":"https:\/\/mueller-wrh.de\/nl\/wp-json\/wp\/v2\/product\/4978","targetHints":{"allow":["GET"]}}],"collection":[{"href":"https:\/\/mueller-wrh.de\/nl\/wp-json\/wp\/v2\/product"}],"about":[{"href":"https:\/\/mueller-wrh.de\/nl\/wp-json\/wp\/v2\/types\/product"}],"replies":[{"embeddable":true,"href":"https:\/\/mueller-wrh.de\/nl\/wp-json\/wp\/v2\/comments?post=4978"}],"wp:featuredmedia":[{"embeddable":true,"href":"https:\/\/mueller-wrh.de\/nl\/wp-json\/wp\/v2\/media\/4973"}],"wp:attachment":[{"href":"https:\/\/mueller-wrh.de\/nl\/wp-json\/wp\/v2\/media?parent=4978"}],"wp:term":[{"taxonomy":"product_brand","embeddable":true,"href":"https:\/\/mueller-wrh.de\/nl\/wp-json\/wp\/v2\/product_brand?post=4978"},{"taxonomy":"product_cat","embeddable":true,"href":"https:\/\/mueller-wrh.de\/nl\/wp-json\/wp\/v2\/product_cat?post=4978"},{"taxonomy":"product_tag","embeddable":true,"href":"https:\/\/mueller-wrh.de\/nl\/wp-json\/wp\/v2\/product_tag?post=4978"}],"curies":[{"name":"wp","href":"https:\/\/api.w.org\/{rel}","templated":true}]}}