{"id":4959,"date":"2026-03-13T10:25:16","date_gmt":"2026-03-13T10:25:16","guid":{"rendered":"https:\/\/mueller-wrh.de\/produkt\/ergomat-tda-26-36-cnc-bj-97-mit-einzelstangenvorschub-intnr231498\/"},"modified":"2026-03-13T10:25:16","modified_gmt":"2026-03-13T10:25:16","slug":"ergomat-tda-26-36-cnc-bj-97-mit-einzelstangenvorschub-intnr231498","status":"publish","type":"product","link":"https:\/\/mueller-wrh.de\/nl\/product\/ergomat-tda-26-36-cnc-bj-97-mit-einzelstangenvorschub-intnr231498\/","title":{"rendered":"ERGOMAT TDA-26-36 CNC, bj. 97 met enkelvoudige stangenvijzel IntNr231498"},"content":{"rendered":"<p><b>Locatie:<\/b> Duitsland, Baden-W\u00fcrttemberg Zuidwesten<\/p>\n<p><b>Staat:<\/b> Gebruikt<\/p>\n<p><b>Model:<\/b> TDA 26-36 CNC<\/p>\n<p><b>Bouwjaar:<\/b> 1997<\/p>\n<p>CNC automatische draaibank met hoge snelheid (korte draaier)<br \/>\nBouwjaar: 1997<br \/>\nBesturingssysteem: vergelijkbaar met Fanuc<\/p>\n<p>Technische gegevens<\/p>\n<p>Max. Diameter stang: 36 mm<br \/>\nStandaard staafopening: 26 mm<br \/>\nMax. Draaallengte: 100 mm<br \/>\nZwenkdiameter over kruisslede: 120 mm<\/p>\n<p>Hoofdspil<br \/>\nToerentalbereik: 100 - 6.300 tpm (traploos)<br \/>\nSpilvermogen: 7,5 kW \/ 11 kW (continu\/piek)<br \/>\nAsneus: A2-5\u2033<br \/>\nC-as: resolutie 0,001\u00b0<br \/>\nAantal sledes: 4 lineaire sledes (X\/Z) voor gelijktijdig bewerken<br \/>\nSterrevolver met 8 stations (VDI 20)<br \/>\nSnelle verplaatsingssnelheden: 15 m\/min (X-as) \/ 20 m\/min (Z-as)<br \/>\nInvoerkracht: 2.500 N<\/p>\n<p>Enkelvoudige staafaanvoer: ERGOMAT, voor staaflengtes tot 3.000 mm.<\/p>\n<p>De machine kan op afspraak onder stroom worden ge\u00efnspecteerd.<br \/>\nWijzigingen en fouten in de technische gegevens en informatie alsmede voorafgaande verkoop voorbehouden!<\/p>\n<p>UHoge snelheid CNC automatische draaibank (short-run draaibank)<br \/>\nProductiejaar: 1997<br \/>\nBesturingssysteem: vergelijkbaar met Fanuc<\/p>\n<p>Technische specificaties<\/p>\n<p>Max. staafdiameter: 36 mm<br \/>\nStandaard staafcapaciteit: 26 mm<br \/>\nMax. draailengte: 100 mm<br \/>\nZwenkdiameter over kruisslede: 120 mm<\/p>\n<p>Hoofdspil<br \/>\nToerentalbereik: 100 - 6.300 tpm (traploos)<br \/>\nSpilvermogen: 7,5 kW \/ 11 kW (continu\/piek)<br \/>\nAsneus: A2-5\u2033<br \/>\nC-as: resolutie 0,001\u00b0<br \/>\nAantal sledes: 4 lineaire sledes (X\/Z) voor gelijktijdig bewerken<br \/>\nSterrevolver met 8 stations (VDI 20)<br \/>\nSnelle verplaatsingssnelheden: 15 m\/min (X-as) \/ 20 m\/min (Z-as)<br \/>\nInvoerkracht: 2.500 N<\/p>\n<p>Enkelvoudige staafaanvoer: ERGOMAT, voor staaflengtes tot 3.000 mm.<\/p>\n<p>De machine kan op afspraak in bedrijf worden bekeken.<br \/>\nWijzigingen en fouten in de technische gegevens en specificaties, evenals voorafgaande verkoop voorbehouden!<\/p>","protected":false},"excerpt":{"rendered":"<p>Standort: Deutschland, Baden-W\u00fcrttemberg S\u00fcdwest Zustand: Gebraucht Modell: TDA 26-36 CNC Baujahr: 1997 Hochgeschwindigkeits-CNC-Drehautomat (Kurzdreher) Baujahr: 1997 Steuerung: \u00e4hnlich Fanuc Technische Daten Max. Stangendurchmesser: 36 mm Standard-Stangendurchlass: 26 mm Max. Drehl\u00e4nge: 100 mm Schwingdurchmesser \u00fcber Planschlitten: 120 mm Hauptspindel Drehzahlbereich: 100 \u2013 6.300 U\/min (stufenlos regelbar) Spindelleistung: 7,5 kW \/ 11 kW (Dauer\/Peak) Spindelnase: A2-5&#8243; C-Achse: [&hellip;]<\/p>\n","protected":false},"featured_media":4953,"comment_status":"open","ping_status":"closed","template":"","meta":{"_uf_show_specific_survey":0,"_uf_disable_surveys":false},"product_brand":[],"product_cat":[110],"product_tag":[],"class_list":{"0":"post-4959","1":"product","2":"type-product","3":"status-publish","4":"has-post-thumbnail","6":"product_cat-revolverdrehautomaten","8":"first","9":"instock","10":"taxable","11":"shipping-taxable","12":"product-type-simple"},"aioseo_notices":[],"_links":{"self":[{"href":"https:\/\/mueller-wrh.de\/nl\/wp-json\/wp\/v2\/product\/4959","targetHints":{"allow":["GET"]}}],"collection":[{"href":"https:\/\/mueller-wrh.de\/nl\/wp-json\/wp\/v2\/product"}],"about":[{"href":"https:\/\/mueller-wrh.de\/nl\/wp-json\/wp\/v2\/types\/product"}],"replies":[{"embeddable":true,"href":"https:\/\/mueller-wrh.de\/nl\/wp-json\/wp\/v2\/comments?post=4959"}],"wp:featuredmedia":[{"embeddable":true,"href":"https:\/\/mueller-wrh.de\/nl\/wp-json\/wp\/v2\/media\/4953"}],"wp:attachment":[{"href":"https:\/\/mueller-wrh.de\/nl\/wp-json\/wp\/v2\/media?parent=4959"}],"wp:term":[{"taxonomy":"product_brand","embeddable":true,"href":"https:\/\/mueller-wrh.de\/nl\/wp-json\/wp\/v2\/product_brand?post=4959"},{"taxonomy":"product_cat","embeddable":true,"href":"https:\/\/mueller-wrh.de\/nl\/wp-json\/wp\/v2\/product_cat?post=4959"},{"taxonomy":"product_tag","embeddable":true,"href":"https:\/\/mueller-wrh.de\/nl\/wp-json\/wp\/v2\/product_tag?post=4959"}],"curies":[{"name":"wp","href":"https:\/\/api.w.org\/{rel}","templated":true}]}}