{"id":4921,"date":"2026-03-07T11:31:09","date_gmt":"2026-03-07T11:31:09","guid":{"rendered":"https:\/\/mueller-wrh.de\/produkt\/gebr-lns-express-220_bj-2027-intnr231503\/"},"modified":"2026-03-07T11:31:09","modified_gmt":"2026-03-07T11:31:09","slug":"gebr-lns-express-220_bj-2027-intnr231503","status":"publish","type":"product","link":"https:\/\/mueller-wrh.de\/nl\/product\/gebr-lns-express-220_bj-2027-intnr231503\/","title":{"rendered":"merk LNS Express 220_jaar 2027 IntNr231503"},"content":{"rendered":"<p><b>Locatie:<\/b> Duitsland, Baden-W\u00fcrttemberg Zuidwesten<\/p>\n<p><b>Staat:<\/b> Gebruikt<\/p>\n<p><b>Fabrikant:<\/b> LNS<\/p>\n<p><b>Model:<\/b> Express 220<\/p>\n<p><b>Bouwjaar:<\/b> 2007<\/p>\n<p>CNC laadmagazijn LNS Express 220<br \/>\nBouwjaar: 2007<br \/>\nType: Staafvoeder<\/p>\n<p>Eenvoudige omschakeling van het gidskanaal in minder dan ongeveer 2 minuten.<br \/>\nVolledige vervanging van de geleidingselementen mogelijk in minder dan ca. 8 minuten.<\/p>\n<p>Technische details:<br \/>\nDiameterbereik: 2 mm tot 20 mm<br \/>\nKanaal \u00d8 22mm<br \/>\nMaximale staaflengte: 3.000 mm<br \/>\nAfmetingen installatie \/ afmetingen (L x B x H): 3.970 x 480 x 1.250 mm<br \/>\nGewicht: ongeveer 850 kg<br \/>\nStaat: volledig functioneel<\/p>\n<p>De machine kan op afspraak worden ge\u00efnspecteerd.<br \/>\nWijzigingen en fouten in de technische gegevens en informatie alsmede voorafgaande verkoop voorbehouden!<\/p>\n<p>I<br \/>\nCNC laadmagazijn LNS Express 220<br \/>\nProductiejaar: 2007<br \/>\nType: Barlaadmagazijn<\/p>\n<p>Eenvoudig omschakelen naar een ander geleidingskanaal in minder dan ca. 2 minuten.<br \/>\nVolledige vervanging van de geleidingselementen mogelijk in minder dan ca. 8 minuten.<\/p>\n<p>Technische details:<br \/>\nDiameterbereik: 2 mm tot 20 mm<br \/>\nKanaal \u00d8 22 mm<br \/>\nMaximale staaflengte: 3.000 mm<br \/>\nAfmetingen installatie \/ afmetingen (L x B x H): 3.970 x 480 x 1.250 mm<br \/>\nGewicht: ongeveer 850 kg<br \/>\nStaat: volledig functioneel<\/p>\n<p>De machine kan op afspraak in bedrijf worden bekeken.<br \/>\nWijzigingen en fouten in de technische gegevens en specificaties, evenals voorafgaande verkoop voorbehouden!<\/p>\n<p>Vertaald met DeepL.com (gratis versie)<\/p>","protected":false},"excerpt":{"rendered":"<p>Standort: Deutschland, Baden-W\u00fcrttemberg S\u00fcdwest Zustand: Gebraucht Hersteller: LNS Modell: Express 220 Baujahr: 2007 CNC-Lademagazin LNS Express 220 Baujahr: 2007 Typ: Stangenlademagazin Einfaches Umr\u00fcsten des F\u00fchrungskanals in weniger als ca. 2 Minuten. Komplettwechsel der F\u00fchrungselemente in unter ca. 8 Minuten m\u00f6glich. Technische Details: Durchmesserbereich: 2 mm bis 20 mm Kanal \u00d8 22mm Maximale Stangenl\u00e4nge: 3.000 mm [&hellip;]<\/p>\n","protected":false},"featured_media":4916,"comment_status":"open","ping_status":"closed","template":"","meta":{"_uf_show_specific_survey":0,"_uf_disable_surveys":false},"product_brand":[],"product_cat":[88],"product_tag":[],"class_list":{"0":"post-4921","1":"product","2":"type-product","3":"status-publish","4":"has-post-thumbnail","6":"product_cat-stangenzufuehrungen","8":"first","9":"instock","10":"taxable","11":"shipping-taxable","12":"product-type-simple"},"aioseo_notices":[],"_links":{"self":[{"href":"https:\/\/mueller-wrh.de\/nl\/wp-json\/wp\/v2\/product\/4921","targetHints":{"allow":["GET"]}}],"collection":[{"href":"https:\/\/mueller-wrh.de\/nl\/wp-json\/wp\/v2\/product"}],"about":[{"href":"https:\/\/mueller-wrh.de\/nl\/wp-json\/wp\/v2\/types\/product"}],"replies":[{"embeddable":true,"href":"https:\/\/mueller-wrh.de\/nl\/wp-json\/wp\/v2\/comments?post=4921"}],"wp:featuredmedia":[{"embeddable":true,"href":"https:\/\/mueller-wrh.de\/nl\/wp-json\/wp\/v2\/media\/4916"}],"wp:attachment":[{"href":"https:\/\/mueller-wrh.de\/nl\/wp-json\/wp\/v2\/media?parent=4921"}],"wp:term":[{"taxonomy":"product_brand","embeddable":true,"href":"https:\/\/mueller-wrh.de\/nl\/wp-json\/wp\/v2\/product_brand?post=4921"},{"taxonomy":"product_cat","embeddable":true,"href":"https:\/\/mueller-wrh.de\/nl\/wp-json\/wp\/v2\/product_cat?post=4921"},{"taxonomy":"product_tag","embeddable":true,"href":"https:\/\/mueller-wrh.de\/nl\/wp-json\/wp\/v2\/product_tag?post=4921"}],"curies":[{"name":"wp","href":"https:\/\/api.w.org\/{rel}","templated":true}]}}