{"id":4869,"date":"2026-02-24T11:35:04","date_gmt":"2026-02-24T11:35:04","guid":{"rendered":"https:\/\/mueller-wrh.de\/produkt\/cnc-langdrehfraeszentrum-star-st-38-bj-19-intnr231494\/"},"modified":"2026-02-24T11:35:04","modified_gmt":"2026-02-24T11:35:04","slug":"cnc-langdrehfraeszentrum-star-st-38-bj-19-intnr231494","status":"publish","type":"product","link":"https:\/\/mueller-wrh.de\/nl\/product\/cnc-langdrehfraeszentrum-star-st-38-bj-19-intnr231494\/","title":{"rendered":"CNC freescentrum met verschuifbare kop STAR ST-38, bouwjaar '19 (IntNo231494)"},"content":{"rendered":"<p><b>Locatie:<\/b> Duitsland, Baden-W\u00fcrttemberg Zuidwesten<\/p>\n<p><b>Staat:<\/b> Gebruikt<\/p>\n<p><b>Fabrikant:<\/b> STAR Micronics<\/p>\n<p><b>Model:<\/b> ST-38<\/p>\n<p><b>Bouwjaar:<\/b> 2019<\/p>\n<p>FANUC, krachtige computerserie 31i-B5,<\/p>\n<p>Goed onderhouden staat, ca. 9000 bedrijfsuren<\/p>\n<p>Belangrijkste technische gegevens<br \/>\nWerkgebied<br \/>\nMax. Diameter stang: 38 mm<br \/>\nMax. Bewerkingslengte (met geleidebus): ca. 320 mm<br \/>\nBewerkingen zonder geleidebus mogelijk (voor kortere werkstukken)<br \/>\nMax. Spantangdiameter van tegenspil: 38 mm<\/p>\n<p>Hoofdspil<br \/>\nSpindelvermogen: ca. 11-15 kW<br \/>\nMax. Snelheid: ca. 7.000 min-\u00b9<br \/>\nC-as ge\u00efntegreerd (resolutie 0,001\u00b0)<br \/>\nZeer nauwkeurig spindellager voor zware bewerkingen<\/p>\n<p>Tellerspindel<br \/>\nVermogen: ongeveer 5,5-7,5 kW<br \/>\nMax. Snelheid: ca. 7.000 min-\u00b9<br \/>\nVolwaardige C-as<br \/>\nOnderdelen overbrengen en achterzijde bewerken in \u00e9\u00e9n opspanbewerking<\/p>\n<p>Asconfiguratie<br \/>\nX1 \/ Z1 (hoofdsysteem)<br \/>\nX2 \/ Z2 (tegenspilsysteem)<br \/>\nY-as voor excentrische freesbewerkingen<br \/>\nC-as hoofd- en tegenspil<br \/>\nOptionele B-asachtige zwenkfuncties (afhankelijk van uitrusting)<br \/>\nDe meerkanaalsbesturing maakt gelijktijdige bewerking op de hoofd- en tegenspil mogelijk om de cyclustijden aanzienlijk te verkorten.<\/p>\n<p>Gereedschap<br \/>\nGereedschaphouderset, (niet aangedreven)<br \/>\nGeleidebuseenheid (spansysteem, JBS)<br \/>\nOliekoeler<br \/>\nHogedruktransporteur (met ge\u00efntegreerde hogedrukunit) type M\u00fcller combistream CS 3<br \/>\nToepassing koelmiddel: Olie<br \/>\nGewicht: 6,25 ton<br \/>\nAfmetingen: (LxBxH) 3477x1860x1865 mm<\/p>\n<p>De machine kan op afspraak onder stroom worden ge\u00efnspecteerd.<br \/>\nWijzigingen en fouten in de technische gegevens en informatie alsmede voorafgaande verkoop voorbehouden!<\/p>\n<p>FANUC, krachtige computerserie 31i-B5,<\/p>\n<p>Goed onderhouden, ongeveer 9000 bedrijfsuren<\/p>\n<p>Belangrijkste technische gegevens<br \/>\nWerkbereik<br \/>\nMax. staafdiameter: 38 mm<br \/>\nMax. bewerkingslengte (met geleidebus): ca. 320 mm<br \/>\nBewerkingen zonder geleidebus mogelijk (voor kortere werkstukken)<br \/>\nMax. spantangdiameter tegenspil: 38 mm<\/p>\n<p>Hoofdspil<br \/>\nSpindelvermogen: ca. 11-15 kW<br \/>\nMax. snelheid: ca. 7.000 min-\u00b9<br \/>\nGe\u00efntegreerde C-as (resolutie 0,001\u00b0)<br \/>\nZeer nauwkeurig spindellager voor zware bewerkingen<\/p>\n<p>Tegenspil<br \/>\nVermogen: ongeveer 5,5-7,5 kW<br \/>\nMax. snelheid: ca. 7.000 rpm<br \/>\nVolledige C-as<br \/>\nDeeloverdracht en bewerking aan de achterkant in \u00e9\u00e9n enkele klemming<\/p>\n<p>Asconfiguratie<br \/>\nX1 \/ Z1 (hoofdsysteem)<br \/>\nX2 \/ Z2 (tegenspilsysteem)<br \/>\nY-as voor excentrische freesbewerkingen<br \/>\nC-as hoofd- en tegenspil<br \/>\nOptionele B-asachtige zwenkfuncties (afhankelijk van apparatuur)<br \/>\nDe meerkanaalsbesturing maakt gelijktijdige bewerking op de hoofd- en tegenspil mogelijk voor een aanzienlijke verkorting van de cyclustijd.<\/p>\n<p>Gereedschap<br \/>\nGereedschaphouderset, (niet aangedreven)<br \/>\nGeleidebuseenheid (treksysteem, JBS)<br \/>\nOliekoeler<br \/>\nHogedruktransporteur (met ge\u00efntegreerde hogedrukunit) Type M\u00fcller combistream CS 3<br \/>\nGebruikte koelvloeistof: olie<br \/>\nGewicht: 6,25 ton<br \/>\nAfmetingen: (LxBxH) 3477x1860x1865 mm<\/p>\n<p>De machine kan op afspraak onder stroom worden bekeken.<br \/>\nWijzigingen en fouten in de technische gegevens en specificaties, evenals voorafgaande verkoop voorbehouden!<\/p>","protected":false},"excerpt":{"rendered":"<p>Standort: Deutschland, Baden-W\u00fcrttemberg S\u00fcdwest Zustand: Gebraucht Hersteller: STAR Micronics Modell: ST-38 Baujahr: 2019 FANUC, Hochleistungs-Rechner Serie 31i-B5, Gepflegter Zustand, ca. 9000 Betriebsstunden Technische Hauptdaten Arbeitsbereich Max. Stangendurchmesser: 38 mm Max. Bearbeitungsl\u00e4nge (mit F\u00fchrungsbuchse): ca. 320 mm Bearbeitung ohne F\u00fchrungsbuchse m\u00f6glich (f\u00fcr k\u00fcrzere Werkst\u00fccke) Max. Spannzangendurchmesser Gegenspindel: 38 mm Hauptspindel Spindelleistung: ca. 11\u201315 kW Max. Drehzahl: [&hellip;]<\/p>\n","protected":false},"featured_media":4863,"comment_status":"open","ping_status":"closed","template":"","meta":{"_uf_show_specific_survey":0,"_uf_disable_surveys":false},"product_brand":[],"product_cat":[23],"product_tag":[],"class_list":{"0":"post-4869","1":"product","2":"type-product","3":"status-publish","4":"has-post-thumbnail","6":"product_cat-cnc-langdrehmaschinen","8":"first","9":"instock","10":"taxable","11":"shipping-taxable","12":"product-type-simple"},"aioseo_notices":[],"_links":{"self":[{"href":"https:\/\/mueller-wrh.de\/nl\/wp-json\/wp\/v2\/product\/4869","targetHints":{"allow":["GET"]}}],"collection":[{"href":"https:\/\/mueller-wrh.de\/nl\/wp-json\/wp\/v2\/product"}],"about":[{"href":"https:\/\/mueller-wrh.de\/nl\/wp-json\/wp\/v2\/types\/product"}],"replies":[{"embeddable":true,"href":"https:\/\/mueller-wrh.de\/nl\/wp-json\/wp\/v2\/comments?post=4869"}],"wp:featuredmedia":[{"embeddable":true,"href":"https:\/\/mueller-wrh.de\/nl\/wp-json\/wp\/v2\/media\/4863"}],"wp:attachment":[{"href":"https:\/\/mueller-wrh.de\/nl\/wp-json\/wp\/v2\/media?parent=4869"}],"wp:term":[{"taxonomy":"product_brand","embeddable":true,"href":"https:\/\/mueller-wrh.de\/nl\/wp-json\/wp\/v2\/product_brand?post=4869"},{"taxonomy":"product_cat","embeddable":true,"href":"https:\/\/mueller-wrh.de\/nl\/wp-json\/wp\/v2\/product_cat?post=4869"},{"taxonomy":"product_tag","embeddable":true,"href":"https:\/\/mueller-wrh.de\/nl\/wp-json\/wp\/v2\/product_tag?post=4869"}],"curies":[{"name":"wp","href":"https:\/\/api.w.org\/{rel}","templated":true}]}}