{"id":4861,"date":"2026-02-18T15:57:49","date_gmt":"2026-02-18T15:57:49","guid":{"rendered":"https:\/\/mueller-wrh.de\/produkt\/neu-star-er16-or1-61-werkzeughalter-str766100_-passend-fuer-star-sb-12-20rsd-26c-e-g-s-sl-7-10-sp-23sr-20jii-b-sr-20riv-sr-32jii-a-sr-32jii-b-jiii-bsr-38-type-a-bsv-20rsw-12rii_intnr231492\/"},"modified":"2026-02-18T15:57:50","modified_gmt":"2026-02-18T15:57:50","slug":"neu-star-er16-or1-61-werkzeughalter-str766100_-passend-fuer-star-sb-12-20rsd-26c-e-g-s-sl-7-10-sp-23sr-20jii-b-sr-20riv-sr-32jii-a-sr-32jii-b-jiii-bsr-38-type-a-bsv-20rsw-12rii_intnr231492","status":"publish","type":"product","link":"https:\/\/mueller-wrh.de\/nl\/product\/neu-star-er16-or1-61-werkzeughalter-str766100_-passend-fuer-star-sb-12-20rsd-26c-e-g-s-sl-7-10-sp-23sr-20jii-b-sr-20riv-sr-32jii-a-sr-32jii-b-jiii-bsr-38-type-a-bsv-20rsw-12rii_intnr231492\/","title":{"rendered":"NIEUW STAR ER16 OR1-61 Gereedschapshouder STR766100_ Geschikt voor Star SB-12\/20R;SD-26C\/E\/G\/S ;SL-7\/10; SP-23;SR-20JII-B ;SR-20RIV; SR-32JII-A; SR-32JII-B\/JIII-B;SR-38 (Type A\/B);SV-20R;SW-12RII_IntNr231492"},"content":{"rendered":"<p><b>Locatie:<\/b> Duitsland, Baden-W\u00fcrttemberg Zuidwesten<\/p>\n<p><b>Staat:<\/b> Nieuw<\/p>\n<p>ER16 boor\/freesunit vooraan voor rugbewerking<br \/>\nGeschikt voor Star Star<br \/>\nSB-12\/20R<br \/>\nStar SD-26C\/E\/G\/S<br \/>\nSter SL-7\/10<br \/>\nSter SP-23<br \/>\nSter SR-20JII-B<br \/>\nSter SR-20RIV<br \/>\nSter SR-32JII-A<br \/>\nSter SR-32JII-B\/JIII-B<br \/>\nStar SR-38 (Type A\/B)<br \/>\nSter SV-20R<br \/>\nSter SW-12RII<br \/>\nSter SW-20<br \/>\nVergelijkbaar met Star bestelnr. 0R1-61<br \/>\nvoor 12 machines<br \/>\nVertaling 1:1<br \/>\nInvoersnelheid max. 12000 1\/min<br \/>\nUitvoersnelheid max. 12000 1\/min<br \/>\nUitgaand koppel max. 13 Nm<\/p>\n<p>Wijzigingen en fouten in de technische gegevens en informatie alsmede voorafgaande verkoop voorbehouden!<\/p>\n<p>Voorboor-\/freeseenheid ER16 voor machinale bewerking aan de achterkant<br \/>\nCompatibel met Star-machines:<\/p>\n<p>Ster SB-12\/20R<\/p>\n<p>Star SD-26C\/E\/G\/S<\/p>\n<p>Ster SL-7\/10<\/p>\n<p>Ster SP-23<\/p>\n<p>Ster SR-20JII-B<\/p>\n<p>Ster SR-20RIV<\/p>\n<p>Ster SR-32JII-A<\/p>\n<p>Ster SR-32JII-B\/JIII-B<\/p>\n<p>Star SR-38 (Type A\/B)<\/p>\n<p>Ster SV-20R<\/p>\n<p>Ster SW-12RII<\/p>\n<p>Ster SW-20<\/p>\n<p>Vergelijkbaar met Star onderdeelnr.: 0R1-61<br \/>\nVoor 12 machines<\/p>\n<p>Verhouding vertaling: 1:1<br \/>\nIngangssnelheid: max. 12.000 tpm<br \/>\nUitvoersnelheid: max. 12.000 tpm<br \/>\nUitgaand koppel: max. 13 Nm<\/p>\n<p>Wijzigingen en fouten in de technische gegevens en specificaties, evenals voorafgaande verkoop, zijn voorbehouden!<\/p>","protected":false},"excerpt":{"rendered":"<p>Standort: Deutschland, Baden-W\u00fcrttemberg S\u00fcdwest Zustand: Neu Frontalbohr-\/Fr\u00e4sapparat ER16 f\u00fcr R\u00fcckseitenbearbeitung Passend f\u00fcr Star Star SB-12\/20R Star SD-26C\/E\/G\/S Star SL-7\/10 Star SP-23 Star SR-20JII-B Star SR-20RIV Star SR-32JII-A Star SR-32JII-B\/JIII-B Star SR-38 (Type A\/B) Star SV-20R Star SW-12RII Star SW-20 Vergleichbar mit Star Bestell-Nr. 0R1-61 f\u00fcr 12 Maschinen \u00dcbersetzung 1:1 Eingangsdrehzahl max. 12000 1\/min Ausgangsdrehzahl max. [&hellip;]<\/p>\n","protected":false},"featured_media":4860,"comment_status":"open","ping_status":"closed","template":"","meta":{"_uf_show_specific_survey":0,"_uf_disable_surveys":false},"product_brand":[],"product_cat":[20],"product_tag":[],"class_list":{"0":"post-4861","1":"product","2":"type-product","3":"status-publish","4":"has-post-thumbnail","6":"product_cat-werkzeughalter","8":"first","9":"instock","10":"taxable","11":"shipping-taxable","12":"product-type-simple"},"aioseo_notices":[],"_links":{"self":[{"href":"https:\/\/mueller-wrh.de\/nl\/wp-json\/wp\/v2\/product\/4861","targetHints":{"allow":["GET"]}}],"collection":[{"href":"https:\/\/mueller-wrh.de\/nl\/wp-json\/wp\/v2\/product"}],"about":[{"href":"https:\/\/mueller-wrh.de\/nl\/wp-json\/wp\/v2\/types\/product"}],"replies":[{"embeddable":true,"href":"https:\/\/mueller-wrh.de\/nl\/wp-json\/wp\/v2\/comments?post=4861"}],"wp:featuredmedia":[{"embeddable":true,"href":"https:\/\/mueller-wrh.de\/nl\/wp-json\/wp\/v2\/media\/4860"}],"wp:attachment":[{"href":"https:\/\/mueller-wrh.de\/nl\/wp-json\/wp\/v2\/media?parent=4861"}],"wp:term":[{"taxonomy":"product_brand","embeddable":true,"href":"https:\/\/mueller-wrh.de\/nl\/wp-json\/wp\/v2\/product_brand?post=4861"},{"taxonomy":"product_cat","embeddable":true,"href":"https:\/\/mueller-wrh.de\/nl\/wp-json\/wp\/v2\/product_cat?post=4861"},{"taxonomy":"product_tag","embeddable":true,"href":"https:\/\/mueller-wrh.de\/nl\/wp-json\/wp\/v2\/product_tag?post=4861"}],"curies":[{"name":"wp","href":"https:\/\/api.w.org\/{rel}","templated":true}]}}