{"id":4848,"date":"2026-02-18T12:37:51","date_gmt":"2026-02-18T12:37:51","guid":{"rendered":"https:\/\/mueller-wrh.de\/produkt\/mitutoyo-pj-a3000_profilprojektor_bj-2015_intnr231490\/"},"modified":"2026-02-18T12:37:51","modified_gmt":"2026-02-18T12:37:51","slug":"mitutoyo-pj-a3000_profilprojektor_bj-2015_intnr231490","status":"publish","type":"product","link":"https:\/\/mueller-wrh.de\/nl\/product\/mitutoyo-pj-a3000_profilprojektor_bj-2015_intnr231490\/","title":{"rendered":"Mitutoyo PJ A3000_profiel_projector_jaar_2015_IntNo231490"},"content":{"rendered":"<p><b>Locatie:<\/b> Duitsland, Baden-W\u00fcrttemberg Zuidwesten<\/p>\n<p><b>Staat:<\/b> Gebruikt<\/p>\n<p><b>Fabrikant:<\/b> Mitutoyo<\/p>\n<p><b>Model:<\/b> PJ-A3000<\/p>\n<p><b>Bouwjaar:<\/b> 2015<\/p>\n<p><b>Openingstijden:<\/b> geen<\/p>\n<p>Mitutoyo PJ-A3000 profielprojector - Nauwkeurige optische metingen<\/p>\n<p>Te koop is een Mitutoyo PJ-A3000 profielprojector, ideaal voor kwaliteitsborging, productiecontrole en nauwkeurige werkstukmetingen.<br \/>\nJaar 2015<\/p>\n<p>Belangrijkste kenmerken:<\/p>\n<p>Fabrikant: Mitutoyo Corporation<\/p>\n<p>Model: PJ-A3000<\/p>\n<p>Projectiescherm: \u00d8 315 mm<\/p>\n<p>Vergroting: 10\u00d7 standaard, (optioneel 20\u00d7, 50\u00d7, 100\u00d7)<\/p>\n<p>Meetnauwkeurigheid: \u00b10,001 mm (XY-resolutie)<\/p>\n<p>Tafelbeweging: Verschillende meetbereiken afhankelijk van het model (tot 200\u00d7100 mm)<\/p>\n<p>Verlichting: Halogeenlamp 24 V \/ 150 W<\/p>\n<p>Functies: Digitale XY-weergave, hoekmeting, RS-232C-interface<\/p>\n<p>Max. Werkstukhoogte: ca. 92,5-123,5 mm<\/p>\n<p>Speciale functies: Telecentrisch optisch systeem voor vertekeningsvrije weergave, draaibare tafel, handmatig scherpstellen<\/p>\n<p>Conditie: Gebruikt, getest en in werkende staat.<\/p>\n<p>Toepassing: Ideaal voor metaal- en kunststofverwerking, training, laboratorium en precisiemetingen.<\/p>\n<p>De machine kan op afspraak worden ge\u00efnspecteerd.<br \/>\nWijzigingen en fouten in de technische gegevens en informatie alsmede voorafgaande verkoop voorbehouden!<\/p>\n<p>Mitutoyo PJ-A3000 profielprojector - Optisch nauwkeurig meten<\/p>\n<p>Te koop: een Mitutoyo PJ-A3000 profielprojector, ideaal voor kwaliteitsborging, productiecontrole en nauwkeurige werkstukmetingen.<br \/>\nProductiejaar: 2015<\/p>\n<p>Belangrijkste kenmerken:<\/p>\n<p>Fabrikant: Mitutoyo Corporation<\/p>\n<p>Model: PJ-A3000<\/p>\n<p>Projectiescherm: \u00d8 315 mm<\/p>\n<p>Vergroting: 10\u00d7 standaard (optioneel 20\u00d7, 50\u00d7, 100\u00d7)<\/p>\n<p>Meetnauwkeurigheid: \u00b10,001 mm (XY-resolutie)<\/p>\n<p>Tabel Reizen: verschillende meetbereiken afhankelijk van het model (tot 200\u00d7100 mm)<\/p>\n<p>Verlichting: Halogeenlamp 24 V \/ 150 W<\/p>\n<p>Functies: digitale XY-uitlezing, hoekmeting, RS-232C-interface<\/p>\n<p>Max. Werkstukhoogte: ca. 92,5-123,5 mm<\/p>\n<p>Speciale kenmerken: telecentrisch optisch systeem voor vervormingsvrije projectie, draaibare tafel, handmatig scherpstellen<\/p>\n<p>Staat: Gebruikt, getest en volledig functioneel.<\/p>\n<p>Toepassingen: Ideaal voor metaal- en kunststofverwerking, training, laboratoria en precisiemetingen.<\/p>\n<p>De machine kan op afspraak onder stroom worden ge\u00efnspecteerd.<br \/>\nTechnische specificaties zijn onder voorbehoud van wijzigingen, fouten en voorafgaande verkoop.<\/p>","protected":false},"excerpt":{"rendered":"<p>Standort: Deutschland, Baden-W\u00fcrttemberg S\u00fcdwest Zustand: Gebraucht Hersteller: Mitutoyo Modell: PJ-A3000 Baujahr: 2015 Betriebsstunden: keine Mitutoyo PJ-A3000 Profilprojektor \u2013 Pr\u00e4zise optische Messung Verkauft wird ein Mitutoyo PJ-A3000 Profilprojektor, ideal f\u00fcr die Qualit\u00e4tssicherung, Fertigungskontrolle und pr\u00e4zise Werkst\u00fcckmessungen. Bj.2015 Hauptmerkmale: Hersteller: Mitutoyo Corporation Modell: PJ-A3000 Projektionsbildschirm: \u00d8 315\u202fmm Vergr\u00f6\u00dferung: 10\u00d7 Standard, (optional 20\u00d7, 50\u00d7, 100\u00d7) Messgenauigkeit: \u00b10,001\u202fmm (XY-Aufl\u00f6sung) [&hellip;]<\/p>\n","protected":false},"featured_media":4843,"comment_status":"open","ping_status":"closed","template":"","meta":{"_uf_show_specific_survey":0,"_uf_disable_surveys":false},"product_brand":[],"product_cat":[98],"product_tag":[],"class_list":{"0":"post-4848","1":"product","2":"type-product","3":"status-publish","4":"has-post-thumbnail","6":"product_cat-messtechnik","8":"first","9":"instock","10":"taxable","11":"shipping-taxable","12":"product-type-simple"},"aioseo_notices":[],"_links":{"self":[{"href":"https:\/\/mueller-wrh.de\/nl\/wp-json\/wp\/v2\/product\/4848","targetHints":{"allow":["GET"]}}],"collection":[{"href":"https:\/\/mueller-wrh.de\/nl\/wp-json\/wp\/v2\/product"}],"about":[{"href":"https:\/\/mueller-wrh.de\/nl\/wp-json\/wp\/v2\/types\/product"}],"replies":[{"embeddable":true,"href":"https:\/\/mueller-wrh.de\/nl\/wp-json\/wp\/v2\/comments?post=4848"}],"wp:featuredmedia":[{"embeddable":true,"href":"https:\/\/mueller-wrh.de\/nl\/wp-json\/wp\/v2\/media\/4843"}],"wp:attachment":[{"href":"https:\/\/mueller-wrh.de\/nl\/wp-json\/wp\/v2\/media?parent=4848"}],"wp:term":[{"taxonomy":"product_brand","embeddable":true,"href":"https:\/\/mueller-wrh.de\/nl\/wp-json\/wp\/v2\/product_brand?post=4848"},{"taxonomy":"product_cat","embeddable":true,"href":"https:\/\/mueller-wrh.de\/nl\/wp-json\/wp\/v2\/product_cat?post=4848"},{"taxonomy":"product_tag","embeddable":true,"href":"https:\/\/mueller-wrh.de\/nl\/wp-json\/wp\/v2\/product_tag?post=4848"}],"curies":[{"name":"wp","href":"https:\/\/api.w.org\/{rel}","templated":true}]}}