{"id":4822,"date":"2026-02-11T14:24:12","date_gmt":"2026-02-11T14:24:12","guid":{"rendered":"https:\/\/mueller-wrh.de\/produkt\/deckel-maho-dmf-250-bj-2004-intnr231486\/"},"modified":"2026-02-11T14:43:02","modified_gmt":"2026-02-11T14:43:02","slug":"deckel-maho-dmf-250-bj-2004-intnr231486","status":"publish","type":"product","link":"https:\/\/mueller-wrh.de\/nl\/product\/deckel-maho-dmf-250-bj-2004-intnr231486\/","title":{"rendered":"Cover Maho DMF 250 lineair bouwjaar 2004, IntNr231486"},"content":{"rendered":"<p><b>Locatie:<\/b> Duitsland, Baden-W\u00fcrttemberg Zuidwesten<\/p>\n<p><b>Staat:<\/b> Gebruikt<\/p>\n<p><b>Fabrikant:<\/b> DMG<\/p>\n<p><b>Model:<\/b> DMF 250<\/p>\n<p><b>Bouwjaar:<\/b> 2004<\/p>\n<p><b>Openingstijden:<\/b> 0<\/p>\n<p>Gebruikt gereviseerd 5-assig CNC-bewerkingscentrum Deckel MAHO DMF 250 lineair<br \/>\nBouwjaar 2004<\/p>\n<p>Besturing: Heidenhain iTNC 530<br \/>\nTechnische gegevens:<br \/>\nRijafstand X: 2.500 mm<br \/>\nRijafstand Y: 920 mm<br \/>\nRijafstand Z: 820 mm<br \/>\nB-as: x\/- 105\u00b0<\/p>\n<p>Werktafel: 3100 x 900 mm<\/p>\n<p>Uitzondering as: HSK 63<br \/>\nSpindelsnelheden: 20 - 18.000 tpm.<br \/>\nGereedschapwisselaar: 30 stuks.<\/p>\n<p>Uitgerust met:<br \/>\n- Spanentransporteur<br \/>\n- Koeling door spindel 40 bar<br \/>\n- Bedieningsinstructies<\/p>\n<p>Land van herkomst: Duitsland<br \/>\nMotorvermogen: 35 KW<br \/>\nMachine LxBxH: 6000 x 3800 x 2950 mm<br \/>\nGewicht machine: 25.000 kg<\/p>\n<p>De machine kan op afspraak worden ge\u00efnspecteerd.<br \/>\nWijzigingen en fouten in de technische gegevens en informatie alsmede voorafgaande verkoop voorbehouden!<\/p>\n<p>Gereviseerd 5-assig CNC-bewerkingscentrum Deckel MAHO DMF 250 lineair in goede staat.<br \/>\nProductiejaar: 2004.<\/p>\n<p>Besturing: Heidenhain iTNC 530.<br \/>\nTechnische gegevens:<br \/>\nRijafstand X: 2.500 mm.<br \/>\nRijafstand Y: 920 mm.<br \/>\nRijafstand Z: 820 mm.<br \/>\nB-as: x\/- 105\u00b0<\/p>\n<p>Werktafel: 3100 x 900 mm<\/p>\n<p>Uitzondering as: HSK 63<br \/>\nSpindelsnelheden: 20 - 18.000 tpm<br \/>\nGereedschapwisselaar: 30 stuks.<\/p>\n<p>Uitgerust met:<br \/>\n- Spanentransporteur<br \/>\n- Koeling via spindel 40 bar<br \/>\n- Bedieningsinstructies<\/p>\n<p>Land van herkomst: Duitsland<br \/>\nMotorvermogen: 35 KW<br \/>\nMachine LxBxH: 6000 x 3800 x 2950 mm<br \/>\nGewicht machine: 25.000 kg<\/p>\n<p>De machine kan op afspraak worden bezichtigd.<br \/>\nWijzigingen en fouten in de technische gegevens en specificaties, evenals voorafgaande verkoop voorbehouden!<\/p>","protected":false},"excerpt":{"rendered":"<p>Standort: Deutschland, Baden-W\u00fcrttemberg S\u00fcdwest Zustand: Gebraucht Hersteller: DMG Modell: DMF 250 Baujahr: 2004 Betriebsstunden: 0 Gebrauchtes \u00fcberholtes 5-Achs CNC Bearbeitungszentrum Deckel MAHO DMF 250 linear Baujahr 2004 Steuerung: Heidenhain iTNC 530 Technische Daten: Verfahrweg X: 2.500 mm Verfahrweg Y: 920 mm Verfahrweg Z: 820 mm B-Achse: x\/- 105\u00b0 Arbeitstisch: 3100 x 900 mm Spindel Ausnahme: [&hellip;]<\/p>\n","protected":false},"featured_media":4830,"comment_status":"open","ping_status":"closed","template":"","meta":{"_uf_show_specific_survey":0,"_uf_disable_surveys":false},"product_brand":[],"product_cat":[21],"product_tag":[],"class_list":{"0":"post-4822","1":"product","2":"type-product","3":"status-publish","4":"has-post-thumbnail","6":"product_cat-cnc-bearbeitungszentrum","8":"first","9":"instock","10":"taxable","11":"shipping-taxable","12":"product-type-simple"},"aioseo_notices":[],"_links":{"self":[{"href":"https:\/\/mueller-wrh.de\/nl\/wp-json\/wp\/v2\/product\/4822","targetHints":{"allow":["GET"]}}],"collection":[{"href":"https:\/\/mueller-wrh.de\/nl\/wp-json\/wp\/v2\/product"}],"about":[{"href":"https:\/\/mueller-wrh.de\/nl\/wp-json\/wp\/v2\/types\/product"}],"replies":[{"embeddable":true,"href":"https:\/\/mueller-wrh.de\/nl\/wp-json\/wp\/v2\/comments?post=4822"}],"wp:featuredmedia":[{"embeddable":true,"href":"https:\/\/mueller-wrh.de\/nl\/wp-json\/wp\/v2\/media\/4830"}],"wp:attachment":[{"href":"https:\/\/mueller-wrh.de\/nl\/wp-json\/wp\/v2\/media?parent=4822"}],"wp:term":[{"taxonomy":"product_brand","embeddable":true,"href":"https:\/\/mueller-wrh.de\/nl\/wp-json\/wp\/v2\/product_brand?post=4822"},{"taxonomy":"product_cat","embeddable":true,"href":"https:\/\/mueller-wrh.de\/nl\/wp-json\/wp\/v2\/product_cat?post=4822"},{"taxonomy":"product_tag","embeddable":true,"href":"https:\/\/mueller-wrh.de\/nl\/wp-json\/wp\/v2\/product_tag?post=4822"}],"curies":[{"name":"wp","href":"https:\/\/api.w.org\/{rel}","templated":true}]}}