{"id":4791,"date":"2026-02-04T15:42:35","date_gmt":"2026-02-04T15:42:35","guid":{"rendered":"https:\/\/mueller-wrh.de\/produkt\/chiron-mill-6000-high-speed-mit-nc-schwenkkopf-bj-2004-ueberholt-2013_-intnr231477\/"},"modified":"2026-02-04T15:42:35","modified_gmt":"2026-02-04T15:42:35","slug":"chiron-mill-6000-high-speed-mit-nc-schwenkkopf-bj-2004-ueberholt-2013_-intnr231477","status":"publish","type":"product","link":"https:\/\/mueller-wrh.de\/nl\/product\/chiron-mill-6000-high-speed-mit-nc-schwenkkopf-bj-2004-ueberholt-2013_-intnr231477\/","title":{"rendered":"CHIRON MILL 6000 hoge snelheid met NC zwenkkop, bouwjaar 2004 \/ gereviseerd 2013_ IntNr231477"},"content":{"rendered":"<p><b>Locatie:<\/b> Duitsland, Baden-W\u00fcrttemberg Zuidwesten<\/p>\n<p><b>Staat:<\/b> Gebruikt<\/p>\n<p><b>Fabrikant:<\/b> Chiron<\/p>\n<p><b>Model:<\/b> Chiron MILL 6000 hoge snelheid met NC zwenkkop<\/p>\n<p><b>Bouwjaar:<\/b> 2004<\/p>\n<p><b>Openingstijden:<\/b> 77374<\/p>\n<p>Verticaal CNC-bewerkingscentrum<br \/>\nChiron MILL 6000 hoge snelheid met NC zwenkkop<br \/>\nBouwjaar 2004, grote revisie 2013<br \/>\nDe machine werd in 2013 volledig gereviseerd door de fabrikant Chiron.<br \/>\nBedrijfsuren ca. 80.374 u<br \/>\nSpindelvervanging maart 2021 Spindeluren ca. 8.000 uur<br \/>\nOnderhoud werd uitgevoerd in januari 2024<br \/>\nTechnische gegevens:<br \/>\nSiemens 840D (PCU50, NCU572.4) <\/p>\n<p>NC-draaikop  <\/p>\n<p>Pakket voor hoge snelheid:<br \/>\nMotor spindel D 12.000 tpm, 140 Nm<br \/>\nVerplaatsing X 6.000 mm \/ Y 630 mm \/ Z 550 mm<br \/>\nSnelle verplaatsing in X \/ Y \/ Z 60 m\/min.<br \/>\nChip-to-chip-tijd 3,0 sec. (3,3 sec. DIN) verticaal en 4,7 sec. (5,0 sec. DIN) horizontaal<br \/>\nProductiepakket:<br \/>\nSchraperbandtransporteur, loshoogte 1.050 mm<br \/>\nICZ voorbereiding<br \/>\nKNOLL VRF250 vacu\u00fcm roterend filter (staal, gietijzer, aluminium, kunststof, messing)<br \/>\nHogedruk 70 bar met HP pomp en variovalve<br \/>\nAutomatische laaddeuren<br \/>\nCentreerschot voor pendelbewerking<br \/>\n92 gereedschapsposities HSK-A63 (achtergrondmagazijn)<br \/>\n5-assig freespakket<br \/>\nGeblazen lucht<br \/>\nLevensduurbewaking gereedschap<br \/>\nExtra V24 RS232 in de schakelkast<br \/>\nBDE\/MDE-interface (statussen: machine aan, machine in werking, stuksteller)<br \/>\nMarposs (Brankamp) Botsingsmonitor CMS100<br \/>\n3D-machinemodel voor kinematische simulatie in het CAM-programmeersysteem<br \/>\nHydraulisch aggregaat 210 bar, 2 klemcircuits, afzonderlijke systeemklemdruk voor elk pendulumveld,<br \/>\nKlemdrukregeling  <\/p>\n<p>Lineair klemsysteem KOHN<br \/>\n8 hydraulische bankschroef KOHN Multi 2000 MFS 125\/680 HD <\/p>\n<p>Tweedelig trapsgewijs rooster voor bestuurders over de volledige werkbreedte van 6.000 mm <\/p>\n<p>Machinehoogte: ca. 3.000<br \/>\nTotaal gewicht: ongeveer 20.000 kg <\/p>\n<p>De machine kan op afspraak worden ge\u00efnspecteerd.<br \/>\nWijzigingen en fouten in de technische gegevens en informatie alsmede voorafgaande verkoop voorbehouden!<\/p>\n<p>Verticaal CNC-bewerkingscentrum<br \/>\nCHIRON MILL 6000 hoge snelheid met NC-draaikrans<br \/>\nBouwjaar: 2004 - grote revisie door fabrikant CHIRON in 2013<br \/>\nDe machine onderging in 2013 een complete fabrieksrevisie door CHIRON.<br \/>\nBedrijfsuren: ca. 80.374 u<br \/>\nSpindelvervanging: maart 2021 - spindeluren: ca. 8.000 uur<br \/>\nLaatste onderhoud uitgevoerd: Januari 2024<br \/>\nTechnische specificaties:<\/p>\n<p>Besturing: Siemens 840D (PCU50, NCU572.4)<br \/>\nNC-draaikop<br \/>\nHogesnelheidspakket: motorspindel tot 12.000 tpm, 140 Nm<br \/>\nVerplaatsingen: X 6.000 mm \/ Y 630 mm \/ Z 550 mm<br \/>\nSnel verplaatsen in X \/ Y \/ Z: 60 m\/min<br \/>\nChip-to-chip-tijd: 3,0 sec (3,3 sec DIN) verticaal \/ 4,7 sec (5,0 sec DIN) horizontaal<br \/>\nProductiepakket:<br \/>\nSchraperbandtransporteur, loshoogte 1.050 mm<br \/>\nVoorbereiding voor interne koelmiddeltoevoer (IKZ)<br \/>\nVacu\u00fcmrotatiefilter KNOLL VRF250 (voor staal, gietijzer, aluminium, kunststof, messing)<br \/>\nHoge druk 70 bar met HP pomp en variabele klep<br \/>\nAutomatische laaddeuren<br \/>\nCentraal tussenschot voor pendelbewerking<br \/>\n92 gereedschapsposities HSK-A63 (achtergrondmagazijn)<br \/>\n5-assig freespakket<br \/>\nLuchtdruk<br \/>\nLevensduurbewaking gereedschap<br \/>\nExtra V24 RS232-interface in schakelkast<br \/>\nBDE\/MDE-interface (machine aan, machine in bedrijf, stuksteller)<br \/>\nMarposs (Brankamp) botsingscontrole CMS100<br \/>\n3D-machinemodel voor kinematische simulatie in CAM-programmeersysteem<br \/>\nHydraulische eenheid 210 bar, 2 klemcircuits, afzonderlijke systeemklemafdruk per slingerveld, klemdrukbewaking<br \/>\nLineair klemsysteem KOHN<br \/>\n8 hydraulische klemvorken KOHN Multi 2000 MFS 125\/680 HD<\/p>\n<p>Tweedelig bestuurdersplatform (profielraster) over de volledige werkbreedte van 6.000 mm<\/p>\n<p>Afmetingen en gewicht:<\/p>\n<p>Machinehoogte: ca. 3.000 mm<br \/>\nTotaal gewicht: ongeveer 20.000 kg<\/p>\n<p>Door de lange X-weg van 6.000 mm (langbedontwerp) is het benodigde vloeroppervlak aanzienlijk:<\/p>\n<p>Lengte bij benadering (langs X-as): 9-10 m (voetafdruk machine vaak ~8-9 m, plus toegang bediener\/onderhoud ~9-10 m in totaal)<br \/>\nBreedte bij benadering (langs Y-as): 3-3,5 m (machinelichaam ~2,8-3 m, plus veiligheids-\/gebruiksruimte)<\/p>\n<p>De machine kan op afspraak onder stroom worden ge\u00efnspecteerd.<br \/>\nTechnische specificaties en informatie zijn onder voorbehoud van wijzigingen en fouten.<\/p>","protected":false},"excerpt":{"rendered":"<p>Standort: Deutschland, Baden-W\u00fcrttemberg S\u00fcdwest Zustand: Gebraucht Hersteller: Chiron Modell: Chiron MILL 6000 high speed mit NC-Schwenkkopf Baujahr: 2004 Betriebsstunden: 77374 Vertikales CNC-Fertigungszentrum Chiron MILL 6000 high speed mit NC-Schwenkkopf Baujahr 2004, gro\u00dfe Grund\u00fcberholung 2013 Die Maschine wurde 2013 vom Hersteller Chiron grund\u00fcberholt. Betriebsstunden ca. 80.374 h Spindeltausch M\u00e4rz 2021 Spindelstunden ca. 8.000 h Wartung wurde [&hellip;]<\/p>\n","protected":false},"featured_media":4786,"comment_status":"open","ping_status":"closed","template":"","meta":{"_uf_show_specific_survey":0,"_uf_disable_surveys":false},"product_brand":[],"product_cat":[21],"product_tag":[],"class_list":{"0":"post-4791","1":"product","2":"type-product","3":"status-publish","4":"has-post-thumbnail","6":"product_cat-cnc-bearbeitungszentrum","8":"first","9":"instock","10":"taxable","11":"shipping-taxable","12":"product-type-simple"},"aioseo_notices":[],"_links":{"self":[{"href":"https:\/\/mueller-wrh.de\/nl\/wp-json\/wp\/v2\/product\/4791","targetHints":{"allow":["GET"]}}],"collection":[{"href":"https:\/\/mueller-wrh.de\/nl\/wp-json\/wp\/v2\/product"}],"about":[{"href":"https:\/\/mueller-wrh.de\/nl\/wp-json\/wp\/v2\/types\/product"}],"replies":[{"embeddable":true,"href":"https:\/\/mueller-wrh.de\/nl\/wp-json\/wp\/v2\/comments?post=4791"}],"wp:featuredmedia":[{"embeddable":true,"href":"https:\/\/mueller-wrh.de\/nl\/wp-json\/wp\/v2\/media\/4786"}],"wp:attachment":[{"href":"https:\/\/mueller-wrh.de\/nl\/wp-json\/wp\/v2\/media?parent=4791"}],"wp:term":[{"taxonomy":"product_brand","embeddable":true,"href":"https:\/\/mueller-wrh.de\/nl\/wp-json\/wp\/v2\/product_brand?post=4791"},{"taxonomy":"product_cat","embeddable":true,"href":"https:\/\/mueller-wrh.de\/nl\/wp-json\/wp\/v2\/product_cat?post=4791"},{"taxonomy":"product_tag","embeddable":true,"href":"https:\/\/mueller-wrh.de\/nl\/wp-json\/wp\/v2\/product_tag?post=4791"}],"curies":[{"name":"wp","href":"https:\/\/api.w.org\/{rel}","templated":true}]}}