{"id":4600,"date":"2026-01-12T10:30:27","date_gmt":"2026-01-12T10:30:27","guid":{"rendered":"https:\/\/mueller-wrh.de\/produkt\/hardinge-gt27sp-gg-121_fanuc_fmb-unirobot-cnc-drehmaschine-bj-2013-_intnr231461\/"},"modified":"2026-01-12T10:30:27","modified_gmt":"2026-01-12T10:30:27","slug":"hardinge-gt27sp-gg-121_fanuc_fmb-unirobot-cnc-drehmaschine-bj-2013-_intnr231461","status":"publish","type":"product","link":"https:\/\/mueller-wrh.de\/nl\/product\/hardinge-gt27sp-gg-121_fanuc_fmb-unirobot-cnc-drehmaschine-bj-2013-_intnr231461\/","title":{"rendered":"HARDINGE GT27SP GG-121_Fanuc_FMB Unirobot CNC draaibank jaar 2013 _IntNo231461"},"content":{"rendered":"<p><b>Locatie:<\/b> Duitsland, Baden-W\u00fcrttemberg Zuidwesten<\/p>\n<p><b>Staat:<\/b> Gebruikt<\/p>\n<p><b>Fabrikant:<\/b> Hardinge<\/p>\n<p><b>Model:<\/b> GT27SP GG-121<\/p>\n<p><b>Bouwjaar:<\/b> 2013<\/p>\n<p><b>Openingstijden:<\/b> 59861<\/p>\n<p>Machinebenaming: CNC korte draaibank<br \/>\nFabrikant: Hardinge<br \/>\nModel: GT27SP GG-121<br \/>\nBouwjaar: 2013<br \/>\nBesturingssysteem: Fanuc 32i A<br \/>\nFunctionaliteit: volledig functioneel<br \/>\nVerwerkingsuren: ca. 60.000 uur<\/p>\n<p>Technische gegevens<br \/>\nSpindelboring: \u00d8 27 mm<br \/>\nSpindelhouder: A2-5<br \/>\nChuck max. 80mm<br \/>\nMax. Spiltoerental: 6.000 min-\u00b9<br \/>\nX-as: 607 mm<br \/>\nZ-as: 286 mm<\/p>\n<p>Koelvloeistofsysteem<\/p>\n<p>Laad- en lossysteem FMB MH5LS-SP \/ 5 werkstukpallets, dubbele grijper<br \/>\nAccessoires \/ Gereedschap \/ Handleidingen<\/p>\n<p>Gewicht en afmetingen van de machine<br \/>\nAfmetingen machine: ca. 1850 \u00d7 1750 \u00d7 1750 mm<br \/>\nGewicht machine: ca. 2100 kg<\/p>\n<p>Gewicht en afmetingen Laad- en lossysteem<br \/>\nAfmetingen machine: ca. 1900 \u00d7 950 \u00d7 2000 mm<br \/>\nGewicht machine: ca. 1000 kg<\/p>\n<p>Gewicht en afmetingen van koelsysteem<br \/>\nAfmetingen machine: ca. 1500 \u00d7 800 \u00d7 1100 mm<br \/>\nGewicht machine: ca. 250 kg<\/p>\n<p>De machine werkt volledig en is in goede gebruikte staat.<br \/>\nAarzel niet om contact met ons op te nemen voor meer informatie of een bezichtiging onder stroom.<br \/>\nOnder voorbehoud van wijzigingen en fouten in de technische gegevens en specificaties en voorafgaande verkoop!<\/p>\n<p>Machinetype: CNC korte draaibank<br \/>\nFabrikant: Hardinge<br \/>\nModel: GT27SP GG-121<br \/>\nJaar van fabricage: 2013<br \/>\nBesturing: Fanuc 32i A<br \/>\nOperationele status: Volledig operationeel<br \/>\nBedrijfsuren: ca. 60.000 uur<\/p>\n<p>Technische gegevens<\/p>\n<p>Asboring: \u00d8 27 mm<\/p>\n<p>Asneus: A2-5<\/p>\n<p>Chuck capaciteit: max. 80 mm<\/p>\n<p>Maximum spindelsnelheid: 6.000 tpm<\/p>\n<p>X-asverplaatsing: 607 mm<\/p>\n<p>Z-as slag: 286 mm<\/p>\n<p>Koelvloeistofsysteem<\/p>\n<p>Laad- en lossysteem: FMB MH5LS-SP \/ 5 werkstukpallets, dubbele grijper<\/p>\n<p>Accessoires \/ Gereedschap \/ Handleidingen<\/p>\n<p>Afmetingen en gewicht van de machine<\/p>\n<p>Afmetingen machine: ca. 1850 \u00d7 1750 \u00d7 1750 mm<\/p>\n<p>Gewicht machine: ca. 2100 kg<\/p>\n<p>Afmetingen en gewicht laad-\/ontlaadsysteem<\/p>\n<p>Afmetingen: ca. 1900 \u00d7 950 \u00d7 2000 mm<\/p>\n<p>Gewicht: ongeveer 1000 kg<\/p>\n<p>Afmetingen en gewicht koelsysteem<\/p>\n<p>Afmetingen: ca. 1500 \u00d7 800 \u00d7 1100 mm<\/p>\n<p>Gewicht: ongeveer 250 kg<\/p>\n<p>De machine is volledig operationeel en in goede gebruikte staat.<br \/>\nNeem voor meer informatie of een afspraak voor een live demonstratie onder stroom contact met ons op.<br \/>\nAlle technische gegevens en informatie zijn bij benadering. Onder voorbehoud van voorafgaande verkoop en fouten voorbehouden.<\/p>","protected":false},"excerpt":{"rendered":"<p>Standort: Deutschland, Baden-W\u00fcrttemberg S\u00fcdwest Zustand: Gebraucht Hersteller: Hardinge Modell: GT27SP GG-121 Baujahr: 2013 Betriebsstunden: 59861 Maschinenbezeichnung: CNC-Kurzdrehmaschine Hersteller: Hardinge Modell: GT27SP GG-121 Baujahr: 2013 Steuerung: Fanuc 32i A Funktionsf\u00e4higkeit: voll funktionsf\u00e4hig Bearbeitungsstunden: ca. 60.000 Stunden Technische Daten Spindelbohrung: \u00d8 27 mm Spindelaufnahme: A2-5 Spannfutter max. 80mm Max. Spindeldrehzahl: 6.000 min\u207b\u00b9 X-Achse: 607 mm Z-Achse: 286 [&hellip;]<\/p>\n","protected":false},"featured_media":4597,"comment_status":"open","ping_status":"closed","template":"","meta":{"_uf_show_specific_survey":0,"_uf_disable_surveys":false},"product_brand":[],"product_cat":[90],"product_tag":[],"class_list":{"0":"post-4600","1":"product","2":"type-product","3":"status-publish","4":"has-post-thumbnail","6":"product_cat-cnc-drehmaschinen-0-199mm-drehd","8":"first","9":"instock","10":"taxable","11":"shipping-taxable","12":"product-type-simple"},"aioseo_notices":[],"_links":{"self":[{"href":"https:\/\/mueller-wrh.de\/nl\/wp-json\/wp\/v2\/product\/4600","targetHints":{"allow":["GET"]}}],"collection":[{"href":"https:\/\/mueller-wrh.de\/nl\/wp-json\/wp\/v2\/product"}],"about":[{"href":"https:\/\/mueller-wrh.de\/nl\/wp-json\/wp\/v2\/types\/product"}],"replies":[{"embeddable":true,"href":"https:\/\/mueller-wrh.de\/nl\/wp-json\/wp\/v2\/comments?post=4600"}],"wp:featuredmedia":[{"embeddable":true,"href":"https:\/\/mueller-wrh.de\/nl\/wp-json\/wp\/v2\/media\/4597"}],"wp:attachment":[{"href":"https:\/\/mueller-wrh.de\/nl\/wp-json\/wp\/v2\/media?parent=4600"}],"wp:term":[{"taxonomy":"product_brand","embeddable":true,"href":"https:\/\/mueller-wrh.de\/nl\/wp-json\/wp\/v2\/product_brand?post=4600"},{"taxonomy":"product_cat","embeddable":true,"href":"https:\/\/mueller-wrh.de\/nl\/wp-json\/wp\/v2\/product_cat?post=4600"},{"taxonomy":"product_tag","embeddable":true,"href":"https:\/\/mueller-wrh.de\/nl\/wp-json\/wp\/v2\/product_tag?post=4600"}],"curies":[{"name":"wp","href":"https:\/\/api.w.org\/{rel}","templated":true}]}}