{"id":4596,"date":"2026-01-12T10:29:03","date_gmt":"2026-01-12T10:29:03","guid":{"rendered":"https:\/\/mueller-wrh.de\/produkt\/index-abc_fanuc_-cnc-drehmaschine-bj-2017-_intnr231463\/"},"modified":"2026-01-12T10:29:03","modified_gmt":"2026-01-12T10:29:03","slug":"index-abc_fanuc_-cnc-drehmaschine-bj-2017-_intnr231463","status":"publish","type":"product","link":"https:\/\/mueller-wrh.de\/nl\/product\/index-abc_fanuc_-cnc-drehmaschine-bj-2017-_intnr231463\/","title":{"rendered":"Index ABC_Fanuc_ CNC draaibank jaar 2017 _IntNo231463"},"content":{"rendered":"<p><b>Locatie:<\/b> Duitsland, Baden-W\u00fcrttemberg Zuidwesten<\/p>\n<p><b>Staat:<\/b> Gebruikt<\/p>\n<p><b>Fabrikant:<\/b> Index<\/p>\n<p><b>Model:<\/b> ABC<\/p>\n<p><b>Bouwjaar:<\/b> 2017<\/p>\n<p>Machinebenaming: CNC korte draaibank<br \/>\nFabrikant: Index<br \/>\nModel: ABC<br \/>\nBouwjaar: 2017<br \/>\nBesturingssysteem: Fanuc 32 i-B<br \/>\nFunctionaliteit: volledig functioneel<br \/>\nVerwerkingstijd: ca. uur<\/p>\n<p>Technische gegevens<br \/>\nSpindelboring: \u00d8 42 mm<br \/>\nTraverse- en invoergegevens<br \/>\nX-as slag: ca. 90 mm<br \/>\nZ-as slag: ca. 280 mm<br \/>\nSnelle verplaatsing X: ca. 27 m\/min<br \/>\nSnelle verplaatsing Z: ca. 36 m\/min<\/p>\n<p>Bovenste revolver (hoofdgereedschaphouder):<br \/>\nAantal stations: 8 (inclusief 1 synchroniseerbare positie)<br \/>\nGereedschapshouder: VDI 25<br \/>\nOndersteunt gedreven gereedschappen.<\/p>\n<p>Koepel laten zakken :<br \/>\nAantal stations: 6<br \/>\nZonder aandrijving<\/p>\n<p>Achterkant:<br \/>\n5 stations voor machinale bewerking aan de achterkant<\/p>\n<p>Gelijktijdig bewerken met maximaal 3 gereedschappen<\/p>\n<p>Koelsysteem - spanentransporteur <\/p>\n<p>Staafvoeder IRCO ILS MUK 7012-II Jaar 2015<br \/>\nAccessoires \/ Gereedschap \/ Handleidingen<\/p>\n<p>Gewicht en afmetingen van de machine<br \/>\nAfmetingen machine: ca. 2830 \u00d7 1500 \u00d7 2200 mm<br \/>\nMachinegewicht: ca. 3500 kg<\/p>\n<p>Gewicht en afmetingen van de spanentransporteur van het koelsysteem<br \/>\nAfmetingen machine: ca. 1600 \u00d7 1250 \u00d7 1780 mm<br \/>\nGewicht machine: ca. 680 kg<\/p>\n<p>Gewicht en afmetingen staafvoeder IRCO ILS MUK<br \/>\nAfmetingen machine: ca. 1800 \u00d7 1000 \u00d7 1280 mm<br \/>\nGewicht machine: ca. 650 kg<\/p>\n<p>De machine werkt volledig en is in goede gebruikte staat.<br \/>\nAarzel niet om contact met ons op te nemen voor meer informatie of een bezichtiging onder stroom.<br \/>\nOnder voorbehoud van wijzigingen en fouten in de technische gegevens en specificaties en voorafgaande verkoop!<\/p>\n<p>Machine-aanduiding: CNC korte draaibank<br \/>\nFabrikant: Index<br \/>\nModel: ABC<br \/>\nJaar van fabricage: 2017<br \/>\nBesturingssysteem: Fanuc 32i-B<br \/>\nOperationele status: Volledig operationeel<br \/>\nBedrijfsuren: ongeveer ___ uur<\/p>\n<p>Technische gegevens<\/p>\n<p>Asboring: \u00d8 42 mm<\/p>\n<p>Reis- en voerdata:<\/p>\n<p>X-as verplaatsing: ongeveer 90 mm<\/p>\n<p>Z-as verplaatsing: ca. 280 mm<\/p>\n<p>Snelle toevoer X: ca. 27 m\/min<\/p>\n<p>Snelle invoer Z: ca. 36 m\/min<\/p>\n<p>Bovenste revolver (hoofdgereedschaphouder):<\/p>\n<p>Aantal stations: 8 (1 synchroniseerbaar)<\/p>\n<p>Gereedschapshouder: VDI 25<\/p>\n<p>Ondersteunt gedreven tools<\/p>\n<p>Onderste revolver:<\/p>\n<p>Aantal stations: 6<\/p>\n<p>Niet-aangedreven<\/p>\n<p>Achterkant:<\/p>\n<p>5 stations voor werkzaamheden aan de achterkant<\/p>\n<p>Simultaan bewerken: tot 3 gereedschappen tegelijkertijd<\/p>\n<p>Koelsysteem &amp; Spanentransporteur<\/p>\n<p>Staafvoeding: IRCO ILS MUK 7012-II, Jaar 2015<\/p>\n<p>Accessoires \/ Gereedschap \/ Handleidingen<\/p>\n<p>Afmetingen en gewicht van de machine<\/p>\n<p>Machine: ca. 2830 \u00d7 1500 \u00d7 2200 mm, Gewicht: ca. 3500 kg<\/p>\n<p>Koelsysteem &amp; Spanentransporteur: ca. 1600 \u00d7 1250 \u00d7 1780 mm, Gewicht: ca. 680 kg<\/p>\n<p>Bar Feeder IRCO ILS MUK: ca. 1800 \u00d7 1000 \u00d7 1280 mm, Gewicht: ca. 650 kg<\/p>\n<p>De machine is volledig operationeel en in goede gebruikte staat.<br \/>\nNeem voor meer informatie of een live demonstratie onder stroom gerust contact met ons op.<br \/>\nTechnische gegevens en informatie zijn onder voorbehoud van wijzigingen en fouten. Voorverkoop voorbehouden.<\/p>","protected":false},"excerpt":{"rendered":"<p>Standort: Deutschland, Baden-W\u00fcrttemberg S\u00fcdwest Zustand: Gebraucht Hersteller: Index Modell: ABC Baujahr: 2017 Maschinenbezeichnung: CNC-Kurzdrehmaschine Hersteller: Index Modell: ABC Baujahr: 2017 Steuerung: Fanuc 32 i- B Funktionsf\u00e4higkeit: voll funktionsf\u00e4hig Bearbeitungsstunden: ca. Stunden Technische Daten Spindelbohrung: \u00d8 42 mm Verfahr- und Vorschubdaten X-Achse Verfahrweg: ca. 90 mm Z-Achse Verfahrweg: ca. 280 mm Eilgang X: ca. 27 m\/min [&hellip;]<\/p>\n","protected":false},"featured_media":4590,"comment_status":"open","ping_status":"closed","template":"","meta":{"_uf_show_specific_survey":0,"_uf_disable_surveys":false},"product_brand":[],"product_cat":[90],"product_tag":[],"class_list":{"0":"post-4596","1":"product","2":"type-product","3":"status-publish","4":"has-post-thumbnail","6":"product_cat-cnc-drehmaschinen-0-199mm-drehd","8":"first","9":"instock","10":"taxable","11":"shipping-taxable","12":"product-type-simple"},"aioseo_notices":[],"_links":{"self":[{"href":"https:\/\/mueller-wrh.de\/nl\/wp-json\/wp\/v2\/product\/4596","targetHints":{"allow":["GET"]}}],"collection":[{"href":"https:\/\/mueller-wrh.de\/nl\/wp-json\/wp\/v2\/product"}],"about":[{"href":"https:\/\/mueller-wrh.de\/nl\/wp-json\/wp\/v2\/types\/product"}],"replies":[{"embeddable":true,"href":"https:\/\/mueller-wrh.de\/nl\/wp-json\/wp\/v2\/comments?post=4596"}],"wp:featuredmedia":[{"embeddable":true,"href":"https:\/\/mueller-wrh.de\/nl\/wp-json\/wp\/v2\/media\/4590"}],"wp:attachment":[{"href":"https:\/\/mueller-wrh.de\/nl\/wp-json\/wp\/v2\/media?parent=4596"}],"wp:term":[{"taxonomy":"product_brand","embeddable":true,"href":"https:\/\/mueller-wrh.de\/nl\/wp-json\/wp\/v2\/product_brand?post=4596"},{"taxonomy":"product_cat","embeddable":true,"href":"https:\/\/mueller-wrh.de\/nl\/wp-json\/wp\/v2\/product_cat?post=4596"},{"taxonomy":"product_tag","embeddable":true,"href":"https:\/\/mueller-wrh.de\/nl\/wp-json\/wp\/v2\/product_tag?post=4596"}],"curies":[{"name":"wp","href":"https:\/\/api.w.org\/{rel}","templated":true}]}}