{"id":4461,"date":"2025-11-06T15:57:25","date_gmt":"2025-11-06T15:57:25","guid":{"rendered":"https:\/\/mueller-wrh.de\/produkt\/neu_lta-lufttechnik-e120-bsc-2-h-intnr23426\/"},"modified":"2025-11-09T07:35:53","modified_gmt":"2025-11-09T07:35:53","slug":"neu_lta-lufttechnik-e120-bsc-2-h-intnr23426","status":"publish","type":"product","link":"https:\/\/mueller-wrh.de\/nl\/product\/neu_lta-lufttechnik-e120-bsc-2-h-intnr23426\/","title":{"rendered":"NEW_LTA Lufttechnik E120 BSC-2-H, IntNo231426"},"content":{"rendered":"<p><b>Locatie:<\/b> Duitsland, Baden-W\u00fcrttemberg Zuidwesten<\/p>\n<p><b>Staat:<\/b> Gebruikt<\/p>\n<p><b>Fabrikant:<\/b> LTA<\/p>\n<p><b>Model:<\/b> E120 BSC-2H<\/p>\n<p><b>Bouwjaar:<\/b> 2025<\/p>\n<p><b>Openingstijden:<\/b> 0<\/p>\n<p>Filtratiesysteem E 120-BSC-2-H<br \/>\nOlie-\/emulsienevelafzuigsystemen<\/p>\n<p>EIGENSCHAPPEN \/ KENMERKEN:<br \/>\nOpeningsrichting servicedeur: in stroomrichting OMHOOG<br \/>\nLuchtuitlaat : RADIAAL<br \/>\nmet voorfilter en neutralisatiefilter mechanisch en:<br \/>\nbestaande uit twee elektrostatische filtratiefasen voor a\u00ebrosolen<br \/>\nvan<br \/>\nIonisatoren en collectoren<br \/>\n- Regelbare ventilator (ErP-Ready)<br \/>\n- Display klaar voor gebruik<br \/>\n- Elektriciteit volgens EN 60204<br \/>\n- Uitvoering van het hele systeem in overeenstemming met<br \/>\n  Machinerichtlijn <\/p>\n<p>TECHNISCHE GEGEVENS:<br \/>\nVentilatorcapaciteit: 2400 m\u00b3\/h (vrijblazend)<br \/>\nAfzuigcapaciteit: tot 1200 m\u00b3\/h<br \/>\nBedrijfsspanning: 230 V +\/-10 % (207-253 V)<br \/>\nFrequentie: 50-60 Hz<br \/>\nAangesloten vermogen: 0,93 kVA<br \/>\nDifferenti\u00eble druk: 840 Pa<br \/>\nGeluidsdrukniveau: ongeveer 70 dB<br \/>\nTemperatuur: max. 40 \u00b0C<br \/>\nBeschermingsklasse: IP 54 <\/p>\n<p>Overgangsstuk E\/M 120\/240, 200-S-B-90<\/p>\n<p>E-120-BSC-2 : 84213925 Land van herkomst CZ<br \/>\nNetstekker: 85444290 Land van herkomst DE<br \/>\nTariefnummer goederen\/douanetarief: 84213925 <\/p>\n<p>Afmetingen (L x B x H): 1130 x 660 x 610 mm <\/p>\n<p>Gewicht: ongeveer 110 kg <\/p>\n<p>Garantie: in overleg<br \/>\nLakafwerking: RAL 7035 (lichtgrijs) of (op afspraak)<br \/>\nLevertijd: in overleg<\/p>\n<p>Wijzigingen en fouten in de technische gegevens en informatie alsmede voorafgaande verkoop voorbehouden!<\/p>\n<p>Filtratiesysteem E 120-BSC-2-H<br \/>\nOlie-emulsienevelafscheidingseenheden<\/p>\n<p>KENMERKEN \/ EIGENSCHAPPEN:<\/p>\n<p>Openingsrichting servicedeur: naar boven, in stroomrichting<\/p>\n<p>Luchtuitlaat: radiaal<\/p>\n<p>Met voorfilter en mechanisch neutralisatiefilter en:<br \/>\ntwee elektrostatische filtratiefasen voor a\u00ebrosolen bestaande uit<br \/>\nionisatoren en collectoren<\/p>\n<p>Regelbare ventilator (ErP-ready)<\/p>\n<p>\"Indicator \"Gereed voor gebruik<\/p>\n<p>Elektrisch systeem volgens EN 60204<\/p>\n<p>Het hele systeem is ontworpen in overeenstemming met de toepasselijke machinerichtlijn<\/p>\n<p>TECHNISCHE GEGEVENS:<\/p>\n<p>Ventilatorcapaciteit: 2400 m\u00b3\/u (vrijblazend)<\/p>\n<p>Afzuigcapaciteit: tot 1200 m\u00b3\/h<\/p>\n<p>Bedrijfsspanning: 230 V +\/-10 % (207-253 V)<\/p>\n<p>Frequentie: 50-60 Hz<\/p>\n<p>Aangesloten vermogen: 0,93 kVA<\/p>\n<p>Differenti\u00eble druk: 840 Pa<\/p>\n<p>Geluidsdrukniveau: ongeveer 70 dB<\/p>\n<p>Temperatuur: max. 40 \u00b0C<\/p>\n<p>Beschermingsklasse: IP 54<\/p>\n<p>Overgangsstuk E\/M 120\/240, 200-S-B-90<\/p>\n<p>E-120-BSC-2: 84213925, land van oorsprong CZ<\/p>\n<p>Stekker: 85444290, land van herkomst DE<\/p>\n<p>Douanetariefnummer: 84213925<\/p>\n<p>Afmetingen (L x B x H): 1130 x 660 x 610 mm<br \/>\nGewicht: ongeveer 110 kg<br \/>\nGarantie: afhankelijk van overeenkomst<br \/>\nLakafwerking: RAL 7035 (lichtgrijs) of (zoals overeengekomen)<br \/>\nLevertijd: afhankelijk van overeenkomst<\/p>\n<p>Technische gegevens en informatie onder voorbehoud van wijzigingen en fouten. Tussentijdse verkoop voorbehouden.<\/p>","protected":false},"excerpt":{"rendered":"<p>Standort: Deutschland, Baden-W\u00fcrttemberg S\u00fcdwest Zustand: Gebraucht Hersteller: LTA Modell: E120 BSC-2H Baujahr: 2025 Betriebsstunden: 0 Filtrationssystem E 120-BSC-2-H \u00d6l-\/Emulsionsnebel-Abzugsanlagen EIGENSCHAFTEN \/ MERKMALE: \u00d6ffnungsrichtung Servicet\u00fcr: in Str\u00f6mungsrichtung OBEN Luftauslass : RADIAL mit Vorfilter und Neutralisationsfilter mechanisch sowie: zwei elektrostatischen Filtrationsstufen f\u00fcr Aerosole bestehend aus Ionisatoren und Kollektoren &#8211; Regelbares Gebl\u00e4se (ErP-Ready) &#8211; Anzeige Betriebsbereit &#8211; Elektrik [&hellip;]<\/p>\n","protected":false},"featured_media":4462,"comment_status":"open","ping_status":"closed","template":"","meta":{"_uf_show_specific_survey":0,"_uf_disable_surveys":false},"product_brand":[],"product_cat":[19],"product_tag":[],"class_list":{"0":"post-4461","1":"product","2":"type-product","3":"status-publish","4":"has-post-thumbnail","6":"product_cat-oel-emulsionsnebel-abzugsanlagen","8":"first","9":"instock","10":"taxable","11":"shipping-taxable","12":"product-type-simple"},"aioseo_notices":[],"_links":{"self":[{"href":"https:\/\/mueller-wrh.de\/nl\/wp-json\/wp\/v2\/product\/4461","targetHints":{"allow":["GET"]}}],"collection":[{"href":"https:\/\/mueller-wrh.de\/nl\/wp-json\/wp\/v2\/product"}],"about":[{"href":"https:\/\/mueller-wrh.de\/nl\/wp-json\/wp\/v2\/types\/product"}],"replies":[{"embeddable":true,"href":"https:\/\/mueller-wrh.de\/nl\/wp-json\/wp\/v2\/comments?post=4461"}],"wp:featuredmedia":[{"embeddable":true,"href":"https:\/\/mueller-wrh.de\/nl\/wp-json\/wp\/v2\/media\/4462"}],"wp:attachment":[{"href":"https:\/\/mueller-wrh.de\/nl\/wp-json\/wp\/v2\/media?parent=4461"}],"wp:term":[{"taxonomy":"product_brand","embeddable":true,"href":"https:\/\/mueller-wrh.de\/nl\/wp-json\/wp\/v2\/product_brand?post=4461"},{"taxonomy":"product_cat","embeddable":true,"href":"https:\/\/mueller-wrh.de\/nl\/wp-json\/wp\/v2\/product_cat?post=4461"},{"taxonomy":"product_tag","embeddable":true,"href":"https:\/\/mueller-wrh.de\/nl\/wp-json\/wp\/v2\/product_tag?post=4461"}],"curies":[{"name":"wp","href":"https:\/\/api.w.org\/{rel}","templated":true}]}}