{"id":4433,"date":"2025-10-31T17:15:18","date_gmt":"2025-10-31T17:15:18","guid":{"rendered":"https:\/\/mueller-wrh.de\/produkt\/teilereinigungsanlage-pero-ro_bj-2019-intnr231388\/"},"modified":"2025-10-31T17:15:18","modified_gmt":"2025-10-31T17:15:18","slug":"teilereinigungsanlage-pero-ro_bj-2019-intnr231388","status":"publish","type":"product","link":"https:\/\/mueller-wrh.de\/nl\/product\/teilereinigungsanlage-pero-ro_bj-2019-intnr231388\/","title":{"rendered":"Onderdelenreinigingssysteem PERO RO_Jaar 2019 IntNo231388"},"content":{"rendered":"<p><b>Locatie:<\/b> Duitsland, Baden-W\u00fcrttemberg Zuidwesten<\/p>\n<p><b>Staat:<\/b> Gebruikt<\/p>\n<p><b>Fabrikant:<\/b> Pero<\/p>\n<p><b>Model:<\/b> R0\/057 EX8240<\/p>\n<p><b>Bouwjaar:<\/b> 2019<\/p>\n<p>Technische beschrijving - PERO RO<br \/>\nIndustrieel onderdelenreinigingssysteem op basis van oplosmiddelen<br \/>\nDe PERO RO is een hoogwaardig industrieel onderdelenreinigingssysteem voor het effectief en milieuvriendelijk reinigen van werkstukken en componenten met oplosmiddelen. Het is geschikt voor een groot aantal toepassingen in de metaalverwerkende industrie en garandeert hoge reinheidsnormen bij een zuinige werking.<br \/>\nKenmerken:<br \/>\n- Reinigen met organische oplosmiddelen (bijv. koolwaterstoffen of gemodificeerde alcoholen)<br \/>\n- Gesloten werkproces met ge\u00efntegreerd oplosmiddelcircuit<br \/>\n- Geschikt voor kleine tot middelgrote batches en verschillende onderdeelgeometrie\u00ebn<br \/>\n- Geautomatiseerde procesbesturing voor reproduceerbare reinigingsresultaten<br \/>\n- Robuust ontwerp voor continu industrieel gebruik<br \/>\nTypische toepassingsgebieden:<br \/>\n- Ontvetten van gedraaide en gefreesde onderdelen<br \/>\n- Reinigen voor installatie of coating<br \/>\n- Verwijderen van koelsmeermiddelen, oli\u00ebn en deeltjes<\/p>\n<p>De machine kan op afspraak worden ge\u00efnspecteerd.<br \/>\nWijzigingen en fouten in de technische gegevens en informatie alsmede voorafgaande verkoop voorbehouden!<\/p>\n<p>Technische beschrijving - PERO RO<br \/>\nIndustrieel onderdelenreinigingssysteem op basis van oplosmiddelen<br \/>\nDe PERO RO is een krachtig industrieel onderdelenreinigingssysteem voor het effectief en milieuvriendelijk reinigen van werkstukken en onderdelen met oplosmiddelen. Het is geschikt voor een groot aantal toepassingen in de metaalverwerkende industrie en garandeert een hoge reinheidsstandaard bij een zuinige werking.<br \/>\nKenmerken:<br \/>\n- Reinigen met organische oplosmiddelen (bijv. koolwaterstoffen of gemodificeerde alcoholen)<br \/>\n- Gesloten werkproces met ge\u00efntegreerde oplosmiddelcirculatie<br \/>\n- Geschikt voor kleine tot middelgrote batches en verschillende onderdeelgeometrie\u00ebn<br \/>\n- Geautomatiseerde procesbesturing voor reproduceerbare reinigingsresultaten<br \/>\n- Robuust ontwerp voor continu industrieel gebruik<br \/>\nTypische toepassingsgebieden:<br \/>\n- Ontvetten van gedraaide en gefreesde onderdelen<br \/>\n- Reiniging voor assemblage of coating<br \/>\n- Verwijderen van koelsmeermiddelen, oli\u00ebn en deeltjes<\/p>\n<p>De machine kan op afspraak worden bezichtigd.<br \/>\nWijzigingen en fouten in de technische gegevens en specificaties, evenals voorafgaande verkoop voorbehouden!<\/p>","protected":false},"excerpt":{"rendered":"<p>Standort: Deutschland, Baden-W\u00fcrttemberg S\u00fcdwest Zustand: Gebraucht Hersteller: Pero Modell: R0\/057 EX8240 Baujahr: 2019 Technische Beschreibung \u2013 PERO RO Industrielle Teilereinigungsanlage auf L\u00f6semittelbasis Die PERO RO ist eine leistungsstarke industrielle Teilereinigungsanlage zur effektiven und umweltgerechten Reinigung von Werkst\u00fccken und Bauteilen mit L\u00f6semitteln. Sie eignet sich f\u00fcr unterschiedlichste Anwendungen in der metallverarbeitenden Industrie und garantiert hohe Sauberkeitsstandards [&hellip;]<\/p>\n","protected":false},"featured_media":4425,"comment_status":"open","ping_status":"closed","template":"","meta":{"_uf_show_specific_survey":0,"_uf_disable_surveys":false},"product_brand":[],"product_cat":[109],"product_tag":[],"class_list":{"0":"post-4433","1":"product","2":"type-product","3":"status-publish","4":"has-post-thumbnail","6":"product_cat-industrielle-reinigungsanlagen","8":"first","9":"instock","10":"taxable","11":"shipping-taxable","12":"product-type-simple"},"aioseo_notices":[],"_links":{"self":[{"href":"https:\/\/mueller-wrh.de\/nl\/wp-json\/wp\/v2\/product\/4433","targetHints":{"allow":["GET"]}}],"collection":[{"href":"https:\/\/mueller-wrh.de\/nl\/wp-json\/wp\/v2\/product"}],"about":[{"href":"https:\/\/mueller-wrh.de\/nl\/wp-json\/wp\/v2\/types\/product"}],"replies":[{"embeddable":true,"href":"https:\/\/mueller-wrh.de\/nl\/wp-json\/wp\/v2\/comments?post=4433"}],"wp:featuredmedia":[{"embeddable":true,"href":"https:\/\/mueller-wrh.de\/nl\/wp-json\/wp\/v2\/media\/4425"}],"wp:attachment":[{"href":"https:\/\/mueller-wrh.de\/nl\/wp-json\/wp\/v2\/media?parent=4433"}],"wp:term":[{"taxonomy":"product_brand","embeddable":true,"href":"https:\/\/mueller-wrh.de\/nl\/wp-json\/wp\/v2\/product_brand?post=4433"},{"taxonomy":"product_cat","embeddable":true,"href":"https:\/\/mueller-wrh.de\/nl\/wp-json\/wp\/v2\/product_cat?post=4433"},{"taxonomy":"product_tag","embeddable":true,"href":"https:\/\/mueller-wrh.de\/nl\/wp-json\/wp\/v2\/product_tag?post=4433"}],"curies":[{"name":"wp","href":"https:\/\/api.w.org\/{rel}","templated":true}]}}