{"id":4333,"date":"2025-10-24T12:43:12","date_gmt":"2025-10-24T12:43:12","guid":{"rendered":"https:\/\/mueller-wrh.de\/produkt\/dmg-gildemeister-sprint-ms36-2_multisprint-36_bj-2018_-intnr231416\/"},"modified":"2025-10-27T12:51:34","modified_gmt":"2025-10-27T12:51:34","slug":"dmg-gildemeister-sprint-ms36-2_multisprint-36_bj-2018_-intnr231416","status":"publish","type":"product","link":"https:\/\/mueller-wrh.de\/nl\/product\/dmg-gildemeister-sprint-ms36-2_multisprint-36_bj-2018_-intnr231416\/","title":{"rendered":"DMG Gildemeister SPRINT MS36-2_MULTISPRINT 36_Jaar 2018_ IntNr231416"},"content":{"rendered":"<p><b>Locatie:<\/b> Duitsland, Baden-W\u00fcrttemberg Zuidwesten<\/p>\n<p><b>Staat:<\/b> Zo goed als nieuw<\/p>\n<p><b>Fabrikant:<\/b> DMG<\/p>\n<p><b>Model:<\/b> MULTISPRINT MS36-2<\/p>\n<p><b>Bouwjaar:<\/b> 2018<\/p>\n<p><b>Openingstijden:<\/b> 31241<\/p>\n<p>CNC-DMG Gildemeister MULTISPRINT 36 \/ SWISSTYPE bewerking tot 170 mm draailengte<br \/>\nBouwjaar: 2018<br \/>\nBedrijfsuren: 47548<br \/>\nVerwerkingstijd: 31241<br \/>\nStatus: oktober 2025<br \/>\nBesturingssysteem: Fanuc 30i B<\/p>\n<p>Maximale flexibiliteit van de MULTISPRINT dankzij de modulariteit en Y-assen in elke positie<br \/>\nGebruik van aangedreven gereedschap op alle spilposities<br \/>\nStandaard Y-as op alle spindelposities<br \/>\nSWISSTYPEkit voor kort en lang draaien tot 170 mm lengte<br \/>\nBewerking van klauwplaten of staven: staven van 4 tot \u00f8 36 mm, klauwplaatonderdelen tot \u00f8 50 mm Dubbelzijdig en excentrisch bewerken<\/p>\n<p>Machinetype: Automatische draaibank met meerdere assen<br \/>\nSWISSTYPE bewerking: tot 170 mm draailengte<br \/>\nBesturing: FANUC serie 30i<br \/>\nMaximale flexibiliteit dankzij modulariteit en Y-assen op alle spindelposities<br \/>\nGebruik van aangedreven gereedschap op alle spilposities<br \/>\nBewerking: staven van \u00d8 4 - 36 mm, klauwplaatonderdelen tot \u00d8 50 mm<br \/>\nDubbelzijdige en excentrische verwerking mogelijk<\/p>\n<p>Prestatiegegevens<br \/>\nFunctie Waarde<br \/>\nMax. Diameter werkstuk 36 mm<br \/>\nMax. Werkstuklengte 170 mm<br \/>\nMax. Staafdoorgang 36 mm<br \/>\nVerplaatsingspaden (X \/ Y \/ Z) 50 \/ 100 \/ 170 mm<\/p>\n<p>Hoofdspindels<br \/>\nHoeveelheid: 6<br \/>\nC-as (hoekresolutie): 0,002\u00b0<br \/>\nDwarsdoorsnede: 6 \u00d7 (X\/Y-as)<br \/>\nRijafstand Z1-Z6: 170 mm (met SWISSTYPE-kit)<br \/>\nMax. Stangdoorgang: \u00d8 40 mm<br \/>\nSnelheid: tot 7 500 min-\u00b9<br \/>\nAandrijfvermogen (100 % ED): 13,3 kW<br \/>\nKoppel (100 % ED): 32 Nm<br \/>\nTrommelindexeringstijd: 0,65 s<\/p>\n<p>Tellerspindel Oppakspindels<br \/>\nAantal: 2 (C-as met X\/Y\/Z-as)<br \/>\nDoorgaand gat: \u00d8 40 mm<br \/>\nSnelheid: 7 500 min-\u00b9<br \/>\nAandrijfvermogen: 13,3 kW<br \/>\nKoppel: 32 Nm<br \/>\nRijafstand (Z7-Z8): 410 mm<br \/>\nDwarswegen (X7-X8 \/ Y7-Y8): 277 \/ 312 mm<br \/>\nSnelle verplaatsingssnelheid: 40 m\/min<\/p>\n<p>Gereedschaphouder op kruisslede<br \/>\nMax. Aantal gereedschappen: 3<br \/>\nSnelheid: 3 900 \/ 8 000 \/ 13 800 min-\u00b9<br \/>\nAandrijfvermogen (100 % ED): 0,9 kW<br \/>\nKoppel (100 % ED): 5,8 \/ 2,9 \/ 1,7 Nm<br \/>\nDwarswegen (X1-X6 \/ Y1-Y6): 50 \/ 100 mm<br \/>\nSnelle verplaatsingssnelheid: 20 m\/min<br \/>\nWagen voor machinale bewerking aan de achterkant<br \/>\nSnelheid (U7-U8): 3 900 \/ 8 000 \/ 13 800 min-\u00b9<br \/>\nAandrijfvermogen: 0,9 kW<br \/>\nKoppel: 5,8 \/ 2,9 \/ 1,7 Nm<br \/>\nBedieningsdisplay: 15\u2033 kleurendisplay (\u00d7 2)<br \/>\nSpansysteem: Hainbuch TOPlus 40 Achsfix spantanghouder<\/p>\n<p>Scharnierende bandtransporteur met opvoerpomp<br \/>\nHogedruksysteem voor olie (filter 50 \/ 25 \u00b5m, pompen 5 \/ 12 MPa)<br \/>\nDiverse gereedschapshouders<br \/>\nBrandblussysteem<br \/>\nStaafinvoer (versie met bovenlader)<br \/>\nWerkstuklaadsysteem<\/p>\n<p>De machine is elektrisch en mechanisch volledig functioneel en kan op afspraak onder stroom worden ge\u00efnspecteerd.<br \/>\nWijzigingen en fouten in de technische gegevens en informatie alsmede voorafgaande verkoop voorbehouden!<\/p>\n<p>CNC-DMG Gildemeister MULTISPRINT 36 \/ SWISSTYPE bewerking tot 170 mm draailengte<br \/>\nProductiejaar: 2018<br \/>\nBedrijfsuren: 47548<br \/>\nBewerkingstijd: 31241<br \/>\nStatus: oktober 2025<br \/>\nBesturing: Fanuc 30i B<\/p>\n<p>Maximale flexibiliteit van de MULTISPRINT dankzij de modulariteit en Y-assen in elke positie<br \/>\nGebruik van aangedreven gereedschap op alle spilposities<br \/>\nStandaard Y-as op alle spindelposities<br \/>\nSWISSTYPEkit voor kort en lang draaien tot 170 mm lengte<br \/>\nBewerking van klauwplaten of staven: staven van 4 tot \u00f8 36 mm, klauwplaatonderdelen tot \u00f8 50 mm Dubbele bewerking achter en buiten het midden<\/p>\n<p>Machinetype: Automatische draaibank met meerdere assen<br \/>\nSWISSTYPE bewerking: tot 170 mm draailengte<br \/>\nBesturing: FANUC serie 30i<br \/>\nMaximale flexibiliteit dankzij modulariteit en Y-assen op alle spindelposities<br \/>\nGebruik van aangedreven gereedschap op alle spilposities<br \/>\nBewerking: Staven van \u00d8 4 - 36 mm, klauwplaatonderdelen tot \u00d8 50 mm<br \/>\nDubbele bewerking achter en buiten het midden mogelijk<\/p>\n<p>Prestatiegegevens<br \/>\nFunctie Waarde<br \/>\nMax. diameter werkstuk 36 mm<br \/>\nMax. werkstuklengte 170 mm<br \/>\nMax. barcapaciteit 36 mm<br \/>\nVerplaatsing (X \/ Y \/ Z) 50 \/ 100 \/ 170 mm<\/p>\n<p>Hoofdspindels<br \/>\nAantal: 6<br \/>\nC-assen (hoekresolutie): 0,002\u00b0<br \/>\nKruisgleuven: 6 \u00d7 (X\/Y-as)<br \/>\nVerplaatsing Z1-Z6: 170 mm (met SWISSTYPE-kit)<br \/>\nMax. barcapaciteit: \u00d8 40 mm<br \/>\nSnelheid: tot 7.500 tpm<br \/>\nAandrijfvermogen (bedrijfscyclus 100%): 13,3 kW<br \/>\nKoppel (bedrijfscyclus 100%): 32 Nm<br \/>\nTrommelindexeringstijd: 0,65 s<\/p>\n<p>Tellerspindel Oppakspindels<br \/>\nAantal: 2 (C-assen met X\/Y\/Z-assen)<br \/>\nDoorgaand gat: \u00d8 40 mm<br \/>\nSnelheid: 7.500 tpm<br \/>\nAandrijfvermogen: 13,3 kW<br \/>\nKoppel: 32 Nm<br \/>\nRijafstanden (Z7-Z8): 410 mm<br \/>\nVerplaatsing (X7-X8 \/ Y7-Y8): 277 \/ 312 mm<br \/>\nSnelle verplaatsingssnelheid: 40 m\/min<\/p>\n<p>Gereedschaphouder op kruisslede<br \/>\nMax. aantal gereedschappen: 3<br \/>\nSnelheid: 3.900 \/ 8.000 \/ 13.800 tpm<br \/>\nAandrijfvermogen (bedrijfscyclus 100%): 0,9 kW<br \/>\nKoppel (bedrijfscyclus 100%): 5,8 \/ 2,9 \/ 1,7 Nm<br \/>\nRijafstanden (X1-X6 \/ Y1-Y6): 50 \/ 100 mm<br \/>\nSnelle verplaatsingssnelheid: 20 m\/min<br \/>\nSlede voor machinale bewerking van achteren<br \/>\nSnelheid (U7-U8): 3.900 \/ 8.000 \/ 13.800 min-\u00b9<br \/>\nAandrijfvermogen: 0,9 kW<br \/>\nKoppel: 5,8 \/ 2,9 \/ 1,7 Nm<br \/>\nBedieningsdisplay: 15\u2033 kleurendisplay (\u00d7 2)<br \/>\nSpansysteem: Hainbuch TOPlus 40 Axiaal vaste spantanghouder<\/p>\n<p>Scharnierende bandtransporteur met opvoerpomp<br \/>\nHogedruksysteem voor olie (filter 50 \/ 25 \u00b5m, pompen 5 \/ 12 MPa)<br \/>\nDiverse gereedschapshouders<br \/>\nBrandblussysteem<br \/>\nBarlaadmagazijn (plat laderontwerp)<br \/>\nWerkstuklaadsysteem<\/p>\n<p>De machine is volledig functioneel, zowel elektrisch als mechanisch, en kan op afspraak onder stroom worden bekeken.<br \/>\nWijzigingen en fouten in de technische gegevens en specificaties, evenals voorafgaande verkoop voorbehouden!<\/p>","protected":false},"excerpt":{"rendered":"<p>Standort: Deutschland, Baden-W\u00fcrttemberg S\u00fcdwest Zustand: Neuwertig Hersteller: DMG Modell: MULTISPRINT MS36-2 Baujahr: 2018 Betriebsstunden: 31241 CNC-DMG Gildemeister MULTISPRINT 36 \/ SWISSTYPE-Bearbeitung bis 170 mm Drehl\u00e4nge Baujahr: 2018 Betriebsstunden: 47548 Bearbeitungszeit: 31241 Stand: Oktober 2025 Steuerung: Fanuc 30i B H\u00f6chste Flexibilit\u00e4t der MULTISPRINT dank ihrer Modularit\u00e4t und ihrer Y-Achsen in jeder Postion Einsatz angetriebener Werkzeuge auf [&hellip;]<\/p>\n","protected":false},"featured_media":4346,"comment_status":"open","ping_status":"closed","template":"","meta":{"_uf_show_specific_survey":0,"_uf_disable_surveys":false},"product_brand":[],"product_cat":[108],"product_tag":[],"class_list":{"0":"post-4333","1":"product","2":"type-product","3":"status-publish","4":"has-post-thumbnail","6":"product_cat-mehrspindler","8":"first","9":"instock","10":"taxable","11":"shipping-taxable","12":"product-type-simple"},"aioseo_notices":[],"_links":{"self":[{"href":"https:\/\/mueller-wrh.de\/nl\/wp-json\/wp\/v2\/product\/4333","targetHints":{"allow":["GET"]}}],"collection":[{"href":"https:\/\/mueller-wrh.de\/nl\/wp-json\/wp\/v2\/product"}],"about":[{"href":"https:\/\/mueller-wrh.de\/nl\/wp-json\/wp\/v2\/types\/product"}],"replies":[{"embeddable":true,"href":"https:\/\/mueller-wrh.de\/nl\/wp-json\/wp\/v2\/comments?post=4333"}],"wp:featuredmedia":[{"embeddable":true,"href":"https:\/\/mueller-wrh.de\/nl\/wp-json\/wp\/v2\/media\/4346"}],"wp:attachment":[{"href":"https:\/\/mueller-wrh.de\/nl\/wp-json\/wp\/v2\/media?parent=4333"}],"wp:term":[{"taxonomy":"product_brand","embeddable":true,"href":"https:\/\/mueller-wrh.de\/nl\/wp-json\/wp\/v2\/product_brand?post=4333"},{"taxonomy":"product_cat","embeddable":true,"href":"https:\/\/mueller-wrh.de\/nl\/wp-json\/wp\/v2\/product_cat?post=4333"},{"taxonomy":"product_tag","embeddable":true,"href":"https:\/\/mueller-wrh.de\/nl\/wp-json\/wp\/v2\/product_tag?post=4333"}],"curies":[{"name":"wp","href":"https:\/\/api.w.org\/{rel}","templated":true}]}}