{"id":4286,"date":"2025-10-18T09:40:01","date_gmt":"2025-10-18T09:40:01","guid":{"rendered":"https:\/\/mueller-wrh.de\/produkt\/star-sv-32jii_bj-2002_-typ-440_intnr231159\/"},"modified":"2025-10-18T09:40:01","modified_gmt":"2025-10-18T09:40:01","slug":"star-sv-32jii_bj-2002_-typ-440_intnr231159","status":"publish","type":"product","link":"https:\/\/mueller-wrh.de\/nl\/product\/star-sv-32jii_bj-2002_-typ-440_intnr231159\/","title":{"rendered":"Star SV-32JII_Jaar 2002_Type 440_IntNo231159"},"content":{"rendered":"<p><b>Locatie:<\/b> Duitsland, Baden-W\u00fcrttemberg Zuidwesten<\/p>\n<p><b>Staat:<\/b> Gebruikt<\/p>\n<p><b>Fabrikant:<\/b> STAR Micronics<\/p>\n<p><b>Model:<\/b> SV-32<\/p>\n<p><b>Bouwjaar:<\/b> 2002<\/p>\n<p><b>Openingstijden:<\/b> 18000<\/p>\n<p>IntNo231159<br \/>\nMachinetype CNC automatische draaibank met schuifkop<br \/>\nFabrikant STAR Micronics<br \/>\nModel SV32 JII<br \/>\nBouwjaar 2002<br \/>\nStaat zeer goed (gebruikt)<br \/>\nZeer goed onderhouden machine rechtstreeks van de gebruiker<br \/>\nMachine heeft alleen met olie gedraaid<br \/>\nBedrijfsuren ongeveer 18.000 uur.<br \/>\nStandaard machineaccessoires<br \/>\n. Synchroon aangedreven geleidebus<br \/>\n. C-as op hoofd- en opnamespil<br \/>\n. Werkstuk transportband<br \/>\n. Spantanghuls hoofdspil F37 (673-53)<br \/>\n. Spantanghuls opnamespindel F37 (673-73)<br \/>\n. 3-spindel kruisbooreenheid<br \/>\n. 4-station gereedschaphouder 16x16mm<br \/>\n. Pick-up spindel met 32 mm pick-up capaciteit<br \/>\n. Deel uitblaasinrichting naar voren<br \/>\n. Onderdelen uitwerper, onderdelen uitwerpbeveiliging,<br \/>\n. Doorslijpstaal breukbescherming<br \/>\n. Aparte koelolietank met niveau- en debietbewaking<br \/>\n. Automatische centrale smeereenheid met oliepeilcontrole<br \/>\n. Stelbouten en -platen, gereedschapskist<br \/>\n. Interface voor staafdoseerapparaat<br \/>\n. Interface RS232C<\/p>\n<p>FMB Turbo 3-26 laadmagazijn gebouwd in 2004<br \/>\nBrandblussysteem Kraft &amp; Bauer \/ GUT Feuerschutz<br \/>\nSpanentransporteur Mayfran<\/p>\n<p>De machine kan op afspraak worden ge\u00efnspecteerd.<br \/>\nWijzigingen en fouten in de technische gegevens en informatie alsmede voorafgaande verkoop voorbehouden!<\/p>\n<p>IntNo231159<br \/>\nMachinetype CNC automatische draaibank met schuifkop<br \/>\nFabrikant STAR Micronics<br \/>\nModel SV32 JII<br \/>\nbouwjaar 2002<br \/>\nStaat zeer goed (gebruikt)<br \/>\nZeer goed onderhouden machine rechtstreeks van de gebruiker<br \/>\nMachine heeft alleen met olie gedraaid<br \/>\nBedrijfsuren ongeveer 18.000 uur<br \/>\nStandaard accessoires machine<br \/>\n. Synchroon aangedreven geleidebus<br \/>\n. C-as op hoofd- en opnamespil<br \/>\n. Werkstuk transportband<br \/>\n. Spantanghuls hoofdspil F37 (673-53)<br \/>\n. Spantanghuls opnamespindel F37 (673-73)<br \/>\n. 3-spindel kruisbooreenheid<br \/>\n. 4-station gereedschaphouder 16x16mm<br \/>\n. Pick-up spindel met pick-up capaciteit 32mm<br \/>\n. Deel uitblaasinrichting naar voren<br \/>\n. Onderdelenuitwerper, onderdelenuitwerpbeveiliging ,<br \/>\n. Bescherming tegen staalbreuk<br \/>\n. Aparte koelolietank met niveau- en debietbewaking<br \/>\n. Automatische centrale smeereenheid met oliepeilcontrole<br \/>\n. Waterpasbouten en -platen, gereedschapskist<br \/>\n. Interface voor staafdosering<br \/>\n. Interface RS232C<\/p>\n<p>FMB laadtijdschrift Turbo 3-26 jaar 2004<br \/>\nBrandblussysteem Kraft &amp; Bauer \/ GUT Feuerschutz<br \/>\nSpanentransporteur Mayfran<\/p>\n<p>De machine kan op afspraak worden ge\u00efnspecteerd.<br \/>\nWijzigingen en fouten in de technische gegevens en informatie alsmede voorafgaande verkoop voorbehouden!<\/p>","protected":false},"excerpt":{"rendered":"<p>Standort: Deutschland, Baden-W\u00fcrttemberg S\u00fcdwest Zustand: Gebraucht Hersteller: STAR Micronics Modell: SV-32 Baujahr: 2002 Betriebsstunden: 18000 IntNr231159 Maschinentyp CNC-Langdrehautomat Hersteller STAR Micronics Modell SV32 JII Baujahr 2002 Zustand sehr gut (gebraucht) Sehr gepflegte Maschine direkt vom Anwender Maschine ist nur mit \u00d6l gelaufen Betriebsstunden um die 18.000std. Standardzubeh\u00f6r Maschine . Synchron angetriebene F\u00fchrungsb\u00fcchse . C-Achse auf [&hellip;]<\/p>\n","protected":false},"featured_media":4280,"comment_status":"open","ping_status":"closed","template":"","meta":{"_uf_show_specific_survey":0,"_uf_disable_surveys":false},"product_brand":[],"product_cat":[23],"product_tag":[],"class_list":{"0":"post-4286","1":"product","2":"type-product","3":"status-publish","4":"has-post-thumbnail","6":"product_cat-cnc-langdrehmaschinen","8":"first","9":"instock","10":"taxable","11":"shipping-taxable","12":"product-type-simple"},"aioseo_notices":[],"_links":{"self":[{"href":"https:\/\/mueller-wrh.de\/nl\/wp-json\/wp\/v2\/product\/4286","targetHints":{"allow":["GET"]}}],"collection":[{"href":"https:\/\/mueller-wrh.de\/nl\/wp-json\/wp\/v2\/product"}],"about":[{"href":"https:\/\/mueller-wrh.de\/nl\/wp-json\/wp\/v2\/types\/product"}],"replies":[{"embeddable":true,"href":"https:\/\/mueller-wrh.de\/nl\/wp-json\/wp\/v2\/comments?post=4286"}],"wp:featuredmedia":[{"embeddable":true,"href":"https:\/\/mueller-wrh.de\/nl\/wp-json\/wp\/v2\/media\/4280"}],"wp:attachment":[{"href":"https:\/\/mueller-wrh.de\/nl\/wp-json\/wp\/v2\/media?parent=4286"}],"wp:term":[{"taxonomy":"product_brand","embeddable":true,"href":"https:\/\/mueller-wrh.de\/nl\/wp-json\/wp\/v2\/product_brand?post=4286"},{"taxonomy":"product_cat","embeddable":true,"href":"https:\/\/mueller-wrh.de\/nl\/wp-json\/wp\/v2\/product_cat?post=4286"},{"taxonomy":"product_tag","embeddable":true,"href":"https:\/\/mueller-wrh.de\/nl\/wp-json\/wp\/v2\/product_tag?post=4286"}],"curies":[{"name":"wp","href":"https:\/\/api.w.org\/{rel}","templated":true}]}}