{"id":4081,"date":"2025-09-22T12:09:45","date_gmt":"2025-09-22T12:09:45","guid":{"rendered":"https:\/\/mueller-wrh.de\/produkt\/gebr-weiler-ergodor_bj-1998-intnr231387\/"},"modified":"2025-09-22T12:09:45","modified_gmt":"2025-09-22T12:09:45","slug":"gebr-weiler-ergodor_bj-1998-intnr231387","status":"publish","type":"product","link":"https:\/\/mueller-wrh.de\/nl\/product\/gebr-weiler-ergodor_bj-1998-intnr231387\/","title":{"rendered":"brandschoon gehucht ERGODOR_gebouwd 1998, IntNo231387"},"content":{"rendered":"<p><b>Locatie:<\/b> Duitsland, Baden-W\u00fcrttemberg Zuidwesten<\/p>\n<p><b>Staat:<\/b> Gebruikt<\/p>\n<p><b>Model:<\/b> Ergodor<\/p>\n<p><b>Bouwjaar:<\/b> 1998<\/p>\n<p>Mechanische draaibank WEILER, ERGODOR, bouwjaar 1998<br \/>\nPrecisiecenterdraaibank in ergonomisch ontwerp<\/p>\n<p>Technische gegevens<br \/>\nMax. Draaidiameter over het bed: ca. 320 mm<br \/>\nMax. Draaidiameter over steun: ca. 160 mm<br \/>\nMax. Draailengte: ca. 470 mm<br \/>\nOpening staaf: ca. 36 mm<br \/>\nSpindel: Toerentalbereik: ca. 30 - 3550 tpm<br \/>\nSpilneus: A 2 - 5<br \/>\nAandrijfvermogen: ca. 3,0 kW<br \/>\nAutomatische langs- en vlakinvoer:<br \/>\nAanvoerbereik: ca. 0,020 - 2,0 mm\/omw.<\/p>\n<p>De machine kan op afspraak worden ge\u00efnspecteerd.<br \/>\nWijzigingen en fouten in de technische gegevens en informatie alsmede voorafgaande verkoop voorbehouden!<\/p>\n<p>WEILER ERGODOR mechanische draaibank, bouwjaar 1998<br \/>\nCentrale draaibank met hoge precisie en ergonomisch ontwerp<\/p>\n<p>Technische gegevens<br \/>\nMax. draaidiameter over het bed: ca. 320 mm<br \/>\nMax. draaidiameter over steun: ca. 160 mm<br \/>\nMax. draailengte: ca. 470 mm<br \/>\nDoorgang voor staaf: ca. 36 mm<br \/>\nSpindel: Toerentalbereik: ca. 30 - 3550 tpm<br \/>\nSpilneus: A 2 - 5<br \/>\nAandrijfvermogen: ca. 3,0 kW<br \/>\nAutomatische langs- en dwarsinvoer:<br \/>\nAanvoerbereik: ca. 0,020 - 2,0 mm\/omw.<\/p>\n<p>De machine kan op afspraak worden bezichtigd.<br \/>\nWijzigingen en fouten in de technische gegevens en specificaties, evenals voorafgaande verkoop voorbehouden!<\/p>","protected":false},"excerpt":{"rendered":"<p>Standort: Deutschland, Baden-W\u00fcrttemberg S\u00fcdwest Zustand: Gebraucht Modell: Ergodor Baujahr: 1998 Mechanikerdrehmaschine WEILER, ERGODOR, Bj. 1998 Genauigkeits-Spitzendrehmaschine in ergonomischer Bauart Technische Daten Max. Drehdurchmesser \u00fcber Bett: ca. 320 mm Max. Drehdurchmesser \u00fcber Support: ca. 160 mm Max. Drehl\u00e4nge: ca. 470 mm Stangendurchlass: ca. 36 mm Spindel: Drehzahlbereich: ca. 30 &#8211; 3550 U\/min Spindelnase: A 2 &#8211; [&hellip;]<\/p>\n","protected":false},"featured_media":4076,"comment_status":"open","ping_status":"closed","template":"","meta":{"_uf_show_specific_survey":0,"_uf_disable_surveys":false},"product_brand":[],"product_cat":[107],"product_tag":[],"class_list":{"0":"post-4081","1":"product","2":"type-product","3":"status-publish","4":"has-post-thumbnail","6":"product_cat-drehmaschine","8":"first","9":"instock","10":"taxable","11":"shipping-taxable","12":"product-type-simple"},"aioseo_notices":[],"_links":{"self":[{"href":"https:\/\/mueller-wrh.de\/nl\/wp-json\/wp\/v2\/product\/4081","targetHints":{"allow":["GET"]}}],"collection":[{"href":"https:\/\/mueller-wrh.de\/nl\/wp-json\/wp\/v2\/product"}],"about":[{"href":"https:\/\/mueller-wrh.de\/nl\/wp-json\/wp\/v2\/types\/product"}],"replies":[{"embeddable":true,"href":"https:\/\/mueller-wrh.de\/nl\/wp-json\/wp\/v2\/comments?post=4081"}],"wp:featuredmedia":[{"embeddable":true,"href":"https:\/\/mueller-wrh.de\/nl\/wp-json\/wp\/v2\/media\/4076"}],"wp:attachment":[{"href":"https:\/\/mueller-wrh.de\/nl\/wp-json\/wp\/v2\/media?parent=4081"}],"wp:term":[{"taxonomy":"product_brand","embeddable":true,"href":"https:\/\/mueller-wrh.de\/nl\/wp-json\/wp\/v2\/product_brand?post=4081"},{"taxonomy":"product_cat","embeddable":true,"href":"https:\/\/mueller-wrh.de\/nl\/wp-json\/wp\/v2\/product_cat?post=4081"},{"taxonomy":"product_tag","embeddable":true,"href":"https:\/\/mueller-wrh.de\/nl\/wp-json\/wp\/v2\/product_tag?post=4081"}],"curies":[{"name":"wp","href":"https:\/\/api.w.org\/{rel}","templated":true}]}}