{"id":3804,"date":"2025-09-03T14:36:14","date_gmt":"2025-09-03T14:36:14","guid":{"rendered":"https:\/\/mueller-wrh.de\/produkt\/lta-lufttechnik-e120-bsc-2-h-intnr231359\/"},"modified":"2025-09-03T14:38:18","modified_gmt":"2025-09-03T14:38:18","slug":"lta-lufttechnik-e120-bsc-2-h-intnr231359","status":"publish","type":"product","link":"https:\/\/mueller-wrh.de\/nl\/product\/lta-lufttechnik-e120-bsc-2-h-intnr231359\/","title":{"rendered":"LTA Lufttechnik E120 BSC-2-H, IntNo231359"},"content":{"rendered":"<p><b>Locatie:<\/b> Duitsland, Baden-W\u00fcrttemberg Zuidwesten<\/p>\n<p><b>Staat:<\/b> Nieuw<\/p>\n<p><b>Fabrikant:<\/b> LTA<\/p>\n<p><b>Model:<\/b> E120 BSC-2-H<\/p>\n<p><b>Openingstijden:<\/b> 0<\/p>\n<p>Filtratiesysteem E 120-BSC-2-H<br \/>\nOlie-\/emulsienevelafzuigsystemen<\/p>\n<p>EIGENSCHAPPEN \/ KENMERKEN:<br \/>\nOpeningsrichting servicedeur: in stroomrichting OMHOOG<br \/>\nLuchtuitlaat : RADIAAL<br \/>\nmet voorfilter en neutralisatiefilter mechanisch en:<br \/>\nbestaande uit twee elektrostatische filtratiefasen voor a\u00ebrosolen<br \/>\nvan<br \/>\nIonisatoren en collectoren<br \/>\n- Regelbare ventilator (ErP-Ready)<br \/>\n- Display klaar voor gebruik<br \/>\n- Elektriciteit volgens EN 60204<br \/>\n- Uitvoering van het hele systeem in overeenstemming met<br \/>\n  Machinerichtlijn <\/p>\n<p>TECHNISCHE GEGEVENS:<br \/>\nVentilatorcapaciteit: 2400 m\u00b3\/h (vrijblazend)<br \/>\nAfzuigcapaciteit: tot 1200 m\u00b3\/h<br \/>\nBedrijfsspanning: 230 V +\/-10 % (207-253 V)<br \/>\nFrequentie: 50-60 Hz<br \/>\nAangesloten vermogen: 0,93 kVA<br \/>\nDifferenti\u00eble druk: 840 Pa<br \/>\nGeluidsdrukniveau: ongeveer 70 dB<br \/>\nTemperatuur: max. 40 \u00b0C<br \/>\nBeschermingsklasse: IP 54<br \/>\nAfmetingen (L x B x H): 1130 x 660 x 610 mm <\/p>\n<p>Gewicht: ongeveer 110 kg <\/p>\n<p>Garantie: in overleg<br \/>\nLakafwerking: RAL 7035 (lichtgrijs) of (op afspraak)<br \/>\nLevertijd: in overleg<\/p>\n<p>Wijzigingen en fouten in de technische gegevens en informatie alsmede voorafgaande verkoop voorbehouden!<\/p>\n<p>Filtratiesysteem E 120-BSC-2-H<br \/>\nOlie-emulsienevelafscheidingseenheden<\/p>\n<p>KENMERKEN \/ EIGENSCHAPPEN:<\/p>\n<p>Openingsrichting servicedeur: in stroomrichting OMHOOG<\/p>\n<p>Luchtuitlaat: RADIAAL<\/p>\n<p>Uitgerust met voorfilter en mechanisch neutralisatiefilter en:<br \/>\ntwee elektrostatische filtratiefasen voor a\u00ebrosolen bestaande uit<br \/>\nionisatoren en collectoren<\/p>\n<p>Regelbare ventilator (ErP-ready)<\/p>\n<p>Bedrijfsstatusindicator<\/p>\n<p>Elektrisch systeem volgens EN 60204<\/p>\n<p>Het hele systeem is vervaardigd in overeenstemming met de huidige<br \/>\nMachinerichtlijn<\/p>\n<p>TECHNISCHE GEGEVENS:<\/p>\n<p>Ventilatorcapaciteit: 2400 m\u00b3\/u (vrijblazend)<\/p>\n<p>Afzuigcapaciteit: tot 1200 m\u00b3\/h<\/p>\n<p>Bedrijfsspanning: 230 V +\/-10 % (207-253 V)<\/p>\n<p>Frequentie: 50-60 Hz<\/p>\n<p>Opgenomen vermogen: 0,93 kVA<\/p>\n<p>Differenti\u00eble druk: 840 Pa<\/p>\n<p>Geluidsdrukniveau: ongeveer 70 dB<\/p>\n<p>Temperatuur: max. 40 \u00b0C<\/p>\n<p>Beschermingsklasse: IP 54<\/p>\n<p>Afmetingen (L x B x H): 1130 x 660 x 610 mm<\/p>\n<p>Gewicht: ongeveer 110 kg<\/p>\n<p>Garantie: bij overeenkomst<\/p>\n<p>Lakafwerking: RAL 7035 (lichtgrijs) of (in overleg)<\/p>\n<p>Levertijd: in overleg<\/p>\n<p>Technische gegevens en specificaties kunnen worden gewijzigd, fouten voorbehouden en verkoop vooraf voorbehouden.<\/p>","protected":false},"excerpt":{"rendered":"<p>Standort: Deutschland, Baden-W\u00fcrttemberg S\u00fcdwest Zustand: Neu Hersteller: LTA Modell: E120 BSC-2-H Betriebsstunden: 0 Filtrationssystem E 120-BSC-2-H \u00d6l-\/Emulsionsnebel-Abzugsanlagen EIGENSCHAFTEN \/ MERKMALE: \u00d6ffnungsrichtung Servicet\u00fcr: in Str\u00f6mungsrichtung OBEN Luftauslass : RADIAL mit Vorfilter und Neutralisationsfilter mechanisch sowie: zwei elektrostatischen Filtrationsstufen f\u00fcr Aerosole bestehend aus Ionisatoren und Kollektoren &#8211; Regelbares Gebl\u00e4se (ErP-Ready) &#8211; Anzeige Betriebsbereit &#8211; Elektrik nach EN [&hellip;]<\/p>\n","protected":false},"featured_media":3805,"comment_status":"open","ping_status":"closed","template":"","meta":{"_uf_show_specific_survey":0,"_uf_disable_surveys":false},"product_brand":[],"product_cat":[19],"product_tag":[],"class_list":{"0":"post-3804","1":"product","2":"type-product","3":"status-publish","4":"has-post-thumbnail","6":"product_cat-oel-emulsionsnebel-abzugsanlagen","8":"first","9":"instock","10":"taxable","11":"shipping-taxable","12":"purchasable","13":"product-type-simple"},"aioseo_notices":[],"_links":{"self":[{"href":"https:\/\/mueller-wrh.de\/nl\/wp-json\/wp\/v2\/product\/3804","targetHints":{"allow":["GET"]}}],"collection":[{"href":"https:\/\/mueller-wrh.de\/nl\/wp-json\/wp\/v2\/product"}],"about":[{"href":"https:\/\/mueller-wrh.de\/nl\/wp-json\/wp\/v2\/types\/product"}],"replies":[{"embeddable":true,"href":"https:\/\/mueller-wrh.de\/nl\/wp-json\/wp\/v2\/comments?post=3804"}],"wp:featuredmedia":[{"embeddable":true,"href":"https:\/\/mueller-wrh.de\/nl\/wp-json\/wp\/v2\/media\/3805"}],"wp:attachment":[{"href":"https:\/\/mueller-wrh.de\/nl\/wp-json\/wp\/v2\/media?parent=3804"}],"wp:term":[{"taxonomy":"product_brand","embeddable":true,"href":"https:\/\/mueller-wrh.de\/nl\/wp-json\/wp\/v2\/product_brand?post=3804"},{"taxonomy":"product_cat","embeddable":true,"href":"https:\/\/mueller-wrh.de\/nl\/wp-json\/wp\/v2\/product_cat?post=3804"},{"taxonomy":"product_tag","embeddable":true,"href":"https:\/\/mueller-wrh.de\/nl\/wp-json\/wp\/v2\/product_tag?post=3804"}],"curies":[{"name":"wp","href":"https:\/\/api.w.org\/{rel}","templated":true}]}}