{"id":3556,"date":"2025-07-01T14:38:07","date_gmt":"2025-07-01T14:38:07","guid":{"rendered":"https:\/\/mueller-wrh.de\/produkt\/siemens-motor_1fk6063-6af71-1eh2-intnr231328\/"},"modified":"2025-07-01T14:38:07","modified_gmt":"2025-07-01T14:38:07","slug":"siemens-motor_1fk6063-6af71-1eh2-intnr231328","status":"publish","type":"product","link":"https:\/\/mueller-wrh.de\/nl\/product\/siemens-motor_1fk6063-6af71-1eh2-intnr231328\/","title":{"rendered":"Siemens Motor_1FK6063-6AF71-1EH2 IntNo231328"},"content":{"rendered":"<p><b>Locatie:<\/b> Duitsland, Baden-W\u00fcrttemberg Zuidwesten<\/p>\n<p><b>Staat:<\/b> Gebruikt<\/p>\n<p><b>Fabrikant:<\/b> Siemens<\/p>\n<p><b>Model:<\/b> SV motor<\/p>\n<p><b>Bouwjaar:<\/b> 2004<\/p>\n<p><b>Openingstijden:<\/b> 0<\/p>\n<p>Siemens SV_Motor_A06B-0866-B380 Draaispindelmotor<br \/>\nTechnische gegevens<br \/>\nType: synchrone servomotor, model 1FK6, 6-polig<br \/>\nNominaal koppel: 11 Nm<br \/>\nNominaal toerental: 3000 rpm (100 Hz)<br \/>\nKoeling: natuurlijk gekoeld, ontwerp IM B5 (V1, V3)<br \/>\nAansluiting: voedings-\/signaalstekker, 270\u00b0 draaibaar<br \/>\nEncoder: Absolute encoder EnDat 2048 S\/R (Encoder A-2048)<br \/>\nAs: glad, tolerantieklasse N, met ge\u00efntegreerde houdrem<br \/>\nBeschermingsklasse: IP65, aanvullend IP67 op de asflens (DE)<br \/>\nGewicht: ongeveer 14,6 kg<br \/>\nOntwerp\/flens: DE flens compatibel met IP67<br \/>\nHerkomst: Duitsland<br \/>\nNorm: Voldoet aan Machinerichtlijn 2006\/42\/EG<br \/>\nDe motor kan op afspraak worden ge\u00efnspecteerd.<br \/>\nWijzigingen en fouten in de technische gegevens en informatie alsmede voorafgaande verkoop voorbehouden!<\/p>\n<p>Technische gegevens<br \/>\nType: Synchrone servomotor, model 1FK6, 6-polig<br \/>\nNominaal koppel: 11 Nm<br \/>\nNominaal toerental: 3000 rpm (100 Hz)<br \/>\nKoeling: Natuurlijk gekoeld, IM B5 (V1, V3) ontwerp<br \/>\nAansluiting: Voedingssignaalconnector, 270\u00b0 draaibaar<br \/>\nEncoder: EnDat 2048 S\/R absolute encoder (encoder A-2048)<br \/>\nAs: glad, tolerantieklasse N, met ge\u00efntegreerde houdrem<br \/>\nBeschermingsklasse: IP65, op asflens (DE) bovendien IP67<br \/>\nGewicht: ongeveer 14,6 kg<br \/>\nOntwerp\/flens: DE flens compatibel met IP67<br \/>\nHerkomst: Duitsland<br \/>\nNorm: Voldoet aan Machinerichtlijn 2006\/42\/EG<\/p>\n<p>De motor kan op afspraak worden ge\u00efnspecteerd.<br \/>\nOnder voorbehoud van wijzigingen en fouten in de technische gegevens en informatie en voorafgaande verkoop!<\/p>\n<p>Vertaald met DeepL.com (gratis versie)<\/p>","protected":false},"excerpt":{"rendered":"<p>Standort: Deutschland, Baden-W\u00fcrttemberg S\u00fcdwest Zustand: Gebraucht Hersteller: Siemens Modell: SV-Motor Baujahr: 2004 Betriebsstunden: 0 Siemens SV_Motor_A06B-0866-B380 AC Spindel Motor Technische Daten Typ: Synchronsservomotor, Modell 1FK6, 6\u2011polig Nenndrehmoment: 11\u202fNm Nenndrehzahl: 3000\u202fU\/min (100\u202fHz) K\u00fchlung: Nat\u00fcrlich gek\u00fchlt, Bauform IM\u202fB5 (V1, V3) Anschluss: Leistungs-\/Signalstecker, drehbar um 270\u00b0 Encoder: Absolutwertgeber EnDat 2048 S\/R (Encoder A\u20112048) Welle: Glatt, Toleranzklasse N, mit [&hellip;]<\/p>\n","protected":false},"featured_media":3555,"comment_status":"open","ping_status":"closed","template":"","meta":{"_uf_show_specific_survey":0,"_uf_disable_surveys":false},"product_brand":[],"product_cat":[87],"product_tag":[],"class_list":{"0":"post-3556","1":"product","2":"type-product","3":"status-publish","4":"has-post-thumbnail","6":"product_cat-servomotoren","8":"first","9":"instock","10":"taxable","11":"shipping-taxable","12":"product-type-simple"},"aioseo_notices":[],"_links":{"self":[{"href":"https:\/\/mueller-wrh.de\/nl\/wp-json\/wp\/v2\/product\/3556","targetHints":{"allow":["GET"]}}],"collection":[{"href":"https:\/\/mueller-wrh.de\/nl\/wp-json\/wp\/v2\/product"}],"about":[{"href":"https:\/\/mueller-wrh.de\/nl\/wp-json\/wp\/v2\/types\/product"}],"replies":[{"embeddable":true,"href":"https:\/\/mueller-wrh.de\/nl\/wp-json\/wp\/v2\/comments?post=3556"}],"wp:featuredmedia":[{"embeddable":true,"href":"https:\/\/mueller-wrh.de\/nl\/wp-json\/wp\/v2\/media\/3555"}],"wp:attachment":[{"href":"https:\/\/mueller-wrh.de\/nl\/wp-json\/wp\/v2\/media?parent=3556"}],"wp:term":[{"taxonomy":"product_brand","embeddable":true,"href":"https:\/\/mueller-wrh.de\/nl\/wp-json\/wp\/v2\/product_brand?post=3556"},{"taxonomy":"product_cat","embeddable":true,"href":"https:\/\/mueller-wrh.de\/nl\/wp-json\/wp\/v2\/product_cat?post=3556"},{"taxonomy":"product_tag","embeddable":true,"href":"https:\/\/mueller-wrh.de\/nl\/wp-json\/wp\/v2\/product_tag?post=3556"}],"curies":[{"name":"wp","href":"https:\/\/api.w.org\/{rel}","templated":true}]}}