{"id":3473,"date":"2025-05-13T12:51:46","date_gmt":"2025-05-13T12:51:46","guid":{"rendered":"https:\/\/mueller-wrh.de\/produkt\/schunk-rota-2b-160-zwei-backen-keilspannfutter-schunk-rota-2b-160-two-jaw-wedge-style-power-chuck-intnr231294\/"},"modified":"2025-05-13T12:51:46","modified_gmt":"2025-05-13T12:51:46","slug":"schunk-rota-2b-160-zwei-backen-keilspannfutter-schunk-rota-2b-160-two-jaw-wedge-style-power-chuck-intnr231294","status":"publish","type":"product","link":"https:\/\/mueller-wrh.de\/nl\/product\/schunk-rota-2b-160-zwei-backen-keilspannfutter-schunk-rota-2b-160-two-jaw-wedge-style-power-chuck-intnr231294\/","title":{"rendered":"Schunk ROTA 2B 160 Zwei-Backen-Keilspannfutter \/ Schunk ROTA 2B 160 Two-Jaw Wedge-Style Power Chuck IntNr231294"},"content":{"rendered":"<p><b>Locatie:<\/b> Duitsland, Baden-W\u00fcrttemberg Zuidwesten<\/p>\n<p><b>Staat:<\/b> Zo goed als nieuw<\/p>\n<p><b>Model:<\/b> Schunk<\/p>\n<p>Technische beschrijving - Schunk ROTA 2B 160<br \/>\nAanduiding: handbediende spiehouder met twee klauwen<br \/>\nFabrikant: SCHUNK GmbH &amp; Co. KG<br \/>\nModel: ROTA 2B 160<br \/>\nOntwerp: Handbediende spiehouder met 2 centrisch opspannende bekken<\/p>\n<p>Typische technische gegevens:<br \/>\nDiameter klauwplaat: 160 mm<\/p>\n<p>Aantal kaken: 2<\/p>\n<p>Bediening: Handmatig via klemsleutel<\/p>\n<p>Klemmechanisme: wighaakprincipe (voor hoge klemkracht en betrouwbaarheid)<\/p>\n<p>Middelste doorgang: ca. 40-45 mm (afhankelijk van model)<\/p>\n<p>Montage: flens of directe montage, bijv. DIN 55026 A5 (afhankelijk van de versie)<\/p>\n<p>Max. Spankracht: ca. 30-35 kN (afhankelijk van het koppel van de spansleutel)<\/p>\n<p>Herhalingsnauwkeurigheid: typ. \u2264 0,02 mm<\/p>\n<p>Toepassingsgebied: voor niet-ronde of gevoelige werkstukken, geschikt voor draaibanken, verdeelkoppen en speciale opspanningen<\/p>\n<p>Materiaal: Behuizing en klemelementen gehard en geslepen voor lange levensduur<\/p>\n<p>\u2699\ufe0f Speciale functies:<br \/>\nOntwerp met twee bekken voor speciale klemtaken (bijv. niet-ronde of ovale werkstukken)<\/p>\n<p>Hoge klemkracht door wighaakmechanisme<\/p>\n<p>Compact ontwerp<\/p>\n<p>Duurzaam en onderhoudsarm<\/p>\n<p>Technische wijzigingen en fouten voorbehouden. Voor exacte gegevens kunt u het offici\u00eble gegevensblad van SCHUNK aanvragen of rechtstreeks contact opnemen met de fabrikant.<\/p>\n<p>? Technische beschrijving - Schunk ROTA 2B 160<br \/>\nAanduiding: handbediende tweebek wigvormige klauwplaat<br \/>\nFabrikant: SCHUNK GmbH &amp; Co. KG<br \/>\nModel: ROTA 2B 160<br \/>\nOntwerp: Handbediende wigvormige klauwplaat met 2 zelfcentrerende bekken<\/p>\n<p>Typische technische gegevens:<br \/>\nDiameter klauwplaat: 160 mm<\/p>\n<p>Aantal kaken: 2<\/p>\n<p>Bediening: handmatig via spansleutel<\/p>\n<p>Klemmechanisme: wighaaksysteem (voor hoge klemkracht en betrouwbaarheid)<\/p>\n<p>Centraal doorvoergat: ca. 40-45 mm (afhankelijk van uitvoering)<\/p>\n<p>Montage-interface: Flens of directe montage, bijv. DIN 55026 A5 (afhankelijk van configuratie)<\/p>\n<p>Max. klemkracht: ca. 30-35 kN (afhankelijk van toegepast koppel)<\/p>\n<p>Herhaalbaarheid: meestal \u2264 0,02 mm<\/p>\n<p>Toepassing: Geschikt voor onregelmatige of gevoelige werkstukken; ideaal voor gebruik op draaibanken, indexeerinrichtingen en aangepaste opstellingen<\/p>\n<p>Materiaal: Lichaam en klemelementen gehard en geslepen voor langere duurzaamheid<\/p>\n<p>\u2699\ufe0f Belangrijkste kenmerken:<br \/>\nUitvoering met twee bekken voor speciale opspantaken (bijv. onregelmatige of ovale werkstukken)<\/p>\n<p>Hoge klemkracht door wighaakmechanisme<\/p>\n<p>Compact en robuust ontwerp<\/p>\n<p>Duurzaam en onderhoudsarm<\/p>\n<p>Technische specificaties onder voorbehoud van wijzigingen en fouten. Raadpleeg voor exacte gegevens het offici\u00eble gegevensblad van SCHUNK of neem rechtstreeks contact op met de fabrikant.<\/p>","protected":false},"excerpt":{"rendered":"<p>Standort: Deutschland, Baden-W\u00fcrttemberg S\u00fcdwest Zustand: Neuwertig Modell: Schunk Technische Beschreibung \u2013 Schunk ROTA 2B 160 Bezeichnung: Manuelles Zwei-Backen-Keilspannfutter Hersteller: SCHUNK GmbH &amp; Co. KG Modell: ROTA 2B 160 Ausf\u00fchrung: Manuell bet\u00e4tigtes Keilspannfutter mit 2 zentrisch spannenden Backen ?\ufe0f Typische Technische Daten: Spannfutterdurchmesser: 160 mm Backenzahl: 2 Bet\u00e4tigung: Manuell \u00fcber Spannschl\u00fcssel Spannmechanismus: Keilhaken-Prinzip (f\u00fcr hohe Spannkraft [&hellip;]<\/p>\n","protected":false},"featured_media":3471,"comment_status":"open","ping_status":"closed","template":"","meta":{"_uf_show_specific_survey":0,"_uf_disable_surveys":false},"product_brand":[],"product_cat":[102],"product_tag":[],"class_list":{"0":"post-3473","1":"product","2":"type-product","3":"status-publish","4":"has-post-thumbnail","6":"product_cat-spannzangen","8":"first","9":"instock","10":"taxable","11":"shipping-taxable","12":"product-type-simple"},"aioseo_notices":[],"_links":{"self":[{"href":"https:\/\/mueller-wrh.de\/nl\/wp-json\/wp\/v2\/product\/3473","targetHints":{"allow":["GET"]}}],"collection":[{"href":"https:\/\/mueller-wrh.de\/nl\/wp-json\/wp\/v2\/product"}],"about":[{"href":"https:\/\/mueller-wrh.de\/nl\/wp-json\/wp\/v2\/types\/product"}],"replies":[{"embeddable":true,"href":"https:\/\/mueller-wrh.de\/nl\/wp-json\/wp\/v2\/comments?post=3473"}],"wp:featuredmedia":[{"embeddable":true,"href":"https:\/\/mueller-wrh.de\/nl\/wp-json\/wp\/v2\/media\/3471"}],"wp:attachment":[{"href":"https:\/\/mueller-wrh.de\/nl\/wp-json\/wp\/v2\/media?parent=3473"}],"wp:term":[{"taxonomy":"product_brand","embeddable":true,"href":"https:\/\/mueller-wrh.de\/nl\/wp-json\/wp\/v2\/product_brand?post=3473"},{"taxonomy":"product_cat","embeddable":true,"href":"https:\/\/mueller-wrh.de\/nl\/wp-json\/wp\/v2\/product_cat?post=3473"},{"taxonomy":"product_tag","embeddable":true,"href":"https:\/\/mueller-wrh.de\/nl\/wp-json\/wp\/v2\/product_tag?post=3473"}],"curies":[{"name":"wp","href":"https:\/\/api.w.org\/{rel}","templated":true}]}}