{"id":3406,"date":"2025-04-29T16:39:31","date_gmt":"2025-04-29T16:39:31","guid":{"rendered":"https:\/\/mueller-wrh.de\/produkt\/gebr-profilprojektor-mitutoyo-pv-500-_intnr231045\/"},"modified":"2025-04-29T16:39:31","modified_gmt":"2025-04-29T16:39:31","slug":"gebr-profilprojektor-mitutoyo-pv-500-_intnr231045","status":"publish","type":"product","link":"https:\/\/mueller-wrh.de\/nl\/product\/gebr-profilprojektor-mitutoyo-pv-500-_intnr231045\/","title":{"rendered":"gebruikte profielprojector Mitutoyo PV 500 _IntNr231045"},"content":{"rendered":"<p><b>Locatie:<\/b> Duitsland, Baden-W\u00fcrttemberg Zuidwesten<\/p>\n<p><b>Staat:<\/b> Gebruikt<\/p>\n<p><b>Openingstijden:<\/b> geen<\/p>\n<p>IntNo231045<br \/>\nGebr.<br \/>\nProfielprojector Mitutoyo PV 500<br \/>\nmet scherm van 500 mm en digitaal display<br \/>\nTechnische gegevens:<br \/>\nProfielprojector merk MITUTOYO type PV-500<br \/>\nDiameter scherm 508 mm<br \/>\nScherm 360\u00b0 draaibaar (nonius 1')<br \/>\nVergroting mogelijk 5 x , 10 x , 20 x , 50 x , 100 x<br \/>\nInstallatie via insteeksysteem met adapter<br \/>\nVergrotingsnauwkeurigheid met doorvallend licht\/gereflecteerd licht +- 0,1% \/ +- 0,15%<br \/>\nNetspanning 220 V, 50 Hz<br \/>\nStroomverbruik 340 VA<br \/>\nAfmetingen basistoestel 900 x 700 x 1700 mm<br \/>\nGewicht 180 kg<br \/>\nmet<br \/>\n- 2-assige digitale display Mitutoyo<br \/>\nAccessoires <\/p>\n<p>De machine kan op afspraak worden ge\u00efnspecteerd.<br \/>\nWijzigingen en fouten in de technische gegevens en informatie alsmede voorafgaande verkoop voorbehouden!<\/p>\n<p>Gebruikt<br \/>\nProfielprojector Mitutoyo PV 500<br \/>\nmet scherm van 500 mm en digitaal display<br \/>\nTechnische gegevens:<br \/>\nProfielprojector merk MITUTOYO type PV-500<br \/>\nDiameter scherm 508 mm<br \/>\nScherm 360\u00b0 draaibaar (nonius 1\u2032)<br \/>\nVergroting mogelijk 5 x , 10 x , 20 x , 50 x , 100 x<br \/>\nInstallatie door insteeksysteem met adapter<br \/>\nVergrotingsnauwkeurigheid met doorvallend licht\/gereflecteerd licht +- 0,1% \/ +- 0,15%<br \/>\nNetspanning 220 V, 50 Hz<br \/>\nStroomverbruik 340 VA<br \/>\nAfmetingen basisapparaat 900 x 700 x 1700 mm<br \/>\nGewicht 180 kg<br \/>\nMet<br \/>\n- 2-assige digitale display Mitutoyo<br \/>\nAccessoires <\/p>\n<p>De machine kan op afspraak worden ge\u00efnspecteerd.<br \/>\nWijzigingen en fouten in de technische gegevens en informatie alsmede voorafgaande verkoop voorbehouden!<\/p>","protected":false},"excerpt":{"rendered":"<p>Standort: Deutschland, Baden-W\u00fcrttemberg S\u00fcdwest Zustand: Gebraucht Betriebsstunden: keine IntNr231045 Gebr. Profilprojektor Mitutoyo PV 500 mit Bildschirm 500 mm und digitaler Anzeige Technische Daten: Profilprojektor Fabrikat MITUTOYO Typ PV-500 Bildschirmdurchmesser 508 mm Bildschirm drehbar um 360\u00b0 (Nonius 1\u00b4) Vergr\u00f6\u00dferung m\u00f6glich 5 x , 10 x , 20 x ,50x , 100 x Einbau erfolgt durch Einsatzsystem [&hellip;]<\/p>\n","protected":false},"featured_media":3402,"comment_status":"open","ping_status":"closed","template":"","meta":{"_uf_show_specific_survey":0,"_uf_disable_surveys":false},"product_brand":[],"product_cat":[98],"product_tag":[],"class_list":{"0":"post-3406","1":"product","2":"type-product","3":"status-publish","4":"has-post-thumbnail","6":"product_cat-messtechnik","8":"first","9":"instock","10":"taxable","11":"shipping-taxable","12":"product-type-simple"},"aioseo_notices":[],"_links":{"self":[{"href":"https:\/\/mueller-wrh.de\/nl\/wp-json\/wp\/v2\/product\/3406","targetHints":{"allow":["GET"]}}],"collection":[{"href":"https:\/\/mueller-wrh.de\/nl\/wp-json\/wp\/v2\/product"}],"about":[{"href":"https:\/\/mueller-wrh.de\/nl\/wp-json\/wp\/v2\/types\/product"}],"replies":[{"embeddable":true,"href":"https:\/\/mueller-wrh.de\/nl\/wp-json\/wp\/v2\/comments?post=3406"}],"wp:featuredmedia":[{"embeddable":true,"href":"https:\/\/mueller-wrh.de\/nl\/wp-json\/wp\/v2\/media\/3402"}],"wp:attachment":[{"href":"https:\/\/mueller-wrh.de\/nl\/wp-json\/wp\/v2\/media?parent=3406"}],"wp:term":[{"taxonomy":"product_brand","embeddable":true,"href":"https:\/\/mueller-wrh.de\/nl\/wp-json\/wp\/v2\/product_brand?post=3406"},{"taxonomy":"product_cat","embeddable":true,"href":"https:\/\/mueller-wrh.de\/nl\/wp-json\/wp\/v2\/product_cat?post=3406"},{"taxonomy":"product_tag","embeddable":true,"href":"https:\/\/mueller-wrh.de\/nl\/wp-json\/wp\/v2\/product_tag?post=3406"}],"curies":[{"name":"wp","href":"https:\/\/api.w.org\/{rel}","templated":true}]}}