{"id":3157,"date":"2025-03-13T16:40:11","date_gmt":"2025-03-13T16:40:11","guid":{"rendered":"https:\/\/mueller-wrh.de\/produkt\/buechele-filteranlage-und-spaenefoerdersystem-fuer-cnc-werkzeugmaschinen-fuer-fanuc-robodrill-%ce%b1-d21lib5-plus-bab-zentrum_2022_02_intnr231242\/"},"modified":"2025-03-13T16:40:11","modified_gmt":"2025-03-13T16:40:11","slug":"buechele-filteranlage-und-spaenefoerdersystem-fuer-cnc-werkzeugmaschinen-fuer-fanuc-robodrill-%ce%b1-d21lib5-plus-bab-zentrum_2022_02_intnr231242","status":"publish","type":"product","link":"https:\/\/mueller-wrh.de\/nl\/product\/buechele-filteranlage-und-spaenefoerdersystem-fuer-cnc-werkzeugmaschinen-fuer-fanuc-robodrill-%ce%b1-d21lib5-plus-bab-zentrum_2022_02_intnr231242\/","title":{"rendered":"B\u00fcchele filtersysteem en spanentransportsysteem voor CNC-bewerkingsmachines voor FANUC ROBODRILL \u03b1-D21LiB5 Plus BAB-Zentrum_2022_02_IntNr231242"},"content":{"rendered":"<p><b>Locatie:<\/b> Duitsland, Baden-W\u00fcrttemberg Zuidwesten<\/p>\n<p><b>Staat:<\/b> Nieuw<\/p>\n<p><b>Fabrikant:<\/b> SF Systemen B\u00fcchele<\/p>\n<p><b>Model:<\/b> SFB 600 _KF 200\/950<\/p>\n<p><b>Bouwjaar:<\/b> 2024<\/p>\n<p><b>Openingstijden:<\/b> 0<\/p>\n<p>IntNo231242<\/p>\n<p>B\u00fcchele SFB-600 filtersysteem en spanentransportsysteem voor CNC-bewerkingsmachines voor FANUC ROBODRILL \u03b1-D21LiB5 Plus BAB center<br \/>\nTransportband + doorstroomfiltersysteem<br \/>\nUitvoering:<br \/>\nBestaande uit:<br \/>\nType: KF 200\/950<br \/>\nSchroefpomp KTS 25-38-T; 400V; 50 Hz<br \/>\nCentrifugaalpomp 1 MTR 10-14\/6; 400 V; 50 Hz<br \/>\nCentrifugaalpomp 2 MTR 3-23\/7; 400V; 50 Hz<br \/>\nVersie: Linkshandige versie<br \/>\nCompact filter KF 200 \/ 950<br \/>\nFleecehouder KF top (ge\u00efntegreerd in de behuizing)<br \/>\nFiltercapaciteit 200 l\/min<br \/>\nFiltervlies PW 70\/70<br \/>\nLinkse\" versie<br \/>\nTank:Type FKA\/950<br \/>\nLengte 1.600 mm<br \/>\nBreedte 1.010 mm<br \/>\nHoogte 900 mm<br \/>\nBodemvrijheid 100 mm<br \/>\nInhoud 950 liter<br \/>\nMateriaal staal, plaatdikte 3 mm<br \/>\nPlaatstalen tankdeksel<br \/>\nRadiatoraansluitingen voorbereid<br \/>\nLeidingwerk voor de pomphouder een schotstrip<br \/>\nInlaatuitlaatmondstuk voor een continue stroomkoeler.<br \/>\nNiveausensor 1 ST<br \/>\nMerk: Knoll Balluff met visuele display<br \/>\nAantal schakelpunten 3 ST<br \/>\nvolgens 70 915 11808<br \/>\nPomp 1 ST<br \/>\nCentrifugaalpomp voor bedspoeling<br \/>\nDruk 3,2 bar \/ Fabrikant Grundfos<br \/>\nType MTR 10-16\/4<br \/>\nVermogen 1,50 kW<br \/>\nVolumestroom 120-150 l\/min<br \/>\nPomp 1 ST<br \/>\nCentrifugaalpomp voor extern koel-\/spoelpistool<br \/>\nDruk 5,0 bar<br \/>\nFabrikant Grundfos<br \/>\nType MTR 3-36\/7<br \/>\nVermogen 0,55 kW<br \/>\nVolumestroom 30-50 l\/min<br \/>\nLeidingwerk met 3\/2-wegklep MK10DR<br \/>\nControle:<br \/>\n1e deur gesloten Signaal: normale werking externe koeling<br \/>\n2e deur open Signaal: Bediening waspistool<br \/>\ntot na 60 seconden, geef dan een signaal,<br \/>\nPomp uit<br \/>\nSchroefpomp KTS 25 1 ST<br \/>\nType: KTS 25<br \/>\nVermogen bij 50 Hz bij 400 V 4,00 kW<br \/>\nSpanning bij 50Hz 400 V<br \/>\nFrequentie 50 Hz<br \/>\nEffici\u00ebntieklasse IE3<br \/>\nZonder frequentieregeling<br \/>\nLeidingen Ja<br \/>\nStandaard leidingsysteem Ja<br \/>\nKlep DBV-60\/75<br \/>\nDrukmeter BAR<br \/>\nVolumestroom 25 l\/min<br \/>\nDruk 60 bar<br \/>\nFunctie IKZ<br \/>\nLeidingen 1 stuk<br \/>\nHoge druk leidingwerk<br \/>\nUitvoering Ermeto<br \/>\nElektra 1 ST<br \/>\nVersie elektrische behuizing<br \/>\nDigitale sensoren (schakelpunt) 3 ST<br \/>\nSensoren analoog 3 ST<br \/>\nFiltereenheden KF<br \/>\nTransportsysteem Insteekbaar<br \/>\nSpeciale controle<br \/>\nTekstweergave KTP 400 Comfort<br \/>\nBehuizing Wandbehuizing<br \/>\nDigitale\/analoge niveausensoren<br \/>\nHoofdschakelaar<br \/>\nInterfacekabel 8 lopende meter, met HARTING-connector aan beide zijden incl.<br \/>\nContrastekker<br \/>\nNetvoedingskabel 5 meter met CEE-stekker<\/p>\n<p>De machine kan op afspraak worden bezichtigd.<br \/>\nWijzigingen en fouten in de technische gegevens en informatie alsmede voorafgaande verkoop voorbehouden!<\/p>\n<p>B\u00fcchele filtersysteem en spanentransporteur voor CNC-bewerkingsmachines voor FANUC ROBODRILL \u03b1-D21LiB5 Plus BAB Centre<br \/>\nTransportband + volstroomfiltersysteem<\/p>\n<p>Specificaties:<br \/>\nBestaande uit:<\/p>\n<p>Type: KF 200\/950<br \/>\nSchroefspindelpomp: KTS 25-38-T; 400V; 50 Hz<br \/>\nCentrifugaalpomp 1: MTR 10-14\/6; 400V; 50 Hz<br \/>\nCentrifugaalpomp 2: MTR 3-23\/7; 400V; 50 Hz<br \/>\nConfiguratie: Linkerkantversie<br \/>\nCompact filter KF 200 \/ 950<br \/>\nFiltervlies inlaat: KF Top (ge\u00efntegreerd in de behuizing)<br \/>\nFiltercapaciteit: 200 l\/min<br \/>\nFiltervlies: PW 70\/70<br \/>\nVersie: Links<br \/>\nTank: Type FKA\/950<br \/>\nLengte: 1.600 mm<br \/>\nBreedte: 1.010 mm<br \/>\nHoogte: 900 mm<br \/>\nBodemvrijheid: 100 mm<br \/>\nInhoud: 950 liter<br \/>\nMateriaal: Staal, plaatdikte 3 mm<br \/>\nTankdeksel: Staalplaat<br \/>\nKoelerverbindingen: Voorbereid<br \/>\nLeidingen voor pompinlaat: E\u00e9n schotlijst<br \/>\nIn- en uitlaataansluitingen: Voor een circulatiekoeler<br \/>\nVullingsniveausensor: 1 stuk<br \/>\nFabrikant: Knoll Balluff met visuele display<br \/>\nAantal schakelpunten: 3 stuks<br \/>\nVolgens norm: 70 915 11808<br \/>\nPompen:<br \/>\nCentrifugaalpomp voor het spoelen van bedden:<\/p>\n<p>Druk: 3,2 bar<br \/>\nFabrikant: Grundfos<br \/>\nType: MTR 10-16\/4<br \/>\nVermogen: 1,50 kW<br \/>\nDebiet: 120-150 l\/min<br \/>\nCentrifugaalpomp voor externe koeling\/waspistool:<\/p>\n<p>Druk: 5,0 bar<br \/>\nFabrikant: Grundfos<br \/>\nType: MTR 3-36\/7<br \/>\nVermogen: 0,55 kW<br \/>\nDebiet: 30-50 l\/min<br \/>\nLeidingen met 3\/2-weg klep: MK10DR<br \/>\nBesturingssysteem:<br \/>\nSignaal gesloten deur: normale werking - externe koeling<br \/>\nSignaal openen deur: werking waspistool (tot 60 seconden), daarna signaal - pomp uit<br \/>\nSchroefspindelpomp KTS 25 (1 st):<br \/>\nType: KTS 25<br \/>\nVermogen bij 50 Hz \/ 400V: 4,00 kW<br \/>\nSpanning: 400V<br \/>\nFrequentie: 50 Hz<br \/>\nEffici\u00ebntieklasse: IE3<br \/>\nZonder frequentieregeling<br \/>\nLeidingen: Ja<br \/>\nStandaard leidingwerk: Ja<br \/>\nKlep DBV-60\/75<br \/>\nDrukmeter: BAR<br \/>\nDebiet: 25 l\/min<br \/>\nDruk: 60 bar<br \/>\nFunctie: IKZ<br \/>\nExtra leidingen (1 stuk):<br \/>\nHogedrukleidingen<br \/>\nOntwerp: Ermeto<br \/>\nElektrisch systeem (1 stuk):<br \/>\nElektrische schakelkast<br \/>\nDigitale sensoren (schakelpunt): 3 stuks<br \/>\nAnaloge sensoren: 3 stuks<br \/>\nFiltereenheden: KF<br \/>\nModulair transportsysteem<br \/>\nSpeciaal besturingssysteem<br \/>\nTekstweergave: KTP 400 Comfort<br \/>\nBehuizing schakelkast: Wandkast<br \/>\nVullingsniveausensoren: Digitaal\/analoog<br \/>\nHoofdschakelaar<br \/>\nInterfacekabel: 8 meter, beide uiteinden met HARTING-connector incl. bijpassende stekker<br \/>\nVoedingskabel: 5 meter met CEE-stekker<br \/>\nDe machine kan op afspraak worden ge\u00efnspecteerd.<br \/>\nWijzigingen en fouten in technische gegevens en specificaties, evenals voorafgaande verkoop, zijn voorbehouden!<\/p>","protected":false},"excerpt":{"rendered":"<p>Standort: Deutschland, Baden-W\u00fcrttemberg S\u00fcdwest Zustand: Neu Hersteller: SF-Systeme B\u00fcchele Modell: SFB 600 _KF 200\/950 Baujahr: 2024 Betriebsstunden: 0 IntNr231242 B\u00fcchele SFB-600 Filteranlage und Sp\u00e4nef\u00f6rdersystem f\u00fcr CNC-Werkzeugmaschinen f\u00fcr FANUC ROBODRILL \u03b1-D21LiB5 Plus BAB-Zentrum F\u00f6rderer + Vollstromfilteranlage Ausf\u00fchrung: Bestehend aus: Typ: KF 200\/950 Schraubenspindelpumpe KTS 25-38-T; 400V; 50 Hz Kreiselpumpe 1 MTR 10-14\/6; 400 V; 50 Hz [&hellip;]<\/p>\n","protected":false},"featured_media":3154,"comment_status":"open","ping_status":"closed","template":"","meta":{"_uf_show_specific_survey":0,"_uf_disable_surveys":false},"product_brand":[],"product_cat":[104],"product_tag":[],"class_list":{"0":"post-3157","1":"product","2":"type-product","3":"status-publish","4":"has-post-thumbnail","6":"product_cat-hochdruckanlagen","8":"first","9":"instock","10":"taxable","11":"shipping-taxable","12":"product-type-simple"},"aioseo_notices":[],"_links":{"self":[{"href":"https:\/\/mueller-wrh.de\/nl\/wp-json\/wp\/v2\/product\/3157","targetHints":{"allow":["GET"]}}],"collection":[{"href":"https:\/\/mueller-wrh.de\/nl\/wp-json\/wp\/v2\/product"}],"about":[{"href":"https:\/\/mueller-wrh.de\/nl\/wp-json\/wp\/v2\/types\/product"}],"replies":[{"embeddable":true,"href":"https:\/\/mueller-wrh.de\/nl\/wp-json\/wp\/v2\/comments?post=3157"}],"wp:featuredmedia":[{"embeddable":true,"href":"https:\/\/mueller-wrh.de\/nl\/wp-json\/wp\/v2\/media\/3154"}],"wp:attachment":[{"href":"https:\/\/mueller-wrh.de\/nl\/wp-json\/wp\/v2\/media?parent=3157"}],"wp:term":[{"taxonomy":"product_brand","embeddable":true,"href":"https:\/\/mueller-wrh.de\/nl\/wp-json\/wp\/v2\/product_brand?post=3157"},{"taxonomy":"product_cat","embeddable":true,"href":"https:\/\/mueller-wrh.de\/nl\/wp-json\/wp\/v2\/product_cat?post=3157"},{"taxonomy":"product_tag","embeddable":true,"href":"https:\/\/mueller-wrh.de\/nl\/wp-json\/wp\/v2\/product_tag?post=3157"}],"curies":[{"name":"wp","href":"https:\/\/api.w.org\/{rel}","templated":true}]}}