{"id":3026,"date":"2025-03-13T16:35:57","date_gmt":"2025-03-13T16:35:57","guid":{"rendered":"https:\/\/mueller-wrh.de\/produkt\/gebr-biglia-wkz-halter-fest-used-toolholder-fixed-oesterle-mit-ikz_intnr231226\/"},"modified":"2025-03-13T16:35:57","modified_gmt":"2025-03-13T16:35:57","slug":"gebr-biglia-wkz-halter-fest-used-toolholder-fixed-oesterle-mit-ikz_intnr231226","status":"publish","type":"product","link":"https:\/\/mueller-wrh.de\/nl\/product\/gebr-biglia-wkz-halter-fest-used-toolholder-fixed-oesterle-mit-ikz_intnr231226\/","title":{"rendered":"Gebr. Biglia WKZ-Halter fest\/gebruikte gereedschapshouder vast Oesterle met IKZ_IntNr231226"},"content":{"rendered":"<p><b>Locatie:<\/b> Duitsland, Baden-W\u00fcrttemberg Zuidwesten<\/p>\n<p><b>Staat:<\/b> Zo goed als nieuw<\/p>\n<p><b>Fabrikant:<\/b> Oesterle<\/p>\n<p><b>Model:<\/b> 357 5403 SL26 B109<\/p>\n<p><b>Bouwjaar:<\/b> 2015<\/p>\n<p>Doorslijphouder met merkprecisie<br \/>\nBI-WZ16ABL3<br \/>\nCompatibele machines<br \/>\nBIGLIA - B436<br \/>\nBIGLIA - B438<br \/>\nBIGLIA - BMX 45Y2<br \/>\nPrecisie-afsteekhouder voor afsteekmes SH 26 mm<br \/>\nLinkse versie, hoogte 70 mm (Oesterle)<br \/>\nHoogte midzwaard SH 26 mm<br \/>\nBreedte midzwaard 3 mm<br \/>\nGewicht 4,6 kg<br \/>\n Koelvloeistof<br \/>\n Extern + IKZ<br \/>\n85 bar<\/p>\n<p>precisie doorslijphouder<br \/>\nBI-WZ16ABL3<br \/>\nCompatibele machines<br \/>\nBIGLIA - B436<br \/>\nBIGLIA - B438<br \/>\nBIGLIA - BMX 45Y2<br \/>\nPrecisie-afsteekhouder voor afsteekmes SH 26 mm<br \/>\nlinkse versie, hoogte 70 mm (Oesterle)<br \/>\nbladhoogte SH 26 mm<br \/>\nbladbreedte 3 mm<br \/>\nGewicht 4,6 kg<br \/>\n Koelvloeistof<br \/>\n Extern + IKZ<br \/>\n85 bar<\/p>","protected":false},"excerpt":{"rendered":"<p>Standort: Deutschland, Baden-W\u00fcrttemberg S\u00fcdwest Zustand: Neuwertig Hersteller: Oesterle Modell: 357 5403 SL26 B109 Baujahr: 2015 gebr. Praezisionsabstechhalter BI-WZ16ABL3 Kompatible Maschinen BIGLIA &#8211; B436 BIGLIA &#8211; B438 BIGLIA &#8211; BMX 45Y2 Pr\u00e4zisionsabstechhalter f\u00fcr Abstechschwert SH 26 mm linke Ausf\u00fchrung, H\u00f6he 70 mm (Oesterle) Schwerth\u00f6he SH 26 mm Schwertbreite 3 mm Gewicht 4,6 kg K\u00fchlmittel Externe + [&hellip;]<\/p>\n","protected":false},"featured_media":3019,"comment_status":"open","ping_status":"closed","template":"","meta":{"_uf_show_specific_survey":0,"_uf_disable_surveys":false},"product_brand":[],"product_cat":[20],"product_tag":[],"class_list":{"0":"post-3026","1":"product","2":"type-product","3":"status-publish","4":"has-post-thumbnail","6":"product_cat-werkzeughalter","8":"first","9":"instock","10":"taxable","11":"shipping-taxable","12":"product-type-simple"},"aioseo_notices":[],"_links":{"self":[{"href":"https:\/\/mueller-wrh.de\/nl\/wp-json\/wp\/v2\/product\/3026","targetHints":{"allow":["GET"]}}],"collection":[{"href":"https:\/\/mueller-wrh.de\/nl\/wp-json\/wp\/v2\/product"}],"about":[{"href":"https:\/\/mueller-wrh.de\/nl\/wp-json\/wp\/v2\/types\/product"}],"replies":[{"embeddable":true,"href":"https:\/\/mueller-wrh.de\/nl\/wp-json\/wp\/v2\/comments?post=3026"}],"wp:featuredmedia":[{"embeddable":true,"href":"https:\/\/mueller-wrh.de\/nl\/wp-json\/wp\/v2\/media\/3019"}],"wp:attachment":[{"href":"https:\/\/mueller-wrh.de\/nl\/wp-json\/wp\/v2\/media?parent=3026"}],"wp:term":[{"taxonomy":"product_brand","embeddable":true,"href":"https:\/\/mueller-wrh.de\/nl\/wp-json\/wp\/v2\/product_brand?post=3026"},{"taxonomy":"product_cat","embeddable":true,"href":"https:\/\/mueller-wrh.de\/nl\/wp-json\/wp\/v2\/product_cat?post=3026"},{"taxonomy":"product_tag","embeddable":true,"href":"https:\/\/mueller-wrh.de\/nl\/wp-json\/wp\/v2\/product_tag?post=3026"}],"curies":[{"name":"wp","href":"https:\/\/api.w.org\/{rel}","templated":true}]}}