{"id":2915,"date":"2025-03-13T16:31:55","date_gmt":"2025-03-13T16:31:55","guid":{"rendered":"https:\/\/mueller-wrh.de\/produkt\/bzi-52-sk-52-spannkoepfe-glatt-mit-quer-und-laengsrillen-intnr231184\/"},"modified":"2025-03-13T16:31:55","modified_gmt":"2025-03-13T16:31:55","slug":"bzi-52-sk-52-spannkoepfe-glatt-mit-quer-und-laengsrillen-intnr231184","status":"publish","type":"product","link":"https:\/\/mueller-wrh.de\/nl\/product\/bzi-52-sk-52-spannkoepfe-glatt-mit-quer-und-laengsrillen-intnr231184\/","title":{"rendered":"BZI 52 \/ SK 52 Klemkoppen glad, met dwars- en langsgroeven IntNo231184"},"content":{"rendered":"<p><b>Locatie:<\/b> Duitsland, Baden-W\u00fcrttemberg Zuidwesten<\/p>\n<p><b>Staat:<\/b> Zo goed als nieuw<\/p>\n<p><b>Model:<\/b> BZI 52 \/ SK 52<\/p>\n<p>IntNo231184<br \/>\nArtikelomschrijving: BZI 52 \/ SK 52 spankoppen<\/p>\n<p>Geschikt voor:<\/p>\n<p>HAINBUCH SPANNTOP 52-A5 \/ Nova en MINI<br \/>\nVergelijkbare merken \/ fabrikanten<br \/>\nVersies:<\/p>\n<p>Soepele klemkoppen<br \/>\nMet dwars- en langsgroeven voor grondstoffen<br \/>\nProfielvarianten: Rond en zeshoekig (0,5 mm of 1 mm stijgend)<br \/>\nMogelijke toepassingen: Fijn verspanen<br \/>\nStaat:<\/p>\n<p>Nieuw en gebruikt verkrijgbaar in verschillende afmetingen<br \/>\nBestellen:<br \/>\nGeef de gewenste klemming\u2300 op wanneer u bestelt.<\/p>\n<p>Toepassingsgebieden:<\/p>\n<p>Bewerkingscentra<br \/>\nMeetmachines<br \/>\nKlemmen van pallets<br \/>\nOpmerkingen:<\/p>\n<p>Spankoppen voor speciale profielen volgens individuele eisen op aanvraag<br \/>\nAndere conusmaten, vormen (bijv. vierkant) en bewerkbare vormstukken zijn ook verkrijgbaar op aanvraag<\/p>\n<p>Wijzigingen en fouten in de technische gegevens en informatie alsmede voorafgaande verkoop voorbehouden!<\/p>\n<p>Intern nummer: IntNr231184<br \/>\nArtikelomschrijving: BZI 52 \/ SK 52 spankoppen<\/p>\n<p>Geschikt voor:<\/p>\n<p>HAINBUCH SPANNTOP 52-A5 \/ Nova en MINI<br \/>\nVergelijkbare merken \/ fabrikanten<br \/>\nVersies:<\/p>\n<p>Gladde expansiekoppen<br \/>\nMet dwars- en langsgroeven voor grondstoffen<br \/>\nProfielvarianten: rond en zeshoekig (0,5 mm of 1 mm oplopend)<br \/>\nMogelijke toepassingen: Fijnbewerking<br \/>\nStaat:<\/p>\n<p>Nieuw en gebruikt verkrijgbaar in verschillende afmetingen<br \/>\nBestellen:<br \/>\nGeef de gewenste klemming \u2300 op wanneer u bestelt.<\/p>\n<p>Toepassingsgebieden:<\/p>\n<p>Bewerkingscentra<br \/>\nMeetmachines<br \/>\nKlemmen van pallets<br \/>\nOpmerkingen:<\/p>\n<p>Spankoppen voor speciale profielen volgens individuele eisen op aanvraag<br \/>\nAndere conische maten, vormen (bijv. vierkant) en bewerkbare vormstukken zijn ook verkrijgbaar op aanvraag<\/p>\n<p>Onder voorbehoud van wijzigingen en fouten in technische gegevens en informatie en voorafgaande verkoop!<\/p>","protected":false},"excerpt":{"rendered":"<p>Standort: Deutschland, Baden-W\u00fcrttemberg S\u00fcdwest Zustand: Neuwertig Modell: BZI 52 \/ SK 52 IntNr231184 Artikelbeschreibung: BZI 52 \/ SK 52 Spannk\u00f6pfe Geeignet f\u00fcr: HAINBUCH SPANNTOP 52-A5 \/ Nova und MINI Vergleichbare Fabrikate \/ Hersteller Ausf\u00fchrungen: Glatte Spannk\u00f6pfe Mit Quer- und L\u00e4ngsrillen f\u00fcr Rohmaterial Profilvarianten: Rund und 6-Kant (0,5 mm oder 1 mm steigend) Einsatzm\u00f6glichkeiten: Feinbearbeitung Zustand: [&hellip;]<\/p>\n","protected":false},"featured_media":2909,"comment_status":"open","ping_status":"closed","template":"","meta":{"_uf_show_specific_survey":0,"_uf_disable_surveys":false},"product_brand":[],"product_cat":[102],"product_tag":[],"class_list":{"0":"post-2915","1":"product","2":"type-product","3":"status-publish","4":"has-post-thumbnail","6":"product_cat-spannzangen","8":"first","9":"instock","10":"taxable","11":"shipping-taxable","12":"product-type-simple"},"aioseo_notices":[],"_links":{"self":[{"href":"https:\/\/mueller-wrh.de\/nl\/wp-json\/wp\/v2\/product\/2915","targetHints":{"allow":["GET"]}}],"collection":[{"href":"https:\/\/mueller-wrh.de\/nl\/wp-json\/wp\/v2\/product"}],"about":[{"href":"https:\/\/mueller-wrh.de\/nl\/wp-json\/wp\/v2\/types\/product"}],"replies":[{"embeddable":true,"href":"https:\/\/mueller-wrh.de\/nl\/wp-json\/wp\/v2\/comments?post=2915"}],"wp:featuredmedia":[{"embeddable":true,"href":"https:\/\/mueller-wrh.de\/nl\/wp-json\/wp\/v2\/media\/2909"}],"wp:attachment":[{"href":"https:\/\/mueller-wrh.de\/nl\/wp-json\/wp\/v2\/media?parent=2915"}],"wp:term":[{"taxonomy":"product_brand","embeddable":true,"href":"https:\/\/mueller-wrh.de\/nl\/wp-json\/wp\/v2\/product_brand?post=2915"},{"taxonomy":"product_cat","embeddable":true,"href":"https:\/\/mueller-wrh.de\/nl\/wp-json\/wp\/v2\/product_cat?post=2915"},{"taxonomy":"product_tag","embeddable":true,"href":"https:\/\/mueller-wrh.de\/nl\/wp-json\/wp\/v2\/product_tag?post=2915"}],"curies":[{"name":"wp","href":"https:\/\/api.w.org\/{rel}","templated":true}]}}