{"id":2634,"date":"2025-03-13T16:13:18","date_gmt":"2025-03-13T16:13:18","guid":{"rendered":"https:\/\/mueller-wrh.de\/produkt\/werkzeughalter-agw_hanwha-xd32_38_6-07_28x28mm_d32mm-intnr202101161\/"},"modified":"2025-03-13T16:13:18","modified_gmt":"2025-03-13T16:13:18","slug":"werkzeughalter-agw_hanwha-xd32_38_6-07_28x28mm_d32mm-intnr202101161","status":"publish","type":"product","link":"https:\/\/mueller-wrh.de\/nl\/product\/werkzeughalter-agw_hanwha-xd32_38_6-07_28x28mm_d32mm-intnr202101161\/","title":{"rendered":"Gereedschapshouder AGW_Hanwha XD32_38_6.07_28x28mm_D32mm (IntNo202101161)"},"content":{"rendered":"<p><b>Locatie:<\/b> Duitsland, Baden-W\u00fcrttemberg Zuidwesten<\/p>\n<p><b>Staat:<\/b> Gebruikt<\/p>\n<p>ER 16 voorboor-\/freesopzetstuk gereedschapshouder voor rugbewerking<br \/>\nGeschikt voor Hanwha type XD-32-38<br \/>\nD32 mm<br \/>\n28mm x28mm<br \/>\n1 op 1<br \/>\nWijzigingen en fouten in de technische gegevens en informatie alsmede voorafgaande verkoop voorbehouden!<\/p>\n<p>Gereedschapshouder voorboor\/freesunit ER 16 voor rugbewerking<br \/>\nGeschikt voor Hanwha type XD-32-38<br \/>\nD32 mm<br \/>\n28mm x28mm<br \/>\n1 op 1<br \/>\nOnder voorbehoud van wijzigingen en fouten in de technische gegevens en informatie en voorafgaande verkoop!<\/p>","protected":false},"excerpt":{"rendered":"<p>Standort: Deutschland, Baden-W\u00fcrttemberg S\u00fcdwest Zustand: Gebraucht Werkzeughalter Frontbohr- Fr\u00e4sapparat ER 16 f\u00fcr die R\u00fcckseitenbearbeitung Passend f\u00fcr Hanwha Typ XD-32-38 D32mm 28mm x28mm 1 zu 1 Aenderungen und Irrtuemer in den technischen Daten und Angaben sowie Zwischenverkauf vorbehalten! Tool holder front drilling\/milling unit ER 16 for back machining Suitable for Hanwha type XD-32-38 D32mm 28mm x28mm [&hellip;]<\/p>\n","protected":false},"featured_media":2633,"comment_status":"open","ping_status":"closed","template":"","meta":{"_uf_show_specific_survey":0,"_uf_disable_surveys":false},"product_brand":[],"product_cat":[20],"product_tag":[],"class_list":{"0":"post-2634","1":"product","2":"type-product","3":"status-publish","4":"has-post-thumbnail","6":"product_cat-werkzeughalter","8":"first","9":"instock","10":"taxable","11":"shipping-taxable","12":"product-type-simple"},"aioseo_notices":[],"_links":{"self":[{"href":"https:\/\/mueller-wrh.de\/nl\/wp-json\/wp\/v2\/product\/2634","targetHints":{"allow":["GET"]}}],"collection":[{"href":"https:\/\/mueller-wrh.de\/nl\/wp-json\/wp\/v2\/product"}],"about":[{"href":"https:\/\/mueller-wrh.de\/nl\/wp-json\/wp\/v2\/types\/product"}],"replies":[{"embeddable":true,"href":"https:\/\/mueller-wrh.de\/nl\/wp-json\/wp\/v2\/comments?post=2634"}],"wp:featuredmedia":[{"embeddable":true,"href":"https:\/\/mueller-wrh.de\/nl\/wp-json\/wp\/v2\/media\/2633"}],"wp:attachment":[{"href":"https:\/\/mueller-wrh.de\/nl\/wp-json\/wp\/v2\/media?parent=2634"}],"wp:term":[{"taxonomy":"product_brand","embeddable":true,"href":"https:\/\/mueller-wrh.de\/nl\/wp-json\/wp\/v2\/product_brand?post=2634"},{"taxonomy":"product_cat","embeddable":true,"href":"https:\/\/mueller-wrh.de\/nl\/wp-json\/wp\/v2\/product_cat?post=2634"},{"taxonomy":"product_tag","embeddable":true,"href":"https:\/\/mueller-wrh.de\/nl\/wp-json\/wp\/v2\/product_tag?post=2634"}],"curies":[{"name":"wp","href":"https:\/\/api.w.org\/{rel}","templated":true}]}}