{"id":5408,"date":"2026-04-21T19:21:11","date_gmt":"2026-04-21T19:21:11","guid":{"rendered":"https:\/\/mueller-wrh.de\/produkt\/tornos-ms7-hy-6-bj-1989-mit-lademagazin-iemca-elite-112_bj-12-intnr231512\/"},"modified":"2026-04-21T19:21:11","modified_gmt":"2026-04-21T19:21:11","slug":"tornos-ms7-hy-6-bj-1989-mit-lademagazin-iemca-elite-112_bj-12-intnr231512","status":"publish","type":"product","link":"https:\/\/mueller-wrh.de\/it\/prodotto\/tornos-ms7-hy-6-bj-1989-mit-lademagazin-iemca-elite-112_bj-12-intnr231512\/","title":{"rendered":"TORNOS MS7 HY 6 Anno 1989 con caricatore IEMCA Elite 112 Anno `12 IntNr231512"},"content":{"rendered":"<p><b>Posizione:<\/b> Germania, Baden-W\u00fcrttemberg Sud-Ovest<\/p>\n<p><b>Condizioni:<\/b> Usato<\/p>\n<p><b>Produttore:<\/b> Tornos<\/p>\n<p><b>Modello:<\/b> HY 6<\/p>\n<p><b>Anno di costruzione:<\/b> 1989<\/p>\n<p>In vendita tornio automatico di precisione TORNOS MS7 HY 6, anno di costruzione 1989, equipaggiato con caricatore a barra IEMCA ELITE 112, anno di costruzione 2012.<br \/>\nDati tecnici TORNOS MS7 \/ MS7 HY 6:<\/p>\n<p>Tipo di macchina: tornio a fantina mobile automatizzato<br \/>\nDiametro massimo del pezzo: 7 mm<br \/>\nForatura mandrino: 8 mm<br \/>\nMozzo con curva piatta: 60 mm<br \/>\nDiametro massimo della filettatura: M6<br \/>\nNumero di utensili rotanti: 5<br \/>\nVelocit\u00e0 del mandrino: 20 stadi, 1.400\u201310.000 giri\/min<br \/>\nCollegamento elettrico: 3 x 380 V \/ 50 Hz<br \/>\nPotenza totale: circa 2 CV<br \/>\nPeso macchina: circa 520 kg<br \/>\nDimensioni: circa 1.200 x 700 x 1.400 mm<br \/>\nDotazione secondo fonte disponibile: Lampada, lubrificazione centralizzata, protezione<\/p>\n<p>Dati Tecnici IEMCA ELITE 112, Anno 2012:<br \/>\nProduttore: IEMCA<br \/>\nTipo: ELITE 112<br \/>\nAnno di costruzione: 2012<br \/>\nLa serie ELITE-112 \u00e8 progettata dal produttore per la lavorazione di barre sottili e, a seconda della versione, copre un intervallo da 0,8 a 12,7 mm.<\/p>\n<p>La macchina pu\u00f2 essere ispezionata su appuntamento.<br \/>\nCon riserva di modifiche ed errori nei dati tecnici e nelle informazioni, nonch\u00e9 di vendita anticipata!<\/p>\n<p>Si vende tornio automatico di precisione TORNOS MS7 HY 6 usato, anno di fabbricazione 1989, equipaggiato con caricatore barre IEMCA ELITE 112, anno di fabbricazione 2012.<br \/>\nSpecifiche tecniche TORNOS MS7 \/ MS7 HY 6:<\/p>\n<p>Tipo di macchina: Tornio automatico a bancata lunga<br \/>\nDiametro max. pezzo: 7 mm<br \/>\nDiametro mandrino: 8 mm<br \/>\nCorsa con camma piatta: 60 mm<br \/>\nDiametro massimo del filetto: M6<br \/>\nNumero di utensili di tornitura: 5<br \/>\nVelocit\u00e0 del mandrino: 20 velocit\u00e0, 1.400\u201310.000 giri\/min<br \/>\nCollegamento elettrico: 3 x 380 V \/ 50 Hz<br \/>\nPotenza totale: circa 2 CV<br \/>\nPeso della macchina: circa 520 kg<br \/>\nDimensioni: circa 1.200 x 700 x 1.400 mm<br \/>\nAttrezzatura secondo la fonte disponibile: Lampada, lubrificazione centralizzata, protezione<\/p>\n<p>Dati tecnici IEMCA ELITE 112, anno di costruzione 2012:<br \/>\nProduttore: IEMCA<br \/>\nModello: ELITE 112<br \/>\nAnno di produzione: 2012<br \/>\nSecondo il produttore, la serie ELITE 112 \u00e8 progettata per la lavorazione di barre sottili e, a seconda della versione, copre un campo da 0,8 a 12,7 mm.<\/p>\n<p>La macchina pu\u00f2 essere visitata su appuntamento.<br \/>\nCi riserviamo il diritto di apportare modifiche e correzioni ai dati tecnici e alle specifiche e di vendere l'articolo nel frattempo!<\/p>","protected":false},"excerpt":{"rendered":"<p>Standort: Deutschland, Baden-W\u00fcrttemberg S\u00fcdwest Zustand: Gebraucht Hersteller: Tornos Modell: HY 6 Baujahr: 1989 Zum Verkauf steht ein gebrauchter Pr\u00e4zisions-Drehautomat TORNOS MS7 HY 6, Baujahr 1989, ausgestattet mit einem Stangenlademagazin IEMCA ELITE 112, Baujahr 2012. Technische Daten TORNOS MS7 \/ MS7 HY 6: Maschinenart: Langdrehautomat Max. Werkst\u00fcckdurchmesser: 7 mm Spindelbohrung: 8 mm Hub mit Flachkurve: 60 [&hellip;]<\/p>\n","protected":false},"featured_media":5401,"comment_status":"open","ping_status":"closed","template":"","meta":{"_uf_show_specific_survey":0,"_uf_disable_surveys":false},"product_brand":[],"product_cat":[112],"product_tag":[],"class_list":{"0":"post-5408","1":"product","2":"type-product","3":"status-publish","4":"has-post-thumbnail","6":"product_cat-langdrehmaschinen","8":"first","9":"instock","10":"taxable","11":"shipping-taxable","12":"product-type-simple"},"aioseo_notices":[],"_links":{"self":[{"href":"https:\/\/mueller-wrh.de\/it\/wp-json\/wp\/v2\/product\/5408","targetHints":{"allow":["GET"]}}],"collection":[{"href":"https:\/\/mueller-wrh.de\/it\/wp-json\/wp\/v2\/product"}],"about":[{"href":"https:\/\/mueller-wrh.de\/it\/wp-json\/wp\/v2\/types\/product"}],"replies":[{"embeddable":true,"href":"https:\/\/mueller-wrh.de\/it\/wp-json\/wp\/v2\/comments?post=5408"}],"wp:featuredmedia":[{"embeddable":true,"href":"https:\/\/mueller-wrh.de\/it\/wp-json\/wp\/v2\/media\/5401"}],"wp:attachment":[{"href":"https:\/\/mueller-wrh.de\/it\/wp-json\/wp\/v2\/media?parent=5408"}],"wp:term":[{"taxonomy":"product_brand","embeddable":true,"href":"https:\/\/mueller-wrh.de\/it\/wp-json\/wp\/v2\/product_brand?post=5408"},{"taxonomy":"product_cat","embeddable":true,"href":"https:\/\/mueller-wrh.de\/it\/wp-json\/wp\/v2\/product_cat?post=5408"},{"taxonomy":"product_tag","embeddable":true,"href":"https:\/\/mueller-wrh.de\/it\/wp-json\/wp\/v2\/product_tag?post=5408"}],"curies":[{"name":"wp","href":"https:\/\/api.w.org\/{rel}","templated":true}]}}