{"id":5326,"date":"2026-04-21T16:27:33","date_gmt":"2026-04-21T16:27:33","guid":{"rendered":"https:\/\/mueller-wrh.de\/produkt\/hd-einheit-combiloob-cl1-f-30-20-a-bj-07-intnr231557\/"},"modified":"2026-04-21T16:27:33","modified_gmt":"2026-04-21T16:27:33","slug":"hd-einheit-combiloob-cl1-f-30-20-a-bj-07-intnr231557","status":"publish","type":"product","link":"https:\/\/mueller-wrh.de\/it\/prodotto\/hd-einheit-combiloob-cl1-f-30-20-a-bj-07-intnr231557\/","title":{"rendered":"Unit\u00e0 HD Combiloob CL1-F-30-20-A, Anno. `07, IntNr231557"},"content":{"rendered":"<p><b>Posizione:<\/b> Germania, Baden-W\u00fcrttemberg Sud-Ovest<\/p>\n<p><b>Condizioni:<\/b> Usato<\/p>\n<p><b>Produttore:<\/b> M\u00fcller Hydraulik<\/p>\n<p><b>Modello:<\/b> CL1<\/p>\n<p><b>Anno di costruzione:<\/b> 2007<\/p>\n<p>In vendita un'unit\u00e0 HD ad alta potenza Combiloop CL1-F-30-20-A dell'anno di costruzione 2007. <\/p>\n<p>Dati tecnici:<br \/>\nTipo di impianto: Unit\u00e0 ad alta pressione (HD)<br \/>\nMezzo di alimentazione: olio<br \/>\nPressione massima di esercizio: ca. 20\u201330 bar<br \/>\nPortata: circa 20-30 l\/min<br \/>\nPropulsione: Motore elettrico<br \/>\nTensione: 400 V \/ 50 Hz (trifase)<br \/>\nControllo: unit\u00e0 di controllo integrata<br \/>\nForma: unit\u00e0 compatta chiusa<br \/>\nAnschluss: connettori industriali standardizzati<\/p>\n<p>Dotazione e componenti:<br \/>\nPompa ad alta pressione<br \/>\nUnit\u00e0 di filtrazione per il trattamento dei media<br \/>\nValvole di sicurezza e monitoraggio della pressione<br \/>\nSistema di ricircolo per circuiti chiusi<br \/>\nRobusto alloggiamento in acciaio \/ mobile<\/p>\n<p>L'unit\u00e0 pu\u00f2 essere visitata su appuntamento.<br \/>\nCon riserva di modifiche ed errori nei dati tecnici e nelle informazioni, nonch\u00e9 di vendita anticipata!<\/p>\n<p>In vendita un'unit\u00e0 ad alta pressione Combiloop CL1-F-30-20-A ad alte prestazioni, prodotta nel 2007. <\/p>\n<p>Specifiche tecniche:<br \/>\nTipo di sistema: Unit\u00e0 ad alta pressione (HP)<br \/>\nFluido: Olio<br \/>\nPressione di esercizio max.: circa 20\u201330 bar<br \/>\nPortata: circa 20\u201330 l\/min<br \/>\nMotore elettrico<br \/>\nTensione: 400 V \/ 50 Hz (trifase)<br \/>\nControllo: Unit\u00e0 di controllo integrata<br \/>\nDesign: Unit\u00e0 compatta e chiusa<br \/>\nConnessioni: Connessioni industriali standardizzate<\/p>\n<p>Caratteristiche e componenti:<br \/>\nPompa ad alta pressione<br \/>\nUnit\u00e0 di filtrazione per la preparazione dei media<br \/>\nValvole di sicurezza e monitoraggio della pressione<br \/>\nSistema per circuiti chiusi<br \/>\nAlloggiamento robusto in acciaio \/ mobile<\/p>\n<p>L'unit\u00e0 pu\u00f2 essere visitata su appuntamento.<br \/>\nCi riserviamo il diritto di apportare modifiche e correzioni ai dati tecnici e alle specifiche, e di vendere articoli prima dell'ordine!<\/p>","protected":false},"excerpt":{"rendered":"<p>Standort: Deutschland, Baden-W\u00fcrttemberg S\u00fcdwest Zustand: Gebraucht Hersteller: M\u00fcller Hydraulik Modell: CL1 Baujahr: 2007 Zum Verkauf steht eine leistungsstarke HD-Einheit Combiloop CL1-F-30-20-A aus dem Baujahr 2007. Technische Daten: Anlagenart: Hochdruck-Einheit (HD) F\u00f6rdermedium: \u00d6l Max. Betriebsdruck: ca. 20\u201330 bar F\u00f6rderleistung: ca. 20\u201330 l\/min Antrieb: Elektromotor Spannung: 400 V \/ 50 Hz (Drehstrom) Steuerung: integrierte Steuerungseinheit Bauform: kompakte, [&hellip;]<\/p>\n","protected":false},"featured_media":5323,"comment_status":"open","ping_status":"closed","template":"","meta":{"_uf_show_specific_survey":0,"_uf_disable_surveys":false},"product_brand":[],"product_cat":[104],"product_tag":[],"class_list":{"0":"post-5326","1":"product","2":"type-product","3":"status-publish","4":"has-post-thumbnail","6":"product_cat-hochdruckanlagen","8":"first","9":"instock","10":"taxable","11":"shipping-taxable","12":"product-type-simple"},"aioseo_notices":[],"_links":{"self":[{"href":"https:\/\/mueller-wrh.de\/it\/wp-json\/wp\/v2\/product\/5326","targetHints":{"allow":["GET"]}}],"collection":[{"href":"https:\/\/mueller-wrh.de\/it\/wp-json\/wp\/v2\/product"}],"about":[{"href":"https:\/\/mueller-wrh.de\/it\/wp-json\/wp\/v2\/types\/product"}],"replies":[{"embeddable":true,"href":"https:\/\/mueller-wrh.de\/it\/wp-json\/wp\/v2\/comments?post=5326"}],"wp:featuredmedia":[{"embeddable":true,"href":"https:\/\/mueller-wrh.de\/it\/wp-json\/wp\/v2\/media\/5323"}],"wp:attachment":[{"href":"https:\/\/mueller-wrh.de\/it\/wp-json\/wp\/v2\/media?parent=5326"}],"wp:term":[{"taxonomy":"product_brand","embeddable":true,"href":"https:\/\/mueller-wrh.de\/it\/wp-json\/wp\/v2\/product_brand?post=5326"},{"taxonomy":"product_cat","embeddable":true,"href":"https:\/\/mueller-wrh.de\/it\/wp-json\/wp\/v2\/product_cat?post=5326"},{"taxonomy":"product_tag","embeddable":true,"href":"https:\/\/mueller-wrh.de\/it\/wp-json\/wp\/v2\/product_tag?post=5326"}],"curies":[{"name":"wp","href":"https:\/\/api.w.org\/{rel}","templated":true}]}}